{"id":537,"date":"2021-09-23T15:30:51","date_gmt":"2021-09-23T18:30:51","guid":{"rendered":"https:\/\/www2.uepg.br\/ppgz\/?page_id=537"},"modified":"2025-02-15T08:56:25","modified_gmt":"2025-02-15T11:56:25","slug":"autoavaliacao","status":"publish","type":"page","link":"https:\/\/www2.uepg.br\/ppgz\/autoavaliacao\/","title":{"rendered":"Autoavalia\u00e7\u00e3o"},"content":{"rendered":"<p>A autoavalia\u00e7\u00e3o do Programa de P\u00f3s-Gradua\u00e7\u00e3o em Zootecnia (PPZ) da Universidade Estadual de Ponta Grossa (UEPG) seguiu os princ\u00edpios propostos no regulamento institucional apresentado no PDI-UEPG 2018-2022, da Pr\u00f3-Reitoria de Pesquisa e P\u00f3s-Gradua\u00e7\u00e3o da UEPG, em conformidade com as diretrizes da CAPES (2019). Apresenta como fundamento te\u00f3rico a avalia\u00e7\u00e3o numa postura participativa e dial\u00f3gica, a qual se constitui em uma \u2018investiga\u00e7\u00e3o cr\u00edtica de uma dada situa\u00e7\u00e3o que permite, de forma contextualizada, compreender e interpretar os confrontos te\u00f3rico-pr\u00e1ticos, as diferentes representa\u00e7\u00f5es dos envolvidos e as implica\u00e7\u00f5es na reconstru\u00e7\u00e3o do objeto em quest\u00e3o\u201d.\u00a0Os princ\u00edpios da avalia\u00e7\u00e3o do Programa, na concep\u00e7\u00e3o aqui proposta, consideram que a autoavalia\u00e7\u00e3o \u00e9 um processo democr\u00e1tico, cr\u00edtico, cont\u00ednuo, pedag\u00f3gico e multidimensional.<\/p>\n<p><a href=\"https:\/\/www2.uepg.br\/ppgz\/wp-content\/uploads\/sites\/195\/2025\/02\/Proposta_Final_ZOOTECNIA_autoavaliacao_UEPG_2020.pdf\"><strong>Projeto de Autoavalia\u00e7\u00e3o do PPZ<\/strong><\/a><\/p>\n<p><strong>Comiss\u00e3o de Autoavalia\u00e7\u00e3o 2018-2022<\/strong><\/p>\n<p>Profa. Val\u00e9ria Rossetto Barriviera Furuya (presidente)<br \/>\nProfa. Victor Breno Pedrosa (docente)<br \/>\nKarina Petkowicz (discente)<\/p>\n<p><em><a href=\"https:\/\/www2.uepg.br\/ppgz\/wp-content\/uploads\/sites\/195\/2021\/12\/Relatorio_autoavaliac\u0327a\u0303o_PPZ.pdf\">Relatorio_autoavaliac\u0327a\u0303o_PPZ<\/a><\/em><\/p>\n<p>&nbsp;<\/p>\n<p><strong>Comiss\u00e3o de Autoavalia\u00e7\u00e3o 2023-2027<\/strong><\/p>\n<p>Prof. Dr. Wilson Massamitu Furuya (presidente)<\/p>\n<p>Profa. Dra. Cheila Roberta Lehnen (docente)<\/p>\n<p>Profa.\u00a0 Dra.\u00a0 Raquel Abdallah da Rocha Oliveira (docente)<\/p>\n<p>Aline Victoria Sampaio (discente)<\/p>\n<p><em><a href=\"https:\/\/www2.uepg.br\/ppgz\/wp-content\/uploads\/sites\/195\/2025\/02\/RELATORIO-AUTO-AVALIACAO-PPZ_2024.pdf\">Relat\u00f3rio Autoavalia\u00e7\u00e3o 2024<\/a><\/em><\/p>\n<p>&nbsp;<\/p>\n","protected":false},"excerpt":{"rendered":"<p>A autoavalia\u00e7\u00e3o do Programa de P\u00f3s-Gradua\u00e7\u00e3o em Zootecnia (PPZ) da Universidade Estadual de Ponta Grossa (UEPG) seguiu os princ\u00edpios propostos no regulamento institucional apresentado no PDI-UEPG 2018-2022, da Pr\u00f3-Reitoria de Pesquisa e P\u00f3s-Gradua\u00e7\u00e3o da UEPG, em conformidade com as diretrizes da CAPES (2019). Apresenta como fundamento te\u00f3rico a avalia\u00e7\u00e3o numa postura participativa e dial\u00f3gica, a&nbsp;&hellip;<\/p>\n","protected":false},"author":378,"featured_media":0,"parent":0,"menu_order":0,"comment_status":"closed","ping_status":"closed","template":"","meta":[],"_links":{"self":[{"href":"https:\/\/www2.uepg.br\/ppgz\/wp-json\/wp\/v2\/pages\/537"}],"collection":[{"href":"https:\/\/www2.uepg.br\/ppgz\/wp-json\/wp\/v2\/pages"}],"about":[{"href":"https:\/\/www2.uepg.br\/ppgz\/wp-json\/wp\/v2\/types\/page"}],"author":[{"embeddable":true,"href":"https:\/\/www2.uepg.br\/ppgz\/wp-json\/wp\/v2\/users\/378"}],"replies":[{"embeddable":true,"href":"https:\/\/www2.uepg.br\/ppgz\/wp-json\/wp\/v2\/comments?post=537"}],"version-history":[{"count":8,"href":"https:\/\/www2.uepg.br\/ppgz\/wp-json\/wp\/v2\/pages\/537\/revisions"}],"predecessor-version":[{"id":1139,"href":"https:\/\/www2.uepg.br\/ppgz\/wp-json\/wp\/v2\/pages\/537\/revisions\/1139"}],"wp:attachment":[{"href":"https:\/\/www2.uepg.br\/ppgz\/wp-json\/wp\/v2\/media?parent=537"}],"curies":[{"name":"wp","href":"https:\/\/api.w.org\/{rel}","templated":true}]}}