{"id":6,"date":"2020-04-20T14:56:52","date_gmt":"2020-04-20T17:56:52","guid":{"rendered":"http:\/\/www2.uepg.br\/ppgz\/?page_id=6"},"modified":"2022-12-09T23:12:33","modified_gmt":"2022-12-10T02:12:33","slug":"home","status":"publish","type":"page","link":"https:\/\/www2.uepg.br\/ppgz\/","title":{"rendered":"Home"},"content":{"rendered":"<div id=\"pl-6\"  class=\"panel-layout\" ><div id=\"pg-6-0\"  class=\"panel-grid panel-no-style\" ><div id=\"pgc-6-0-0\"  class=\"panel-grid-cell\" ><div id=\"panel-6-0-0-0\" class=\"so-panel widget widget_sow-editor panel-first-child\" data-index=\"0\" ><div\n\t\t\t\n\t\t\tclass=\"so-widget-sow-editor so-widget-sow-editor-base\"\n\t\t\t\n\t\t>\n<div class=\"siteorigin-widget-tinymce textwidget\">\n\t<div class=\"md\">\n<p dir=\"auto\" data-sourcepos=\"3:1-4:435\">\n<\/div>\n<p dir=\"auto\" data-sourcepos=\"3:1-4:435\">\n<\/div>\n<\/div><\/div><div id=\"panel-6-0-0-1\" class=\"so-panel widget widget_sow-editor panel-last-child\" data-index=\"1\" ><div class=\"panel-widget-style panel-widget-style-for-6-0-0-1\" ><div\n\t\t\t\n\t\t\tclass=\"so-widget-sow-editor so-widget-sow-editor-base\"\n\t\t\t\n\t\t>\n<div class=\"siteorigin-widget-tinymce textwidget\">\n\t<h4 style=\"text-align: center\"><strong>\u00daltimas Not\u00edcias<\/strong><\/h4>\n\t\t<div class=\"wppsac-slick-carousel-wrp wppsac-clearfix \">\r\n\t\t\t<div id=\"wppsac-post-carousel-1\" class=\"wppsac-post-slider-init wppsac-post-carousel design-1\">\r\n\t\t\t\t\r\n<div class=\"wppsac-carousel-slides\">\r\n\t\t<div class=\"wppsac-post-content-position\">\r\n\t\t\t\t\t<div class=\"wppsac-post-categories\"><ul class=\"wppsac-post-categories-list\"><li><a href=\"https:\/\/www2.uepg.br\/ppgz\/category\/noticias\/\" rel=\"category\"> Not\u00edcias <\/a><\/li><\/ul><\/div>\r\n\t\t\t  \t<h2 class=\"wppsac-post-title\">\r\n\t\t\t<a href=\"https:\/\/www2.uepg.br\/ppgz\/calendario-defesas-de-dissertacao-fevereiro-2026-ppz-uepg\/\">Calend\u00e1rio Defesas de Disserta\u00e7\u00e3o Fevereiro 2026 \u2013 PPZ UEPG<\/a>\r\n\t\t<\/h2>\r\n\t\t\t\t\t<div class=\"wppsac-post-date\">\r\n\t\t\t\t25 de fevereiro de 2026\t\t\t<\/div>\r\n\t\t\t\t\t<\/div>\r\n<\/div>\r\n<div class=\"wppsac-carousel-slides\">\r\n\t\t<div class=\"wppsac-post-content-position\">\r\n\t\t\t\t\t<div class=\"wppsac-post-categories\"><ul class=\"wppsac-post-categories-list\"><li><a href=\"https:\/\/www2.uepg.br\/ppgz\/category\/noticias\/\" rel=\"category\"> Not\u00edcias <\/a><\/li><\/ul><\/div>\r\n\t\t\t  \t<h2 class=\"wppsac-post-title\">\r\n\t\t\t<a href=\"https:\/\/www2.uepg.br\/ppgz\/sumario-genomico-jersey-brasil-2021\/\">Sum\u00e1rio Gen\u00f4mico &#8211; Jersey Brasil , 2021<\/a>\r\n\t\t<\/h2>\r\n\t\t\t\t\t<div class=\"wppsac-post-date\">\r\n\t\t\t\t26 de mar\u00e7o de 2025\t\t\t<\/div>\r\n\t\t\t\t\t<\/div>\r\n<\/div>\r\n<div class=\"wppsac-carousel-slides\">\r\n\t\t\t<div class=\"wppsac-post-image-bg\">\r\n\t\t\t<a href=\"https:\/\/www2.uepg.br\/ppgz\/praticas-de-manejo-na-pecuaria-leiteira-em-busca-por-manejos-eficientes\/\">\r\n\t\t\t\t<img class=\"wppsac-post-image-bg\"  src=\"https:\/\/www2.uepg.br\/ppgz\/wp-content\/uploads\/sites\/195\/2025\/03\/hd-1.jpg\" alt=\"Pr\u00e1ticas de Manejo na Pecu\u00e1ria Leiteira.  Em busca por manejos eficientes!\" \/>\r\n\t\t\t<\/a>\r\n\t\t<\/div>\r\n\t\t<div class=\"wppsac-post-content-position\">\r\n\t\t\t\t\t<div class=\"wppsac-post-categories\"><ul class=\"wppsac-post-categories-list\"><li><a href=\"https:\/\/www2.uepg.br\/ppgz\/category\/eventos\/\" rel=\"category\"> Eventos <\/a><\/li><li><a href=\"https:\/\/www2.uepg.br\/ppgz\/category\/noticias\/\" rel=\"category\"> Not\u00edcias <\/a><\/li><\/ul><\/div>\r\n\t\t\t  \t<h2 class=\"wppsac-post-title\">\r\n\t\t\t<a href=\"https:\/\/www2.uepg.br\/ppgz\/praticas-de-manejo-na-pecuaria-leiteira-em-busca-por-manejos-eficientes\/\">Pr\u00e1ticas de Manejo na Pecu\u00e1ria Leiteira.  Em busca por manejos eficientes!<\/a>\r\n\t\t<\/h2>\r\n\t\t\t\t\t<div class=\"wppsac-post-date\">\r\n\t\t\t\t13 de mar\u00e7o de 2025\t\t\t<\/div>\r\n\t\t\t\t\t<\/div>\r\n<\/div>\r\n<div class=\"wppsac-carousel-slides\">\r\n\t\t\t<div class=\"wppsac-post-image-bg\">\r\n\t\t\t<a href=\"https:\/\/www2.uepg.br\/ppgz\/mais-um-evento-do-ppgz-ii-mostra-da-pesquisa-cientifica-da-pos-graduacao-em-zootecnia\/\">\r\n\t\t\t\t<img class=\"wppsac-post-image-bg\"  src=\"https:\/\/www2.uepg.br\/ppgz\/wp-content\/uploads\/sites\/195\/2025\/03\/WhatsApp-Image-2025-03-13-at-13.39.33-1.jpeg\" alt=\"Mais um evento do PPGZ! II Mostra da Pesquisa Cient\u00edfica da P\u00f3s-gradua\u00e7\u00e3o em Zootecnia.\" \/>\r\n\t\t\t<\/a>\r\n\t\t<\/div>\r\n\t\t<div class=\"wppsac-post-content-position\">\r\n\t\t\t\t\t<div class=\"wppsac-post-categories\"><ul class=\"wppsac-post-categories-list\"><li><a href=\"https:\/\/www2.uepg.br\/ppgz\/category\/eventos\/\" rel=\"category\"> Eventos <\/a><\/li><li><a href=\"https:\/\/www2.uepg.br\/ppgz\/category\/noticias\/\" rel=\"category\"> Not\u00edcias <\/a><\/li><\/ul><\/div>\r\n\t\t\t  \t<h2 class=\"wppsac-post-title\">\r\n\t\t\t<a href=\"https:\/\/www2.uepg.br\/ppgz\/mais-um-evento-do-ppgz-ii-mostra-da-pesquisa-cientifica-da-pos-graduacao-em-zootecnia\/\">Mais um evento do PPGZ! II Mostra da Pesquisa Cient\u00edfica da P\u00f3s-gradua\u00e7\u00e3o em Zootecnia.<\/a>\r\n\t\t<\/h2>\r\n\t\t\t\t\t<div class=\"wppsac-post-date\">\r\n\t\t\t\t13 de mar\u00e7o de 2025\t\t\t<\/div>\r\n\t\t\t\t\t<\/div>\r\n<\/div>\r\n<div class=\"wppsac-carousel-slides\">\r\n\t\t\t<div class=\"wppsac-post-image-bg\">\r\n\t\t\t<a href=\"https:\/\/www2.uepg.br\/ppgz\/uepg-recebe-pesquisadores-da-universidade-da-provincia-de-kyoto\/\">\r\n\t\t\t\t<img class=\"wppsac-post-image-bg\"  src=\"https:\/\/www2.uepg.br\/ppgz\/wp-content\/uploads\/sites\/195\/2024\/07\/Visita-KPU-Domitila-Gonzalez-75-1536x1024-1.jpg\" alt=\"UEPG recebe pesquisadores da Universidade da Prov\u00edncia de Kyoto\" \/>\r\n\t\t\t<\/a>\r\n\t\t<\/div>\r\n\t\t<div class=\"wppsac-post-content-position\">\r\n\t\t\t\t\t<div class=\"wppsac-post-categories\"><ul class=\"wppsac-post-categories-list\"><li><a href=\"https:\/\/www2.uepg.br\/ppgz\/category\/internacionalizacao\/\" rel=\"category\"> Internacionaliza\u00e7\u00e3o <\/a><\/li><li><a href=\"https:\/\/www2.uepg.br\/ppgz\/category\/noticias\/\" rel=\"category\"> Not\u00edcias <\/a><\/li><\/ul><\/div>\r\n\t\t\t  \t<h2 class=\"wppsac-post-title\">\r\n\t\t\t<a href=\"https:\/\/www2.uepg.br\/ppgz\/uepg-recebe-pesquisadores-da-universidade-da-provincia-de-kyoto\/\">UEPG recebe pesquisadores da Universidade da Prov\u00edncia de Kyoto<\/a>\r\n\t\t<\/h2>\r\n\t\t\t\t\t<div class=\"wppsac-post-date\">\r\n\t\t\t\t8 de julho de 2024\t\t\t<\/div>\r\n\t\t\t\t\t<\/div>\r\n<\/div>\r\n<div class=\"wppsac-carousel-slides\">\r\n\t\t<div class=\"wppsac-post-content-position\">\r\n\t\t\t\t\t<div class=\"wppsac-post-categories\"><ul class=\"wppsac-post-categories-list\"><li><a href=\"https:\/\/www2.uepg.br\/ppgz\/category\/internacionalizacao\/\" rel=\"category\"> Internacionaliza\u00e7\u00e3o <\/a><\/li><\/ul><\/div>\r\n\t\t\t  \t<h2 class=\"wppsac-post-title\">\r\n\t\t\t<a href=\"https:\/\/www2.uepg.br\/ppgz\/calendario-de-defesa-publica-de-dissertacoes-outubro-e-novembro-de-2023\/\">CALEND\u00c1RIO DE DEFESA P\u00daBLICA DE DISSERTA\u00c7\u00d5ES \u2013 Outubro  e Novembro de 2023<\/a>\r\n\t\t<\/h2>\r\n\t\t\t\t\t<div class=\"wppsac-post-date\">\r\n\t\t\t\t26 de outubro de 2023\t\t\t<\/div>\r\n\t\t\t\t\t<\/div>\r\n<\/div>\r\n<div class=\"wppsac-carousel-slides\">\r\n\t\t\t<div class=\"wppsac-post-image-bg\">\r\n\t\t\t<a href=\"https:\/\/www2.uepg.br\/ppgz\/mostra-de-zootecnia-da-uepg-traz-palestras-e-exposicao-cientifica\/\">\r\n\t\t\t\t<img class=\"wppsac-post-image-bg\"  src=\"https:\/\/www2.uepg.br\/ppgz\/wp-content\/uploads\/sites\/195\/2023\/10\/feira-ciencias-Jessica-Natal-13-1232x821-1.jpg\" alt=\"Mostra de Zootecnia da UEPG traz palestras e exposi\u00e7\u00e3o cient\u00edfica\" \/>\r\n\t\t\t<\/a>\r\n\t\t<\/div>\r\n\t\t<div class=\"wppsac-post-content-position\">\r\n\t\t\t\t\t<div class=\"wppsac-post-categories\"><ul class=\"wppsac-post-categories-list\"><li><a href=\"https:\/\/www2.uepg.br\/ppgz\/category\/eventos\/\" rel=\"category\"> Eventos <\/a><\/li><li><a href=\"https:\/\/www2.uepg.br\/ppgz\/category\/noticias\/\" rel=\"category\"> Not\u00edcias <\/a><\/li><\/ul><\/div>\r\n\t\t\t  \t<h2 class=\"wppsac-post-title\">\r\n\t\t\t<a href=\"https:\/\/www2.uepg.br\/ppgz\/mostra-de-zootecnia-da-uepg-traz-palestras-e-exposicao-cientifica\/\">Mostra de Zootecnia da UEPG traz palestras e exposi\u00e7\u00e3o cient\u00edfica<\/a>\r\n\t\t<\/h2>\r\n\t\t\t\t\t<div class=\"wppsac-post-date\">\r\n\t\t\t\t24 de outubro de 2023\t\t\t<\/div>\r\n\t\t\t\t\t<\/div>\r\n<\/div>\r\n<div class=\"wppsac-carousel-slides\">\r\n\t\t\t<div class=\"wppsac-post-image-bg\">\r\n\t\t\t<a href=\"https:\/\/www2.uepg.br\/ppgz\/professor-do-curso-de-zootecnia-da-uepg-divulgam-pesquisa-em-evento-internacional\/\">\r\n\t\t\t\t<img class=\"wppsac-post-image-bg\"  src=\"https:\/\/www2.uepg.br\/ppgz\/wp-content\/uploads\/sites\/195\/2023\/10\/IMG-20231002-WA0057.jpg\" alt=\"Professor do curso de Zootecnia da UEPG divulgam pesquisa em evento internacional.\" \/>\r\n\t\t\t<\/a>\r\n\t\t<\/div>\r\n\t\t<div class=\"wppsac-post-content-position\">\r\n\t\t\t\t\t<div class=\"wppsac-post-categories\"><ul class=\"wppsac-post-categories-list\"><li><a href=\"https:\/\/www2.uepg.br\/ppgz\/category\/data\/\" rel=\"category\"> Data <\/a><\/li><li><a href=\"https:\/\/www2.uepg.br\/ppgz\/category\/eventos\/\" rel=\"category\"> Eventos <\/a><\/li><li><a href=\"https:\/\/www2.uepg.br\/ppgz\/category\/internacionalizacao\/\" rel=\"category\"> Internacionaliza\u00e7\u00e3o <\/a><\/li><li><a href=\"https:\/\/www2.uepg.br\/ppgz\/category\/noticias\/\" rel=\"category\"> Not\u00edcias <\/a><\/li><\/ul><\/div>\r\n\t\t\t  \t<h2 class=\"wppsac-post-title\">\r\n\t\t\t<a href=\"https:\/\/www2.uepg.br\/ppgz\/professor-do-curso-de-zootecnia-da-uepg-divulgam-pesquisa-em-evento-internacional\/\">Professor do curso de Zootecnia da UEPG divulgam pesquisa em evento internacional.<\/a>\r\n\t\t<\/h2>\r\n\t\t\t\t\t<div class=\"wppsac-post-date\">\r\n\t\t\t\t6 de outubro de 2023\t\t\t<\/div>\r\n\t\t\t\t\t<\/div>\r\n<\/div>\r\n<div class=\"wppsac-carousel-slides\">\r\n\t\t\t<div class=\"wppsac-post-image-bg\">\r\n\t\t\t<a href=\"https:\/\/www2.uepg.br\/ppgz\/pesquisador-da-universidade-de-leipzig-profere-palestra-sobre-bem-estar-com-manejo-adequado-de-cascos-de-bovinos-leiteiros\/\">\r\n\t\t\t\t<img class=\"wppsac-post-image-bg\"  src=\"https:\/\/www2.uepg.br\/ppgz\/wp-content\/uploads\/sites\/195\/2023\/09\/WhatsApp-Image-2023-09-28-at-09.38.56.jpeg\" alt=\"Pesquisador da Universidade de Leipzig profere palestra sobre bem estar com manejo adequado de cascos de bovinos leiteiros\" \/>\r\n\t\t\t<\/a>\r\n\t\t<\/div>\r\n\t\t<div class=\"wppsac-post-content-position\">\r\n\t\t\t\t\t<div class=\"wppsac-post-categories\"><ul class=\"wppsac-post-categories-list\"><li><a href=\"https:\/\/www2.uepg.br\/ppgz\/category\/data\/\" rel=\"category\"> Data <\/a><\/li><li><a href=\"https:\/\/www2.uepg.br\/ppgz\/category\/eventos\/\" rel=\"category\"> Eventos <\/a><\/li><li><a href=\"https:\/\/www2.uepg.br\/ppgz\/category\/internacionalizacao\/\" rel=\"category\"> Internacionaliza\u00e7\u00e3o <\/a><\/li><li><a href=\"https:\/\/www2.uepg.br\/ppgz\/category\/noticias\/\" rel=\"category\"> Not\u00edcias <\/a><\/li><\/ul><\/div>\r\n\t\t\t  \t<h2 class=\"wppsac-post-title\">\r\n\t\t\t<a href=\"https:\/\/www2.uepg.br\/ppgz\/pesquisador-da-universidade-de-leipzig-profere-palestra-sobre-bem-estar-com-manejo-adequado-de-cascos-de-bovinos-leiteiros\/\">Pesquisador da Universidade de Leipzig profere palestra sobre bem estar com manejo adequado de cascos de bovinos leiteiros<\/a>\r\n\t\t<\/h2>\r\n\t\t\t\t\t<div class=\"wppsac-post-date\">\r\n\t\t\t\t28 de setembro de 2023\t\t\t<\/div>\r\n\t\t\t\t\t<\/div>\r\n<\/div>\r\n<div class=\"wppsac-carousel-slides\">\r\n\t\t\t<div class=\"wppsac-post-image-bg\">\r\n\t\t\t<a href=\"https:\/\/www2.uepg.br\/ppgz\/programa-de-pos-graduacao-em-zootecnia-credencia-docentes\/\">\r\n\t\t\t\t<img class=\"wppsac-post-image-bg\"  src=\"https:\/\/www2.uepg.br\/ppgz\/wp-content\/uploads\/sites\/195\/2023\/09\/WhatsApp-Image-2023-08-24-at-15.35.06-2.jpeg\" alt=\"Programa de P\u00f3s-gradua\u00e7\u00e3o em Zootecnia credencia docentes\" \/>\r\n\t\t\t<\/a>\r\n\t\t<\/div>\r\n\t\t<div class=\"wppsac-post-content-position\">\r\n\t\t\t\t\t<div class=\"wppsac-post-categories\"><ul class=\"wppsac-post-categories-list\"><li><a href=\"https:\/\/www2.uepg.br\/ppgz\/category\/noticias\/\" rel=\"category\"> Not\u00edcias <\/a><\/li><\/ul><\/div>\r\n\t\t\t  \t<h2 class=\"wppsac-post-title\">\r\n\t\t\t<a href=\"https:\/\/www2.uepg.br\/ppgz\/programa-de-pos-graduacao-em-zootecnia-credencia-docentes\/\">Programa de P\u00f3s-gradua\u00e7\u00e3o em Zootecnia credencia docentes<\/a>\r\n\t\t<\/h2>\r\n\t\t\t\t\t<div class=\"wppsac-post-date\">\r\n\t\t\t\t1 de setembro de 2023\t\t\t<\/div>\r\n\t\t\t\t\t<\/div>\r\n<\/div>\r\n<div class=\"wppsac-carousel-slides\">\r\n\t\t<div class=\"wppsac-post-content-position\">\r\n\t\t\t\t\t<div class=\"wppsac-post-categories\"><ul class=\"wppsac-post-categories-list\"><li><a href=\"https:\/\/www2.uepg.br\/ppgz\/category\/noticias\/\" rel=\"category\"> Not\u00edcias <\/a><\/li><\/ul><\/div>\r\n\t\t\t  \t<h2 class=\"wppsac-post-title\">\r\n\t\t\t<a href=\"https:\/\/www2.uepg.br\/ppgz\/calendario-de-defesa-publica-de-dissertacoes-julho-e-agosto-de-2023\/\">CALEND\u00c1RIO DE DEFESA P\u00daBLICA DE DISSERTA\u00c7\u00d5ES \u2013 Julho e Agosto de 2023<\/a>\r\n\t\t<\/h2>\r\n\t\t\t\t\t<div class=\"wppsac-post-date\">\r\n\t\t\t\t3 de julho de 2023\t\t\t<\/div>\r\n\t\t\t\t\t<\/div>\r\n<\/div>\r\n<div class=\"wppsac-carousel-slides\">\r\n\t\t\t<div class=\"wppsac-post-image-bg\">\r\n\t\t\t<a href=\"https:\/\/www2.uepg.br\/ppgz\/uepg-e-premiada-em-pesquisa-com-parceria-da-uem\/\">\r\n\t\t\t\t<img class=\"wppsac-post-image-bg\"  src=\"https:\/\/www2.uepg.br\/ppgz\/wp-content\/uploads\/sites\/195\/2023\/04\/zootecnia-J-2-1232x821-1.jpg\" alt=\"UEPG \u00e9 premiada em pesquisa com parceria da UEM\" \/>\r\n\t\t\t<\/a>\r\n\t\t<\/div>\r\n\t\t<div class=\"wppsac-post-content-position\">\r\n\t\t\t\t\t<div class=\"wppsac-post-categories\"><ul class=\"wppsac-post-categories-list\"><li><a href=\"https:\/\/www2.uepg.br\/ppgz\/category\/noticias\/\" rel=\"category\"> Not\u00edcias <\/a><\/li><\/ul><\/div>\r\n\t\t\t  \t<h2 class=\"wppsac-post-title\">\r\n\t\t\t<a href=\"https:\/\/www2.uepg.br\/ppgz\/uepg-e-premiada-em-pesquisa-com-parceria-da-uem\/\">UEPG \u00e9 premiada em pesquisa com parceria da UEM<\/a>\r\n\t\t<\/h2>\r\n\t\t\t\t\t<div class=\"wppsac-post-date\">\r\n\t\t\t\t1 de abril de 2023\t\t\t<\/div>\r\n\t\t\t\t\t<\/div>\r\n<\/div>\r\n<div class=\"wppsac-carousel-slides\">\r\n\t\t\t<div class=\"wppsac-post-image-bg\">\r\n\t\t\t<a href=\"https:\/\/www2.uepg.br\/ppgz\/pesquisadores-da-uepg-comentam-reajuste-nas-bolsas-de-pesquisa\/\">\r\n\t\t\t\t<img class=\"wppsac-post-image-bg\"  src=\"https:\/\/www2.uepg.br\/ppgz\/wp-content\/uploads\/sites\/195\/2023\/03\/Luiza-Chiezi.jpg\" alt=\"Pesquisadores da UEPG comentam reajuste nas bolsas de pesquisa\" \/>\r\n\t\t\t<\/a>\r\n\t\t<\/div>\r\n\t\t<div class=\"wppsac-post-content-position\">\r\n\t\t\t\t\t<div class=\"wppsac-post-categories\"><ul class=\"wppsac-post-categories-list\"><li><a href=\"https:\/\/www2.uepg.br\/ppgz\/category\/noticias\/\" rel=\"category\"> Not\u00edcias <\/a><\/li><\/ul><\/div>\r\n\t\t\t  \t<h2 class=\"wppsac-post-title\">\r\n\t\t\t<a href=\"https:\/\/www2.uepg.br\/ppgz\/pesquisadores-da-uepg-comentam-reajuste-nas-bolsas-de-pesquisa\/\">Pesquisadores da UEPG comentam reajuste nas bolsas de pesquisa<\/a>\r\n\t\t<\/h2>\r\n\t\t\t\t\t<div class=\"wppsac-post-date\">\r\n\t\t\t\t22 de mar\u00e7o de 2023\t\t\t<\/div>\r\n\t\t\t\t\t<\/div>\r\n<\/div>\r\n<div class=\"wppsac-carousel-slides\">\r\n\t\t\t<div class=\"wppsac-post-image-bg\">\r\n\t\t\t<a href=\"https:\/\/www2.uepg.br\/ppgz\/professor-wilson-massamitu-furuya-e-palestrante-no-international-fish-congress-fish-expo-brasil-2022\/\">\r\n\t\t\t\t<img class=\"wppsac-post-image-bg\"  src=\"https:\/\/www2.uepg.br\/ppgz\/wp-content\/uploads\/sites\/195\/2022\/09\/furuya-ifc.jpg\" alt=\"Professor Wilson Massamitu Furuya \u00e9 palestrante no International Fish Congress &amp; Fish Expo Brasil 2022\" \/>\r\n\t\t\t<\/a>\r\n\t\t<\/div>\r\n\t\t<div class=\"wppsac-post-content-position\">\r\n\t\t\t\t\t<div class=\"wppsac-post-categories\"><ul class=\"wppsac-post-categories-list\"><li><a href=\"https:\/\/www2.uepg.br\/ppgz\/category\/noticias\/\" rel=\"category\"> Not\u00edcias <\/a><\/li><\/ul><\/div>\r\n\t\t\t  \t<h2 class=\"wppsac-post-title\">\r\n\t\t\t<a href=\"https:\/\/www2.uepg.br\/ppgz\/professor-wilson-massamitu-furuya-e-palestrante-no-international-fish-congress-fish-expo-brasil-2022\/\">Professor Wilson Massamitu Furuya \u00e9 palestrante no International Fish Congress &amp; Fish Expo Brasil 2022<\/a>\r\n\t\t<\/h2>\r\n\t\t\t\t\t<div class=\"wppsac-post-date\">\r\n\t\t\t\t29 de setembro de 2022\t\t\t<\/div>\r\n\t\t\t\t\t<\/div>\r\n<\/div>\r\n<div class=\"wppsac-carousel-slides\">\r\n\t\t\t<div class=\"wppsac-post-image-bg\">\r\n\t\t\t<a href=\"https:\/\/www2.uepg.br\/ppgz\/professora-do-programa-de-pos-graduacao-em-zootecnia-da-uepg-realiza-pos-doutorado-em-modelagem-de-agroecossistemas-nos-estados-unidos\/\">\r\n\t\t\t\t<img class=\"wppsac-post-image-bg\"  src=\"https:\/\/www2.uepg.br\/ppgz\/wp-content\/uploads\/sites\/195\/2022\/06\/20220505_092527-scaled.jpg\" alt=\"Professora do Programa de P\u00f3s Gradua\u00e7\u00e3o em Zootecnia realiza p\u00f3s-doutorado em Modelagem de Agroecossistemas nos Estados Unidos\" \/>\r\n\t\t\t<\/a>\r\n\t\t<\/div>\r\n\t\t<div class=\"wppsac-post-content-position\">\r\n\t\t\t\t\t<div class=\"wppsac-post-categories\"><ul class=\"wppsac-post-categories-list\"><li><a href=\"https:\/\/www2.uepg.br\/ppgz\/category\/data\/\" rel=\"category\"> Data <\/a><\/li><li><a href=\"https:\/\/www2.uepg.br\/ppgz\/category\/noticias\/\" rel=\"category\"> Not\u00edcias <\/a><\/li><\/ul><\/div>\r\n\t\t\t  \t<h2 class=\"wppsac-post-title\">\r\n\t\t\t<a href=\"https:\/\/www2.uepg.br\/ppgz\/professora-do-programa-de-pos-graduacao-em-zootecnia-da-uepg-realiza-pos-doutorado-em-modelagem-de-agroecossistemas-nos-estados-unidos\/\">Professora do Programa de P\u00f3s Gradua\u00e7\u00e3o em Zootecnia realiza p\u00f3s-doutorado em Modelagem de Agroecossistemas nos Estados Unidos<\/a>\r\n\t\t<\/h2>\r\n\t\t\t\t\t<div class=\"wppsac-post-date\">\r\n\t\t\t\t13 de junho de 2022\t\t\t<\/div>\r\n\t\t\t\t\t<\/div>\r\n<\/div>\t\t\t<\/div>\r\n\t\t\t<div class=\"wppsac-carousel-conf wppsac-hide\" data-conf=\"{&quot;slides_to_show&quot;:&quot;4&quot;,&quot;slides_to_scroll&quot;:1,&quot;dots&quot;:&quot;false&quot;,&quot;arrows&quot;:&quot;true&quot;,&quot;autoplay&quot;:&quot;true&quot;,&quot;autoplay_interval&quot;:&quot;19500&quot;,&quot;speed&quot;:500,&quot;rtl&quot;:&quot;false&quot;,&quot;lazyload&quot;:&quot;&quot;}\"><\/div>\r\n\t\t<\/div>\r\n\t\n<\/div>\n<\/div><\/div><\/div><\/div><\/div><div id=\"pg-6-1\"  class=\"panel-grid panel-no-style\" ><div id=\"pgc-6-1-0\"  class=\"panel-grid-cell\" ><div id=\"panel-6-1-0-0\" class=\"so-panel widget widget_sow-button panel-first-child panel-last-child\" data-index=\"2\" ><div class=\"panel-widget-style panel-widget-style-for-6-1-0-0\" ><div\n\t\t\t\n\t\t\tclass=\"so-widget-sow-button so-widget-sow-button-atom-f28947f507e4-656\"\n\t\t\t\n\t\t><div class=\"ow-button-base ow-button-align-center\">\n\t<a href=\"https:\/\/www2.uepg.br\/ppgz\/noticias\/\" class=\"ow-icon-placement-left ow-button-hover\" \t\t>\n\t\t<span>\n\t\t\t\n\t\t\tveja todas as not\u00edcias\t\t<\/span>\n\t<\/a>\n<\/div>\n<\/div><\/div><\/div><\/div><\/div><div id=\"pg-6-2\"  class=\"panel-grid panel-no-style\" ><div id=\"pgc-6-2-0\"  class=\"panel-grid-cell\" ><div id=\"panel-6-2-0-0\" class=\"so-panel widget widget_sow-features panel-first-child panel-last-child\" data-index=\"3\" ><div class=\"panel-widget-style panel-widget-style-for-6-2-0-0\" ><div\n\t\t\t\n\t\t\tclass=\"so-widget-sow-features so-widget-sow-features-default-6ad04bc5162e-656\"\n\t\t\t\n\t\t>\n<div class=\"sow-features-list sow-features-responsive\">\n\n\t\t\t\t\t\t<div\n\t\t\t\tclass=\"sow-features-feature sow-icon-container-position-top sow-features-feature-last-row\"\n\t\t\t\tstyle=\"display: flex; flex-direction: column; float: left; width: 50%;\"\n\t\t\t>\n\n\t\t\t\t\t\t\t\t\t<a\n\t\t\t\t\t\thref=\"https:\/\/www.uepg.br\/\"\n\t\t\t\t\t\t\t\t\t\t\t>\n\t\t\t\t\t\t\t\t<div\n\t\t\t\t\tclass=\"sow-icon-container sow-container-rounded-square\"\n                    style=\"color: #03336c; \"\n\t\t\t\t\ttitle=\"Portal UEPG\">\n\t\t\t\t\t<span class=\"sow-icon-fontawesome sow-fas\" data-sow-icon=\"&#xf19c;\"\n\t\tstyle=\"font-size: 50px; color: #FFFFFF\" \n\t\taria-hidden=\"true\"><\/span>\t\t\t\t<\/div>\n\t\t\t\t\t\t\t\t\t<\/a>\n\t\t\t\t\n\t\t\t\t<div class=\"textwidget\">\n\t\t\t\t\t\t\t\t\t\t\t<h5>\n\t\t\t\t\t\t\t\t\t\t\t\t\t\t\t<a\n\t\t\t\t\t\t\t\t\thref=\"https:\/\/www.uepg.br\/\"\n\t\t\t\t\t\t\t\t\t\t\t\t\t\t\t\t\t>\n\t\t\t\t\t\t\t\n\t\t\t\t\t\t\tPortal UEPG\t\t\t\t\t\t\t\t\t\t\t\t\t\t\t<\/a>\n\t\t\t\t\t\t\t\t\t\t\t\t\t<\/h5>\n\t\t\t\t\t\n\t\t\t\t\t\n\t\t\t\t\t\t\t\t\t<\/div>\n\t\t\t\t\t\t\t<\/div>\n\n\t\t\t\t\t<div\n\t\t\t\tclass=\"sow-features-feature sow-icon-container-position-top sow-features-feature-last-row\"\n\t\t\t\tstyle=\"display: flex; flex-direction: column; float: left; width: 50%;\"\n\t\t\t>\n\n\t\t\t\t\t\t\t\t\t<a\n\t\t\t\t\t\thref=\"https:\/\/acad.apps.uepg.br\/inicio\"\n\t\t\t\t\t\t\t\t\t\t\t>\n\t\t\t\t\t\t\t\t<div\n\t\t\t\t\tclass=\"sow-icon-container sow-container-rounded-square\"\n                    style=\"color: #81d742; \"\n\t\t\t\t\ttitle=\"Sistema ACAD\">\n\t\t\t\t\t<span class=\"sow-icon-elegantline\" data-sow-icon=\"&#xe002;\"\n\t\tstyle=\"font-size: 50px; color: #fff\" \n\t\taria-hidden=\"true\"><\/span>\t\t\t\t<\/div>\n\t\t\t\t\t\t\t\t\t<\/a>\n\t\t\t\t\n\t\t\t\t<div class=\"textwidget\">\n\t\t\t\t\t\t\t\t\t\t\t<h5>\n\t\t\t\t\t\t\t\t\t\t\t\t\t\t\t<a\n\t\t\t\t\t\t\t\t\thref=\"https:\/\/acad.apps.uepg.br\/inicio\"\n\t\t\t\t\t\t\t\t\t\t\t\t\t\t\t\t\t>\n\t\t\t\t\t\t\t\n\t\t\t\t\t\t\tSistema ACAD\t\t\t\t\t\t\t\t\t\t\t\t\t\t\t<\/a>\n\t\t\t\t\t\t\t\t\t\t\t\t\t<\/h5>\n\t\t\t\t\t\n\t\t\t\t\t\n\t\t\t\t\t\t\t\t\t<\/div>\n\t\t\t\t\t\t\t<\/div>\n\n\t\t\t\n<\/div>\n<\/div><\/div><\/div><\/div><\/div><\/div>","protected":false},"excerpt":{"rendered":"<p>Atualmente a engenheira agr\u00f4noma e\u00a0 pesquisadora Dra. La\u00edse da Silveira Pontes do IDR Paran\u00e1 realiza o est\u00e1gio p\u00f3s-doutoral no Department of Plant Sciences da Universidade da Calif\u00f3rnia \u2013 Davis, Estados Unidos. Um grande desafio para a pesquisa em agroecossistemas, atualmente, \u00e9 conciliar a necessidade de intensificar a produ\u00e7\u00e3o de alimentos, por raz\u00f5es de seguran\u00e7a alimentar,&nbsp;&hellip;<\/p>\n","protected":false},"author":24,"featured_media":0,"parent":0,"menu_order":0,"comment_status":"closed","ping_status":"closed","template":"","meta":[],"_links":{"self":[{"href":"https:\/\/www2.uepg.br\/ppgz\/wp-json\/wp\/v2\/pages\/6"}],"collection":[{"href":"https:\/\/www2.uepg.br\/ppgz\/wp-json\/wp\/v2\/pages"}],"about":[{"href":"https:\/\/www2.uepg.br\/ppgz\/wp-json\/wp\/v2\/types\/page"}],"author":[{"embeddable":true,"href":"https:\/\/www2.uepg.br\/ppgz\/wp-json\/wp\/v2\/users\/24"}],"replies":[{"embeddable":true,"href":"https:\/\/www2.uepg.br\/ppgz\/wp-json\/wp\/v2\/comments?post=6"}],"version-history":[{"count":22,"href":"https:\/\/www2.uepg.br\/ppgz\/wp-json\/wp\/v2\/pages\/6\/revisions"}],"predecessor-version":[{"id":780,"href":"https:\/\/www2.uepg.br\/ppgz\/wp-json\/wp\/v2\/pages\/6\/revisions\/780"}],"wp:attachment":[{"href":"https:\/\/www2.uepg.br\/ppgz\/wp-json\/wp\/v2\/media?parent=6"}],"curies":[{"name":"wp","href":"https:\/\/api.w.org\/{rel}","templated":true}]}}