{"id":905,"date":"2023-09-01T16:06:46","date_gmt":"2023-09-01T19:06:46","guid":{"rendered":"https:\/\/www2.uepg.br\/ppgz\/?page_id=905"},"modified":"2024-10-02T22:20:33","modified_gmt":"2024-10-03T01:20:33","slug":"internacionalizacao","status":"publish","type":"page","link":"https:\/\/www2.uepg.br\/ppgz\/internacionalizacao\/","title":{"rendered":"Internacionaliza\u00e7\u00e3o"},"content":{"rendered":"<p><a href=\"https:\/\/www2.uepg.br\/eri\/\"><img loading=\"lazy\" class=\"alignleft  wp-image-1106\" src=\"https:\/\/www2.uepg.br\/ppgz\/wp-content\/uploads\/sites\/195\/2024\/10\/Logo-colorido-sem-fundo.png\" alt=\"\" width=\"290\" height=\"222\" \/><\/a><\/p>\n<div class='embed-container'>\n<blockquote class=\"wp-embedded-content\" data-secret=\"4hfw7oTS1V\"><p><a href=\"https:\/\/www2.uepg.br\/eri\/resolucoes\/portaria-r-84-2018\/\">Portaria R 84 2018 &#8211; Pol\u00edtica de Internacionaliza\u00e7\u00e3o da UEPG<\/a><\/p><\/blockquote>\n<p><iframe class=\"wp-embedded-content\" sandbox=\"allow-scripts\" security=\"restricted\" style=\"position: absolute; clip: rect(1px, 1px, 1px, 1px);\" title=\"&#8220;Portaria R 84 2018 &#8211; Pol\u00edtica de Internacionaliza\u00e7\u00e3o da UEPG&#8221; &#8212; Escrit\u00f3rio de Rela\u00e7\u00f5es Internacionais\" src=\"https:\/\/www2.uepg.br\/eri\/resolucoes\/portaria-r-84-2018\/embed\/#?secret=9GsJx8UxUZ#?secret=4hfw7oTS1V\" data-secret=\"4hfw7oTS1V\" width=\"600\" height=\"338\" frameborder=\"0\" marginwidth=\"0\" marginheight=\"0\" scrolling=\"no\"><\/iframe><\/div>\n","protected":false},"excerpt":{"rendered":"<p>Portaria R 84 2018 &#8211; Pol\u00edtica de Internacionaliza\u00e7\u00e3o da UEPG<\/p>\n","protected":false},"author":378,"featured_media":0,"parent":0,"menu_order":0,"comment_status":"closed","ping_status":"closed","template":"","meta":[],"_links":{"self":[{"href":"https:\/\/www2.uepg.br\/ppgz\/wp-json\/wp\/v2\/pages\/905"}],"collection":[{"href":"https:\/\/www2.uepg.br\/ppgz\/wp-json\/wp\/v2\/pages"}],"about":[{"href":"https:\/\/www2.uepg.br\/ppgz\/wp-json\/wp\/v2\/types\/page"}],"author":[{"embeddable":true,"href":"https:\/\/www2.uepg.br\/ppgz\/wp-json\/wp\/v2\/users\/378"}],"replies":[{"embeddable":true,"href":"https:\/\/www2.uepg.br\/ppgz\/wp-json\/wp\/v2\/comments?post=905"}],"version-history":[{"count":3,"href":"https:\/\/www2.uepg.br\/ppgz\/wp-json\/wp\/v2\/pages\/905\/revisions"}],"predecessor-version":[{"id":1105,"href":"https:\/\/www2.uepg.br\/ppgz\/wp-json\/wp\/v2\/pages\/905\/revisions\/1105"}],"wp:attachment":[{"href":"https:\/\/www2.uepg.br\/ppgz\/wp-json\/wp\/v2\/media?parent=905"}],"curies":[{"name":"wp","href":"https:\/\/api.w.org\/{rel}","templated":true}]}}