{"id":1384,"date":"2020-11-30T11:28:42","date_gmt":"2020-11-30T14:28:42","guid":{"rendered":"http:\/\/www2.uepg.br\/prae\/?page_id=1384"},"modified":"2025-02-14T11:25:50","modified_gmt":"2025-02-14T14:25:50","slug":"ordem-de-servico","status":"publish","type":"page","link":"https:\/\/www2.uepg.br\/prae\/ordem-de-servico\/","title":{"rendered":"Ordem de Servi\u00e7o"},"content":{"rendered":"<p><a href=\"http:\/\/www2.uepg.br\/prae\/wp-content\/uploads\/sites\/18\/2025\/02\/ORDEM-DE-SERVICO-No-2021.0756911-PRAE.pdf\"><strong>ORDEM DE SERVI\u00c7O N\u00ba 2021.0756911 &#8211; PRAE<\/strong><\/a> &#8211; A Profa. <strong>Ione da Silva Jovino<\/strong>, Pr\u00f3-Reitora de Assuntos Estudantis da Universidade Estadual de Ponta Grossa, no uso de suas atribui\u00e7\u00f5es, considerando a necessidade de atender o regulamento de atividades da <strong>Comiss\u00e3o de Avalia\u00e7\u00e3o Complementar \u00e0 Autodeclara\u00e7\u00e3o Racial<\/strong> \u2013 procedimento de heteroidentifica\u00e7\u00e3o de candidatos cotistas nos concursos vestibulares, concursos p\u00fablicos e processos seletivos na Universidade Estadual de Ponta Grossa-UEPG.<\/p>\n<p><a href=\"http:\/\/www2.uepg.br\/prae\/wp-content\/uploads\/sites\/18\/2025\/02\/Ordem-de-Servico-PRAE-2020.005-Fluxo.pdf\"><strong>ORDEM DE SERVI\u00c7O PRAE N\u00ba 2020.0372069<\/strong><\/a> &#8211; A Profa. Ione da Silva Jovino, Pr\u00f3-Reitora de Assuntos Estudantis da Universidade Estadual de Ponta Grossa encaminha orienta\u00e7\u00f5es sobre o fluxo de atua\u00e7\u00e3o da <strong>Comiss\u00e3o de Heteroidentifica\u00e7\u00e3o<\/strong> nos Cursos e Processos Seletivos da Universidade Estadual de Ponta Grossa.<\/p>\n<h4><\/h4>\n<p>&nbsp;<\/p>\n","protected":false},"excerpt":{"rendered":"<p>ORDEM DE SERVI\u00c7O N\u00ba 2021.0756911 &#8211; PRAE &#8211; A Profa. Ione da Silva Jovino, Pr\u00f3-Reitora de Assuntos Estudantis da Universidade Estadual de Ponta Grossa, no uso de suas atribui\u00e7\u00f5es, considerando a necessidade de atender o regulamento de atividades da Comiss\u00e3o de Avalia\u00e7\u00e3o Complementar \u00e0 Autodeclara\u00e7\u00e3o Racial \u2013 procedimento de heteroidentifica\u00e7\u00e3o de candidatos cotistas nos concursos&nbsp;&hellip;<\/p>\n","protected":false},"author":24,"featured_media":0,"parent":0,"menu_order":0,"comment_status":"closed","ping_status":"closed","template":"","meta":[],"_links":{"self":[{"href":"https:\/\/www2.uepg.br\/prae\/wp-json\/wp\/v2\/pages\/1384"}],"collection":[{"href":"https:\/\/www2.uepg.br\/prae\/wp-json\/wp\/v2\/pages"}],"about":[{"href":"https:\/\/www2.uepg.br\/prae\/wp-json\/wp\/v2\/types\/page"}],"author":[{"embeddable":true,"href":"https:\/\/www2.uepg.br\/prae\/wp-json\/wp\/v2\/users\/24"}],"replies":[{"embeddable":true,"href":"https:\/\/www2.uepg.br\/prae\/wp-json\/wp\/v2\/comments?post=1384"}],"version-history":[{"count":21,"href":"https:\/\/www2.uepg.br\/prae\/wp-json\/wp\/v2\/pages\/1384\/revisions"}],"predecessor-version":[{"id":3847,"href":"https:\/\/www2.uepg.br\/prae\/wp-json\/wp\/v2\/pages\/1384\/revisions\/3847"}],"wp:attachment":[{"href":"https:\/\/www2.uepg.br\/prae\/wp-json\/wp\/v2\/media?parent=1384"}],"curies":[{"name":"wp","href":"https:\/\/api.w.org\/{rel}","templated":true}]}}