{"id":1441,"date":"2021-02-22T15:29:33","date_gmt":"2021-02-22T18:29:33","guid":{"rendered":"http:\/\/www2.uepg.br\/prae\/?page_id=1441"},"modified":"2025-02-12T13:51:15","modified_gmt":"2025-02-12T16:51:15","slug":"cotas","status":"publish","type":"page","link":"https:\/\/www2.uepg.br\/prae\/cotas\/","title":{"rendered":"Cotas"},"content":{"rendered":"<p><span style=\"color: #ff0000\"><span style=\"color: #000000\">PARA SABER SOBRE A POL\u00cdTICA DE COTAS DA UEPG clique aqui para acessar a <a href=\"http:\/\/www2.uepg.br\/prae\/wp-content\/uploads\/sites\/18\/2022\/08\/Resolucao-UNIV-2022.28.pdf\"><strong>Resolu\u00e7\u00e3o UNIV 2022.28\u00a0 <\/strong><\/a><\/span><\/span>aprovada em 05\/08\/2022.<\/p>\n<p>&nbsp;<\/p>\n<p>CONHE\u00c7A O NOVO SISTEMA DE COTAS DA UEPG<\/p>\n<div class='embed-container'><iframe loading=\"lazy\" title=\"Conhe\u00e7a o novo sistema de cotas da UEPG\" width=\"1778\" height=\"1000\" src=\"https:\/\/www.youtube.com\/embed\/m5zk8SwWJ7o?feature=oembed\" frameborder=\"0\" allow=\"accelerometer; autoplay; clipboard-write; encrypted-media; gyroscope; picture-in-picture; web-share\" referrerpolicy=\"strict-origin-when-cross-origin\" allowfullscreen><\/iframe><\/div>\n<p>&nbsp;<\/p>\n<p>&nbsp;<\/p>\n<p><span class=\"fontstyle0\">CONHE\u00c7A O NOVO SISTEMA DE COTAS DA UEPG, V\u00cdDEO ACESS\u00cdV &#8211; COM LIBRAS<\/span><\/p>\n<div class='embed-container'><iframe loading=\"lazy\" title=\"Conhe\u00e7a o novo sistema de cotas da UEPG - com Libras\" width=\"1778\" height=\"1000\" src=\"https:\/\/www.youtube.com\/embed\/NUlinQgWDT0?feature=oembed\" frameborder=\"0\" allow=\"accelerometer; autoplay; clipboard-write; encrypted-media; gyroscope; picture-in-picture; web-share\" referrerpolicy=\"strict-origin-when-cross-origin\" allowfullscreen><\/iframe><\/div>\n<p>&nbsp;<\/p>\n<p><span class=\"fontstyle0\">RELAT\u00d3RIO COMISS\u00c3O PERMANENTE DE ACOMPANHAMENTO E AVALIA\u00c7\u00c3O DE POL\u00cdTICA DE COTAS DA UNIVERSIDADE ESTADUAL DE PONTA GROSSA (UEPG) 2014-2020 <a href=\"http:\/\/www2.uepg.br\/prae\/wp-content\/uploads\/sites\/18\/2022\/04\/Relatorio-final-da-Politica-de-Cotas-versao-18-04.pdf\">clique aqui para saber mais<\/a><\/span><\/p>\n<p>&nbsp;<\/p>\n<p>PARA ACESSAR O REGULAMENTO DAS BANCAS DE HETEROIDENTIFICA\u00c7\u00c3O RACIAL &#8211; <strong>ORDEM DE SERVI\u00c7O N\u00ba 2021.0756911<\/strong> &#8211; <a href=\"http:\/\/www2.uepg.br\/prae\/wp-content\/uploads\/sites\/18\/2025\/02\/ORDEM-DE-SERVICO-No-2021.0756911-PRAE.pdf\">Clique Aqui<\/a><\/p>\n<p>&nbsp;<\/p>\n","protected":false},"excerpt":{"rendered":"<p>PARA SABER SOBRE A POL\u00cdTICA DE COTAS DA UEPG clique aqui para acessar a Resolu\u00e7\u00e3o UNIV 2022.28\u00a0 aprovada em 05\/08\/2022. &nbsp; CONHE\u00c7A O NOVO SISTEMA DE COTAS DA UEPG &nbsp; &nbsp; CONHE\u00c7A O NOVO SISTEMA DE COTAS DA UEPG, V\u00cdDEO ACESS\u00cdV &#8211; COM LIBRAS &nbsp; RELAT\u00d3RIO COMISS\u00c3O PERMANENTE DE ACOMPANHAMENTO E AVALIA\u00c7\u00c3O DE POL\u00cdTICA DE&nbsp;&hellip;<\/p>\n","protected":false},"author":204,"featured_media":0,"parent":0,"menu_order":0,"comment_status":"closed","ping_status":"closed","template":"","meta":[],"_links":{"self":[{"href":"https:\/\/www2.uepg.br\/prae\/wp-json\/wp\/v2\/pages\/1441"}],"collection":[{"href":"https:\/\/www2.uepg.br\/prae\/wp-json\/wp\/v2\/pages"}],"about":[{"href":"https:\/\/www2.uepg.br\/prae\/wp-json\/wp\/v2\/types\/page"}],"author":[{"embeddable":true,"href":"https:\/\/www2.uepg.br\/prae\/wp-json\/wp\/v2\/users\/204"}],"replies":[{"embeddable":true,"href":"https:\/\/www2.uepg.br\/prae\/wp-json\/wp\/v2\/comments?post=1441"}],"version-history":[{"count":36,"href":"https:\/\/www2.uepg.br\/prae\/wp-json\/wp\/v2\/pages\/1441\/revisions"}],"predecessor-version":[{"id":3829,"href":"https:\/\/www2.uepg.br\/prae\/wp-json\/wp\/v2\/pages\/1441\/revisions\/3829"}],"wp:attachment":[{"href":"https:\/\/www2.uepg.br\/prae\/wp-json\/wp\/v2\/media?parent=1441"}],"curies":[{"name":"wp","href":"https:\/\/api.w.org\/{rel}","templated":true}]}}