{"id":234,"date":"2019-05-17T14:49:21","date_gmt":"2019-05-17T17:49:21","guid":{"rendered":"http:\/\/www2.uepg.br\/prae\/?page_id=234"},"modified":"2019-05-20T13:59:39","modified_gmt":"2019-05-20T16:59:39","slug":"isencao-e-desconto-restaurante-universitario","status":"publish","type":"page","link":"https:\/\/www2.uepg.br\/prae\/isencao-e-desconto-restaurante-universitario\/","title":{"rendered":"Isen\u00e7\u00e3o e Desconto &#8211; Restaurante Universit\u00e1rio"},"content":{"rendered":"","protected":false},"excerpt":{"rendered":"","protected":false},"author":24,"featured_media":368,"parent":0,"menu_order":0,"comment_status":"closed","ping_status":"closed","template":"page-templates\/page-with-right-sidebar.php","meta":[],"_links":{"self":[{"href":"https:\/\/www2.uepg.br\/prae\/wp-json\/wp\/v2\/pages\/234"}],"collection":[{"href":"https:\/\/www2.uepg.br\/prae\/wp-json\/wp\/v2\/pages"}],"about":[{"href":"https:\/\/www2.uepg.br\/prae\/wp-json\/wp\/v2\/types\/page"}],"author":[{"embeddable":true,"href":"https:\/\/www2.uepg.br\/prae\/wp-json\/wp\/v2\/users\/24"}],"replies":[{"embeddable":true,"href":"https:\/\/www2.uepg.br\/prae\/wp-json\/wp\/v2\/comments?post=234"}],"version-history":[{"count":1,"href":"https:\/\/www2.uepg.br\/prae\/wp-json\/wp\/v2\/pages\/234\/revisions"}],"predecessor-version":[{"id":235,"href":"https:\/\/www2.uepg.br\/prae\/wp-json\/wp\/v2\/pages\/234\/revisions\/235"}],"wp:featuredmedia":[{"embeddable":true,"href":"https:\/\/www2.uepg.br\/prae\/wp-json\/wp\/v2\/media\/368"}],"wp:attachment":[{"href":"https:\/\/www2.uepg.br\/prae\/wp-json\/wp\/v2\/media?parent=234"}],"curies":[{"name":"wp","href":"https:\/\/api.w.org\/{rel}","templated":true}]}}