{"id":317,"date":"2019-05-20T10:12:10","date_gmt":"2019-05-20T13:12:10","guid":{"rendered":"http:\/\/www2.uepg.br\/prae\/?page_id=317"},"modified":"2020-12-10T08:51:30","modified_gmt":"2020-12-10T11:51:30","slug":"assistencia-estudantil","status":"publish","type":"page","link":"https:\/\/www2.uepg.br\/prae\/assistencia-estudantil\/","title":{"rendered":"ASSIST\u00caNCIA ESTUDANTIL"},"content":{"rendered":"<div id=\"objetivos-e-competencias-assistencia-estudantil\"><\/div>\n<h2 style=\"text-align: center\">OBJETIVOS E COMPET\u00caNCIAS<\/h2>\n<p align=\"justify\"><span style=\"font-family: Arial, sans-serif\"><span style=\"font-size: medium\"><span style=\"color: #363636\">Buscar, manter e implementar interc\u00e2mbio com entidades diversas dedicadas ao escopo da Pr\u00f3-Reitoria de Assuntos Estudantis. Acompanhar a elabora\u00e7\u00e3o de normas que atinjam o corpo discente na esfera da diversidade e das a\u00e7\u00f5es afirmativas. Oferecer ao acad\u00eamico oportunidades de reflex\u00e3o significativa sobre suas rela\u00e7\u00f5es com o outro no ambiente universit\u00e1rio e fora dele. Promover a toler\u00e2ncia e o respeito m\u00fatuos , agindo para prevenir, coibir e combater atos de discrimina\u00e7\u00e3o, ass\u00e9dio ou opress\u00e3o envolvendo os estudantes e demais membros das comunidades interna e externa. Prestar assist\u00eancia e orienta\u00e7\u00e3o a estudantes de todas as formas de ass\u00e9dio, discrimina\u00e7\u00e3o ou viol\u00eancia decorrentes de sua identidade pessoal e social. Divulgar as a\u00e7\u00f5es afirmativas da Universidade Estadual de Ponta Grossa junto aos interessados na comunidade universit\u00e1ria e externa. Integrar e de acordo com os respectivos regimentos, coordenar as atividades da Comiss\u00e3o Permanente de Acompanhamento e Avalia\u00e7\u00e3o de Cotas da UEPG, a Comiss\u00e3o Universidade para os \u00edndios e a Comiss\u00e3o de Comprova\u00e7\u00e3o da Condi\u00e7\u00e3o de Candidato Negro.<\/span> <\/span><\/span><\/p>\n<h2 style=\"text-align: center\">EIXOS DE ATUA\u00c7\u00c3O<\/h2>\n<div id=\"acoes-assistencia-estudantil\">\n<ul>\n<li>\n<p align=\"justify\"><span style=\"font-family: Arial, sans-serif\"><span style=\"font-size: medium\"><span style=\"color: #363636\">Eixo da preven\u00e7\u00e3o: campanhas, eventos cient\u00edficos e culturais, assim como, oficinas de preven\u00e7\u00e3o e palestras educativas<\/span><\/span><\/span><\/p>\n<\/li>\n<li>\n<p align=\"justify\"><span style=\"font-family: Arial, sans-serif\"><span style=\"font-size: medium\"><span style=\"color: #363636\">Eixo da promo\u00e7\u00e3o: Atendimento social, pedag\u00f3gico e t\u00e9cnico educacional especializado e tempor\u00e1rio. Rodas de conversas, media\u00e7\u00f5es de conflitos e c\u00edrculos restaurativos<\/span><\/span><\/span><\/p>\n<\/li>\n<li>\n<p align=\"justify\"><span style=\"font-family: Arial, sans-serif\"><span style=\"font-size: medium\"><span style=\"color: #363636\">Eixo da prote\u00e7\u00e3o: Atendimento socio-pedag\u00f3gico individualizado e em grupo. Grupos operativos voltados \u00e0 diversas tem\u00e1ticas, assim como encaminhamentos para rede de atendimento interna e externa Conselho Tutelar e\/ou Minist\u00e9rio P\u00fablico.<\/span><\/span><\/span><\/p>\n<\/li>\n<li>\n<p align=\"justify\"><span style=\"font-family: Arial, sans-serif\"><span style=\"font-size: medium\"><span style=\"color: #363636\">Eixo da transpar\u00eancia e controle: Relat\u00f3rios mensais das a\u00e7\u00f5es desenvolvidas. Divulga\u00e7\u00e3o dos relat\u00f3rios no site da Pr\u00f3-Reitoria de Assuntos Estudantis \u2013 PRAE, m\u00eddias local, regional e estadual. Abertura de comunica\u00e7\u00e3o com o movimentos estudantil da UEPG<\/span><\/span><\/span><\/p>\n<\/li>\n<\/ul>\n<h2 style=\"text-align: center\">A\u00c7\u00d5ES<\/h2>\n<p align=\"justify\"><span style=\"font-family: Arial, sans-serif\"><span style=\"font-size: medium\">Propor e executar projetos que atendam a comunidade acad\u00eamica contemplando o respeito e acolhimento \u00e0s diferen\u00e7as sociais, raciais, \u00e9tnicas, g\u00eanero e sexualidade, religiosas, defici\u00eancias, transtornos globais do desenvolvimento, transtornos funcionais espec\u00edficos e altas habilidades, entre outros.<\/span><\/span><\/p>\n<p align=\"justify\">\n<p align=\"justify\">\n<\/div>\n","protected":false},"excerpt":{"rendered":"<p>OBJETIVOS E COMPET\u00caNCIAS Buscar, manter e implementar interc\u00e2mbio com entidades diversas dedicadas ao escopo da Pr\u00f3-Reitoria de Assuntos Estudantis. Acompanhar a elabora\u00e7\u00e3o de normas que atinjam o corpo discente na esfera da diversidade e das a\u00e7\u00f5es afirmativas. Oferecer ao acad\u00eamico oportunidades de reflex\u00e3o significativa sobre suas rela\u00e7\u00f5es com o outro no ambiente universit\u00e1rio e fora&nbsp;&hellip;<\/p>\n","protected":false},"author":24,"featured_media":0,"parent":0,"menu_order":0,"comment_status":"closed","ping_status":"closed","template":"page-templates\/page-with-right-sidebar.php","meta":[],"_links":{"self":[{"href":"https:\/\/www2.uepg.br\/prae\/wp-json\/wp\/v2\/pages\/317"}],"collection":[{"href":"https:\/\/www2.uepg.br\/prae\/wp-json\/wp\/v2\/pages"}],"about":[{"href":"https:\/\/www2.uepg.br\/prae\/wp-json\/wp\/v2\/types\/page"}],"author":[{"embeddable":true,"href":"https:\/\/www2.uepg.br\/prae\/wp-json\/wp\/v2\/users\/24"}],"replies":[{"embeddable":true,"href":"https:\/\/www2.uepg.br\/prae\/wp-json\/wp\/v2\/comments?post=317"}],"version-history":[{"count":14,"href":"https:\/\/www2.uepg.br\/prae\/wp-json\/wp\/v2\/pages\/317\/revisions"}],"predecessor-version":[{"id":1423,"href":"https:\/\/www2.uepg.br\/prae\/wp-json\/wp\/v2\/pages\/317\/revisions\/1423"}],"wp:attachment":[{"href":"https:\/\/www2.uepg.br\/prae\/wp-json\/wp\/v2\/media?parent=317"}],"curies":[{"name":"wp","href":"https:\/\/api.w.org\/{rel}","templated":true}]}}