{"id":343,"date":"2019-05-20T12:49:03","date_gmt":"2019-05-20T15:49:03","guid":{"rendered":"http:\/\/www2.uepg.br\/prae\/?page_id=343"},"modified":"2025-02-14T11:15:57","modified_gmt":"2025-02-14T14:15:57","slug":"legislacao","status":"publish","type":"page","link":"https:\/\/www2.uepg.br\/prae\/legislacao\/","title":{"rendered":"LEGISLA\u00c7\u00c3O"},"content":{"rendered":"<div id=\"pl-343\"  class=\"panel-layout\" ><div id=\"pg-343-0\"  class=\"panel-grid panel-no-style\" ><div id=\"pgc-343-0-0\"  class=\"panel-grid-cell\" ><div id=\"panel-343-0-0-0\" class=\"so-panel widget widget_sow-accordion panel-first-child panel-last-child\" data-index=\"0\" ><div\n\t\t\t\n\t\t\tclass=\"so-widget-sow-accordion so-widget-sow-accordion-default-cb315fb9f873-343\"\n\t\t\t\n\t\t><div>\n\t<div class=\"sow-accordion\">\n\t\t\t<div class=\"sow-accordion-panel\"\n\t\t\t data-anchor=\"resolu%c3%a7%c3%b5es\">\n\t\t\t\t<div class=\"sow-accordion-panel-header-container\" role=\"heading\" aria-level=\"2\">\n\t\t\t\t\t<div class=\"sow-accordion-panel-header\" tabindex=\"0\" role=\"button\" id=\"accordion-label-resolu%c3%a7%c3%b5es\" aria-controls=\"accordion-content-resolu%c3%a7%c3%b5es\" aria-expanded=\"false\">\n\t\t\t\t\t\t<div class=\"sow-accordion-title sow-accordion-title-icon-left\">\n\t\t\t\t\t\t\t\t\t\t\t\t\t\tRESOLU\u00c7\u00d5ES\t\t\t\t\t\t\t\t\t\t\t\t\t<\/div>\n\t\t\t\t\t\t<div class=\"sow-accordion-open-close-button\">\n\t\t\t\t\t\t\t<div class=\"sow-accordion-open-button\">\n\t\t\t\t\t\t\t\t<span class=\"sow-icon-ionicons\" data-sow-icon=\"&#xf218;\"\n\t\t \n\t\taria-hidden=\"true\"><\/span>\t\t\t\t\t\t\t<\/div>\n\t\t\t\t\t\t\t<div class=\"sow-accordion-close-button\">\n\t\t\t\t\t\t\t\t<span class=\"sow-icon-ionicons\" data-sow-icon=\"&#xf209;\"\n\t\t \n\t\taria-hidden=\"true\"><\/span>\t\t\t\t\t\t\t<\/div>\n\t\t\t\t\t\t<\/div>\n\t\t\t\t\t<\/div>\n\t\t\t\t<\/div>\n\n\t\t\t<div\n\t\t\t\tclass=\"sow-accordion-panel-content\"\n\t\t\t\trole=\"region\"\n\t\t\t\taria-labelledby=\"accordion-label-resolu%c3%a7%c3%b5es\"\n\t\t\t\tid=\"accordion-content-resolu%c3%a7%c3%b5es\"\n\t\t\t\tstyle=\"display: none;\"\t\t\t>\n\t\t\t\t<div class=\"sow-accordion-panel-border\" tabindex=\"0\">\n\t\t\t\t\t<p>&nbsp;<\/p>\n<p><span style=\"color: #000000\"><strong>RESOLU\u00c7\u00c3O CA N\u00ba 2023.110<\/strong> - POL\u00cdTICA DE ASSIST\u00caNCIA ESTUDANTIL<\/span><span style=\"color: #000000\"> - <a href=\"http:\/\/www2.uepg.br\/prae\/wp-content\/uploads\/sites\/18\/2023\/05\/Resolucao-CA-110.pdf\">clique aqui para acessar a Resolu\u00e7\u00e3o;<\/a><\/span><\/p>\n<p>-\u00a0<a href=\"http:\/\/www2.uepg.br\/prae\/wp-content\/uploads\/sites\/18\/2023\/07\/INSTRUMENTO-TECNICO-DE-ANALISE-PARA-COMPOSICAO-DO-INDICE-DE-VULNERABILIDADE-SOCIAL-ESTUDANTIL-1-1.pdf\">clique aqui para conhecer o Instrumento T\u00e9cnico de An\u00e1lise<\/a><\/p>\n<p><span class=\"fontstyle0\"><strong>RESOLU\u00c7\u00c3O UNIV - N\u00ba 2022.28<\/strong>. Estabelece normas relativas \u00e0 reserva de vagas ofertadas no Vestibular e Processo Seletivo Seriado dos Cursos de Gradua\u00e7\u00e3o presenciais, para candidatos oriundos de Institui\u00e7\u00f5es P\u00fablicas de Ensino, para aqueles que se autodeclarem negros e pessoas com defici\u00eancia. <a href=\"http:\/\/www2.uepg.br\/prae\/wp-content\/uploads\/sites\/18\/2022\/08\/RESOLUCAO-UNIV.-2022.28-POLITICA-DE-COTAS-NA-UEPG.pdf\">clique aqui<\/a><\/span><\/p>\n<p><span style=\"color: #000000\"><a style=\"color: #000000\" href=\"http:\/\/www2.uepg.br\/prae\/wp-content\/uploads\/sites\/18\/2021\/04\/Resuniv2021.7ANEXO.pdf\">REGULAMENTO INTERNO DA COMISS\u00c3O PERMANENTE DE APOIO AOS ACAD\u00caMICOS COM NECESSIDADES EDUCATIVAS ESPECIAIS \u2013 CAD <\/a>\u00a0<\/span><\/p>\n<p><span style=\"color: #000000\"><a style=\"color: #000000\" href=\"http:\/\/www2.uepg.br\/prae\/wp-content\/uploads\/sites\/18\/2021\/04\/alteracao-resolucao-cotas-2020.pdf\"><strong>RESOLU\u00c7\u00c3O UNIV - N\u00ba 2020.11<\/strong> Altera o Regulamento dos Vestibulares da UEPG.\u00a0<\/a>\u00a0<\/span><\/p>\n<p><strong><span style=\"color: #000000\"><a style=\"color: #000000\" href=\"http:\/\/www2.uepg.br\/prae\/wp-content\/uploads\/sites\/18\/2021\/03\/SEI_UEPG-0442608-Resolucao-CAno45-2021.pdf\">RESOLU\u00c7\u00c3O CA N\u00ba 2021.45<\/a><\/span> <\/strong><span style=\"color: #000000\">Altera o anexo da Resolu\u00e7\u00e3o CA n\u00ba\u00a0095\/2017 pertinente as normas relativas \u00e0 Pol\u00edtica de Assist\u00eancia Estudantil na Universidade Estadual de Ponta Grossa. - <a href=\"http:\/\/www2.uepg.br\/prae\/wp-content\/uploads\/sites\/18\/2021\/03\/SEI_UEPG-0442608-Resolucao-CAno45-2021.pdf\">clique aqui<\/a><\/span><\/p>\n<p><span style=\"color: #000000\"><strong>RESOLU\u00c7\u00c3O CEPE - N\u00ba 2020.35 - <\/strong>Aprova os procedimentos para uso do nome social e o reconhecimento da <\/span><span style=\"color: #000000\">identidade de g\u00eanero de estudantes travestis, transg\u00eaneros e transexuais no \u00e2mbito da UEPG\u00a0 - <a style=\"color: #000000\" href=\"http:\/\/www2.uepg.br\/prae\/wp-content\/uploads\/sites\/18\/2021\/02\/Resolucao-CEPE-NomeSocial.pdf\">clique aqui<\/a><\/span><\/p>\n<p><span style=\"color: #000000\">REGIMENTO INTERNO DA PRAE - <a href=\"http:\/\/www2.uepg.br\/prae\/wp-content\/uploads\/sites\/18\/2020\/11\/1_Regimento-Interno-da-Pro-Reitoria-de-Assuntos-Estudantis-da-UEPG.pdf\">clique aqui<\/a>;<\/span><\/p>\n<p><span style=\"color: #000000\">RESERVA DE VAGAS NOS PROCESSOS SELETIVOS DA UEPG - <a href=\"http:\/\/www2.uepg.br\/prae\/wp-content\/uploads\/sites\/18\/2020\/11\/3_Reserva-de-vagas-nos-Processos-Seletivos-da-UEPG.pdf\">clique aqui;<\/a><\/span><\/p>\n<p><span style=\"color: #000000\">REGIMENTO INTERNO DA COMISS\u00c3O PERMANENTE DE ACOMPANHAMENTO E AVALIA\u00c7\u00c3O DE POL\u00cdTICA DE COTAS - <a href=\"http:\/\/www2.uepg.br\/prae\/wp-content\/uploads\/sites\/18\/2020\/11\/4_REGIMENTO-INTERNO-DA-COMISSAO-PERMANENTE-DE-ACOMPANHAMENTO-E-AVALIACAO-DE-POLITICA-DE-COTAS.pdf\">clique aqui;<\/a><\/span><\/p>\n<p><span style=\"color: #000000\">REGULAMENTO DE ACESSO, PERMAN\u00caNCIA E REOP\u00c7\u00c3O NOS CURSOS DE GRADUA\u00c7\u00c3O PARA ESTUDANTES IND\u00cdGENAS NA UEPG<a href=\"http:\/\/www2.uepg.br\/prae\/wp-content\/uploads\/sites\/18\/2020\/11\/5_REGULAMENTO-DE-ACESSO-PERMANENCIA-E-REOPCAO-NOS-CURSOS-DE-GRADUACAO-PARA-ESTUDANTES-INDIGENAS-NA-UEPG.pdf\"> - clique aqui;<\/a><\/span><\/p>\n<p>PORTARIA N.\u00ba 037\/22 \u2013 SETI \u2013\u00a0<a href=\"http:\/\/www2.uepg.br\/prae\/wp-content\/uploads\/sites\/18\/2024\/06\/Portaria_037_2022_SETI.pdf\">clique aqui<\/a><\/p>\n<p><span style=\"color: #000000\">REGULAMENTO DO PROGRAMA DE TUTORIA DISCENTE DA UEPG <a href=\"http:\/\/www2.uepg.br\/prae\/wp-content\/uploads\/sites\/18\/2022\/04\/RESOLUCAO-PROTUDI.pdf\">- clique aqui;<\/a><\/span><\/p>\n<p><span style=\"color: #000000\">REGIMENTO DA CASA DO ESTUDANTE -<a href=\"http:\/\/www2.uepg.br\/prae\/wp-content\/uploads\/sites\/18\/2021\/10\/REGIMENTO-DA-CASA-DO-ESTUDANTE.pdf\"> clique aqui;<\/a><\/span><\/p>\n<p><span style=\"color: #000000\">REGULAMENTO DOS VESTIBULARES DA UEPG - <a href=\"http:\/\/www2.uepg.br\/prae\/wp-content\/uploads\/sites\/18\/2020\/11\/9_Regulamento-dos-Vestibulares-na-Universidade-Estadual-de-Ponta-Grossa.pdf\">clique aqui;<\/a><\/span><\/p>\n<p><span style=\"color: #000000\">REGULAMENTO DA ISEN\u00c7\u00c3O DA TAXA DE INSCRI\u00c7\u00c3O DO PSS - <a href=\"http:\/\/www2.uepg.br\/prae\/wp-content\/uploads\/sites\/18\/2020\/11\/10_Regulamento-da-isencao-da-taxa-de-inscricao-PSS.pdf\">clique aqui;<\/a><\/span><\/p>\n<p><span style=\"color: #000000\">REGULAMENTO DE ABONO DE FALTAS PARA OS CURSOS SUPERIORES <a href=\"http:\/\/www2.uepg.br\/prae\/wp-content\/uploads\/sites\/18\/2020\/11\/11_REGULAMENTO-DE-ABONO-DE-FALTAS-PARA-OS-CURSOS-SUPERIORES.pdf\">clique aqui;<\/a><\/span><\/p>\n<p><span style=\"color: #000000\">REGULAMENTO DO AUX\u00cdLIO EMERGENCIAL <a href=\"http:\/\/www2.uepg.br\/prae\/wp-content\/uploads\/sites\/18\/2020\/11\/12_REGULAMENTO-DO-AUXILIO-EMERGENCIAL.pdf\">clique aqui;<\/a><\/span><\/p>\n<p><span style=\"color: #000000\">REGULAMENTO PARA EXERC\u00cdCIOS DOMICILIARES <a href=\"http:\/\/www2.uepg.br\/prae\/wp-content\/uploads\/sites\/18\/2021\/03\/Regime-de-Exercicios-Domiciliares.pdf\">clique aqui<\/a>;<\/span><\/p>\n<p><span style=\"color: #000000\">TABELA DE PRE\u00c7OS DO RU DA UEPG <a href=\"http:\/\/www2.uepg.br\/prae\/wp-content\/uploads\/sites\/18\/2020\/11\/14_Tabela-de-Precos-dos-Restaurantes.pdf\">- clique aqui;<\/a><\/span><\/p>\n<p><span style=\"color: #000000\">TRANCAMENTO DE MATR\u00cdCULA NOS CURSOS SUPERIORES DE GRADUA\u00c7\u00c3O <a href=\"http:\/\/www2.uepg.br\/prae\/wp-content\/uploads\/sites\/18\/2020\/11\/15_TRANCAMENTO-DE-MATRICULA-NOS-CURSOS-SUPERIORES-DE-GRADUACAO.pdf\">- clique aqui.<\/a><\/span><\/p>\n<p>&nbsp;<\/p>\n\t\t\t\t<\/div>\n\t\t\t<\/div>\n\t\t<\/div>\n\t\t\t<div class=\"sow-accordion-panel\"\n\t\t\t data-anchor=\"ordens-de-servi%c3%a7o\">\n\t\t\t\t<div class=\"sow-accordion-panel-header-container\" role=\"heading\" aria-level=\"2\">\n\t\t\t\t\t<div class=\"sow-accordion-panel-header\" tabindex=\"0\" role=\"button\" id=\"accordion-label-ordens-de-servi%c3%a7o\" aria-controls=\"accordion-content-ordens-de-servi%c3%a7o\" aria-expanded=\"false\">\n\t\t\t\t\t\t<div class=\"sow-accordion-title sow-accordion-title-icon-left\">\n\t\t\t\t\t\t\t\t\t\t\t\t\t\tORDENS DE SERVI\u00c7O\t\t\t\t\t\t\t\t\t\t\t\t\t<\/div>\n\t\t\t\t\t\t<div class=\"sow-accordion-open-close-button\">\n\t\t\t\t\t\t\t<div class=\"sow-accordion-open-button\">\n\t\t\t\t\t\t\t\t<span class=\"sow-icon-ionicons\" data-sow-icon=\"&#xf218;\"\n\t\t \n\t\taria-hidden=\"true\"><\/span>\t\t\t\t\t\t\t<\/div>\n\t\t\t\t\t\t\t<div class=\"sow-accordion-close-button\">\n\t\t\t\t\t\t\t\t<span class=\"sow-icon-ionicons\" data-sow-icon=\"&#xf209;\"\n\t\t \n\t\taria-hidden=\"true\"><\/span>\t\t\t\t\t\t\t<\/div>\n\t\t\t\t\t\t<\/div>\n\t\t\t\t\t<\/div>\n\t\t\t\t<\/div>\n\n\t\t\t<div\n\t\t\t\tclass=\"sow-accordion-panel-content\"\n\t\t\t\trole=\"region\"\n\t\t\t\taria-labelledby=\"accordion-label-ordens-de-servi%c3%a7o\"\n\t\t\t\tid=\"accordion-content-ordens-de-servi%c3%a7o\"\n\t\t\t\tstyle=\"display: none;\"\t\t\t>\n\t\t\t\t<div class=\"sow-accordion-panel-border\" tabindex=\"0\">\n\t\t\t\t\t<p><a href=\"http:\/\/www2.uepg.br\/prae\/wp-content\/uploads\/sites\/18\/2024\/09\/ORDEM-DE-SERVICO-PRAE-No-2021.756911.pdf\"><b>ORDEM DE SERVI\u00c7O PRAE N\u00ba 2021.0756911 <\/b><\/a>- Regulamento de Atividades da <strong>Comiss\u00e3o de Avalia\u00e7\u00e3o Complementar \u00e0 Autodeclara\u00e7\u00e3o Racial<\/strong>.<\/p>\n<p><a href=\"http:\/\/www2.uepg.br\/prae\/wp-content\/uploads\/sites\/18\/2025\/02\/Ordem-de-Servico-PRAE-2020.005-Fluxo.pdf\"><strong>ORDEM DE SERVI\u00c7O PRAE N 2020.0372069<\/strong><\/a> - A Profa. Ione da Silva Jovino, Pr\u00f3-Reitora de Assuntos Estudantis da Universidade Estadual de Ponta Grossa encaminha orienta\u00e7\u00f5es sobre o fluxo de atua\u00e7\u00e3o da <strong>Comiss\u00e3o de Heteroidentifica\u00e7\u00e3o<\/strong> nos Cursos e Processos Seletivos da Universidade Estadual de Ponta Grossa.<\/p>\n\t\t\t\t<\/div>\n\t\t\t<\/div>\n\t\t<\/div>\n\t\t\t<div class=\"sow-accordion-panel\"\n\t\t\t data-anchor=\"portarias-prae\">\n\t\t\t\t<div class=\"sow-accordion-panel-header-container\" role=\"heading\" aria-level=\"2\">\n\t\t\t\t\t<div class=\"sow-accordion-panel-header\" tabindex=\"0\" role=\"button\" id=\"accordion-label-portarias-prae\" aria-controls=\"accordion-content-portarias-prae\" aria-expanded=\"false\">\n\t\t\t\t\t\t<div class=\"sow-accordion-title sow-accordion-title-icon-left\">\n\t\t\t\t\t\t\t\t\t\t\t\t\t\tPORTARIAS PRAE\t\t\t\t\t\t\t\t\t\t\t\t\t<\/div>\n\t\t\t\t\t\t<div class=\"sow-accordion-open-close-button\">\n\t\t\t\t\t\t\t<div class=\"sow-accordion-open-button\">\n\t\t\t\t\t\t\t\t<span class=\"sow-icon-ionicons\" data-sow-icon=\"&#xf218;\"\n\t\t \n\t\taria-hidden=\"true\"><\/span>\t\t\t\t\t\t\t<\/div>\n\t\t\t\t\t\t\t<div class=\"sow-accordion-close-button\">\n\t\t\t\t\t\t\t\t<span class=\"sow-icon-ionicons\" data-sow-icon=\"&#xf209;\"\n\t\t \n\t\taria-hidden=\"true\"><\/span>\t\t\t\t\t\t\t<\/div>\n\t\t\t\t\t\t<\/div>\n\t\t\t\t\t<\/div>\n\t\t\t\t<\/div>\n\n\t\t\t<div\n\t\t\t\tclass=\"sow-accordion-panel-content\"\n\t\t\t\trole=\"region\"\n\t\t\t\taria-labelledby=\"accordion-label-portarias-prae\"\n\t\t\t\tid=\"accordion-content-portarias-prae\"\n\t\t\t\tstyle=\"display: none;\"\t\t\t>\n\t\t\t\t<div class=\"sow-accordion-panel-border\" tabindex=\"0\">\n\t\t\t\t\t<p><b><a href=\"http:\/\/www2.uepg.br\/prae\/wp-content\/uploads\/sites\/18\/2024\/11\/Portaria-PRAE-11.2024.pdf\">PORTARIA PRAE - N\u00ba 2024.11<\/a> -\u00a0<\/b>Designar para compor a <strong>Comiss\u00e3o Permanente de\u00a0Acompanhamento e Avalia\u00e7\u00e3o de Pol\u00edtica de Cotas<\/strong> da Universidade Estadual\u00a0de Ponta Grossa \u2013 UEPG.<\/p>\n<p><b><a href=\"http:\/\/www2.uepg.br\/prae\/wp-content\/uploads\/sites\/18\/2024\/11\/Portaria-PRAE-10.2024.pdf\">PORTARIA PRAE - N\u00ba 2024.10<\/a> -\u00a0<\/b>Designar para compor a <strong>Comiss\u00e3o de Avalia\u00e7\u00e3o\u00a0Complementar \u00e0 Autodeclara\u00e7\u00e3o Racial de Candidatos Cotistas<\/strong>, da\u00a0Universidade Estadual de Ponta Grossa - UEPG.<\/p>\n<p><a href=\"http:\/\/www2.uepg.br\/prae\/wp-content\/uploads\/sites\/18\/2024\/09\/Portaria-PRAE-09-2024.pdf\"><strong>PORTARIA PRAE N\u00ba 2024.09<\/strong><\/a> -\u00a0Designar para compor a <strong>Comiss\u00e3o Permanente de\u00a0Acompanhamento e Avalia\u00e7\u00e3o de Pol\u00edtica de Cotas<\/strong> da Universidade Estadual\u00a0de Ponta Grossa \u2013 UEPG.<\/p>\n<p><a href=\"http:\/\/www2.uepg.br\/prae\/wp-content\/uploads\/sites\/18\/2024\/09\/Portaria-PRAE-08-2024.pdf\"><strong>PORTARIA PRAE N\u00ba 2024.08<\/strong> <\/a>-\u00a0Designar para compor Programa de Tutoria Discente -\u00a0<b>PROTUDI<\/b>.<\/p>\n<p><a href=\"http:\/\/www2.uepg.br\/prae\/wp-content\/uploads\/sites\/18\/2024\/09\/Portaria-PRAE-06-2024.pdf\"><strong>PORTARIA PRAE N\u00ba 2024.06<\/strong><\/a> -\u00a0Designar para compor a <strong>Comiss\u00e3o de Avalia\u00e7\u00e3o\u00a0Complementar \u00e0 Autodeclara\u00e7\u00e3o Racial<\/strong> de Candidatos Cotistas da\u00a0Universidade Estadual de Ponta Grossa - UEPG<\/p>\n<p><a href=\"http:\/\/www2.uepg.br\/prae\/wp-content\/uploads\/sites\/18\/2024\/09\/Portaria-PRAE-04-2024.pdf\"><strong>PORTARIA PRAE N\u00ba 2024.04<\/strong><\/a> - Designar para compor a <strong>Comiss\u00e3o Permanente de Acompanhamento e Avalia\u00e7\u00e3o de Pol\u00edtica de Cotas<\/strong> da Universidade Estadual de Ponta Grossa - UEPG.<\/p>\n<p><a href=\"http:\/\/www2.uepg.br\/prae\/wp-content\/uploads\/sites\/18\/2024\/09\/Portaria-PRAE-03-2024.pdf\"><strong>PORTARIA PRAE N\u00ba 2024.03<\/strong> <\/a>-\u00a0Designar para compor Programa de Tutoria Discente -\u00a0<b>PROTUDI<\/b>.<\/p>\n<p><a href=\"http:\/\/www2.uepg.br\/prae\/wp-content\/uploads\/sites\/18\/2024\/09\/Portaria-PRAE-02-2024.pdf\"><strong>PORTARIA PRAE N\u00ba 2024.02<\/strong><\/a> -\u00a0Designar para compor Programa de Tutoria Discente -\u00a0<b>PROTUDI<\/b>.<\/p>\n<p style=\"text-align: left\"><a href=\"http:\/\/www2.uepg.br\/prae\/wp-content\/uploads\/sites\/18\/2024\/09\/Portaria-PRAE-05-2023.pdf\"><strong>PORTARIA PRAE N\u00ba 2023.05<\/strong><\/a> - Designar os Servidores <strong>Jeverson Machado do\u00a0Nascimento<\/strong> (titular) e <strong>S\u00e9rgio Luiz Schulz<\/strong> (suplente) para compor, como Representante da Diretoria de Avalia\u00e7\u00e3o Institucional\/PROPLAN, na <strong>Comiss\u00e3o\u00a0Permanente de Acompanhamento e Avalia\u00e7\u00e3o de Pol\u00edtica de Cotas<\/strong> da Universidade Estadual de Ponta Grossa - UEPG.<\/p>\n<p style=\"text-align: left\"><a href=\"http:\/\/www2.uepg.br\/prae\/wp-content\/uploads\/sites\/18\/2024\/09\/Portaria-PRAE-03-2023.pdf\"><strong>PORTARIA PRAE N\u00ba 2023.03<\/strong><\/a> -\u00a0Designar a Servidora <strong>Silmara Carneiro e Silva<\/strong> para\u00a0compor, como Representante da Diretoria de A\u00e7\u00f5es Afirmativas e\u00a0Diversidade\/PRAE, na <strong>Comiss\u00e3o Permanente de Acompanhamento e Avalia\u00e7\u00e3o\u00a0de Pol\u00edtica de Cotas<\/strong> da Universidade Estadual de Ponta Grossa - UEPG.<\/p>\n<p><a href=\"http:\/\/www2.uepg.br\/prae\/wp-content\/uploads\/sites\/18\/2024\/09\/Portaria-R-2022.677.pdf\"><strong>PORTARIA R. N\u00ba 2022.677<\/strong><\/a> -\u00a0Designar para compor a <strong>Comiss\u00e3o Permanente de\u00a0Acompanhamento e Avalia\u00e7\u00e3o de Pol\u00edtica de Cotas<\/strong> da Universidade Estadual\u00a0de Ponta Grossa \u2013 UEPG.<\/p>\n<p><a href=\"http:\/\/www2.uepg.br\/prae\/wp-content\/uploads\/sites\/18\/2024\/09\/Portaria-R-2022.678.pdf\"><strong>PORTARIA R. N\u00ba 2022.678<\/strong><\/a> -\u00a0Designar para compor a <strong>Comiss\u00e3o de Avalia\u00e7\u00e3o Complementar \u00e0 Autodeclara\u00e7\u00e3o\u00a0Racial de Candidatos Cotistas<\/strong>, da Universidade Estadual de Ponta Grossa \u2013 UEPG.<\/p>\n\t\t\t\t<\/div>\n\t\t\t<\/div>\n\t\t<\/div>\n\t\t<\/div>\n<\/div>\n<\/div><\/div><\/div><\/div><\/div>","protected":false},"excerpt":{"rendered":"<p>RESOLU\u00c7\u00d5ES &nbsp; RESOLU\u00c7\u00c3O CA N\u00ba 2023.110 &#8211; POL\u00cdTICA DE ASSIST\u00caNCIA ESTUDANTIL &#8211; clique aqui para acessar a Resolu\u00e7\u00e3o; &#8211;\u00a0clique aqui para conhecer o Instrumento T\u00e9cnico de An\u00e1lise RESOLU\u00c7\u00c3O UNIV &#8211; N\u00ba 2022.28. Estabelece normas relativas \u00e0 reserva de vagas ofertadas no Vestibular e Processo Seletivo Seriado dos Cursos de Gradua\u00e7\u00e3o presenciais, para candidatos oriundos de&nbsp;&hellip;<\/p>\n","protected":false},"author":24,"featured_media":372,"parent":0,"menu_order":0,"comment_status":"closed","ping_status":"closed","template":"page-templates\/page-with-right-sidebar.php","meta":[],"_links":{"self":[{"href":"https:\/\/www2.uepg.br\/prae\/wp-json\/wp\/v2\/pages\/343"}],"collection":[{"href":"https:\/\/www2.uepg.br\/prae\/wp-json\/wp\/v2\/pages"}],"about":[{"href":"https:\/\/www2.uepg.br\/prae\/wp-json\/wp\/v2\/types\/page"}],"author":[{"embeddable":true,"href":"https:\/\/www2.uepg.br\/prae\/wp-json\/wp\/v2\/users\/24"}],"replies":[{"embeddable":true,"href":"https:\/\/www2.uepg.br\/prae\/wp-json\/wp\/v2\/comments?post=343"}],"version-history":[{"count":96,"href":"https:\/\/www2.uepg.br\/prae\/wp-json\/wp\/v2\/pages\/343\/revisions"}],"predecessor-version":[{"id":3845,"href":"https:\/\/www2.uepg.br\/prae\/wp-json\/wp\/v2\/pages\/343\/revisions\/3845"}],"wp:featuredmedia":[{"embeddable":true,"href":"https:\/\/www2.uepg.br\/prae\/wp-json\/wp\/v2\/media\/372"}],"wp:attachment":[{"href":"https:\/\/www2.uepg.br\/prae\/wp-json\/wp\/v2\/media?parent=343"}],"curies":[{"name":"wp","href":"https:\/\/api.w.org\/{rel}","templated":true}]}}