{"id":3637,"date":"2024-10-04T09:07:06","date_gmt":"2024-10-04T12:07:06","guid":{"rendered":"https:\/\/www2.uepg.br\/prae\/?page_id=3637"},"modified":"2024-10-04T09:07:22","modified_gmt":"2024-10-04T12:07:22","slug":"atendimento-educacional-especializado-cad","status":"publish","type":"page","link":"https:\/\/www2.uepg.br\/prae\/atendimento-educacional-especializado-cad\/","title":{"rendered":"ATENDIMENTO EDUCACIONAL ESPECIALIZADO &#8211; CAD"},"content":{"rendered":"<p style=\"text-align: left\"><strong>ATEN\u00c7\u00c3O ACAD\u00caMICOS UEPG!!!<\/strong><\/p>\n<p><b><\/b><img loading=\"lazy\" class=\"wp-image-3630 alignleft\" src=\"http:\/\/www2.uepg.br\/prae\/wp-content\/uploads\/sites\/18\/2024\/10\/CAD.jpg\" alt=\"\" width=\"237\" height=\"158\" \/>A Pr\u00f3-Reitoria da Assuntos Estudantis (Prae) da Universidade Estadual de Ponta Grossa (UEPG) est\u00e1 no trabalho de identificar acad\u00eamicos com defici\u00eancia e necessidades educativas especiais. Com o objetivo de oferecer um melhor atendimento educacional especializado, o formul\u00e1rio ainda dar\u00e1 dados sobre quais s\u00e3o as necessidades pedag\u00f3gicas e sociais dos alunos, al\u00e9m das barreiras que enfrentam no cotidiano universit\u00e1rio.<\/p>\n<p>\u201cEssas informa\u00e7\u00f5es nos permitir\u00e3o planejar e implementar a\u00e7\u00f5es, garantindo que os alunos tenham condi\u00e7\u00f5es para avan\u00e7ar no processo ensino aprendizado\u201d, explica Iomara Favoreto, diretora de A\u00e7\u00f5es Afirmativas e Diversidade da Prae. No pr\u00f3prio formul\u00e1rio, o acad\u00eamico poder\u00e1 deixar seu contato para que o suporte da Prae seja realizado de forma mais \u00e1gil pela equipe multidisciplinar. \u201cEsta a\u00e7\u00e3o refor\u00e7a o compromisso da Prae com a promo\u00e7\u00e3o da inclus\u00e3o, valoriza\u00e7\u00e3o da diversidade e fortalecimento das pol\u00edticas de a\u00e7\u00f5es afirmativas voltadas para pessoas com defici\u00eancia\u201d, completa Iomara.<\/p>\n<p>O formul\u00e1rio pode ser acessado aqui e tamb\u00e9m est\u00e1 dispon\u00edvel na Plataforma Kair\u00f3s.<\/p>\n<p><a href=\"https:\/\/docs.google.com\/forms\/d\/1stK58AMCHKVIgyZrmHkepSpOjzi5JSE6hcWJiLOW1Iw\/edit?fbclid=IwZXh0bgNhZW0CMTAAAR1YWs2oGaNaRT8WPTE2_ULP8ZmfUB9Lpy-oldKLnB-deMiyUtSksT3yX5M_aem_b1nhJvBx5celGnh5x_SLiw\"><strong><b>https:\/\/docs.google.com\/&#8230;\/1stK58AMCHKVIgyZrmHkepSp&#8230;\/edit<\/b><\/strong><\/a><\/p>\n","protected":false},"excerpt":{"rendered":"<p>ATEN\u00c7\u00c3O ACAD\u00caMICOS UEPG!!! A Pr\u00f3-Reitoria da Assuntos Estudantis (Prae) da Universidade Estadual de Ponta Grossa (UEPG) est\u00e1 no trabalho de identificar acad\u00eamicos com defici\u00eancia e necessidades educativas especiais. Com o objetivo de oferecer um melhor atendimento educacional especializado, o formul\u00e1rio ainda dar\u00e1 dados sobre quais s\u00e3o as necessidades pedag\u00f3gicas e sociais dos alunos, al\u00e9m das&nbsp;&hellip;<\/p>\n","protected":false},"author":344,"featured_media":0,"parent":0,"menu_order":0,"comment_status":"closed","ping_status":"closed","template":"","meta":[],"_links":{"self":[{"href":"https:\/\/www2.uepg.br\/prae\/wp-json\/wp\/v2\/pages\/3637"}],"collection":[{"href":"https:\/\/www2.uepg.br\/prae\/wp-json\/wp\/v2\/pages"}],"about":[{"href":"https:\/\/www2.uepg.br\/prae\/wp-json\/wp\/v2\/types\/page"}],"author":[{"embeddable":true,"href":"https:\/\/www2.uepg.br\/prae\/wp-json\/wp\/v2\/users\/344"}],"replies":[{"embeddable":true,"href":"https:\/\/www2.uepg.br\/prae\/wp-json\/wp\/v2\/comments?post=3637"}],"version-history":[{"count":2,"href":"https:\/\/www2.uepg.br\/prae\/wp-json\/wp\/v2\/pages\/3637\/revisions"}],"predecessor-version":[{"id":3639,"href":"https:\/\/www2.uepg.br\/prae\/wp-json\/wp\/v2\/pages\/3637\/revisions\/3639"}],"wp:attachment":[{"href":"https:\/\/www2.uepg.br\/prae\/wp-json\/wp\/v2\/media?parent=3637"}],"curies":[{"name":"wp","href":"https:\/\/api.w.org\/{rel}","templated":true}]}}