{"id":51,"date":"2019-05-15T13:54:09","date_gmt":"2019-05-15T16:54:09","guid":{"rendered":"http:\/\/www2.uepg.br\/prae\/blog\/"},"modified":"2022-11-22T14:45:49","modified_gmt":"2022-11-22T17:45:49","slug":"publicacoes","status":"publish","type":"page","link":"https:\/\/www2.uepg.br\/prae\/publicacoes\/","title":{"rendered":"Publica\u00e7\u00f5es"},"content":{"rendered":"<div id=\"pl-51\"  class=\"panel-layout\" ><div id=\"pg-51-0\"  class=\"panel-grid panel-no-style\" ><div id=\"pgc-51-0-0\"  class=\"panel-grid-cell\" ><div id=\"panel-51-0-0-0\" class=\"so-panel widget widget_sow-accordion panel-first-child panel-last-child\" data-index=\"0\" ><div class=\"panel-widget-style panel-widget-style-for-51-0-0-0\" ><div\n\t\t\t\n\t\t\tclass=\"so-widget-sow-accordion so-widget-sow-accordion-default-cb315fb9f873-51\"\n\t\t\t\n\t\t><div>\n\t<div class=\"sow-accordion\">\n\t\t\t<div class=\"sow-accordion-panel\"\n\t\t\t data-anchor=\"apresenta%c3%a7%c3%a3o-a%c3%a7%c3%b5es-prae\">\n\t\t\t\t<div class=\"sow-accordion-panel-header-container\" role=\"heading\" aria-level=\"2\">\n\t\t\t\t\t<div class=\"sow-accordion-panel-header\" tabindex=\"0\" role=\"button\" id=\"accordion-label-apresenta%c3%a7%c3%a3o-a%c3%a7%c3%b5es-prae\" aria-controls=\"accordion-content-apresenta%c3%a7%c3%a3o-a%c3%a7%c3%b5es-prae\" aria-expanded=\"false\">\n\t\t\t\t\t\t<div class=\"sow-accordion-title sow-accordion-title-icon-left\">\n\t\t\t\t\t\t\t\t\t\t\t\t\t\tApresenta\u00e7\u00e3o a\u00e7\u00f5es PRAE \t\t\t\t\t\t\t\t\t\t\t\t\t<\/div>\n\t\t\t\t\t\t<div class=\"sow-accordion-open-close-button\">\n\t\t\t\t\t\t\t<div class=\"sow-accordion-open-button\">\n\t\t\t\t\t\t\t\t<span class=\"sow-icon-ionicons\" data-sow-icon=\"&#xf218;\"\n\t\t \n\t\taria-hidden=\"true\"><\/span>\t\t\t\t\t\t\t<\/div>\n\t\t\t\t\t\t\t<div class=\"sow-accordion-close-button\">\n\t\t\t\t\t\t\t\t<span class=\"sow-icon-ionicons\" data-sow-icon=\"&#xf209;\"\n\t\t \n\t\taria-hidden=\"true\"><\/span>\t\t\t\t\t\t\t<\/div>\n\t\t\t\t\t\t<\/div>\n\t\t\t\t\t<\/div>\n\t\t\t\t<\/div>\n\n\t\t\t<div\n\t\t\t\tclass=\"sow-accordion-panel-content\"\n\t\t\t\trole=\"region\"\n\t\t\t\taria-labelledby=\"accordion-label-apresenta%c3%a7%c3%a3o-a%c3%a7%c3%b5es-prae\"\n\t\t\t\tid=\"accordion-content-apresenta%c3%a7%c3%a3o-a%c3%a7%c3%b5es-prae\"\n\t\t\t\tstyle=\"display: none;\"\t\t\t>\n\t\t\t\t<div class=\"sow-accordion-panel-border\" tabindex=\"0\">\n\t\t\t\t\t<p>Apresenta\u00e7\u00e3o PRAE - 2020\/2021 - <a href=\"https:\/\/www2.uepg.br\/prae\/wp-content\/uploads\/sites\/18\/2021\/09\/revisao2_prae.pdf\">clique aqui<\/a><\/p>\n\t\t\t\t<\/div>\n\t\t\t<\/div>\n\t\t<\/div>\n\t\t\t<div class=\"sow-accordion-panel\"\n\t\t\t data-anchor=\"quest%c3%b5es-%c3%a9tnicas-raciais\">\n\t\t\t\t<div class=\"sow-accordion-panel-header-container\" role=\"heading\" aria-level=\"2\">\n\t\t\t\t\t<div class=\"sow-accordion-panel-header\" tabindex=\"0\" role=\"button\" id=\"accordion-label-quest%c3%b5es-%c3%a9tnicas-raciais\" aria-controls=\"accordion-content-quest%c3%b5es-%c3%a9tnicas-raciais\" aria-expanded=\"false\">\n\t\t\t\t\t\t<div class=\"sow-accordion-title sow-accordion-title-icon-left\">\n\t\t\t\t\t\t\t\t\t\t\t\t\t\tQuest\u00f5es \u00e9tnicas raciais\t\t\t\t\t\t\t\t\t\t\t\t\t<\/div>\n\t\t\t\t\t\t<div class=\"sow-accordion-open-close-button\">\n\t\t\t\t\t\t\t<div class=\"sow-accordion-open-button\">\n\t\t\t\t\t\t\t\t<span class=\"sow-icon-ionicons\" data-sow-icon=\"&#xf218;\"\n\t\t \n\t\taria-hidden=\"true\"><\/span>\t\t\t\t\t\t\t<\/div>\n\t\t\t\t\t\t\t<div class=\"sow-accordion-close-button\">\n\t\t\t\t\t\t\t\t<span class=\"sow-icon-ionicons\" data-sow-icon=\"&#xf209;\"\n\t\t \n\t\taria-hidden=\"true\"><\/span>\t\t\t\t\t\t\t<\/div>\n\t\t\t\t\t\t<\/div>\n\t\t\t\t\t<\/div>\n\t\t\t\t<\/div>\n\n\t\t\t<div\n\t\t\t\tclass=\"sow-accordion-panel-content\"\n\t\t\t\trole=\"region\"\n\t\t\t\taria-labelledby=\"accordion-label-quest%c3%b5es-%c3%a9tnicas-raciais\"\n\t\t\t\tid=\"accordion-content-quest%c3%b5es-%c3%a9tnicas-raciais\"\n\t\t\t\tstyle=\"display: none;\"\t\t\t>\n\t\t\t\t<div class=\"sow-accordion-panel-border\" tabindex=\"0\">\n\t\t\t\t\t<p><a href=\"https:\/\/www.youtube.com\/watch?v=ab4aa8YGp4Q&amp;ab_channel=OficialUEPG\"><strong>O que s\u00e3o cotas?\u00a0<\/strong><\/a><\/p>\n<p class=\"title style-scope ytd-video-primary-info-renderer\"><strong><a href=\"https:\/\/www.youtube.com\/watch?v=c2seMbdGKWo&amp;t=3427s&amp;ab_channel=PRAE-UEPG\"><span style=\"color: #ff0000\"><span style=\"color: #000000\">Palestra<\/span> <\/span><\/a><a href=\"https:\/\/www.youtube.com\/watch?v=c2seMbdGKWo&amp;t=3427s&amp;ab_channel=PRAE-UEPG\">\" Cotas no ensino superior e antirracismo \"<\/a><\/strong><\/p>\n<p><span style=\"color: #000000\"><strong>Palestra:<\/strong><\/span><a href=\"https:\/\/www.youtube.com\/watch?v=GqK5Pws9jCQ&amp;ab_channel=PRAE-UEPG\"><strong> \u201cA\u00e7\u00f5es Afirmativas para ind\u00edgenas e negros: possibilidades e desafios\u201d<\/strong><\/a><\/p>\n\t\t\t\t<\/div>\n\t\t\t<\/div>\n\t\t<\/div>\n\t\t\t<div class=\"sow-accordion-panel\"\n\t\t\t data-anchor=\"movimento-estudantil\">\n\t\t\t\t<div class=\"sow-accordion-panel-header-container\" role=\"heading\" aria-level=\"2\">\n\t\t\t\t\t<div class=\"sow-accordion-panel-header\" tabindex=\"0\" role=\"button\" id=\"accordion-label-movimento-estudantil\" aria-controls=\"accordion-content-movimento-estudantil\" aria-expanded=\"false\">\n\t\t\t\t\t\t<div class=\"sow-accordion-title sow-accordion-title-icon-left\">\n\t\t\t\t\t\t\t\t\t\t\t\t\t\tMovimento Estudantil\t\t\t\t\t\t\t\t\t\t\t\t\t<\/div>\n\t\t\t\t\t\t<div class=\"sow-accordion-open-close-button\">\n\t\t\t\t\t\t\t<div class=\"sow-accordion-open-button\">\n\t\t\t\t\t\t\t\t<span class=\"sow-icon-ionicons\" data-sow-icon=\"&#xf218;\"\n\t\t \n\t\taria-hidden=\"true\"><\/span>\t\t\t\t\t\t\t<\/div>\n\t\t\t\t\t\t\t<div class=\"sow-accordion-close-button\">\n\t\t\t\t\t\t\t\t<span class=\"sow-icon-ionicons\" data-sow-icon=\"&#xf209;\"\n\t\t \n\t\taria-hidden=\"true\"><\/span>\t\t\t\t\t\t\t<\/div>\n\t\t\t\t\t\t<\/div>\n\t\t\t\t\t<\/div>\n\t\t\t\t<\/div>\n\n\t\t\t<div\n\t\t\t\tclass=\"sow-accordion-panel-content\"\n\t\t\t\trole=\"region\"\n\t\t\t\taria-labelledby=\"accordion-label-movimento-estudantil\"\n\t\t\t\tid=\"accordion-content-movimento-estudantil\"\n\t\t\t\tstyle=\"display: none;\"\t\t\t>\n\t\t\t\t<div class=\"sow-accordion-panel-border\" tabindex=\"0\">\n\t\t\t\t\t<p>Em breve mais informa\u00e7\u00f5es.<\/p>\n\t\t\t\t<\/div>\n\t\t\t<\/div>\n\t\t<\/div>\n\t\t\t<div class=\"sow-accordion-panel\"\n\t\t\t data-anchor=\"sa%c3%bade-mental\">\n\t\t\t\t<div class=\"sow-accordion-panel-header-container\" role=\"heading\" aria-level=\"2\">\n\t\t\t\t\t<div class=\"sow-accordion-panel-header\" tabindex=\"0\" role=\"button\" id=\"accordion-label-sa%c3%bade-mental\" aria-controls=\"accordion-content-sa%c3%bade-mental\" aria-expanded=\"false\">\n\t\t\t\t\t\t<div class=\"sow-accordion-title sow-accordion-title-icon-left\">\n\t\t\t\t\t\t\t\t\t\t\t\t\t\tSa\u00fade mental\t\t\t\t\t\t\t\t\t\t\t\t\t<\/div>\n\t\t\t\t\t\t<div class=\"sow-accordion-open-close-button\">\n\t\t\t\t\t\t\t<div class=\"sow-accordion-open-button\">\n\t\t\t\t\t\t\t\t<span class=\"sow-icon-ionicons\" data-sow-icon=\"&#xf218;\"\n\t\t \n\t\taria-hidden=\"true\"><\/span>\t\t\t\t\t\t\t<\/div>\n\t\t\t\t\t\t\t<div class=\"sow-accordion-close-button\">\n\t\t\t\t\t\t\t\t<span class=\"sow-icon-ionicons\" data-sow-icon=\"&#xf209;\"\n\t\t \n\t\taria-hidden=\"true\"><\/span>\t\t\t\t\t\t\t<\/div>\n\t\t\t\t\t\t<\/div>\n\t\t\t\t\t<\/div>\n\t\t\t\t<\/div>\n\n\t\t\t<div\n\t\t\t\tclass=\"sow-accordion-panel-content\"\n\t\t\t\trole=\"region\"\n\t\t\t\taria-labelledby=\"accordion-label-sa%c3%bade-mental\"\n\t\t\t\tid=\"accordion-content-sa%c3%bade-mental\"\n\t\t\t\tstyle=\"display: none;\"\t\t\t>\n\t\t\t\t<div class=\"sow-accordion-panel-border\" tabindex=\"0\">\n\t\t\t\t\t<p>Em breve mais informa\u00e7\u00f5es.<\/p>\n\t\t\t\t<\/div>\n\t\t\t<\/div>\n\t\t<\/div>\n\t\t\t<div class=\"sow-accordion-panel\"\n\t\t\t data-anchor=\"quest%c3%b5es-de-g%c3%aanero-e-sexualidade\">\n\t\t\t\t<div class=\"sow-accordion-panel-header-container\" role=\"heading\" aria-level=\"2\">\n\t\t\t\t\t<div class=\"sow-accordion-panel-header\" tabindex=\"0\" role=\"button\" id=\"accordion-label-quest%c3%b5es-de-g%c3%aanero-e-sexualidade\" aria-controls=\"accordion-content-quest%c3%b5es-de-g%c3%aanero-e-sexualidade\" aria-expanded=\"false\">\n\t\t\t\t\t\t<div class=\"sow-accordion-title sow-accordion-title-icon-left\">\n\t\t\t\t\t\t\t\t\t\t\t\t\t\tQuest\u00f5es de g\u00eanero e sexualidade\t\t\t\t\t\t\t\t\t\t\t\t\t<\/div>\n\t\t\t\t\t\t<div class=\"sow-accordion-open-close-button\">\n\t\t\t\t\t\t\t<div class=\"sow-accordion-open-button\">\n\t\t\t\t\t\t\t\t<span class=\"sow-icon-ionicons\" data-sow-icon=\"&#xf218;\"\n\t\t \n\t\taria-hidden=\"true\"><\/span>\t\t\t\t\t\t\t<\/div>\n\t\t\t\t\t\t\t<div class=\"sow-accordion-close-button\">\n\t\t\t\t\t\t\t\t<span class=\"sow-icon-ionicons\" data-sow-icon=\"&#xf209;\"\n\t\t \n\t\taria-hidden=\"true\"><\/span>\t\t\t\t\t\t\t<\/div>\n\t\t\t\t\t\t<\/div>\n\t\t\t\t\t<\/div>\n\t\t\t\t<\/div>\n\n\t\t\t<div\n\t\t\t\tclass=\"sow-accordion-panel-content\"\n\t\t\t\trole=\"region\"\n\t\t\t\taria-labelledby=\"accordion-label-quest%c3%b5es-de-g%c3%aanero-e-sexualidade\"\n\t\t\t\tid=\"accordion-content-quest%c3%b5es-de-g%c3%aanero-e-sexualidade\"\n\t\t\t\tstyle=\"display: none;\"\t\t\t>\n\t\t\t\t<div class=\"sow-accordion-panel-border\" tabindex=\"0\">\n\t\t\t\t\t<p><span style=\"color: #000000\"><a style=\"color: #000000\" href=\"http:\/\/www2.uepg.br\/prae\/wp-content\/uploads\/sites\/18\/2021\/03\/Relatorio-Discentes-da-UEPG-com-filhos-1.pdf\">RELAT\u00d3RIO DAS RESPOSTAS OBTIDAS POR MEIO DO FORMUL\u00c1RIO \u201cMAPEAMENTO DE DISCENTES DA UEPG QUE S\u00c3O M\u00c3ES E PAIS\u201d<\/a><\/span><\/p>\n\t\t\t\t<\/div>\n\t\t\t<\/div>\n\t\t<\/div>\n\t\t\t<div class=\"sow-accordion-panel\"\n\t\t\t data-anchor=\"assist%c3%aancia-estudantil\">\n\t\t\t\t<div class=\"sow-accordion-panel-header-container\" role=\"heading\" aria-level=\"2\">\n\t\t\t\t\t<div class=\"sow-accordion-panel-header\" tabindex=\"0\" role=\"button\" id=\"accordion-label-assist%c3%aancia-estudantil\" aria-controls=\"accordion-content-assist%c3%aancia-estudantil\" aria-expanded=\"false\">\n\t\t\t\t\t\t<div class=\"sow-accordion-title sow-accordion-title-icon-left\">\n\t\t\t\t\t\t\t\t\t\t\t\t\t\tAssist\u00eancia estudantil\t\t\t\t\t\t\t\t\t\t\t\t\t<\/div>\n\t\t\t\t\t\t<div class=\"sow-accordion-open-close-button\">\n\t\t\t\t\t\t\t<div class=\"sow-accordion-open-button\">\n\t\t\t\t\t\t\t\t<span class=\"sow-icon-ionicons\" data-sow-icon=\"&#xf218;\"\n\t\t \n\t\taria-hidden=\"true\"><\/span>\t\t\t\t\t\t\t<\/div>\n\t\t\t\t\t\t\t<div class=\"sow-accordion-close-button\">\n\t\t\t\t\t\t\t\t<span class=\"sow-icon-ionicons\" data-sow-icon=\"&#xf209;\"\n\t\t \n\t\taria-hidden=\"true\"><\/span>\t\t\t\t\t\t\t<\/div>\n\t\t\t\t\t\t<\/div>\n\t\t\t\t\t<\/div>\n\t\t\t\t<\/div>\n\n\t\t\t<div\n\t\t\t\tclass=\"sow-accordion-panel-content\"\n\t\t\t\trole=\"region\"\n\t\t\t\taria-labelledby=\"accordion-label-assist%c3%aancia-estudantil\"\n\t\t\t\tid=\"accordion-content-assist%c3%aancia-estudantil\"\n\t\t\t\tstyle=\"display: none;\"\t\t\t>\n\t\t\t\t<div class=\"sow-accordion-panel-border\" tabindex=\"0\">\n\t\t\t\t\t<p><a href=\"http:\/\/www2.uepg.br\/prae\/wp-content\/uploads\/sites\/18\/2022\/11\/5.-RELATORIO-DA-CONSULTA-PUBLICA-SOBRE-A-POLITICA-DE-ASSISTENCIA-ESTUDANTIL-DA-UEPG.pdf\">Relat\u00f3rio da Consulta P\u00fablica sobre a Minuta de Reformula\u00e7\u00e3o da Pol\u00edtica de Assist\u00eancia Estudantil da UEPG<\/a><\/p>\n<p><a href=\"http:\/\/www2.uepg.br\/prae\/wp-content\/uploads\/sites\/18\/2022\/11\/RELATORIO-DO-1o-FORUM-DE-DISCUSSOES-SOBRE-A-POLITICA-DE-ASSISTENCIA-ESTUDANTIL-DA-UEPG-1.pdf\">Relat\u00f3rio do 1\u00ba F\u00f3rum de Discuss\u00f5es sobre a Pol\u00edtica de Assist\u00eancia Estudantil da UEPG\u00a0<\/a><\/p>\n<p><a href=\"https:\/\/www2.uepg.br\/\/prae\/wp-content\/uploads\/sites\/18\/2020\/11\/RELATORIO-FINAL-PESQUISA-PERFIL-EAD-PARA-O-COU-1.pdf\">Relat\u00f3rio Final Pesquisa do Perfil dos\/as Estudantes da UEPG acerca da Educa\u00e7\u00e3o \u00e0 Dist\u00e2ncia <\/a><\/p>\n\t\t\t\t<\/div>\n\t\t\t<\/div>\n\t\t<\/div>\n\t\t\t<div class=\"sow-accordion-panel\"\n\t\t\t data-anchor=\"quest%c3%b5es-ind%c3%adgenas\">\n\t\t\t\t<div class=\"sow-accordion-panel-header-container\" role=\"heading\" aria-level=\"2\">\n\t\t\t\t\t<div class=\"sow-accordion-panel-header\" tabindex=\"0\" role=\"button\" id=\"accordion-label-quest%c3%b5es-ind%c3%adgenas\" aria-controls=\"accordion-content-quest%c3%b5es-ind%c3%adgenas\" aria-expanded=\"false\">\n\t\t\t\t\t\t<div class=\"sow-accordion-title sow-accordion-title-icon-left\">\n\t\t\t\t\t\t\t\t\t\t\t\t\t\tQuest\u00f5es ind\u00edgenas\t\t\t\t\t\t\t\t\t\t\t\t\t<\/div>\n\t\t\t\t\t\t<div class=\"sow-accordion-open-close-button\">\n\t\t\t\t\t\t\t<div class=\"sow-accordion-open-button\">\n\t\t\t\t\t\t\t\t<span class=\"sow-icon-ionicons\" data-sow-icon=\"&#xf218;\"\n\t\t \n\t\taria-hidden=\"true\"><\/span>\t\t\t\t\t\t\t<\/div>\n\t\t\t\t\t\t\t<div class=\"sow-accordion-close-button\">\n\t\t\t\t\t\t\t\t<span class=\"sow-icon-ionicons\" data-sow-icon=\"&#xf209;\"\n\t\t \n\t\taria-hidden=\"true\"><\/span>\t\t\t\t\t\t\t<\/div>\n\t\t\t\t\t\t<\/div>\n\t\t\t\t\t<\/div>\n\t\t\t\t<\/div>\n\n\t\t\t<div\n\t\t\t\tclass=\"sow-accordion-panel-content\"\n\t\t\t\trole=\"region\"\n\t\t\t\taria-labelledby=\"accordion-label-quest%c3%b5es-ind%c3%adgenas\"\n\t\t\t\tid=\"accordion-content-quest%c3%b5es-ind%c3%adgenas\"\n\t\t\t\tstyle=\"display: none;\"\t\t\t>\n\t\t\t\t<div class=\"sow-accordion-panel-border\" tabindex=\"0\">\n\t\t\t\t\t<p>Palestra:<a href=\"https:\/\/www.youtube.com\/watch?v=GqK5Pws9jCQ&amp;ab_channel=PRAE-UEPG\"><strong> \u201cA\u00e7\u00f5es Afirmativas para ind\u00edgenas e negros: possibilidades e desafios\u201d<\/strong><\/a><\/p>\n\t\t\t\t<\/div>\n\t\t\t<\/div>\n\t\t<\/div>\n\t\t<\/div>\n<\/div>\n<\/div><\/div><\/div><\/div><\/div><\/div>","protected":false},"excerpt":{"rendered":"<p>Apresenta\u00e7\u00e3o a\u00e7\u00f5es PRAE Apresenta\u00e7\u00e3o PRAE &#8211; 2020\/2021 &#8211; clique aqui Quest\u00f5es \u00e9tnicas raciais O que s\u00e3o cotas?\u00a0 Palestra &#8221; Cotas no ensino superior e antirracismo &#8221; Palestra: \u201cA\u00e7\u00f5es Afirmativas para ind\u00edgenas e negros: possibilidades e desafios\u201d Movimento Estudantil Em breve mais informa\u00e7\u00f5es. Sa\u00fade mental Em breve mais informa\u00e7\u00f5es. Quest\u00f5es de g\u00eanero e sexualidade RELAT\u00d3RIO DAS&nbsp;&hellip;<\/p>\n","protected":false},"author":1,"featured_media":0,"parent":0,"menu_order":0,"comment_status":"closed","ping_status":"closed","template":"page-templates\/page-with-right-sidebar.php","meta":[],"_links":{"self":[{"href":"https:\/\/www2.uepg.br\/prae\/wp-json\/wp\/v2\/pages\/51"}],"collection":[{"href":"https:\/\/www2.uepg.br\/prae\/wp-json\/wp\/v2\/pages"}],"about":[{"href":"https:\/\/www2.uepg.br\/prae\/wp-json\/wp\/v2\/types\/page"}],"author":[{"embeddable":true,"href":"https:\/\/www2.uepg.br\/prae\/wp-json\/wp\/v2\/users\/1"}],"replies":[{"embeddable":true,"href":"https:\/\/www2.uepg.br\/prae\/wp-json\/wp\/v2\/comments?post=51"}],"version-history":[{"count":19,"href":"https:\/\/www2.uepg.br\/prae\/wp-json\/wp\/v2\/pages\/51\/revisions"}],"predecessor-version":[{"id":2295,"href":"https:\/\/www2.uepg.br\/prae\/wp-json\/wp\/v2\/pages\/51\/revisions\/2295"}],"wp:attachment":[{"href":"https:\/\/www2.uepg.br\/prae\/wp-json\/wp\/v2\/media?parent=51"}],"curies":[{"name":"wp","href":"https:\/\/api.w.org\/{rel}","templated":true}]}}