{"id":594,"date":"2019-08-09T12:46:36","date_gmt":"2019-08-09T15:46:36","guid":{"rendered":"http:\/\/www2.uepg.br\/prae\/?page_id=594"},"modified":"2019-08-09T16:15:20","modified_gmt":"2019-08-09T19:15:20","slug":"diretoria-de-assistencia-estudantil-dae","status":"publish","type":"page","link":"https:\/\/www2.uepg.br\/prae\/assistencia-estudantil\/diretoria-de-assistencia-estudantil-dae\/","title":{"rendered":"Diretoria de Assist\u00eancia Estudantil (DAE)"},"content":{"rendered":"<div id=\"atendimento-especial-vestibular\" style=\"text-align: center\"><\/div>\n<div>\n<p class=\"western\" align=\"justify\">O Atendimento caracteriza-se pela promo\u00e7\u00e3o educacional, social e cultural da comunidade discente, assim como o aprimoramento da pol\u00edtica assistencial estudantil. Tal pr\u00e1tica se justifica a medida que inclui e acompanha os movimentos estudantis no \u00e2mbito da Universidade Estadual de Ponta Grossa.<\/p>\n<p class=\"western\" align=\"justify\">Nessa perspectiva as atividades fundamentam-se na melhoria das condi\u00e7\u00f5es de conviv\u00eancia, al\u00e9m do apoio ao processo de ensino, elabora\u00e7\u00e3o de normas, orienta\u00e7\u00e3o aos representantes discentes, e intera\u00e7\u00e3o com segmentos e entidades da comunidade universit\u00e1ria.<\/p>\n<\/div>\n","protected":false},"excerpt":{"rendered":"<p>O Atendimento caracteriza-se pela promo\u00e7\u00e3o educacional, social e cultural da comunidade discente, assim como o aprimoramento da pol\u00edtica assistencial estudantil. Tal pr\u00e1tica se justifica a medida que inclui e acompanha os movimentos estudantis no \u00e2mbito da Universidade Estadual de Ponta Grossa. Nessa perspectiva as atividades fundamentam-se na melhoria das condi\u00e7\u00f5es de conviv\u00eancia, al\u00e9m do apoio&nbsp;&hellip;<\/p>\n","protected":false},"author":24,"featured_media":0,"parent":317,"menu_order":0,"comment_status":"closed","ping_status":"closed","template":"","meta":[],"_links":{"self":[{"href":"https:\/\/www2.uepg.br\/prae\/wp-json\/wp\/v2\/pages\/594"}],"collection":[{"href":"https:\/\/www2.uepg.br\/prae\/wp-json\/wp\/v2\/pages"}],"about":[{"href":"https:\/\/www2.uepg.br\/prae\/wp-json\/wp\/v2\/types\/page"}],"author":[{"embeddable":true,"href":"https:\/\/www2.uepg.br\/prae\/wp-json\/wp\/v2\/users\/24"}],"replies":[{"embeddable":true,"href":"https:\/\/www2.uepg.br\/prae\/wp-json\/wp\/v2\/comments?post=594"}],"version-history":[{"count":5,"href":"https:\/\/www2.uepg.br\/prae\/wp-json\/wp\/v2\/pages\/594\/revisions"}],"predecessor-version":[{"id":605,"href":"https:\/\/www2.uepg.br\/prae\/wp-json\/wp\/v2\/pages\/594\/revisions\/605"}],"up":[{"embeddable":true,"href":"https:\/\/www2.uepg.br\/prae\/wp-json\/wp\/v2\/pages\/317"}],"wp:attachment":[{"href":"https:\/\/www2.uepg.br\/prae\/wp-json\/wp\/v2\/media?parent=594"}],"curies":[{"name":"wp","href":"https:\/\/api.w.org\/{rel}","templated":true}]}}