{"id":914,"date":"2020-03-06T14:26:41","date_gmt":"2020-03-06T17:26:41","guid":{"rendered":"http:\/\/www2.uepg.br\/prae\/?page_id=914"},"modified":"2020-03-06T14:26:41","modified_gmt":"2020-03-06T17:26:41","slug":"programas","status":"publish","type":"page","link":"https:\/\/www2.uepg.br\/prae\/programas\/","title":{"rendered":"PROGRAMAS"},"content":{"rendered":"<div id=\"pl-914\"  class=\"panel-layout\" ><div id=\"pg-914-0\"  class=\"panel-grid panel-no-style\" ><div id=\"pgc-914-0-0\"  class=\"panel-grid-cell\" ><div id=\"panel-914-0-0-0\" class=\"so-panel widget widget_sow-accordion panel-first-child panel-last-child\" data-index=\"0\" ><div\n\t\t\t\n\t\t\tclass=\"so-widget-sow-accordion so-widget-sow-accordion-default-cb315fb9f873-914\"\n\t\t\t\n\t\t><div>\n\t<div class=\"sow-accordion\">\n\t\t\t<div class=\"sow-accordion-panel\"\n\t\t\t data-anchor=\"protudi\">\n\t\t\t\t<div class=\"sow-accordion-panel-header-container\" role=\"heading\" aria-level=\"2\">\n\t\t\t\t\t<div class=\"sow-accordion-panel-header\" tabindex=\"0\" role=\"button\" id=\"accordion-label-protudi\" aria-controls=\"accordion-content-protudi\" aria-expanded=\"false\">\n\t\t\t\t\t\t<div class=\"sow-accordion-title sow-accordion-title-icon-left\">\n\t\t\t\t\t\t\t\t\t\t\t\t\t\tPROTUDI\t\t\t\t\t\t\t\t\t\t\t\t\t<\/div>\n\t\t\t\t\t\t<div class=\"sow-accordion-open-close-button\">\n\t\t\t\t\t\t\t<div class=\"sow-accordion-open-button\">\n\t\t\t\t\t\t\t\t<span class=\"sow-icon-ionicons\" data-sow-icon=\"&#xf218;\"\n\t\t \n\t\taria-hidden=\"true\"><\/span>\t\t\t\t\t\t\t<\/div>\n\t\t\t\t\t\t\t<div class=\"sow-accordion-close-button\">\n\t\t\t\t\t\t\t\t<span class=\"sow-icon-ionicons\" data-sow-icon=\"&#xf209;\"\n\t\t \n\t\taria-hidden=\"true\"><\/span>\t\t\t\t\t\t\t<\/div>\n\t\t\t\t\t\t<\/div>\n\t\t\t\t\t<\/div>\n\t\t\t\t<\/div>\n\n\t\t\t<div\n\t\t\t\tclass=\"sow-accordion-panel-content\"\n\t\t\t\trole=\"region\"\n\t\t\t\taria-labelledby=\"accordion-label-protudi\"\n\t\t\t\tid=\"accordion-content-protudi\"\n\t\t\t\tstyle=\"display: none;\"\t\t\t>\n\t\t\t\t<div class=\"sow-accordion-panel-border\" tabindex=\"0\">\n\t\t\t\t\t<div class=\"col-xs-12 col-sm-8 col-md-9\">\n<h4 style=\"text-align: center\">PROGRAMA DE TUTORIA DISCENTE \u2013 PROTUDI<\/h4>\n<p style=\"text-align: center\" align=\"center\"><a href=\"http:\/\/www.uepg.br\/cepe\/atosoficiais\/2013\/035.pdf\"><b>Regulamentado pela Resolu\u00e7\u00e3o CEPE n\u00ba 035 de agosto de 2013<\/b><\/a><\/p>\n<p style=\"text-align: center\" align=\"justify\">Atividades que visam orientar acad\u00eamicos inseridos em grupos que necessitam de a\u00e7\u00f5es inclusivas e outras previamente identificadas pelos Colegiados de Curso e Servi\u00e7o Pedag\u00f3gico da Pr\u00f3-Reitoria de Assuntos Estudantis (PRAE)<\/p>\n<p style=\"text-align: center\" align=\"justify\"><b>Objetivos<\/b><\/p>\n<ul style=\"text-align: center\">\n<li>\n<p align=\"justify\">Incentivar a melhoria das condi\u00e7\u00f5es de conviv\u00eancia oferecidas aos acad\u00eamicos que necessitam de a\u00e7\u00f5es inclusivas;<\/p>\n<\/li>\n<li>\n<p align=\"justify\">Apoiar atividades de orienta\u00e7\u00e3o acad\u00eamica que divulguem informa\u00e7\u00f5es precisas e corretas, em uma linguagem adequada \u00e0s necessidades desses acad\u00eamicos;<\/p>\n<\/li>\n<li>\n<p align=\"justify\">Informar a respeito da organiza\u00e7\u00e3o pedag\u00f3gica e administrativa da Universidade Estadual de Ponta Grossa (UEPG) e seu funcionamento;<\/p>\n<\/li>\n<li>\n<p align=\"justify\">Colaborar para a melhoria de desempenho no processo de aprendizado, visando \u00e0 redu\u00e7\u00e3o dos \u00edndices de reprova\u00e7\u00e3o e de evas\u00e3o;<\/p>\n<\/li>\n<li>\n<p align=\"justify\">Estimular os acad\u00eamicos a buscarem o conhecimento t\u00e9cnico-cient\u00edfico e o aperfei\u00e7oamento pessoal, bem como a pr\u00e1tica de atividades culturais e sociais;<\/p>\n<\/li>\n<li>\n<p align=\"justify\">Promover o desenvolvimento de habilidades intelectuais dos acad\u00eamicos, por meio de estrat\u00e9gias de aten\u00e7\u00e3o personalizada que complementem as atividades docentes regulares.<\/p>\n<\/li>\n<\/ul>\n<p style=\"text-align: center\" align=\"justify\"><b>P\u00fablico <\/b><\/p>\n<ul style=\"text-align: center\">\n<li>\n<p align=\"justify\">Acad\u00eamicos regularmente matriculados nos cursos da Universidade Estadual de Ponta Grossa (UEPG), que ser\u00e3o denominados de Acad\u00eamicos Tutorados, e que se encontrem nas seguintes situa\u00e7\u00f5es:<\/p>\n<\/li>\n<\/ul>\n<ul style=\"text-align: center\">\n<li>\n<p align=\"justify\">Ind\u00edgenas beneficiados por Lei Estadual;<\/p>\n<\/li>\n<li>\n<p align=\"justify\">Estudantes-conv\u00eanio nos termos do Programa PEC-G;<\/p>\n<\/li>\n<li>\n<p align=\"justify\">Deficientes visuais ou auditivos;<\/p>\n<\/li>\n<li>\n<p align=\"justify\">Outras necessidades previamente identificadas.<\/p>\n<\/li>\n<\/ul>\n<p style=\"text-align: center\" align=\"justify\"><b>Obs:<\/b> Poder\u00e3o inscrever-se como Tutor no PROTUDI os acad\u00eamicos regularmente matriculados a partir da primeira s\u00e9rie dos cursos superiores da UEPG.<\/p>\n<p style=\"text-align: center\" align=\"justify\"><b>Demanda<\/b><\/p>\n<ul style=\"text-align: center\">\n<li>\n<p align=\"justify\">O acad\u00eamico que se considere como p\u00fablico-alvo do servi\u00e7o, familiares e professores que identifiquem poss\u00edveis casos de enquadramento ao programa.<\/p>\n<\/li>\n<\/ul>\n<p style=\"text-align: center\" align=\"justify\"><b>Fluxo <\/b><b>de Atendimento<\/b><\/p>\n<ul style=\"text-align: center\">\n<li>\n<p align=\"justify\">Acad\u00eamico, familiares e professores dever\u00e3o procurar o coordenador do curso, no qual o estudante estiver regularmente matriculado, para que o mesmo avalie tecnicamente o caso e tome as provid\u00eancias para viabilizar a tutoria junto \u00e0 Pr\u00f3-Reitoria de Gradua\u00e7\u00e3o (PROGRAD), mediante entendimento favor\u00e1vel.<\/p>\n<\/li>\n<\/ul>\n<p style=\"text-align: center\" align=\"justify\"><b>Acompanhamento<\/b><\/p>\n<ul style=\"text-align: center\">\n<li>\n<p align=\"justify\">A Pr\u00f3-Reitoria de Assuntos Estudantis (PRAE) realizar\u00e1 o acompanhamento durante o processo de tutoria, visando contribuir para o bom andamento das atividades e, em especial, colaborando para a inclus\u00e3o social e pedag\u00f3gica dos estudantes envolvidos (tutor e tutorado)<\/p>\n<\/li>\n<\/ul>\n<ul style=\"text-align: center\">\n<li>\n<p align=\"justify\">Qualquer um dos envolvidos no PROTUDI (tutorado, tutor, professor\/orientador, coordenador do curso ou PROGRAD) poder\u00e1 contatar a PRAE, para que esta intervenha nos casos atendidos pelo programa.<\/p>\n<\/li>\n<\/ul>\n<p style=\"text-align: center\" align=\"justify\"><a name=\"_GoBack\"><\/a> <b>Obs:<\/b> O contato para solicita\u00e7\u00e3o do atendimento poder\u00e1 ser efetuado pessoalmente junto ao servi\u00e7o pedag\u00f3gico na sede da Pr\u00f3-reitoria Reitoria de Assuntos Estudantis (PRAE) \u2013 <em>Campus<\/em> de Uvaranas \u2013 Bloco da Reitoria, pelo telefone ou e-<em>mail<\/em>.<\/p>\n<\/div>\n\t\t\t\t<\/div>\n\t\t\t<\/div>\n\t\t<\/div>\n\t\t\t<div class=\"sow-accordion-panel\"\n\t\t\t data-anchor=\"paieb\">\n\t\t\t\t<div class=\"sow-accordion-panel-header-container\" role=\"heading\" aria-level=\"2\">\n\t\t\t\t\t<div class=\"sow-accordion-panel-header\" tabindex=\"0\" role=\"button\" id=\"accordion-label-paieb\" aria-controls=\"accordion-content-paieb\" aria-expanded=\"false\">\n\t\t\t\t\t\t<div class=\"sow-accordion-title sow-accordion-title-icon-left\">\n\t\t\t\t\t\t\t\t\t\t\t\t\t\tPAIEB\t\t\t\t\t\t\t\t\t\t\t\t\t<\/div>\n\t\t\t\t\t\t<div class=\"sow-accordion-open-close-button\">\n\t\t\t\t\t\t\t<div class=\"sow-accordion-open-button\">\n\t\t\t\t\t\t\t\t<span class=\"sow-icon-ionicons\" data-sow-icon=\"&#xf218;\"\n\t\t \n\t\taria-hidden=\"true\"><\/span>\t\t\t\t\t\t\t<\/div>\n\t\t\t\t\t\t\t<div class=\"sow-accordion-close-button\">\n\t\t\t\t\t\t\t\t<span class=\"sow-icon-ionicons\" data-sow-icon=\"&#xf209;\"\n\t\t \n\t\taria-hidden=\"true\"><\/span>\t\t\t\t\t\t\t<\/div>\n\t\t\t\t\t\t<\/div>\n\t\t\t\t\t<\/div>\n\t\t\t\t<\/div>\n\n\t\t\t<div\n\t\t\t\tclass=\"sow-accordion-panel-content\"\n\t\t\t\trole=\"region\"\n\t\t\t\taria-labelledby=\"accordion-label-paieb\"\n\t\t\t\tid=\"accordion-content-paieb\"\n\t\t\t\tstyle=\"display: none;\"\t\t\t>\n\t\t\t\t<div class=\"sow-accordion-panel-border\" tabindex=\"0\">\n\t\t\t\t\t<p style=\"text-align: center\">Em breve mais informa\u00e7\u00f5es.<\/p>\n\t\t\t\t<\/div>\n\t\t\t<\/div>\n\t\t<\/div>\n\t\t<\/div>\n<\/div>\n<\/div><\/div><\/div><\/div><\/div>","protected":false},"excerpt":{"rendered":"<p>PROTUDI PROGRAMA DE TUTORIA DISCENTE \u2013 PROTUDI Regulamentado pela Resolu\u00e7\u00e3o CEPE n\u00ba 035 de agosto de 2013 Atividades que visam orientar acad\u00eamicos inseridos em grupos que necessitam de a\u00e7\u00f5es inclusivas e outras previamente identificadas pelos Colegiados de Curso e Servi\u00e7o Pedag\u00f3gico da Pr\u00f3-Reitoria de Assuntos Estudantis (PRAE) Objetivos Incentivar a melhoria das condi\u00e7\u00f5es de conviv\u00eancia&nbsp;&hellip;<\/p>\n","protected":false},"author":24,"featured_media":0,"parent":0,"menu_order":0,"comment_status":"closed","ping_status":"closed","template":"","meta":[],"_links":{"self":[{"href":"https:\/\/www2.uepg.br\/prae\/wp-json\/wp\/v2\/pages\/914"}],"collection":[{"href":"https:\/\/www2.uepg.br\/prae\/wp-json\/wp\/v2\/pages"}],"about":[{"href":"https:\/\/www2.uepg.br\/prae\/wp-json\/wp\/v2\/types\/page"}],"author":[{"embeddable":true,"href":"https:\/\/www2.uepg.br\/prae\/wp-json\/wp\/v2\/users\/24"}],"replies":[{"embeddable":true,"href":"https:\/\/www2.uepg.br\/prae\/wp-json\/wp\/v2\/comments?post=914"}],"version-history":[{"count":1,"href":"https:\/\/www2.uepg.br\/prae\/wp-json\/wp\/v2\/pages\/914\/revisions"}],"predecessor-version":[{"id":915,"href":"https:\/\/www2.uepg.br\/prae\/wp-json\/wp\/v2\/pages\/914\/revisions\/915"}],"wp:attachment":[{"href":"https:\/\/www2.uepg.br\/prae\/wp-json\/wp\/v2\/media?parent=914"}],"curies":[{"name":"wp","href":"https:\/\/api.w.org\/{rel}","templated":true}]}}