{"id":930,"date":"2020-03-06T14:52:54","date_gmt":"2020-03-06T17:52:54","guid":{"rendered":"http:\/\/www2.uepg.br\/prae\/?page_id=930"},"modified":"2024-06-14T10:12:20","modified_gmt":"2024-06-14T13:12:20","slug":"cuia-uepg","status":"publish","type":"page","link":"https:\/\/www2.uepg.br\/prae\/cuia-uepg\/","title":{"rendered":"CUIA UEPG"},"content":{"rendered":"<h3 style=\"text-align: center\">Comiss\u00e3o Universidade para o \u00cdndio &#8211; CUIA<\/h3>\n<p>&nbsp;<\/p>\n<p>&nbsp;<\/p>\n<p style=\"text-align: left\">Cartilha sobre Inclus\u00e3o Digital para Discentes Ind\u00edgenas da UEPG &#8211; <a href=\"http:\/\/www2.uepg.br\/prae\/wp-content\/uploads\/sites\/18\/2021\/09\/CONECTADOS-COM-A-UEPG-pdf-padrao.pdf\">clique aqui<\/a><\/p>\n<p style=\"text-align: left\"><span style=\"color: #000000\">Projeto Trilha do Acompanhamento <a href=\"http:\/\/www2.uepg.br\/prae\/wp-content\/uploads\/sites\/18\/2022\/06\/TRILHA-DE-ACOMPANHAMENTO-PROJETO.pdf\">clique aqui<\/a><\/span><\/p>\n<p><span style=\"color: #000000\">RESOLU\u00c7\u00c3O CA N\u00ba 454 DE 12 DE NOVEMBRO DE 2012\u00a0 &#8211; clique aqui<\/span><\/p>\n","protected":false},"excerpt":{"rendered":"<p>Comiss\u00e3o Universidade para o \u00cdndio &#8211; CUIA &nbsp; &nbsp; Cartilha sobre Inclus\u00e3o Digital para Discentes Ind\u00edgenas da UEPG &#8211; clique aqui Projeto Trilha do Acompanhamento clique aqui RESOLU\u00c7\u00c3O CA N\u00ba 454 DE 12 DE NOVEMBRO DE 2012\u00a0 &#8211; clique aqui<\/p>\n","protected":false},"author":24,"featured_media":0,"parent":0,"menu_order":0,"comment_status":"closed","ping_status":"closed","template":"","meta":[],"_links":{"self":[{"href":"https:\/\/www2.uepg.br\/prae\/wp-json\/wp\/v2\/pages\/930"}],"collection":[{"href":"https:\/\/www2.uepg.br\/prae\/wp-json\/wp\/v2\/pages"}],"about":[{"href":"https:\/\/www2.uepg.br\/prae\/wp-json\/wp\/v2\/types\/page"}],"author":[{"embeddable":true,"href":"https:\/\/www2.uepg.br\/prae\/wp-json\/wp\/v2\/users\/24"}],"replies":[{"embeddable":true,"href":"https:\/\/www2.uepg.br\/prae\/wp-json\/wp\/v2\/comments?post=930"}],"version-history":[{"count":26,"href":"https:\/\/www2.uepg.br\/prae\/wp-json\/wp\/v2\/pages\/930\/revisions"}],"predecessor-version":[{"id":3395,"href":"https:\/\/www2.uepg.br\/prae\/wp-json\/wp\/v2\/pages\/930\/revisions\/3395"}],"wp:attachment":[{"href":"https:\/\/www2.uepg.br\/prae\/wp-json\/wp\/v2\/media?parent=930"}],"curies":[{"name":"wp","href":"https:\/\/api.w.org\/{rel}","templated":true}]}}