{"id":12,"date":"2019-11-28T10:21:15","date_gmt":"2019-11-28T13:21:15","guid":{"rendered":"http:\/\/www2.uepg.br\/proad\/?page_id=12"},"modified":"2022-11-17T10:58:24","modified_gmt":"2022-11-17T13:58:24","slug":"historia","status":"publish","type":"page","link":"https:\/\/www2.uepg.br\/proad\/historia\/","title":{"rendered":"HIST\u00d3RIA"},"content":{"rendered":"<div id=\"pl-12\"  class=\"panel-layout\" ><div id=\"pg-12-0\"  class=\"panel-grid panel-no-style\" ><div id=\"pgc-12-0-0\"  class=\"panel-grid-cell\" ><div id=\"panel-12-0-0-0\" class=\"so-panel widget widget_sow-editor panel-first-child panel-last-child\" data-index=\"0\" ><div\n\t\t\t\n\t\t\tclass=\"so-widget-sow-editor so-widget-sow-editor-base\"\n\t\t\t\n\t\t>\n<div class=\"siteorigin-widget-tinymce textwidget\">\n\t<p><a href=\"http:\/\/www2.uepg.br\/proad\/wp-content\/uploads\/sites\/48\/2019\/11\/arquivos-4814-fachada_campus_obra.jpg\"><img loading=\"lazy\" class=\"size-full wp-image-13 aligncenter\" src=\"http:\/\/www2.uepg.br\/proad\/wp-content\/uploads\/sites\/48\/2019\/11\/arquivos-4814-fachada_campus_obra.jpg\" alt=\"\" width=\"567\" height=\"380\" srcset=\"https:\/\/www2.uepg.br\/proad\/wp-content\/uploads\/sites\/48\/2019\/11\/arquivos-4814-fachada_campus_obra.jpg 567w, https:\/\/www2.uepg.br\/proad\/wp-content\/uploads\/sites\/48\/2019\/11\/arquivos-4814-fachada_campus_obra-300x201.jpg 300w, https:\/\/www2.uepg.br\/proad\/wp-content\/uploads\/sites\/48\/2019\/11\/arquivos-4814-fachada_campus_obra-272x182.jpg 272w\" sizes=\"(max-width: 567px) 100vw, 567px\" \/><\/a><\/p>\n<p style=\"text-align: center\">A antiga Diretoria Geral de Assuntos Administrativos -\u00a0<strong>DGAA<\/strong>, criada junto com a UEPG em 6 de maio de 1970, foi transformada em Pr\u00f3-Reitoria de Assuntos Administrativos -\u00a0<strong>PROAD<\/strong>\u00a0na 4\u00aa gest\u00e3o da universidade em 1983, sendo sempre a respons\u00e1vel por todas as atividades administrativas, englobando nas suas divis\u00f5es os recursos humanos (at\u00e9 a cria\u00e7\u00e3o da PRORH em 2002), as finan\u00e7as, os materiais e o patrim\u00f4nio, as licita\u00e7\u00f5es e os servi\u00e7os (transportes, restaurantes, audiovisuais, atendimento m\u00e9dico e psicot\u00e9cnico). No ano de 2002, a PROAD assumiu tamb\u00e9m a responsabilidade pela programa\u00e7\u00e3o do or\u00e7amento da UEPG.<\/p>\n<p>&nbsp;<\/p>\n<p>&nbsp;<\/p>\n<\/div>\n<\/div><\/div><\/div><\/div><div id=\"pg-12-1\"  class=\"panel-grid panel-no-style\" ><div id=\"pgc-12-1-0\"  class=\"panel-grid-cell\" ><div id=\"panel-12-1-0-0\" class=\"so-panel widget widget_sow-editor panel-first-child panel-last-child\" data-index=\"1\" ><div\n\t\t\t\n\t\t\tclass=\"so-widget-sow-editor so-widget-sow-editor-base\"\n\t\t\t\n\t\t><h3 class=\"widget-title\">PROAD AO LONGO DO TEMPO<\/h3>\n<div class=\"siteorigin-widget-tinymce textwidget\">\n\t\n\t\t<style type=\"text\/css\">\n\t\t\t#gallery-1 {\n\t\t\t\tmargin: auto;\n\t\t\t}\n\t\t\t#gallery-1 .gallery-item {\n\t\t\t\tfloat: left;\n\t\t\t\tmargin-top: 10px;\n\t\t\t\ttext-align: center;\n\t\t\t\twidth: 25%;\n\t\t\t}\n\t\t\t#gallery-1 img {\n\t\t\t\tborder: 2px solid #cfcfcf;\n\t\t\t}\n\t\t\t#gallery-1 .gallery-caption {\n\t\t\t\tmargin-left: 0;\n\t\t\t}\n\t\t\t\/* see gallery_shortcode() in wp-includes\/media.php *\/\n\t\t<\/style>\n\t\t<div id='gallery-1' class='gallery galleryid-12 gallery-columns-4 gallery-size-thumbnail'><dl class='gallery-item'>\n\t\t\t<dt class='gallery-icon landscape'>\n\t\t\t\t<a href='https:\/\/www2.uepg.br\/proad\/wp-content\/uploads\/sites\/48\/2019\/12\/1machuca.jpg'><img width=\"150\" height=\"150\" src=\"https:\/\/www2.uepg.br\/proad\/wp-content\/uploads\/sites\/48\/2019\/12\/1machuca-150x150.jpg\" class=\"attachment-thumbnail size-thumbnail\" alt=\"\" loading=\"lazy\" aria-describedby=\"gallery-1-427\" \/><\/a>\n\t\t\t<\/dt>\n\t\t\t\t<dd class='wp-caption-text gallery-caption' id='gallery-1-427'>\n\t\t\t\tFernando Machuca\n\t\t\t\t<\/dd><\/dl><dl class='gallery-item'>\n\t\t\t<dt class='gallery-icon landscape'>\n\t\t\t\t<a href='https:\/\/www2.uepg.br\/proad\/wp-content\/uploads\/sites\/48\/2019\/12\/2capote.png'><img width=\"150\" height=\"150\" src=\"https:\/\/www2.uepg.br\/proad\/wp-content\/uploads\/sites\/48\/2019\/12\/2capote-150x150.png\" class=\"attachment-thumbnail size-thumbnail\" alt=\"\" loading=\"lazy\" aria-describedby=\"gallery-1-428\" \/><\/a>\n\t\t\t<\/dt>\n\t\t\t\t<dd class='wp-caption-text gallery-caption' id='gallery-1-428'>\n\t\t\t\tWaldir da Silva Capote\n\t\t\t\t<\/dd><\/dl><dl class='gallery-item'>\n\t\t\t<dt class='gallery-icon landscape'>\n\t\t\t\t<a href='https:\/\/www2.uepg.br\/proad\/wp-content\/uploads\/sites\/48\/2019\/12\/3dipiero.png'><img width=\"150\" height=\"150\" src=\"https:\/\/www2.uepg.br\/proad\/wp-content\/uploads\/sites\/48\/2019\/12\/3dipiero-150x150.png\" class=\"attachment-thumbnail size-thumbnail\" alt=\"\" loading=\"lazy\" aria-describedby=\"gallery-1-429\" \/><\/a>\n\t\t\t<\/dt>\n\t\t\t\t<dd class='wp-caption-text gallery-caption' id='gallery-1-429'>\n\t\t\t\t\u00c1lvaro Benedito Di Piero\n\t\t\t\t<\/dd><\/dl><dl class='gallery-item'>\n\t\t\t<dt class='gallery-icon landscape'>\n\t\t\t\t<a href='https:\/\/www2.uepg.br\/proad\/wp-content\/uploads\/sites\/48\/2019\/12\/4rouger.png'><img width=\"150\" height=\"150\" src=\"https:\/\/www2.uepg.br\/proad\/wp-content\/uploads\/sites\/48\/2019\/12\/4rouger-150x150.png\" class=\"attachment-thumbnail size-thumbnail\" alt=\"\" loading=\"lazy\" aria-describedby=\"gallery-1-430\" \/><\/a>\n\t\t\t<\/dt>\n\t\t\t\t<dd class='wp-caption-text gallery-caption' id='gallery-1-430'>\n\t\t\t\tRouger Miguel Vargas\n\t\t\t\t<\/dd><\/dl><br style=\"clear: both\" \/><dl class='gallery-item'>\n\t\t\t<dt class='gallery-icon landscape'>\n\t\t\t\t<a href='https:\/\/www2.uepg.br\/proad\/wp-content\/uploads\/sites\/48\/2019\/12\/5irineu.png'><img width=\"150\" height=\"150\" src=\"https:\/\/www2.uepg.br\/proad\/wp-content\/uploads\/sites\/48\/2019\/12\/5irineu-150x150.png\" class=\"attachment-thumbnail size-thumbnail\" alt=\"\" loading=\"lazy\" aria-describedby=\"gallery-1-431\" \/><\/a>\n\t\t\t<\/dt>\n\t\t\t\t<dd class='wp-caption-text gallery-caption' id='gallery-1-431'>\n\t\t\t\tIreneu Czepula\n\t\t\t\t<\/dd><\/dl><dl class='gallery-item'>\n\t\t\t<dt class='gallery-icon landscape'>\n\t\t\t\t<a href='https:\/\/www2.uepg.br\/proad\/wp-content\/uploads\/sites\/48\/2019\/12\/61aecio.png'><img width=\"150\" height=\"150\" src=\"https:\/\/www2.uepg.br\/proad\/wp-content\/uploads\/sites\/48\/2019\/12\/61aecio-150x150.png\" class=\"attachment-thumbnail size-thumbnail\" alt=\"\" loading=\"lazy\" aria-describedby=\"gallery-1-434\" \/><\/a>\n\t\t\t<\/dt>\n\t\t\t\t<dd class='wp-caption-text gallery-caption' id='gallery-1-434'>\n\t\t\t\tA\u00e9cio Flavio Ferreira Leite\n\t\t\t\t<\/dd><\/dl><dl class='gallery-item'>\n\t\t\t<dt class='gallery-icon landscape'>\n\t\t\t\t<a href='https:\/\/www2.uepg.br\/proad\/wp-content\/uploads\/sites\/48\/2019\/12\/7nadir.png'><img width=\"150\" height=\"150\" src=\"https:\/\/www2.uepg.br\/proad\/wp-content\/uploads\/sites\/48\/2019\/12\/7nadir-150x150.png\" class=\"attachment-thumbnail size-thumbnail\" alt=\"\" loading=\"lazy\" aria-describedby=\"gallery-1-432\" \/><\/a>\n\t\t\t<\/dt>\n\t\t\t\t<dd class='wp-caption-text gallery-caption' id='gallery-1-432'>\n\t\t\t\tNadir Laidane\n\t\t\t\t<\/dd><\/dl><dl class='gallery-item'>\n\t\t\t<dt class='gallery-icon landscape'>\n\t\t\t\t<a href='https:\/\/www2.uepg.br\/proad\/wp-content\/uploads\/sites\/48\/2019\/12\/8luciano.png'><img width=\"150\" height=\"150\" src=\"https:\/\/www2.uepg.br\/proad\/wp-content\/uploads\/sites\/48\/2019\/12\/8luciano-150x150.png\" class=\"attachment-thumbnail size-thumbnail\" alt=\"\" loading=\"lazy\" aria-describedby=\"gallery-1-433\" \/><\/a>\n\t\t\t<\/dt>\n\t\t\t\t<dd class='wp-caption-text gallery-caption' id='gallery-1-433'>\n\t\t\t\tCarlos Luciano Sant&#8217;Ana Vargas\n\t\t\t\t<\/dd><\/dl><br style=\"clear: both\" \/><dl class='gallery-item'>\n\t\t\t<dt class='gallery-icon landscape'>\n\t\t\t\t<a href='https:\/\/www2.uepg.br\/proad\/wp-content\/uploads\/sites\/48\/2019\/12\/90candida.png'><img width=\"150\" height=\"150\" src=\"https:\/\/www2.uepg.br\/proad\/wp-content\/uploads\/sites\/48\/2019\/12\/90candida-150x150.png\" class=\"attachment-thumbnail size-thumbnail\" alt=\"\" loading=\"lazy\" aria-describedby=\"gallery-1-435\" \/><\/a>\n\t\t\t<\/dt>\n\t\t\t\t<dd class='wp-caption-text gallery-caption' id='gallery-1-435'>\n\t\t\t\tCandida Leonor Miranda\n\t\t\t\t<\/dd><\/dl><dl class='gallery-item'>\n\t\t\t<dt class='gallery-icon landscape'>\n\t\t\t\t<a href='https:\/\/www2.uepg.br\/proad\/wp-content\/uploads\/sites\/48\/2019\/12\/91ariangelo.png'><img width=\"150\" height=\"150\" src=\"https:\/\/www2.uepg.br\/proad\/wp-content\/uploads\/sites\/48\/2019\/12\/91ariangelo-150x150.png\" class=\"attachment-thumbnail size-thumbnail\" alt=\"\" loading=\"lazy\" aria-describedby=\"gallery-1-436\" \/><\/a>\n\t\t\t<\/dt>\n\t\t\t\t<dd class='wp-caption-text gallery-caption' id='gallery-1-436'>\n\t\t\t\tAriangelo Hauer Dias\n\t\t\t\t<\/dd><\/dl><dl class='gallery-item'>\n\t\t\t<dt class='gallery-icon landscape'>\n\t\t\t\t<a href='https:\/\/www2.uepg.br\/proad\/wp-content\/uploads\/sites\/48\/2019\/12\/92amaury.png'><img width=\"150\" height=\"150\" src=\"https:\/\/www2.uepg.br\/proad\/wp-content\/uploads\/sites\/48\/2019\/12\/92amaury-150x150.png\" class=\"attachment-thumbnail size-thumbnail\" alt=\"\" loading=\"lazy\" aria-describedby=\"gallery-1-437\" \/><\/a>\n\t\t\t<\/dt>\n\t\t\t\t<dd class='wp-caption-text gallery-caption' id='gallery-1-437'>\n\t\t\t\tAmaury dos Martyres\n\t\t\t\t<\/dd><\/dl><dl class='gallery-item'>\n\t\t\t<dt class='gallery-icon landscape'>\n\t\t\t\t<a href='https:\/\/www2.uepg.br\/proad\/wp-content\/uploads\/sites\/48\/2019\/12\/10Ivo_Demiate.jpg'><img width=\"150\" height=\"150\" src=\"https:\/\/www2.uepg.br\/proad\/wp-content\/uploads\/sites\/48\/2019\/12\/10Ivo_Demiate-150x150.jpg\" class=\"attachment-thumbnail size-thumbnail\" alt=\"\" loading=\"lazy\" aria-describedby=\"gallery-1-439\" srcset=\"https:\/\/www2.uepg.br\/proad\/wp-content\/uploads\/sites\/48\/2019\/12\/10Ivo_Demiate-150x150.jpg 150w, https:\/\/www2.uepg.br\/proad\/wp-content\/uploads\/sites\/48\/2019\/12\/10Ivo_Demiate-300x300.jpg 300w, https:\/\/www2.uepg.br\/proad\/wp-content\/uploads\/sites\/48\/2019\/12\/10Ivo_Demiate.jpg 512w\" sizes=\"(max-width: 150px) 100vw, 150px\" \/><\/a>\n\t\t\t<\/dt>\n\t\t\t\t<dd class='wp-caption-text gallery-caption' id='gallery-1-439'>\n\t\t\t\tIvo Mottin Demiate\n\t\t\t\t<\/dd><\/dl><br style=\"clear: both\" \/>\n\t\t<\/div>\n\n<p>&nbsp;<\/p>\n<\/div>\n<\/div><\/div><\/div><\/div><\/div>","protected":false},"excerpt":{"rendered":"<p>A antiga Diretoria Geral de Assuntos Administrativos &#8211;\u00a0DGAA, criada junto com a UEPG em 6 de maio de 1970, foi transformada em Pr\u00f3-Reitoria de Assuntos Administrativos &#8211;\u00a0PROAD\u00a0na 4\u00aa gest\u00e3o da universidade em 1983, sendo sempre a respons\u00e1vel por todas as atividades administrativas, englobando nas suas divis\u00f5es os recursos humanos (at\u00e9 a cria\u00e7\u00e3o da PRORH em&nbsp;&hellip;<\/p>\n","protected":false},"author":24,"featured_media":0,"parent":0,"menu_order":0,"comment_status":"closed","ping_status":"closed","template":"","meta":[],"_links":{"self":[{"href":"https:\/\/www2.uepg.br\/proad\/wp-json\/wp\/v2\/pages\/12"}],"collection":[{"href":"https:\/\/www2.uepg.br\/proad\/wp-json\/wp\/v2\/pages"}],"about":[{"href":"https:\/\/www2.uepg.br\/proad\/wp-json\/wp\/v2\/types\/page"}],"author":[{"embeddable":true,"href":"https:\/\/www2.uepg.br\/proad\/wp-json\/wp\/v2\/users\/24"}],"replies":[{"embeddable":true,"href":"https:\/\/www2.uepg.br\/proad\/wp-json\/wp\/v2\/comments?post=12"}],"version-history":[{"count":13,"href":"https:\/\/www2.uepg.br\/proad\/wp-json\/wp\/v2\/pages\/12\/revisions"}],"predecessor-version":[{"id":1113,"href":"https:\/\/www2.uepg.br\/proad\/wp-json\/wp\/v2\/pages\/12\/revisions\/1113"}],"wp:attachment":[{"href":"https:\/\/www2.uepg.br\/proad\/wp-json\/wp\/v2\/media?parent=12"}],"curies":[{"name":"wp","href":"https:\/\/api.w.org\/{rel}","templated":true}]}}