{"id":123,"date":"2019-12-04T14:11:56","date_gmt":"2019-12-04T17:11:56","guid":{"rendered":"http:\/\/www2.uepg.br\/proad\/?page_id=123"},"modified":"2026-03-18T08:12:15","modified_gmt":"2026-03-18T11:12:15","slug":"prestacao-de-servicos-e-producao-de-bens-para-terceiros","status":"publish","type":"page","link":"https:\/\/www2.uepg.br\/proad\/prestacao-de-servicos-e-producao-de-bens-para-terceiros\/","title":{"rendered":"PRESTA\u00c7\u00c3O DE SERVI\u00c7OS E PRODU\u00c7\u00c3O DE BENS PARA TERCEIROS"},"content":{"rendered":"<p>As atividades de presta\u00e7\u00e3o de servi\u00e7os e de produ\u00e7\u00e3o de bens para terceiros est\u00e1 regulamentada na UEPG por meio da <a href=\"http:\/\/www2.uepg.br\/proad\/wp-content\/uploads\/sites\/48\/2019\/12\/res_ca100.pdf\" target=\"_blank\" rel=\"noopener noreferrer\">Resolu\u00e7\u00e3o CA n.\u00ba 100<\/a> de 5 de maio de 2003, que regulamenta a\u00a0<a href=\"http:\/\/www2.uepg.br\/proad\/wp-content\/uploads\/sites\/48\/2019\/12\/lei11.500_96.pdf\" target=\"_blank\" rel=\"noopener noreferrer\">Lei n.\u00ba 11.500<\/a>\u00a0de 5 de agosto de 1996, que em s\u00edntese permite aos servidores (professores e tecnicos administrativos) perceberem at\u00e9 20% do valor arrecadado na presta\u00e7\u00e3o de servi\u00e7os e na produ\u00e7\u00e3o de bens para terceiros.<\/p>\n<p style=\"text-align: center\">\n<p>&nbsp;<\/p>\n<p style=\"text-align: center\"><a href=\"https:\/\/docs.google.com\/viewer?url=http:\/\/pitangui.uepg.br\/proad\/portal\/images\/download\/prestacaodeservicos\/proposta_prestacao_servicos.doc&amp;embedded=true\" target=\"_blank\" rel=\"noopener noreferrer\">Formul\u00e1rio para projetos de presta\u00e7\u00e3o de servi\u00e7os.<\/a><\/p>\n","protected":false},"excerpt":{"rendered":"<p>As atividades de presta\u00e7\u00e3o de servi\u00e7os e de produ\u00e7\u00e3o de bens para terceiros est\u00e1 regulamentada na UEPG por meio da Resolu\u00e7\u00e3o CA n.\u00ba 100 de 5 de maio de 2003, que regulamenta a\u00a0Lei n.\u00ba 11.500\u00a0de 5 de agosto de 1996, que em s\u00edntese permite aos servidores (professores e tecnicos administrativos) perceberem at\u00e9 20% do valor&nbsp;&hellip;<\/p>\n","protected":false},"author":24,"featured_media":0,"parent":0,"menu_order":0,"comment_status":"closed","ping_status":"closed","template":"","meta":[],"_links":{"self":[{"href":"https:\/\/www2.uepg.br\/proad\/wp-json\/wp\/v2\/pages\/123"}],"collection":[{"href":"https:\/\/www2.uepg.br\/proad\/wp-json\/wp\/v2\/pages"}],"about":[{"href":"https:\/\/www2.uepg.br\/proad\/wp-json\/wp\/v2\/types\/page"}],"author":[{"embeddable":true,"href":"https:\/\/www2.uepg.br\/proad\/wp-json\/wp\/v2\/users\/24"}],"replies":[{"embeddable":true,"href":"https:\/\/www2.uepg.br\/proad\/wp-json\/wp\/v2\/comments?post=123"}],"version-history":[{"count":3,"href":"https:\/\/www2.uepg.br\/proad\/wp-json\/wp\/v2\/pages\/123\/revisions"}],"predecessor-version":[{"id":2909,"href":"https:\/\/www2.uepg.br\/proad\/wp-json\/wp\/v2\/pages\/123\/revisions\/2909"}],"wp:attachment":[{"href":"https:\/\/www2.uepg.br\/proad\/wp-json\/wp\/v2\/media?parent=123"}],"curies":[{"name":"wp","href":"https:\/\/api.w.org\/{rel}","templated":true}]}}