{"id":1621,"date":"2023-09-28T12:00:00","date_gmt":"2023-09-28T15:00:00","guid":{"rendered":"https:\/\/www2.uepg.br\/proad\/?page_id=1621"},"modified":"2026-03-24T10:40:07","modified_gmt":"2026-03-24T13:40:07","slug":"banco-de-etps","status":"publish","type":"page","link":"https:\/\/www2.uepg.br\/proad\/banco-de-etps\/","title":{"rendered":"Modelos de ETPs"},"content":{"rendered":"<div id=\"pl-1621\"  class=\"panel-layout\" ><div id=\"pg-1621-0\"  class=\"panel-grid panel-no-style\" ><div id=\"pgc-1621-0-0\"  class=\"panel-grid-cell\" ><div id=\"panel-1621-0-0-0\" class=\"so-panel widget widget_sow-accordion panel-first-child panel-last-child\" data-index=\"0\" ><div\n\t\t\t\n\t\t\tclass=\"so-widget-sow-accordion so-widget-sow-accordion-default-2b55ed2807e6-1621\"\n\t\t\t\n\t\t><div>\n\t<div class=\"sow-accordion\">\n\t\t\t<div class=\"sow-accordion-panel\"\n\t\t\t data-anchor=\"dispensa\">\n\t\t\t\t<div class=\"sow-accordion-panel-header-container\" role=\"heading\" aria-level=\"2\">\n\t\t\t\t\t<div class=\"sow-accordion-panel-header\" tabindex=\"0\" role=\"button\" id=\"accordion-label-dispensa\" aria-controls=\"accordion-content-dispensa\" aria-expanded=\"false\">\n\t\t\t\t\t\t<div class=\"sow-accordion-title sow-accordion-title-icon-left\">\n\t\t\t\t\t\t\t\t\t\t\t\t\t\tDispensa\t\t\t\t\t\t\t\t\t\t\t\t\t<\/div>\n\t\t\t\t\t\t<div class=\"sow-accordion-open-close-button\">\n\t\t\t\t\t\t\t<div class=\"sow-accordion-open-button\">\n\t\t\t\t\t\t\t\t<span class=\"sow-icon-ionicons\" data-sow-icon=\"&#xf218;\"\n\t\t \n\t\taria-hidden=\"true\"><\/span>\t\t\t\t\t\t\t<\/div>\n\t\t\t\t\t\t\t<div class=\"sow-accordion-close-button\">\n\t\t\t\t\t\t\t\t<span class=\"sow-icon-ionicons\" data-sow-icon=\"&#xf209;\"\n\t\t \n\t\taria-hidden=\"true\"><\/span>\t\t\t\t\t\t\t<\/div>\n\t\t\t\t\t\t<\/div>\n\t\t\t\t\t<\/div>\n\t\t\t\t<\/div>\n\n\t\t\t<div\n\t\t\t\tclass=\"sow-accordion-panel-content\"\n\t\t\t\trole=\"region\"\n\t\t\t\taria-labelledby=\"accordion-label-dispensa\"\n\t\t\t\tid=\"accordion-content-dispensa\"\n\t\t\t\tstyle=\"display: none;\"\t\t\t>\n\t\t\t\t<div class=\"sow-accordion-panel-border\" tabindex=\"0\">\n\t\t\t\t\t<p><a href=\"http:\/\/www2.uepg.br\/proad\/wp-content\/uploads\/sites\/48\/2025\/08\/ETP-Casa-de-Vegetacao-e-medidor-clorofila-2-1.docx\">ETP-Casa-de-Vegetacao-e-medidor-clorofila<\/a><\/p>\n<p><a href=\"http:\/\/www2.uepg.br\/proad\/wp-content\/uploads\/sites\/48\/2025\/08\/ETP-Produtos-para-Pesquisa-2.docx\">ETP - Produtos para Pesquisa <\/a><\/p>\n<p><a href=\"http:\/\/www2.uepg.br\/proad\/wp-content\/uploads\/sites\/48\/2025\/08\/ETP-Impressora-3D-versao-Dimapa-Revisada-Benjamim-13-08-25-1.docx\">ETP-Impressora-3D<\/a><\/p>\n\t\t\t\t<\/div>\n\t\t\t<\/div>\n\t\t<\/div>\n\t\t\t<div class=\"sow-accordion-panel\"\n\t\t\t data-anchor=\"inexigibilidade\">\n\t\t\t\t<div class=\"sow-accordion-panel-header-container\" role=\"heading\" aria-level=\"2\">\n\t\t\t\t\t<div class=\"sow-accordion-panel-header\" tabindex=\"0\" role=\"button\" id=\"accordion-label-inexigibilidade\" aria-controls=\"accordion-content-inexigibilidade\" aria-expanded=\"false\">\n\t\t\t\t\t\t<div class=\"sow-accordion-title sow-accordion-title-icon-left\">\n\t\t\t\t\t\t\t\t\t\t\t\t\t\tInexigibilidade\t\t\t\t\t\t\t\t\t\t\t\t\t<\/div>\n\t\t\t\t\t\t<div class=\"sow-accordion-open-close-button\">\n\t\t\t\t\t\t\t<div class=\"sow-accordion-open-button\">\n\t\t\t\t\t\t\t\t<span class=\"sow-icon-ionicons\" data-sow-icon=\"&#xf218;\"\n\t\t \n\t\taria-hidden=\"true\"><\/span>\t\t\t\t\t\t\t<\/div>\n\t\t\t\t\t\t\t<div class=\"sow-accordion-close-button\">\n\t\t\t\t\t\t\t\t<span class=\"sow-icon-ionicons\" data-sow-icon=\"&#xf209;\"\n\t\t \n\t\taria-hidden=\"true\"><\/span>\t\t\t\t\t\t\t<\/div>\n\t\t\t\t\t\t<\/div>\n\t\t\t\t\t<\/div>\n\t\t\t\t<\/div>\n\n\t\t\t<div\n\t\t\t\tclass=\"sow-accordion-panel-content\"\n\t\t\t\trole=\"region\"\n\t\t\t\taria-labelledby=\"accordion-label-inexigibilidade\"\n\t\t\t\tid=\"accordion-content-inexigibilidade\"\n\t\t\t\tstyle=\"display: none;\"\t\t\t>\n\t\t\t\t<div class=\"sow-accordion-panel-border\" tabindex=\"0\">\n\t\t\t\t\t<p><a href=\"http:\/\/www2.uepg.br\/proad\/wp-content\/uploads\/sites\/48\/2025\/08\/INEXIGIBILIDADE-Modelo-de-Justificativa-Tecnica.docx\">INEXIGIBILIDADE - Modelo de Justificativa T\u00e9cnica<\/a><\/p>\n<p><a href=\"http:\/\/www2.uepg.br\/proad\/wp-content\/uploads\/sites\/48\/2025\/08\/modelo-Inexigibilidade-ETP_Equipamento-PCR-Tempo-Real-1.docx\">ETP_Equipamento PCR Tempo Real<\/a><\/p>\n<p><a href=\"http:\/\/www2.uepg.br\/proad\/wp-content\/uploads\/sites\/48\/2025\/10\/ESTUDO_TECNICO_PRELIMINAR_CROSSREF_UEPG_Atualizado_v2_assinado.pdf\">ESTUDO_TECNICO_PRELIMINAR - CROSSREF\u00a0<\/a><\/p>\n<p><a href=\"http:\/\/www2.uepg.br\/proad\/wp-content\/uploads\/sites\/48\/2025\/10\/Justificativa_Tecnica_Crossref_UEPG___v2__285_29_assinado.pdf\">Justificativa_T\u00e9cnica - CROSSREF_<\/a><\/p>\n<p><a href=\"http:\/\/www2.uepg.br\/proad\/wp-content\/uploads\/sites\/48\/2025\/10\/TERMO_DE_REFERENCIA_CROSSREF_UEPG_Atualizado_assinado.pdf\">TERMO_DE_REFERENCIA - CROSSREF\u00a0<\/a><\/p>\n\t\t\t\t<\/div>\n\t\t\t<\/div>\n\t\t<\/div>\n\t\t\t<div class=\"sow-accordion-panel\"\n\t\t\t data-anchor=\"ades%c3%a3o-%c3%a0-ata-de-registro-de-pre%c3%a7o\">\n\t\t\t\t<div class=\"sow-accordion-panel-header-container\" role=\"heading\" aria-level=\"2\">\n\t\t\t\t\t<div class=\"sow-accordion-panel-header\" tabindex=\"0\" role=\"button\" id=\"accordion-label-ades%c3%a3o-%c3%a0-ata-de-registro-de-pre%c3%a7o\" aria-controls=\"accordion-content-ades%c3%a3o-%c3%a0-ata-de-registro-de-pre%c3%a7o\" aria-expanded=\"false\">\n\t\t\t\t\t\t<div class=\"sow-accordion-title sow-accordion-title-icon-left\">\n\t\t\t\t\t\t\t\t\t\t\t\t\t\tAdes\u00e3o \u00e0 Ata de Registro de Pre\u00e7o\t\t\t\t\t\t\t\t\t\t\t\t\t<\/div>\n\t\t\t\t\t\t<div class=\"sow-accordion-open-close-button\">\n\t\t\t\t\t\t\t<div class=\"sow-accordion-open-button\">\n\t\t\t\t\t\t\t\t<span class=\"sow-icon-ionicons\" data-sow-icon=\"&#xf218;\"\n\t\t \n\t\taria-hidden=\"true\"><\/span>\t\t\t\t\t\t\t<\/div>\n\t\t\t\t\t\t\t<div class=\"sow-accordion-close-button\">\n\t\t\t\t\t\t\t\t<span class=\"sow-icon-ionicons\" data-sow-icon=\"&#xf209;\"\n\t\t \n\t\taria-hidden=\"true\"><\/span>\t\t\t\t\t\t\t<\/div>\n\t\t\t\t\t\t<\/div>\n\t\t\t\t\t<\/div>\n\t\t\t\t<\/div>\n\n\t\t\t<div\n\t\t\t\tclass=\"sow-accordion-panel-content\"\n\t\t\t\trole=\"region\"\n\t\t\t\taria-labelledby=\"accordion-label-ades%c3%a3o-%c3%a0-ata-de-registro-de-pre%c3%a7o\"\n\t\t\t\tid=\"accordion-content-ades%c3%a3o-%c3%a0-ata-de-registro-de-pre%c3%a7o\"\n\t\t\t\tstyle=\"display: none;\"\t\t\t>\n\t\t\t\t<div class=\"sow-accordion-panel-border\" tabindex=\"0\">\n\t\t\t\t\t<p><a href=\"http:\/\/www2.uepg.br\/proad\/wp-content\/uploads\/sites\/48\/2026\/03\/ESTUDO_TECNICO_PRELIMINAR__28ETP_29___Conjunto_escolar_assinado.pdf\">Modelo - ESTUDO_TECNICO_PRELIMINAR<\/a><\/p>\n<p><a href=\"http:\/\/www2.uepg.br\/proad\/wp-content\/uploads\/sites\/48\/2026\/03\/ESTUDO_TECNICO_PRELIMINAR__28ETP_29___Conjunto_escolar_assinado.pdf\">Modelo - ETP_- Conjunto_escolar<\/a><\/p>\n<p><a href=\"http:\/\/www2.uepg.br\/proad\/wp-content\/uploads\/sites\/48\/2026\/03\/2.-ETP.pdf\">Modelo - ETP<\/a><\/p>\n<p><a href=\"http:\/\/www2.uepg.br\/proad\/wp-content\/uploads\/sites\/48\/2026\/03\/Justificativa-para-Adesao-a-Ata-de-Registro-de-Precos-Cadeiras-1.pdf\">Modelo - Justificativa para Ades\u00e3o \u00e0 Ata de Registro de Pre\u00e7os - Cadeiras <\/a><\/p>\n<p><a href=\"http:\/\/www2.uepg.br\/proad\/wp-content\/uploads\/sites\/48\/2026\/03\/Justificativa-para-Adesao-a-Ata-de-Registro-de-Precos-Conjuntos-Escolares-1.pdf\">Modelo - Justificativa para Ades\u00e3o \u00e0 Ata de Registro de Pre\u00e7os - Conjuntos Escolares<\/a><\/p>\n\t\t\t\t<\/div>\n\t\t\t<\/div>\n\t\t<\/div>\n\t\t\t<div class=\"sow-accordion-panel\"\n\t\t\t data-anchor=\"contrata%c3%a7%c3%a3o-de-funda%c3%a7%c3%a3o-de-apoio\">\n\t\t\t\t<div class=\"sow-accordion-panel-header-container\" role=\"heading\" aria-level=\"2\">\n\t\t\t\t\t<div class=\"sow-accordion-panel-header\" tabindex=\"0\" role=\"button\" id=\"accordion-label-contrata%c3%a7%c3%a3o-de-funda%c3%a7%c3%a3o-de-apoio\" aria-controls=\"accordion-content-contrata%c3%a7%c3%a3o-de-funda%c3%a7%c3%a3o-de-apoio\" aria-expanded=\"false\">\n\t\t\t\t\t\t<div class=\"sow-accordion-title sow-accordion-title-icon-left\">\n\t\t\t\t\t\t\t\t\t\t\t\t\t\tContrata\u00e7\u00e3o de Funda\u00e7\u00e3o de Apoio\t\t\t\t\t\t\t\t\t\t\t\t\t<\/div>\n\t\t\t\t\t\t<div class=\"sow-accordion-open-close-button\">\n\t\t\t\t\t\t\t<div class=\"sow-accordion-open-button\">\n\t\t\t\t\t\t\t\t<span class=\"sow-icon-ionicons\" data-sow-icon=\"&#xf218;\"\n\t\t \n\t\taria-hidden=\"true\"><\/span>\t\t\t\t\t\t\t<\/div>\n\t\t\t\t\t\t\t<div class=\"sow-accordion-close-button\">\n\t\t\t\t\t\t\t\t<span class=\"sow-icon-ionicons\" data-sow-icon=\"&#xf209;\"\n\t\t \n\t\taria-hidden=\"true\"><\/span>\t\t\t\t\t\t\t<\/div>\n\t\t\t\t\t\t<\/div>\n\t\t\t\t\t<\/div>\n\t\t\t\t<\/div>\n\n\t\t\t<div\n\t\t\t\tclass=\"sow-accordion-panel-content\"\n\t\t\t\trole=\"region\"\n\t\t\t\taria-labelledby=\"accordion-label-contrata%c3%a7%c3%a3o-de-funda%c3%a7%c3%a3o-de-apoio\"\n\t\t\t\tid=\"accordion-content-contrata%c3%a7%c3%a3o-de-funda%c3%a7%c3%a3o-de-apoio\"\n\t\t\t\tstyle=\"display: none;\"\t\t\t>\n\t\t\t\t<div class=\"sow-accordion-panel-border\" tabindex=\"0\">\n\t\t\t\t\t<p><a href=\"http:\/\/www2.uepg.br\/proad\/wp-content\/uploads\/sites\/48\/2025\/07\/Contrato_xxx_25___FAUEPG-3.docx\">Contrato_xxx_25___FAUEPG\u00a0<\/a><\/p>\n<p><a href=\"http:\/\/www2.uepg.br\/proad\/wp-content\/uploads\/sites\/48\/2025\/07\/Modelo-ESTUDO_TECNICO_PRELIMINAR_Fundacao-de-Apoio.docx\">Modelo ESTUDO_TECNICO_PRELIMINAR_Funda\u00e7\u00e3o de Apoio<\/a><\/p>\n<p><a href=\"http:\/\/www2.uepg.br\/proad\/wp-content\/uploads\/sites\/48\/2025\/07\/Modelo-TR__Fundacao-de-Apoio.docx\">Modelo TR_Funda\u00e7\u00e3o de Apoio<\/a><\/p>\n\t\t\t\t<\/div>\n\t\t\t<\/div>\n\t\t<\/div>\n\t\t\t<div class=\"sow-accordion-panel\"\n\t\t\t data-anchor=\"etp-digital-solicita%c3%a7%c3%b5es-de-aquisi%c3%a7%c3%a3o-material-de-consumo-de-bens-e-contrata%c3%a7%c3%a3o-de-servi%c3%a7os-em-geral-exceto-pesquisa\">\n\t\t\t\t<div class=\"sow-accordion-panel-header-container\" role=\"heading\" aria-level=\"2\">\n\t\t\t\t\t<div class=\"sow-accordion-panel-header\" tabindex=\"0\" role=\"button\" id=\"accordion-label-etp-digital-solicita%c3%a7%c3%b5es-de-aquisi%c3%a7%c3%a3o-material-de-consumo-de-bens-e-contrata%c3%a7%c3%a3o-de-servi%c3%a7os-em-geral-exceto-pesquisa\" aria-controls=\"accordion-content-etp-digital-solicita%c3%a7%c3%b5es-de-aquisi%c3%a7%c3%a3o-material-de-consumo-de-bens-e-contrata%c3%a7%c3%a3o-de-servi%c3%a7os-em-geral-exceto-pesquisa\" aria-expanded=\"false\">\n\t\t\t\t\t\t<div class=\"sow-accordion-title sow-accordion-title-icon-left\">\n\t\t\t\t\t\t\t\t\t\t\t\t\t\tETP -Digital - solicita\u00e7\u00f5es de aquisi\u00e7\u00e3o material de consumo, de bens e contrata\u00e7\u00e3o de servi\u00e7os em geral (exceto pesquisa)\t\t\t\t\t\t\t\t\t\t\t\t\t<\/div>\n\t\t\t\t\t\t<div class=\"sow-accordion-open-close-button\">\n\t\t\t\t\t\t\t<div class=\"sow-accordion-open-button\">\n\t\t\t\t\t\t\t\t<span class=\"sow-icon-ionicons\" data-sow-icon=\"&#xf218;\"\n\t\t \n\t\taria-hidden=\"true\"><\/span>\t\t\t\t\t\t\t<\/div>\n\t\t\t\t\t\t\t<div class=\"sow-accordion-close-button\">\n\t\t\t\t\t\t\t\t<span class=\"sow-icon-ionicons\" data-sow-icon=\"&#xf209;\"\n\t\t \n\t\taria-hidden=\"true\"><\/span>\t\t\t\t\t\t\t<\/div>\n\t\t\t\t\t\t<\/div>\n\t\t\t\t\t<\/div>\n\t\t\t\t<\/div>\n\n\t\t\t<div\n\t\t\t\tclass=\"sow-accordion-panel-content\"\n\t\t\t\trole=\"region\"\n\t\t\t\taria-labelledby=\"accordion-label-etp-digital-solicita%c3%a7%c3%b5es-de-aquisi%c3%a7%c3%a3o-material-de-consumo-de-bens-e-contrata%c3%a7%c3%a3o-de-servi%c3%a7os-em-geral-exceto-pesquisa\"\n\t\t\t\tid=\"accordion-content-etp-digital-solicita%c3%a7%c3%b5es-de-aquisi%c3%a7%c3%a3o-material-de-consumo-de-bens-e-contrata%c3%a7%c3%a3o-de-servi%c3%a7os-em-geral-exceto-pesquisa\"\n\t\t\t\tstyle=\"display: none;\"\t\t\t>\n\t\t\t\t<div class=\"sow-accordion-panel-border\" tabindex=\"0\">\n\t\t\t\t\t<p><a href=\"http:\/\/compras.apps.uepg.br\/\">http:\/\/compras.apps.uepg.br\/<\/a><\/p>\n<p>Exceto para pesquisa - Seguir Ordem de Servi\u00e7o pr\u00f3pria.<\/p>\n\t\t\t\t<\/div>\n\t\t\t<\/div>\n\t\t<\/div>\n\t\t<\/div>\n<\/div>\n<\/div><\/div><\/div><\/div><\/div>","protected":false},"excerpt":{"rendered":"<p>Dispensa ETP-Casa-de-Vegetacao-e-medidor-clorofila ETP &#8211; Produtos para Pesquisa ETP-Impressora-3D Inexigibilidade INEXIGIBILIDADE &#8211; Modelo de Justificativa T\u00e9cnica ETP_Equipamento PCR Tempo Real ESTUDO_TECNICO_PRELIMINAR &#8211; CROSSREF\u00a0 Justificativa_T\u00e9cnica &#8211; CROSSREF_ TERMO_DE_REFERENCIA &#8211; CROSSREF\u00a0 Ades\u00e3o \u00e0 Ata de Registro de Pre\u00e7o Modelo &#8211; ESTUDO_TECNICO_PRELIMINAR Modelo &#8211; ETP_- Conjunto_escolar Modelo &#8211; ETP Modelo &#8211; Justificativa para Ades\u00e3o \u00e0 Ata de Registro de&nbsp;&hellip;<\/p>\n","protected":false},"author":378,"featured_media":0,"parent":0,"menu_order":0,"comment_status":"closed","ping_status":"closed","template":"","meta":[],"_links":{"self":[{"href":"https:\/\/www2.uepg.br\/proad\/wp-json\/wp\/v2\/pages\/1621"}],"collection":[{"href":"https:\/\/www2.uepg.br\/proad\/wp-json\/wp\/v2\/pages"}],"about":[{"href":"https:\/\/www2.uepg.br\/proad\/wp-json\/wp\/v2\/types\/page"}],"author":[{"embeddable":true,"href":"https:\/\/www2.uepg.br\/proad\/wp-json\/wp\/v2\/users\/378"}],"replies":[{"embeddable":true,"href":"https:\/\/www2.uepg.br\/proad\/wp-json\/wp\/v2\/comments?post=1621"}],"version-history":[{"count":42,"href":"https:\/\/www2.uepg.br\/proad\/wp-json\/wp\/v2\/pages\/1621\/revisions"}],"predecessor-version":[{"id":2913,"href":"https:\/\/www2.uepg.br\/proad\/wp-json\/wp\/v2\/pages\/1621\/revisions\/2913"}],"wp:attachment":[{"href":"https:\/\/www2.uepg.br\/proad\/wp-json\/wp\/v2\/media?parent=1621"}],"curies":[{"name":"wp","href":"https:\/\/api.w.org\/{rel}","templated":true}]}}