{"id":1622,"date":"2023-09-28T12:00:00","date_gmt":"2023-09-28T15:00:00","guid":{"rendered":"https:\/\/www2.uepg.br\/proad\/?page_id=1622"},"modified":"2026-03-18T08:19:07","modified_gmt":"2026-03-18T11:19:07","slug":"manuais-e-formularios","status":"publish","type":"page","link":"https:\/\/www2.uepg.br\/proad\/manuais-e-formularios\/","title":{"rendered":"Manuais e Formul\u00e1rios"},"content":{"rendered":"<ul>\n<li><a href=\"http:\/\/www2.uepg.br\/proad\/wp-content\/uploads\/sites\/48\/2025\/09\/DFD_modelo-1.docx\">DFD_modelo<\/a><\/li>\n<li><a href=\"http:\/\/www2.uepg.br\/proad\/wp-content\/uploads\/sites\/48\/2025\/09\/DFD_modelo-1.docx\">Documento de Formaliza\u00e7\u00e3o Demanda &#8211; DFD<\/a>\u00a0(Word) Obs.: abrir no navegador Mozilla Firefox ou Explorer<\/li>\n<\/ul>\n<p>&nbsp;<\/p>\n<ul>\n<li><del><a href=\"https:\/\/www.planejamento.pr.gov.br\/sites\/default\/arquivos_restritos\/files\/documento\/2024-12\/4531_-_pca_uepg_v.30.pdf\">PCA 2025<\/a><\/del><\/li>\n<li><a href=\"https:\/\/www.planejamento.pr.gov.br\/sites\/default\/arquivos_restritos\/files\/documento\/2026-02\/4531_-_uepg_pca_2026_v.9.pdf\">PCA 2026<\/a><\/li>\n<\/ul>\n<p>&nbsp;<\/p>\n<ul>\n<li><a href=\"http:\/\/www2.uepg.br\/proad\/wp-content\/uploads\/sites\/48\/2024\/03\/modelo_de_documento_inclusao_de_itens.xlsx\">Modelo de planilha para inclus\u00e3o de itens no PCA<\/a><\/li>\n<\/ul>\n<p>&nbsp;<\/p>\n<ul>\n<li>Modelo de Justificativa para Ades\u00e3o\n<ul>\n<li><a href=\"http:\/\/www2.uepg.br\/proad\/wp-content\/uploads\/sites\/48\/2026\/03\/Justificativa-para-Adesao-a-Ata-de-Registro-de-Precos-Conjuntos-Escolares.pdf\">Justificativa para Ades\u00e3o \u00e0 Ata de Registro de Pre\u00e7os &#8211; Conjuntos Escolares<\/a><\/li>\n<li><a href=\"http:\/\/www2.uepg.br\/proad\/wp-content\/uploads\/sites\/48\/2026\/03\/Justificativa-para-Adesao-a-Ata-de-Registro-de-Precos-Cadeiras.pdf\">Justificativa para Ades\u00e3o \u00e0 Ata de Registro de Pre\u00e7os &#8211; Cadeiras<\/a><\/li>\n<\/ul>\n<\/li>\n<\/ul>\n","protected":false},"excerpt":{"rendered":"<p>DFD_modelo Documento de Formaliza\u00e7\u00e3o Demanda &#8211; DFD\u00a0(Word) Obs.: abrir no navegador Mozilla Firefox ou Explorer &nbsp; PCA 2025 PCA 2026 &nbsp; Modelo de planilha para inclus\u00e3o de itens no PCA &nbsp; Modelo de Justificativa para Ades\u00e3o Justificativa para Ades\u00e3o \u00e0 Ata de Registro de Pre\u00e7os &#8211; Conjuntos Escolares Justificativa para Ades\u00e3o \u00e0 Ata de Registro&nbsp;&hellip;<\/p>\n","protected":false},"author":378,"featured_media":0,"parent":0,"menu_order":0,"comment_status":"closed","ping_status":"closed","template":"","meta":[],"_links":{"self":[{"href":"https:\/\/www2.uepg.br\/proad\/wp-json\/wp\/v2\/pages\/1622"}],"collection":[{"href":"https:\/\/www2.uepg.br\/proad\/wp-json\/wp\/v2\/pages"}],"about":[{"href":"https:\/\/www2.uepg.br\/proad\/wp-json\/wp\/v2\/types\/page"}],"author":[{"embeddable":true,"href":"https:\/\/www2.uepg.br\/proad\/wp-json\/wp\/v2\/users\/378"}],"replies":[{"embeddable":true,"href":"https:\/\/www2.uepg.br\/proad\/wp-json\/wp\/v2\/comments?post=1622"}],"version-history":[{"count":12,"href":"https:\/\/www2.uepg.br\/proad\/wp-json\/wp\/v2\/pages\/1622\/revisions"}],"predecessor-version":[{"id":2054,"href":"https:\/\/www2.uepg.br\/proad\/wp-json\/wp\/v2\/pages\/1622\/revisions\/2054"}],"wp:attachment":[{"href":"https:\/\/www2.uepg.br\/proad\/wp-json\/wp\/v2\/media?parent=1622"}],"curies":[{"name":"wp","href":"https:\/\/api.w.org\/{rel}","templated":true}]}}