{"id":1623,"date":"2023-09-28T12:00:00","date_gmt":"2023-09-28T15:00:00","guid":{"rendered":"https:\/\/www2.uepg.br\/proad\/?page_id=1623"},"modified":"2023-10-30T15:36:22","modified_gmt":"2023-10-30T18:36:22","slug":"legislacao","status":"publish","type":"page","link":"https:\/\/www2.uepg.br\/proad\/legislacao\/","title":{"rendered":"Legisla\u00e7\u00e3o"},"content":{"rendered":"<p><a href=\"http:\/\/www2.uepg.br\/proad\/wp-content\/uploads\/sites\/48\/2023\/10\/SEI-Ordem-de-Servico-012-Rotina-para-o-tramite-de-processos-de-solicitacao-de-compra-e-ou-contratacao-de-servicos-que-tenham-por-objeto-produtos-para-pesquisa-e-desenvolvimento-1.pdf\">SEI &#8211; Ordem de Servi\u00e7o 012 &#8211; Rotina para o tr\u00e2mite de processos de solicita\u00e7\u00e3o de compra e ou contrata\u00e7\u00e3o de servi\u00e7os que tenham por objeto produtos para pesquisa e desenvolvimento<\/a><\/p>\n","protected":false},"excerpt":{"rendered":"<p>SEI &#8211; Ordem de Servi\u00e7o 012 &#8211; Rotina para o tr\u00e2mite de processos de solicita\u00e7\u00e3o de compra e ou contrata\u00e7\u00e3o de servi\u00e7os que tenham por objeto produtos para pesquisa e desenvolvimento<\/p>\n","protected":false},"author":378,"featured_media":0,"parent":0,"menu_order":0,"comment_status":"closed","ping_status":"closed","template":"","meta":[],"_links":{"self":[{"href":"https:\/\/www2.uepg.br\/proad\/wp-json\/wp\/v2\/pages\/1623"}],"collection":[{"href":"https:\/\/www2.uepg.br\/proad\/wp-json\/wp\/v2\/pages"}],"about":[{"href":"https:\/\/www2.uepg.br\/proad\/wp-json\/wp\/v2\/types\/page"}],"author":[{"embeddable":true,"href":"https:\/\/www2.uepg.br\/proad\/wp-json\/wp\/v2\/users\/378"}],"replies":[{"embeddable":true,"href":"https:\/\/www2.uepg.br\/proad\/wp-json\/wp\/v2\/comments?post=1623"}],"version-history":[{"count":3,"href":"https:\/\/www2.uepg.br\/proad\/wp-json\/wp\/v2\/pages\/1623\/revisions"}],"predecessor-version":[{"id":1752,"href":"https:\/\/www2.uepg.br\/proad\/wp-json\/wp\/v2\/pages\/1623\/revisions\/1752"}],"wp:attachment":[{"href":"https:\/\/www2.uepg.br\/proad\/wp-json\/wp\/v2\/media?parent=1623"}],"curies":[{"name":"wp","href":"https:\/\/api.w.org\/{rel}","templated":true}]}}