{"id":17,"date":"2019-11-28T10:51:13","date_gmt":"2019-11-28T13:51:13","guid":{"rendered":"http:\/\/www2.uepg.br\/proad\/?page_id=17"},"modified":"2024-12-10T09:48:46","modified_gmt":"2024-12-10T12:48:46","slug":"estrutura","status":"publish","type":"page","link":"https:\/\/www2.uepg.br\/proad\/estrutura\/","title":{"rendered":"ESTRUTURA"},"content":{"rendered":"<header>\n<h3 class=\"title\" style=\"text-align: center\">SECRETARIA<\/h3>\n<\/header>\n<div class=\"content clearfix\">\n<p style=\"text-align: center\"><strong>Respons\u00e1vel<\/strong><\/p>\n<p style=\"text-align: center\">Bianca Linhares Teleska<\/p>\n<p>&nbsp;<\/p>\n<p><strong>Atividades<\/strong><\/p>\n<ul>\n<li>Agendar e coordenar as audi\u00eancias do pr\u00f3-reitor;<\/li>\n<li>Elaborar e\/ou redigir of\u00edcios, ordens de servi\u00e7o, despachos em processos;<\/li>\n<li>Providenciar o encaminhamento de processos nos \u00f3rg\u00e3os internos e demais documentos;<\/li>\n<li>Providenciar o arquivamento de processos e documentos;<\/li>\n<li>Providenciar o preenchimento de requisi\u00e7\u00f5es pr\u00f3prias de servi\u00e7os, pr\u00e9vios-empenhos, di\u00e1rias, material, etc.<\/li>\n<li>Providenciar a prepara\u00e7\u00e3o de documentos oficiais.<\/li>\n<li>Assessorar a administra\u00e7\u00e3o em assuntos de sua compet\u00eancia.<\/li>\n<li>Desempenhar, conforme orienta\u00e7\u00e3o do pr\u00f3-reitor, outros trabalhos peri\u00f3dicos ou permanentes.<\/li>\n<\/ul>\n<p style=\"text-align: center\"><strong>Endere\u00e7o<\/strong><\/p>\n<p style=\"text-align: center\">Av. Carlos Cavalcanti, 4748 &#8211; Bloco Reitoria\/PROAD &#8211; 84030-900 Ponta Grossa \u2013 Pr<\/p>\n<p>&nbsp;<\/p>\n<p style=\"text-align: center\"><strong>Contato<\/strong><\/p>\n<p style=\"text-align: center\">E-mail:\u00a0<a href=\"mailto:proad@uepg.br\">proad@uepg.br<\/a><\/p>\n<p style=\"text-align: center\">Fone: \u00a0(42) 3220-3201<\/p>\n<hr \/>\n<\/div>\n<p>&nbsp;<\/p>\n<header>\n<h3 class=\"title\" style=\"text-align: center\">COP<\/h3>\n<\/header>\n<div class=\"content clearfix\">\n<h4 style=\"text-align: center\"><strong>COORDENADORIA DE OR\u00c7AMENTO E PROGRAMA\u00c7\u00c3O<\/strong><\/h4>\n<p style=\"text-align: center\"><strong>Respons\u00e1vel<\/strong><\/p>\n<p style=\"text-align: center\"><strong>Claudete das Gra\u00e7as Pedroso<\/strong><\/p>\n<p>A\u00a0<strong>COP\u00a0<\/strong>\u00e9 respons\u00e1vel pela elabora\u00e7\u00e3o, consolida\u00e7\u00e3o e acompanhamento e avalia\u00e7\u00e3o da execu\u00e7\u00e3o or\u00e7ament\u00e1ria da Universidade.<\/p>\n<p><strong>Atividades<\/strong><\/p>\n<ul>\n<li>Elaborar a proposta or\u00e7ament\u00e1ria anual e plurianual de investimentos da Universidade sob a dire\u00e7\u00e3o e coordena\u00e7\u00e3o da Pr\u00f3-Reitoria de Assuntos Administrativos;<\/li>\n<li>Acompanhar a execu\u00e7\u00e3o or\u00e7ament\u00e1ria e analisar o desempenho das previs\u00f5es da receita e despesa;<\/li>\n<li>Encaminhar processos de altera\u00e7\u00e3o or\u00e7ament\u00e1ria aos \u00f3rg\u00e3os competentes;<\/li>\n<li>Emitir parecer e instruir quanto a utiliza\u00e7\u00e3o das dota\u00e7\u00f5es dispon\u00edveis de despesa;<\/li>\n<li>Atribuir cotas para as despesas de manuten\u00e7\u00e3o e de custeio m\u00ednimo;<\/li>\n<li>Controlar os saldos or\u00e7ament\u00e1rios de despesa face aos esquemas de desembolso estabelecidos;<\/li>\n<li>Planejar as atividades or\u00e7ament\u00e1rias;<\/li>\n<li>Instruir as unidades quanto aos formul\u00e1rios para a programa\u00e7\u00e3o das receitas e despesas trimestrais;<\/li>\n<li>Informar sobre a viabilidade or\u00e7ament\u00e1ria;<\/li>\n<li>Prestar assist\u00eancia t\u00e9cnica na elabora\u00e7\u00e3o de planos, programas, projetos e\/ou atividades aos \u00f3rg\u00e3os da institui\u00e7\u00e3o;<\/li>\n<li>Desenvolver crit\u00e9rios e par\u00e2metros para rateio do or\u00e7amento;<\/li>\n<li>Encaminhar o or\u00e7amento para aprecia\u00e7\u00e3o preliminar do pr\u00f3-reitor e posterior encaminhamento ao Reitor e Conselhos de Administra\u00e7\u00e3o e Universit\u00e1rio.<\/li>\n<\/ul>\n<p style=\"text-align: center\"><strong>Endere\u00e7o<\/strong><\/p>\n<p style=\"text-align: center\">\u00a0Av. Carlos Cavalcanti, 4748 &#8211; Bloco Reitoria\/PROAD &#8211; 84.030-900 Ponta Grossa \u2013 Pr<\/p>\n<p>&nbsp;<\/p>\n<p style=\"text-align: center\"><strong>Contato<\/strong><\/p>\n<p style=\"text-align: center\">E-mail:\u00a0<a href=\"mailto:cop@uepg.br\">cop@uepg.br<\/a><\/p>\n<p style=\"text-align: center\">Fone: \u00a0(42) 3220-3258<\/p>\n<hr \/>\n<\/div>\n<p>&nbsp;<\/p>\n<header>\n<h3 class=\"title\" style=\"text-align: center\">DIMAPA<\/h3>\n<\/header>\n<div class=\"content clearfix\">\n<h4 style=\"text-align: center\"><strong>DIRETORIA DE MATERIAL E PATRIM\u00d4NIO<\/strong><\/h4>\n<p style=\"text-align: center\"><strong>Respons\u00e1vel<\/strong><\/p>\n<p style=\"text-align: center\">Rodrigo Zardo<\/p>\n<p>&nbsp;<\/p>\n<p id=\"teste\" title=\"Teste\">A\u00a0<strong>DIMAPA<\/strong>\u00a0tem por finalidade o desenvolvimento de atividades relacionadas com aquisi\u00e7\u00e3o, registro, distribui\u00e7\u00e3o, importa\u00e7\u00f5es, servi\u00e7os de manuten\u00e7\u00e3o, controle de bens patrimoniais, e servi\u00e7os de manuten\u00e7\u00e3o em equipamentos eletro eletr\u00f4nicos.<\/p>\n<p><strong>Atividades<\/strong><\/p>\n<ul>\n<li>Estabelecer a programa\u00e7\u00e3o das aquisi\u00e7\u00f5es, atentando ao plano de compras e ao cronograma de desembolso da Institui\u00e7\u00e3o;<\/li>\n<li>Estudar, recomendar a fazer cumprir as normas de padroniza\u00e7\u00e3o dos materiais e de descentraliza\u00e7\u00e3o de compras;<\/li>\n<li>Zelar pela conserva\u00e7\u00e3o, bem como providenciar a recupera\u00e7\u00e3o dos bens em utiliza\u00e7\u00e3o nos diversos setores da Institui\u00e7\u00e3o;<\/li>\n<li>Manter registros cadastrais, por elemento, valor, situa\u00e7\u00e3o e localiza\u00e7\u00e3o dos bens patrimoniais da Institui\u00e7\u00e3o, bem como suas vincula\u00e7\u00f5es aos respons\u00e1veis;<\/li>\n<li>Elaborar contratos de presta\u00e7\u00e3o de servi\u00e7os, e fornecimento de materiais;<\/li>\n<li>Assessorar o Pr\u00f3-Reitor de Assuntos Administrativos nos assuntos de sua compet\u00eancia;<\/li>\n<li>Emitir parecer, quando consultada, sobre assuntos de sua compet\u00eancia.<\/li>\n<\/ul>\n<p><strong>Equipe<\/strong><\/p>\n<ul>\n<li>Jos\u00e9 Claudinei de Arruda &#8211; (42) 3220-3006<\/li>\n<li>Jos\u00e9 Vladimir Gon\u00e7alves Cordeiro &#8211; (42) 3220-3750<\/li>\n<li>Jos\u00e9 Vinicius Volpi &#8211; (42) 3220-3781<\/li>\n<li>Mauri Costa &#8211; (42) 3220-3464<\/li>\n<\/ul>\n<p><strong>Colaboradores<\/strong><\/p>\n<ul>\n<li>Tatiane (RESTEC) &#8211; (42) 3220-3703<\/li>\n<li>J\u00e9ssica (RESTEC) &#8211; (42) 3220-3748<\/li>\n<\/ul>\n<p style=\"text-align: center\"><strong>Endere\u00e7o<\/strong><\/p>\n<p style=\"text-align: center\">Av. Carlos Cavalcanti, 4748 &#8211; Bloco Reitoria\/PROAD &#8211; 84030-900 Ponta Grossa \u2013 Pr<\/p>\n<p>&nbsp;<\/p>\n<p style=\"text-align: center\"><strong>Contato<\/strong><\/p>\n<p style=\"text-align: center\">E-mail: <a href=\"mailto:rzardo@uepg.br\">cgpedroso@uepg.br<\/a><\/p>\n<p style=\"text-align: center\">Fone: \u00a0(42) 3220-3001<\/p>\n<hr \/>\n<\/div>\n<p>&nbsp;<\/p>\n<header>\n<h3 class=\"title\" style=\"text-align: center\">DIFI<\/h3>\n<\/header>\n<div class=\"content clearfix\">\n<h4 style=\"text-align: center\">DIRETORIA FINANCEIRA<\/h4>\n<p style=\"text-align: center\"><strong>Diretora<\/strong><\/p>\n<p style=\"text-align: center\">Jeanne Regina Morais<\/p>\n<p>&nbsp;<\/p>\n<p><strong>Atividades<\/strong><\/p>\n<ul>\n<li>Manter o registro cont\u00e1bil de todos os atos e fatos administrativos que criem, modifiquem ou extingam direitos e obriga\u00e7\u00f5es, ou que venham a produzir altera\u00e7\u00f5es no patrim\u00f4nio da Institui\u00e7\u00e3o;<\/li>\n<li>Conferir e visar balancetes mensais e balan\u00e7os anuais, providenciando suas remessas aos \u00f3rg\u00e3os competentes;<\/li>\n<li>Conferir e visar empenhos e ordens de pagamento;<\/li>\n<li>Manter o controle financeiro de todas as opera\u00e7\u00f5es efetuadas pela Institui\u00e7\u00e3o;<\/li>\n<li>Informar sobre a viabilidade financeira;<\/li>\n<li>Assinar documentos em conjunto com o Reitor e\/ou Vice-Reitor, ou com<\/li>\n<li>quem detiver a delega\u00e7\u00e3o;<\/li>\n<li>Analisar e despachar processos;<\/li>\n<li>Supervisionar as se\u00e7\u00f5es afetas \u00e0 Divis\u00e3o;<\/li>\n<li>Executar outras atribui\u00e7\u00f5es correlatas.<\/li>\n<\/ul>\n<p style=\"text-align: center\"><strong>Endere\u00e7o<\/strong><\/p>\n<p style=\"text-align: center\">Av. Carlos Cavalcanti, n\u00ba 4748 &#8211; Uvaranas &#8211; Bloco Reitoria\/PROAD &#8211; CEP 84030-900<\/p>\n<p style=\"text-align: center\">Ponta Grossa\/PR<\/p>\n<p>&nbsp;<\/p>\n<p style=\"text-align: center\"><strong>Contato<\/strong><\/p>\n<p style=\"text-align: center\">E-mail:\u00a0<a href=\"mailto:difi@uepg.br\">difi@uepg.br<\/a><\/p>\n<p style=\"text-align: center\">Fone: \u00a0(42) 3220-3206<\/p>\n<hr \/>\n<\/div>\n<p>&nbsp;<\/p>\n<header>\n<h3 class=\"title\" style=\"text-align: center\">CLOG<\/h3>\n<\/header>\n<div class=\"content clearfix\">\n<h4 style=\"text-align: center\"><strong>COORDENADORIA DE LOG\u00cdSTICA<\/strong><\/h4>\n<p style=\"text-align: center\"><strong>Respons\u00e1vel<\/strong><\/p>\n<p style=\"text-align: center\">Ana Paula de Freitas Pedroso<\/p>\n<p><strong>Atividades<\/strong><\/p>\n<ul>\n<li>Envio \u00e0 Imprensa Oficial de atos da Institui\u00e7\u00e3o para publica\u00e7\u00e3o;<\/li>\n<li>Assinatura de jornais (locais, regionais e nacionais) para utiliza\u00e7\u00e3o institucional;<\/li>\n<li>Aquisi\u00e7\u00e3o de passagens a\u00e9reas e rodovi\u00e1rias utilizadas para translado de servidores ou visitantes;<\/li>\n<li>Reserva para hospedagem de visitantes participantes de eventos na institui\u00e7\u00e3o;<\/li>\n<li>Emiss\u00e3o de autoriza\u00e7\u00e3o para alimenta\u00e7\u00e3o de visitantes participantes de eventos na institui\u00e7\u00e3o;<\/li>\n<li>Agendamento para translado de professores visitantes participantes de eventos na institui\u00e7\u00e3o;<\/li>\n<li>Agendamento de sa\u00eddas e\/ou viagens com utiliza\u00e7\u00e3o de ve\u00edculos pr\u00f3prios (carros e \u00f4nibus);<\/li>\n<li>Autoriza\u00e7\u00e3o para utiliza\u00e7\u00e3o de espa\u00e7os f\u00edsicos (exposi\u00e7\u00e3o, divulga\u00e7\u00e3o, etc);<\/li>\n<li>Executar os servi\u00e7os de malote (centro\/campus\/centro), diariamente;<\/li>\n<li>Conferir, justificar e enviar para a Divis\u00e3o Financeira as notas fiscais de despesas referentes a despesas vinculadas \u00e0s atividades de sua compet\u00eancia;<\/li>\n<li>Controlar as despesas de telefonia, fotoc\u00f3pias administrativas, correio, viagens e do restaurante universit\u00e1rio;<\/li>\n<li>Solicitar a transfer\u00eancia interna de valores para a conta da PROAD;<\/li>\n<li>Supervisionar as unidades administrativas subordinadas;<\/li>\n<li>Responder pela PROAD na aus\u00eancia do titular;<\/li>\n<li>Controlar os\u00a0contratos\u00a0de:\n<ul>\n<li>Aquisi\u00e7\u00e3o de passagens a\u00e9reas e rodovi\u00e1rias;<\/li>\n<li>Servi\u00e7o de fotoc\u00f3pias administrativas;<\/li>\n<li>Servi\u00e7o de fotoc\u00f3pias acad\u00eamicas nos blocos;<\/li>\n<li>Loca\u00e7\u00e3o de im\u00f3veis;<\/li>\n<li>Refei\u00e7\u00f5es para visitantes;<\/li>\n<li>Hospedagens para visitantes;<\/li>\n<li>Combust\u00edveis para frota de ve\u00edculos;<\/li>\n<li>Seguro da frota de ve\u00edculos;<\/li>\n<li>Comodato com APM Col\u00e9gio Agr\u00edcola (\u00f4nibus);<\/li>\n<li>Translado de professores visitantes (aeroporto);<\/li>\n<li>Presta\u00e7\u00e3o de servi\u00e7o nos elevadores;<\/li>\n<li>Presta\u00e7\u00e3o de servi\u00e7os de telefonia (instala\u00e7\u00e3o de ramal);<\/li>\n<li>Explora\u00e7\u00e3o das lanchonetes (campus e centro);<\/li>\n<li>Servi\u00e7o dos correios (recebimento e expedi\u00e7\u00e3o);<\/li>\n<li>Telefones Celulares (Reitoria);<\/li>\n<\/ul>\n<\/li>\n<\/ul>\n<p style=\"text-align: center\"><strong>Endere\u00e7o<\/strong><\/p>\n<p style=\"text-align: center\">Av. Carlos Cavalcanti, 4748 &#8211; Bloco Reitoria\/PROAD &#8211; 84.030-900 Ponta Grossa \u2013 Pr<\/p>\n<p>&nbsp;<\/p>\n<p style=\"text-align: center\"><strong>Contato<\/strong><\/p>\n<p style=\"text-align: center\">E-mail:\u00a0<a href=\"mailto:diser@uepg.br\">diser@uepg.br<\/a><\/p>\n<p style=\"text-align: center\">Fone: \u00a0(42) 3220-3203<\/p>\n<hr \/>\n<\/div>\n<p>&nbsp;<\/p>\n<header>\n<h3 class=\"title\" style=\"text-align: center\">DIPROC<\/h3>\n<\/header>\n<div class=\"content clearfix\">\n<h4 style=\"text-align: center\"><strong>DIRETORIA DE PROJETOS E CONV\u00caNIOS<\/strong><\/h4>\n<p style=\"text-align: center\"><strong>Respons\u00e1vel<\/strong><\/p>\n<p style=\"text-align: center\">Giselle Ferreira de Mello<\/p>\n<p>&nbsp;<\/p>\n<p><strong>Miss\u00e3o<br \/>\n<\/strong><\/p>\n<p>Proporcionar condi\u00e7\u00f5es favor\u00e1veis para o desenvolvimento sustent\u00e1vel da UEPG, atuando como facilitadora no aux\u00edlio \u00e0 elabora\u00e7\u00e3o de projetos, execu\u00e7\u00e3o de conv\u00eanios, controle e acompanhamento financeiro e presta\u00e7\u00e3o de contas junto aos \u00f3rg\u00e3os repassadores de recursos e tribunais de contas.<\/p>\n<p><strong>Vis\u00e3o<br \/>\n<\/strong><\/p>\n<p>Prestar servi\u00e7os com excel\u00eancia, atuando pr\u00f3ativamente como \u00f3rg\u00e3o gestor dos diversos recursos captados, contribuindo para o crescimento qualitativo da UEPG.<\/p>\n<p><strong>Objetivos<br \/>\n<\/strong><\/p>\n<p>Criar mecanismos facilitadores aos coordenadores de conv\u00eanios, diagnosticar e oferecer melhorias em rela\u00e7\u00e3o aos projetos de pesquisa, p\u00f3s-gradua\u00e7\u00e3o e extens\u00e3o, acompanhamento e controle financeiro de transfer\u00eancias volunt\u00e1rias do Estado e da Uni\u00e3o, mediante conv\u00eanios e contratos de repasse.<\/p>\n<p><strong>Valores<br \/>\n<\/strong><\/p>\n<ul>\n<li>Qualidade no atendimento<\/li>\n<li>Satisfa\u00e7\u00e3o de nossa equipe<\/li>\n<li>\u00c9tica<\/li>\n<li>Agilidade<\/li>\n<li>Comprometimento de todos<\/li>\n<li>Responsabilidade e compet\u00eancia<\/li>\n<\/ul>\n<p style=\"text-align: center\"><strong>Endere\u00e7o<\/strong><\/p>\n<p style=\"text-align: center\">Av. Carlos Cavalcanti, 4748 &#8211; Bloco Reitoria\/PROAD &#8211; 84030-900 Ponta Grossa \u2013 Pr<\/p>\n<p>&nbsp;<\/p>\n<p style=\"text-align: center\"><strong>Contato<\/strong><\/p>\n<p style=\"text-align: center\">E-mail:\u00a0<a href=\"mailto:diproc@uepg.br\">diproc@uepg.br<\/a><\/p>\n<p style=\"text-align: center\">Fone (42) 3220-3192<\/p>\n<hr \/>\n<\/div>\n<p style=\"text-align: center\"><strong>DIRETORIA DE CONTABILIDADE<\/strong><\/p>\n<p style=\"text-align: center\"><strong>\u00a0Respons\u00e1vel<\/strong><\/p>\n<p style=\"text-align: center\">Acir Jos\u00e9 Alves<\/p>\n<p>&nbsp;<\/p>\n<p><strong>Atividades<\/strong><\/p>\n<p>-Acessar contas banc\u00e1rias da Institui\u00e7\u00e3o e lan\u00e7ar no Sistema Gerencial Interno;<\/p>\n<p>-Controlar as tarifas banc\u00e1rias;<\/p>\n<p>-Efetuar aplica\u00e7\u00f5es financeiras ou resgates quando necess\u00e1rio;<\/p>\n<p>-Acompanhar a movimenta\u00e7\u00e3o extra-or\u00e7ament\u00e1ria;<\/p>\n<p>-Manter atualizada a Tabela de Contas Banc\u00e1rias;<\/p>\n<p>-Pedir a abertura de novas contas nos Bancos;<\/p>\n<p>-Efetuar a abertura das novas contas nos programas de gerenciamento interno;<\/p>\n<p>-Examinar a classifica\u00e7\u00e3o das receitas;<\/p>\n<p>-Planilhar mensalmente a contabiliza\u00e7\u00e3o da Folha de Pagamento;<\/p>\n<p>-Planilhar mensalmente as Transfer\u00eancias da Folha de Pagamento para informar \u00e0 Contadoria do Estado;<\/p>\n<p>-Planilhar mensalmente as Transfer\u00eancias da Folha de Pagamento (Despesas que saem pela conta PROAD);<\/p>\n<p>-Planilhar mensalmente os quadros demonstrativos do Decreto Estadual n\u00b0 6194 de 22\/08\/2002;<\/p>\n<p>-Planilhar mensalmente o quadro comparativo Receita X Despesa por fonte de recursos;<\/p>\n<p>-Planilhar mensalmente o Empenhado a Pagar dos conv\u00eanios por conta de banco;<\/p>\n<p>-Apurar mensalmente o Super\u00e1vit Financeiro; Fazer mensalmente a concilia\u00e7\u00e3o banc\u00e1ria;<\/p>\n<p>-Emitir, conferir e arquivar mensalmente os balancetes;<\/p>\n<p>-Auxiliar no fechamento mensal;<\/p>\n<p>-Orientar os servi\u00e7os de escritura\u00e7\u00e3o cont\u00e1bil;<\/p>\n<p>-Assinar os balancetes e balan\u00e7os juntamente com o ordenador de despesa;<\/p>\n<p>-Substituir o Chefe de Divis\u00e3o nos seus impedimentos;<\/p>\n<p>-Executar outras atribui\u00e7\u00f5es correlatas.<\/p>\n<p>&nbsp;<\/p>\n<p>&nbsp;<\/p>\n<p>&nbsp;<\/p>\n<p>&nbsp;<\/p>\n<p>&nbsp;<\/p>\n<p>&nbsp;<\/p>\n","protected":false},"excerpt":{"rendered":"<p>SECRETARIA Respons\u00e1vel Bianca Linhares Teleska &nbsp; Atividades Agendar e coordenar as audi\u00eancias do pr\u00f3-reitor; Elaborar e\/ou redigir of\u00edcios, ordens de servi\u00e7o, despachos em processos; Providenciar o encaminhamento de processos nos \u00f3rg\u00e3os internos e demais documentos; Providenciar o arquivamento de processos e documentos; Providenciar o preenchimento de requisi\u00e7\u00f5es pr\u00f3prias de servi\u00e7os, pr\u00e9vios-empenhos, di\u00e1rias, material, etc. Providenciar&nbsp;&hellip;<\/p>\n","protected":false},"author":24,"featured_media":0,"parent":0,"menu_order":0,"comment_status":"closed","ping_status":"closed","template":"","meta":[],"_links":{"self":[{"href":"https:\/\/www2.uepg.br\/proad\/wp-json\/wp\/v2\/pages\/17"}],"collection":[{"href":"https:\/\/www2.uepg.br\/proad\/wp-json\/wp\/v2\/pages"}],"about":[{"href":"https:\/\/www2.uepg.br\/proad\/wp-json\/wp\/v2\/types\/page"}],"author":[{"embeddable":true,"href":"https:\/\/www2.uepg.br\/proad\/wp-json\/wp\/v2\/users\/24"}],"replies":[{"embeddable":true,"href":"https:\/\/www2.uepg.br\/proad\/wp-json\/wp\/v2\/comments?post=17"}],"version-history":[{"count":9,"href":"https:\/\/www2.uepg.br\/proad\/wp-json\/wp\/v2\/pages\/17\/revisions"}],"predecessor-version":[{"id":2380,"href":"https:\/\/www2.uepg.br\/proad\/wp-json\/wp\/v2\/pages\/17\/revisions\/2380"}],"wp:attachment":[{"href":"https:\/\/www2.uepg.br\/proad\/wp-json\/wp\/v2\/media?parent=17"}],"curies":[{"name":"wp","href":"https:\/\/api.w.org\/{rel}","templated":true}]}}