{"id":21,"date":"2019-11-28T13:46:36","date_gmt":"2019-11-28T16:46:36","guid":{"rendered":"http:\/\/www2.uepg.br\/proad\/?page_id=21"},"modified":"2024-08-23T15:48:54","modified_gmt":"2024-08-23T18:48:54","slug":"coordenadoria-de-orcamento-e-programacao","status":"publish","type":"page","link":"https:\/\/www2.uepg.br\/proad\/coordenadoria-de-orcamento-e-programacao\/","title":{"rendered":"COP"},"content":{"rendered":"<header>\n<h3 class=\"title\" style=\"text-align: left\"><strong style=\"font-size: 16px\">COORDEADORIA DE OR\u00c7AMENTO E PROGRAMA\u00c7\u00c3O<\/strong><\/h3>\n<\/header>\n<div class=\"content clearfix\">\n<p style=\"text-align: left\"><strong>Respons\u00e1vel<\/strong><\/p>\n<p style=\"text-align: left\">Claudete das Gra\u00e7as Pedroso<\/p>\n<p style=\"text-align: left\">A\u00a0<strong>COP\u00a0<\/strong>\u00e9 respons\u00e1vel pela elabora\u00e7\u00e3o, consolida\u00e7\u00e3o e acompanhamento e avalia\u00e7\u00e3o da execu\u00e7\u00e3o or\u00e7ament\u00e1ria da Universidade.<\/p>\n<p style=\"text-align: left\"><strong>Atividades<\/strong><\/p>\n<ul>\n<li style=\"text-align: left\">Elaborar a proposta or\u00e7ament\u00e1ria anual e plurianual de investimentos da Universidade sob a dire\u00e7\u00e3o e coordena\u00e7\u00e3o da Pr\u00f3-Reitoria de Assuntos Administrativos;<\/li>\n<li style=\"text-align: left\">Acompanhar a execu\u00e7\u00e3o or\u00e7ament\u00e1ria e analisar o desempenho das previs\u00f5es da receita e despesa;<\/li>\n<li style=\"text-align: left\">Encaminhar processos de altera\u00e7\u00e3o or\u00e7ament\u00e1ria aos \u00f3rg\u00e3os competentes;<\/li>\n<li style=\"text-align: left\">Emitir parecer e instruir quanto a utiliza\u00e7\u00e3o das dota\u00e7\u00f5es dispon\u00edveis de despesa;<\/li>\n<li style=\"text-align: left\">Atribuir cotas para as despesas de manuten\u00e7\u00e3o e de custeio m\u00ednimo;<\/li>\n<li style=\"text-align: left\">Controlar os saldos or\u00e7ament\u00e1rios de despesa face aos esquemas de desembolso estabelecidos;<\/li>\n<li style=\"text-align: left\">Planejar as atividades or\u00e7ament\u00e1rias;<\/li>\n<li style=\"text-align: left\">Instruir as unidades quanto aos formul\u00e1rios para a programa\u00e7\u00e3o das receitas e despesas trimestrais;<\/li>\n<li style=\"text-align: left\">Informar sobre a viabilidade or\u00e7ament\u00e1ria;<\/li>\n<li style=\"text-align: left\">Prestar assist\u00eancia t\u00e9cnica na elabora\u00e7\u00e3o de planos, programas, projetos e\/ou atividades aos \u00f3rg\u00e3os da institui\u00e7\u00e3o;<\/li>\n<li style=\"text-align: left\">Desenvolver crit\u00e9rios e par\u00e2metros para rateio do or\u00e7amento;<\/li>\n<li style=\"text-align: left\">Encaminhar o or\u00e7amento para aprecia\u00e7\u00e3o preliminar do pr\u00f3-reitor e posterior encaminhamento ao Reitor e Conselhos de Administra\u00e7\u00e3o e Universit\u00e1rio.<\/li>\n<\/ul>\n<p style=\"text-align: left\"><strong>Endere\u00e7o<\/strong><\/p>\n<p style=\"text-align: left\">\u00a0Av. Carlos Cavalcanti, 4748 \u2013 Bloco Reitoria\/PROAD \u2013 84.030-900 Ponta Grossa \u2013 Pr<\/p>\n<p style=\"text-align: left\"><strong>Contato<\/strong><\/p>\n<p style=\"text-align: left\">E-mail:\u00a0<a href=\"mailto:cop@uepg.br\">cop@uepg.br<\/a><\/p>\n<p style=\"text-align: left\">Fone: \u00a0(42) 3220-3258<\/p>\n<\/div>\n","protected":false},"excerpt":{"rendered":"<p>COORDEADORIA DE OR\u00c7AMENTO E PROGRAMA\u00c7\u00c3O Respons\u00e1vel Claudete das Gra\u00e7as Pedroso A\u00a0COP\u00a0\u00e9 respons\u00e1vel pela elabora\u00e7\u00e3o, consolida\u00e7\u00e3o e acompanhamento e avalia\u00e7\u00e3o da execu\u00e7\u00e3o or\u00e7ament\u00e1ria da Universidade. Atividades Elaborar a proposta or\u00e7ament\u00e1ria anual e plurianual de investimentos da Universidade sob a dire\u00e7\u00e3o e coordena\u00e7\u00e3o da Pr\u00f3-Reitoria de Assuntos Administrativos; Acompanhar a execu\u00e7\u00e3o or\u00e7ament\u00e1ria e analisar o desempenho das&nbsp;&hellip;<\/p>\n","protected":false},"author":24,"featured_media":0,"parent":0,"menu_order":0,"comment_status":"closed","ping_status":"closed","template":"","meta":[],"_links":{"self":[{"href":"https:\/\/www2.uepg.br\/proad\/wp-json\/wp\/v2\/pages\/21"}],"collection":[{"href":"https:\/\/www2.uepg.br\/proad\/wp-json\/wp\/v2\/pages"}],"about":[{"href":"https:\/\/www2.uepg.br\/proad\/wp-json\/wp\/v2\/types\/page"}],"author":[{"embeddable":true,"href":"https:\/\/www2.uepg.br\/proad\/wp-json\/wp\/v2\/users\/24"}],"replies":[{"embeddable":true,"href":"https:\/\/www2.uepg.br\/proad\/wp-json\/wp\/v2\/comments?post=21"}],"version-history":[{"count":6,"href":"https:\/\/www2.uepg.br\/proad\/wp-json\/wp\/v2\/pages\/21\/revisions"}],"predecessor-version":[{"id":2271,"href":"https:\/\/www2.uepg.br\/proad\/wp-json\/wp\/v2\/pages\/21\/revisions\/2271"}],"wp:attachment":[{"href":"https:\/\/www2.uepg.br\/proad\/wp-json\/wp\/v2\/media?parent=21"}],"curies":[{"name":"wp","href":"https:\/\/api.w.org\/{rel}","templated":true}]}}