{"id":23,"date":"2019-11-28T13:48:55","date_gmt":"2019-11-28T16:48:55","guid":{"rendered":"http:\/\/www2.uepg.br\/proad\/?page_id=23"},"modified":"2025-02-13T13:43:55","modified_gmt":"2025-02-13T16:43:55","slug":"dimapa-diretoria-de-material-e-patrimonio","status":"publish","type":"page","link":"https:\/\/www2.uepg.br\/proad\/dimapa-diretoria-de-material-e-patrimonio\/","title":{"rendered":"DIMAPA"},"content":{"rendered":"<div id=\"pl-23\"  class=\"panel-layout\" ><div id=\"pg-23-0\"  class=\"panel-grid panel-no-style\" ><div id=\"pgc-23-0-0\"  class=\"panel-grid-cell\" ><div id=\"panel-23-0-0-0\" class=\"so-panel widget widget_sow-editor panel-first-child panel-last-child\" data-index=\"0\" ><div\n\t\t\t\n\t\t\tclass=\"so-widget-sow-editor so-widget-sow-editor-base\"\n\t\t\t\n\t\t>\n<div class=\"siteorigin-widget-tinymce textwidget\">\n\t<header>\n<h3 class=\"title\" style=\"text-align: center\"><strong>DIRETORIA DE MATERIAL E PATRIM\u00d4NIO<\/strong><\/h3>\n<\/header>\n<div class=\"content clearfix\">\n<p>&nbsp;<\/p>\n<p style=\"text-align: left\"><strong>Respons\u00e1vel<\/strong><\/p>\n<p style=\"text-align: left\">Rodrigo Zardo<\/p>\n<p style=\"text-align: left\">(42) 3220-3001<\/p>\n<p style=\"text-align: left\">e-mail: dimapa@uepg.br<\/p>\n<p>&nbsp;<\/p>\n<p id=\"teste\" style=\"text-align: left\" title=\"Teste\">A\u00a0<strong>DIMAPA<\/strong>\u00a0tem por finalidade o desenvolvimento de atividades relacionadas com aquisi\u00e7\u00e3o, registro, distribui\u00e7\u00e3o, importa\u00e7\u00f5es, servi\u00e7os de manuten\u00e7\u00e3o, controle de bens patrimoniais, e servi\u00e7os de manuten\u00e7\u00e3o em equipamentos eletro eletr\u00f4nicos.<\/p>\n<p style=\"text-align: left\"><strong>Atividades<\/strong><\/p>\n<ul>\n<li style=\"text-align: left\">Estabelecer a programa\u00e7\u00e3o das aquisi\u00e7\u00f5es, atentando ao plano de compras e ao cronograma de desembolso da Institui\u00e7\u00e3o;<\/li>\n<li>Estudar, recomendar a fazer cumprir as normas de padroniza\u00e7\u00e3o dos materiais e de descentraliza\u00e7\u00e3o de compras;<\/li>\n<li style=\"text-align: left\">Zelar pela conserva\u00e7\u00e3o, bem como providenciar a recupera\u00e7\u00e3o dos bens em utiliza\u00e7\u00e3o nos diversos setores da Institui\u00e7\u00e3o;<\/li>\n<li style=\"text-align: left\">Manter registros cadastrais, por elemento, valor, situa\u00e7\u00e3o e localiza\u00e7\u00e3o dos bens patrimoniais da Institui\u00e7\u00e3o, bem como suas vincula\u00e7\u00f5es aos respons\u00e1veis;<\/li>\n<li style=\"text-align: left\">Elaborar contratos de presta\u00e7\u00e3o de servi\u00e7os, e fornecimento de materiais;<\/li>\n<li style=\"text-align: left\">Assessorar o Pr\u00f3-Reitor de Assuntos Administrativos nos assuntos de sua compet\u00eancia;<\/li>\n<li style=\"text-align: left\">Emitir parecer, quando consultada, sobre assuntos de sua compet\u00eancia.<\/li>\n<\/ul>\n<p>&nbsp;<\/p>\n<p style=\"text-align: left\"><strong>Equipe<\/strong><\/p>\n<p style=\"text-align: left\">Jos\u00e9 Vladimir Gon\u00e7alves Cordeiro \u2013 (42) 3220-3750<\/p>\n<p style=\"text-align: left\">Marcos Celso Mendes - (42) 3220-3001<\/p>\n<p style=\"text-align: left\">Maria Eleandrina Bueno - (42) 3220-3249<\/p>\n<p>Marcelo Hartmann (42) 3220 3274<\/p>\n<\/div>\n<p><strong>Colaboradores<\/strong><\/p>\n<div class=\"content clearfix\">\n<p>Thais Plaviak - 42 3220 3274<br \/>\nCristane Garcia Alvarez - 42 3220 3008<\/p>\n<p style=\"text-align: left\"><strong>Endere\u00e7o<\/strong><\/p>\n<p style=\"text-align: left\">Av. Carlos Cavalcanti, 4748 \u2013 Bloco Reitoria\/PROAD \u2013 84030-900 Ponta Grossa \u2013 Pr<\/p>\n<\/div>\n<p>&nbsp;<\/p>\n<p><strong>Contato<\/strong><\/p>\n<div class=\"content clearfix\">\n<p style=\"text-align: left\">E-mail:\u00a0<a href=\"mailto:rzardo@uepg.br\">dimapa@uepg.br<\/a><\/p>\n<p style=\"text-align: left\">Fone: \u00a0(42) 3220-3001<\/p>\n<p style=\"text-align: left\">\n<\/div>\n<\/div>\n<\/div><\/div><\/div><\/div><div id=\"pg-23-1\"  class=\"panel-grid panel-no-style\" ><div id=\"pgc-23-1-0\"  class=\"panel-grid-cell\" ><div id=\"panel-23-1-0-0\" class=\"so-panel widget widget_sow-accordion panel-first-child panel-last-child\" data-index=\"1\" ><div id=\"divisoes-dimapa\" class=\"panel-widget-style panel-widget-style-for-23-1-0-0\" ><div\n\t\t\t\n\t\t\tclass=\"so-widget-sow-accordion so-widget-sow-accordion-default-14ba9eb30e40-23\"\n\t\t\t\n\t\t><div>\n\t<div class=\"sow-accordion\">\n\t\t\t<div class=\"sow-accordion-panel\"\n\t\t\t data-anchor=\"dimp-divis%c3%a3o-de-importa%c3%a7%c3%a3o\">\n\t\t\t\t<div class=\"sow-accordion-panel-header-container\" role=\"heading\" aria-level=\"2\">\n\t\t\t\t\t<div class=\"sow-accordion-panel-header\" tabindex=\"0\" role=\"button\" id=\"accordion-label-dimp-divis%c3%a3o-de-importa%c3%a7%c3%a3o\" aria-controls=\"accordion-content-dimp-divis%c3%a3o-de-importa%c3%a7%c3%a3o\" aria-expanded=\"false\">\n\t\t\t\t\t\t<div class=\"sow-accordion-title sow-accordion-title-icon-left\">\n\t\t\t\t\t\t\t\t\t\t\t\t\t\tDIMP - DIVIS\u00c3O DE IMPORTA\u00c7\u00c3O\t\t\t\t\t\t\t\t\t\t\t\t\t<\/div>\n\t\t\t\t\t\t<div class=\"sow-accordion-open-close-button\">\n\t\t\t\t\t\t\t<div class=\"sow-accordion-open-button\">\n\t\t\t\t\t\t\t\t<span class=\"sow-icon-ionicons\" data-sow-icon=\"&#xf218;\"\n\t\t \n\t\taria-hidden=\"true\"><\/span>\t\t\t\t\t\t\t<\/div>\n\t\t\t\t\t\t\t<div class=\"sow-accordion-close-button\">\n\t\t\t\t\t\t\t\t<span class=\"sow-icon-ionicons\" data-sow-icon=\"&#xf209;\"\n\t\t \n\t\taria-hidden=\"true\"><\/span>\t\t\t\t\t\t\t<\/div>\n\t\t\t\t\t\t<\/div>\n\t\t\t\t\t<\/div>\n\t\t\t\t<\/div>\n\n\t\t\t<div\n\t\t\t\tclass=\"sow-accordion-panel-content\"\n\t\t\t\trole=\"region\"\n\t\t\t\taria-labelledby=\"accordion-label-dimp-divis%c3%a3o-de-importa%c3%a7%c3%a3o\"\n\t\t\t\tid=\"accordion-content-dimp-divis%c3%a3o-de-importa%c3%a7%c3%a3o\"\n\t\t\t\tstyle=\"display: none;\"\t\t\t>\n\t\t\t\t<div class=\"sow-accordion-panel-border\" tabindex=\"0\">\n\t\t\t\t\t<header><\/header>\n<div id=\"deimp\"><\/div>\n<div class=\"content clearfix\">\n<p style=\"text-align: left\"><strong>Chefe de Divis\u00e3o<\/strong><\/p>\n<p style=\"text-align: left\">Maria Elaine Kempa Bolzani<\/p>\n<p style=\"text-align: left\"><strong>Atividades<\/strong><\/p>\n<p style=\"text-align: left\">Cabe executar as atividades relacionadas a processos de importa\u00e7\u00e3o, sendo:<\/p>\n<ul>\n<li style=\"text-align: left\">Preparar expediente de importa\u00e7\u00e3o para aquisi\u00e7\u00e3o de bens e materiais a serem utilizados nas diversas unidades da Institui\u00e7\u00e3o;<\/li>\n<li style=\"text-align: left\">Efetuar os processos de importa\u00e7\u00e3o relativos a compra de materiais, e a contrata\u00e7\u00e3o de servi\u00e7os de desembara\u00e7o aduaneiro obedecendo as normas legais;<\/li>\n<li style=\"text-align: left\">Acompanhar ata a entrega dos materiais ou servi\u00e7os, no cumprimento das obriga\u00e7\u00f5es por parte dos exportadores;<\/li>\n<li style=\"text-align: left\">Executar atribui\u00e7\u00f5es determinadas por normas internas. e pelas legisla\u00e7\u00f5es vigentes;<\/li>\n<li style=\"text-align: left\">Executar outras atividades correlatas.<\/li>\n<\/ul>\n<p style=\"text-align: left\"><strong>Contato<\/strong><\/p>\n<p style=\"text-align: left\">Fone: \u00a0(42) 3220-3008<\/p>\n<\/div>\n\t\t\t\t<\/div>\n\t\t\t<\/div>\n\t\t<\/div>\n\t\t\t<div class=\"sow-accordion-panel\"\n\t\t\t data-anchor=\"dicali-divis%c3%a3o-de-cadastro-e-licita%c3%a7%c3%a3o\">\n\t\t\t\t<div class=\"sow-accordion-panel-header-container\" role=\"heading\" aria-level=\"2\">\n\t\t\t\t\t<div class=\"sow-accordion-panel-header\" tabindex=\"0\" role=\"button\" id=\"accordion-label-dicali-divis%c3%a3o-de-cadastro-e-licita%c3%a7%c3%a3o\" aria-controls=\"accordion-content-dicali-divis%c3%a3o-de-cadastro-e-licita%c3%a7%c3%a3o\" aria-expanded=\"false\">\n\t\t\t\t\t\t<div class=\"sow-accordion-title sow-accordion-title-icon-left\">\n\t\t\t\t\t\t\t\t\t\t\t\t\t\tDICALI - DIVIS\u00c3O DE CADASTRO E LICITA\u00c7\u00c3O\t\t\t\t\t\t\t\t\t\t\t\t\t<\/div>\n\t\t\t\t\t\t<div class=\"sow-accordion-open-close-button\">\n\t\t\t\t\t\t\t<div class=\"sow-accordion-open-button\">\n\t\t\t\t\t\t\t\t<span class=\"sow-icon-ionicons\" data-sow-icon=\"&#xf218;\"\n\t\t \n\t\taria-hidden=\"true\"><\/span>\t\t\t\t\t\t\t<\/div>\n\t\t\t\t\t\t\t<div class=\"sow-accordion-close-button\">\n\t\t\t\t\t\t\t\t<span class=\"sow-icon-ionicons\" data-sow-icon=\"&#xf209;\"\n\t\t \n\t\taria-hidden=\"true\"><\/span>\t\t\t\t\t\t\t<\/div>\n\t\t\t\t\t\t<\/div>\n\t\t\t\t\t<\/div>\n\t\t\t\t<\/div>\n\n\t\t\t<div\n\t\t\t\tclass=\"sow-accordion-panel-content\"\n\t\t\t\trole=\"region\"\n\t\t\t\taria-labelledby=\"accordion-label-dicali-divis%c3%a3o-de-cadastro-e-licita%c3%a7%c3%a3o\"\n\t\t\t\tid=\"accordion-content-dicali-divis%c3%a3o-de-cadastro-e-licita%c3%a7%c3%a3o\"\n\t\t\t\tstyle=\"display: none;\"\t\t\t>\n\t\t\t\t<div class=\"sow-accordion-panel-border\" tabindex=\"0\">\n\t\t\t\t\t<header><\/header>\n<div id=\"dicali\"><\/div>\n<div class=\"content clearfix\" style=\"text-align: center\">\n<p style=\"text-align: left\"><strong>Chefe de Divis\u00e3o<\/strong><\/p>\n<p style=\"text-align: left\">Marcos Celso Mendes\u00a0\u00a0- (42) 3220-3733<\/p>\n<p>&nbsp;<\/p>\n<p style=\"text-align: left\"><strong>Atividades<\/strong><\/p>\n<p style=\"text-align: left\">Cabe executar as atividades relacionadas com a manuten\u00e7\u00e3o de cadastro, e efetuar processos licitat\u00f3rios relativos \u00e0s compras da Institui\u00e7\u00e3o, como:<\/p>\n<ul>\n<li style=\"text-align: left\">Preparar expedientes de licita\u00e7\u00e3o sob forma de Convite, Tomada de Pre\u00e7os, Concorr\u00eancia, Concurso, Preg\u00e3o Presencial, e Preg\u00e3o Eletr\u00f4nico, para aquisi\u00e7\u00e3o de materiais a serem utilizados nas diversas unidades integrantes da Institui\u00e7\u00e3o;<\/li>\n<li style=\"text-align: left\">Efetuar os processos licitat\u00f3rios relativos \u00e0 compra de materiais, e \u00e0 contrata\u00e7\u00e3o de servi\u00e7os ou obras, obedecida a legisla\u00e7\u00e3o pertinente;<\/li>\n<li style=\"text-align: left\">Promover a elabora\u00e7\u00e3o de contratos a serem celebrados com fornecedores, oriundos de processo licitat\u00f3rio, ap\u00f3s parecer e minuta de contratos da Procuradoria Jur\u00eddica;<\/li>\n<li style=\"text-align: left\">Executar atribui\u00e7\u00f5es determinadas por normas internas, e pelas legisla\u00e7\u00f5es vigentes;<\/li>\n<li style=\"text-align: left\">Executar outras atividades correlatas.<\/li>\n<\/ul>\n<p style=\"text-align: left\"><strong style=\"text-align: center\">Contato<\/strong><\/p>\n<dl class=\"box-phone\">\n<dd>\n<p style=\"text-align: left\">Fone: (42) 3220-3733<\/p>\n<p style=\"text-align: left\">\n<\/p><\/dd>\n<\/dl>\n<\/div>\n\t\t\t\t<\/div>\n\t\t\t<\/div>\n\t\t<\/div>\n\t\t\t<div class=\"sow-accordion-panel\"\n\t\t\t data-anchor=\"dicom-divis%c3%a3o-de-compras\">\n\t\t\t\t<div class=\"sow-accordion-panel-header-container\" role=\"heading\" aria-level=\"2\">\n\t\t\t\t\t<div class=\"sow-accordion-panel-header\" tabindex=\"0\" role=\"button\" id=\"accordion-label-dicom-divis%c3%a3o-de-compras\" aria-controls=\"accordion-content-dicom-divis%c3%a3o-de-compras\" aria-expanded=\"false\">\n\t\t\t\t\t\t<div class=\"sow-accordion-title sow-accordion-title-icon-left\">\n\t\t\t\t\t\t\t\t\t\t\t\t\t\tDICOM - DIVIS\u00c3O DE COMPRAS\t\t\t\t\t\t\t\t\t\t\t\t\t<\/div>\n\t\t\t\t\t\t<div class=\"sow-accordion-open-close-button\">\n\t\t\t\t\t\t\t<div class=\"sow-accordion-open-button\">\n\t\t\t\t\t\t\t\t<span class=\"sow-icon-ionicons\" data-sow-icon=\"&#xf218;\"\n\t\t \n\t\taria-hidden=\"true\"><\/span>\t\t\t\t\t\t\t<\/div>\n\t\t\t\t\t\t\t<div class=\"sow-accordion-close-button\">\n\t\t\t\t\t\t\t\t<span class=\"sow-icon-ionicons\" data-sow-icon=\"&#xf209;\"\n\t\t \n\t\taria-hidden=\"true\"><\/span>\t\t\t\t\t\t\t<\/div>\n\t\t\t\t\t\t<\/div>\n\t\t\t\t\t<\/div>\n\t\t\t\t<\/div>\n\n\t\t\t<div\n\t\t\t\tclass=\"sow-accordion-panel-content\"\n\t\t\t\trole=\"region\"\n\t\t\t\taria-labelledby=\"accordion-label-dicom-divis%c3%a3o-de-compras\"\n\t\t\t\tid=\"accordion-content-dicom-divis%c3%a3o-de-compras\"\n\t\t\t\tstyle=\"display: none;\"\t\t\t>\n\t\t\t\t<div class=\"sow-accordion-panel-border\" tabindex=\"0\">\n\t\t\t\t\t<header><\/header>\n<div id=\"dicom\"><\/div>\n<div class=\"content clearfix\">\n<p style=\"text-align: left\"><strong>Chefe de Divis\u00e3o<\/strong><\/p>\n<p style=\"text-align: left\">Sebasti\u00e3o da Silveira Filho<\/p>\n<p style=\"text-align: left\"><strong>Equipe<\/strong><\/p>\n<p style=\"text-align: left\">Paola Maria da Costa<\/p>\n<p style=\"text-align: left\"><strong>Atividades<\/strong><\/p>\n<ul>\n<li style=\"text-align: left\">Estabelecer a programa\u00e7\u00e3o das compras em estrita observ\u00e2ncia \u00e0s disponibilidades or\u00e7ament\u00e1rias, e as normas legais pertinentes;<\/li>\n<li style=\"text-align: left\">Diligenciar a aquisi\u00e7\u00e3o de materiais, ou servi\u00e7os de acordo com a legisla\u00e7\u00e3o vigente;<\/li>\n<li style=\"text-align: left\">Elaborar mapas comparativos de pre\u00e7os, com base nas propostas de fornecimento apresentadas;<\/li>\n<li style=\"text-align: left\">Encaminhar a c\u00f3pia de empenho \u00e0s firmas adjudicadas;<\/li>\n<li style=\"text-align: left\">Utilizar recursos de pequeno valor, ou de car\u00e1ter urgente, assim julgados pela Administra\u00e7\u00e3o;<\/li>\n<li style=\"text-align: left\">Executar atribui\u00e7\u00e3o determinadas por normas internas, e pela legisla\u00e7\u00e3o vigente;<\/li>\n<li style=\"text-align: left\">Executar outras atividades correlatas.<\/li>\n<\/ul>\n<div id=\"maininner\" class=\"grid-box\" style=\"text-align: left\">\n<section id=\"content\" class=\"grid-block\">\n<div id=\"system\">\n<article class=\"item\">\n<div class=\"content clearfix\">\n<dl class=\"box-phone\">\n<dd><strong>Contato<\/strong><\/dd>\n<dd>Fone: \u00a0(42) 3220-3004<\/dd>\n<dd><\/dd>\n<\/dl>\n<\/div>\n<\/article>\n<\/div>\n<\/section>\n<\/div>\n<aside id=\"sidebar-b\" class=\"grid-box\">\n<div class=\"grid-box width100 grid-v\">\n<div class=\"module mod-box mod-box-grey deepest\" style=\"text-align: left\"><\/div>\n<\/div>\n<\/aside>\n<\/div>\n\t\t\t\t<\/div>\n\t\t\t<\/div>\n\t\t<\/div>\n\t\t\t<div class=\"sow-accordion-panel\"\n\t\t\t data-anchor=\"dipat-divis%c3%a3o-de-patrim%c3%b4nio\">\n\t\t\t\t<div class=\"sow-accordion-panel-header-container\" role=\"heading\" aria-level=\"2\">\n\t\t\t\t\t<div class=\"sow-accordion-panel-header\" tabindex=\"0\" role=\"button\" id=\"accordion-label-dipat-divis%c3%a3o-de-patrim%c3%b4nio\" aria-controls=\"accordion-content-dipat-divis%c3%a3o-de-patrim%c3%b4nio\" aria-expanded=\"false\">\n\t\t\t\t\t\t<div class=\"sow-accordion-title sow-accordion-title-icon-left\">\n\t\t\t\t\t\t\t\t\t\t\t\t\t\tDIPAT - DIVIS\u00c3O DE PATRIM\u00d4NIO\t\t\t\t\t\t\t\t\t\t\t\t\t<\/div>\n\t\t\t\t\t\t<div class=\"sow-accordion-open-close-button\">\n\t\t\t\t\t\t\t<div class=\"sow-accordion-open-button\">\n\t\t\t\t\t\t\t\t<span class=\"sow-icon-ionicons\" data-sow-icon=\"&#xf218;\"\n\t\t \n\t\taria-hidden=\"true\"><\/span>\t\t\t\t\t\t\t<\/div>\n\t\t\t\t\t\t\t<div class=\"sow-accordion-close-button\">\n\t\t\t\t\t\t\t\t<span class=\"sow-icon-ionicons\" data-sow-icon=\"&#xf209;\"\n\t\t \n\t\taria-hidden=\"true\"><\/span>\t\t\t\t\t\t\t<\/div>\n\t\t\t\t\t\t<\/div>\n\t\t\t\t\t<\/div>\n\t\t\t\t<\/div>\n\n\t\t\t<div\n\t\t\t\tclass=\"sow-accordion-panel-content\"\n\t\t\t\trole=\"region\"\n\t\t\t\taria-labelledby=\"accordion-label-dipat-divis%c3%a3o-de-patrim%c3%b4nio\"\n\t\t\t\tid=\"accordion-content-dipat-divis%c3%a3o-de-patrim%c3%b4nio\"\n\t\t\t\tstyle=\"display: none;\"\t\t\t>\n\t\t\t\t<div class=\"sow-accordion-panel-border\" tabindex=\"0\">\n\t\t\t\t\t<header><\/header>\n<div id=\"dipat\"><\/div>\n<div class=\"content clearfix\" style=\"text-align: left\">\n<p style=\"text-align: left\"><strong>Chefe de Divis\u00e3o<\/strong><\/p>\n<p style=\"text-align: left\">Elieser Sousa Pantale\u00e3o<\/p>\n<p style=\"text-align: left\"><strong>Equipe<\/strong><\/p>\n<p style=\"text-align: left\">\n<\/p><p style=\"text-align: left\"><strong>Atividades<\/strong><\/p>\n<p style=\"text-align: left\">Cabe a responsabilidade pelo cadastramento e controle dos bens patrimoniais da Institui\u00e7\u00e3o, sendo:<\/p>\n<ul>\n<li style=\"text-align: left\">Cadastrar todos os bens im\u00f3veis, m\u00f3veis e semoventes da Institui\u00e7\u00e3o;<\/li>\n<li style=\"text-align: left\">Inventariar anualmente todos os bens pertencentes a Institui\u00e7\u00e3o;<\/li>\n<li style=\"text-align: left\">Proceder semestralmente, ao controle f\u00edsico-financeiro dos bens patrimoniais, em conson\u00e2ncia com a escritura\u00e7\u00e3o cont\u00e1bil;<\/li>\n<li style=\"text-align: left\">Manter controle dos contratados de seguros de bens m\u00f3veis e im\u00f3veis;<\/li>\n<li style=\"text-align: left\">Distribuir, mediante termo de responsabilidade, aos \u00f3rg\u00e3os da Institui\u00e7\u00e3o, os bens Patrimoniais da Institui\u00e7\u00e3o;<\/li>\n<li style=\"text-align: left\">Manter atualizado os registros de tombamento individual que informa todos os materiais permanentes em uso de cada um dos setores da Institui\u00e7\u00e3o;<\/li>\n<li style=\"text-align: left\">Executar atribui\u00e7\u00f5es determinadas por normas internas, e pela legisla\u00e7\u00e3o vigente;<\/li>\n<li style=\"text-align: left\">Executar outras atividades correlatas.<\/li>\n<\/ul>\n<dl class=\"box-phone\">\n<dd><\/dd>\n<dd><strong>Contato<\/strong><\/dd>\n<dd>\u00a0 Fone: \u00a0(42) 3220-3003<\/dd>\n<dd><\/dd>\n<\/dl>\n<\/div>\n\t\t\t\t<\/div>\n\t\t\t<\/div>\n\t\t<\/div>\n\t\t<\/div>\n<\/div>\n<\/div><\/div><\/div><\/div><\/div><\/div>","protected":false},"excerpt":{"rendered":"<p>DIRETORIA DE MATERIAL E PATRIM\u00d4NIO &nbsp; Respons\u00e1vel Rodrigo Zardo (42) 3220-3001 e-mail: dimapa@uepg.br &nbsp; A\u00a0DIMAPA\u00a0tem por finalidade o desenvolvimento de atividades relacionadas com aquisi\u00e7\u00e3o, registro, distribui\u00e7\u00e3o, importa\u00e7\u00f5es, servi\u00e7os de manuten\u00e7\u00e3o, controle de bens patrimoniais, e servi\u00e7os de manuten\u00e7\u00e3o em equipamentos eletro eletr\u00f4nicos. Atividades Estabelecer a programa\u00e7\u00e3o das aquisi\u00e7\u00f5es, atentando ao plano de compras e ao&nbsp;&hellip;<\/p>\n","protected":false},"author":24,"featured_media":0,"parent":0,"menu_order":0,"comment_status":"closed","ping_status":"closed","template":"","meta":[],"_links":{"self":[{"href":"https:\/\/www2.uepg.br\/proad\/wp-json\/wp\/v2\/pages\/23"}],"collection":[{"href":"https:\/\/www2.uepg.br\/proad\/wp-json\/wp\/v2\/pages"}],"about":[{"href":"https:\/\/www2.uepg.br\/proad\/wp-json\/wp\/v2\/types\/page"}],"author":[{"embeddable":true,"href":"https:\/\/www2.uepg.br\/proad\/wp-json\/wp\/v2\/users\/24"}],"replies":[{"embeddable":true,"href":"https:\/\/www2.uepg.br\/proad\/wp-json\/wp\/v2\/comments?post=23"}],"version-history":[{"count":38,"href":"https:\/\/www2.uepg.br\/proad\/wp-json\/wp\/v2\/pages\/23\/revisions"}],"predecessor-version":[{"id":2409,"href":"https:\/\/www2.uepg.br\/proad\/wp-json\/wp\/v2\/pages\/23\/revisions\/2409"}],"wp:attachment":[{"href":"https:\/\/www2.uepg.br\/proad\/wp-json\/wp\/v2\/media?parent=23"}],"curies":[{"name":"wp","href":"https:\/\/api.w.org\/{rel}","templated":true}]}}