{"id":2662,"date":"2025-08-07T16:46:07","date_gmt":"2025-08-07T19:46:07","guid":{"rendered":"https:\/\/www2.uepg.br\/proad\/?page_id=2662"},"modified":"2025-08-14T13:40:00","modified_gmt":"2025-08-14T16:40:00","slug":"ordem-de-servico","status":"publish","type":"page","link":"https:\/\/www2.uepg.br\/proad\/ordem-de-servico\/","title":{"rendered":"Ordem de Servi\u00e7o"},"content":{"rendered":"<h3 style=\"text-align: center\"><strong>ORDEM DE SERVI\u00c7O PROAD 2025.008<\/strong><\/h3>\n<p>&nbsp;<\/p>\n<p>A Coordenadoria de Log\u00edstica (CLOG) e a Pr\u00f3-Reitoria de Assuntos Administrativos (PROAD) informam que, visando otimizar o atendimento \u00e0s demandas de transporte institucional da Universidade Estadual de Ponta Grossa, foi publicada a Ordem de Servi\u00e7o PROAD n\u00ba 2025.008.<\/p>\n<p>O documento atualiza prazos, procedimentos e crit\u00e9rios para solicita\u00e7\u00f5es de transporte, com o objetivo de:<\/p>\n<ul>\n<li>Garantir a organiza\u00e7\u00e3o e efici\u00eancia na utiliza\u00e7\u00e3o da frota oficial;<\/li>\n<li>Padronizar os fluxos de solicita\u00e7\u00e3o, autoriza\u00e7\u00e3o e atendimento;<\/li>\n<li>Priorizar atividades institucionais de Ensino, Pesquisa, Extens\u00e3o e eventos estrat\u00e9gicos;<\/li>\n<li>Assegurar o cumprimento das normas estabelecidas pelos Decretos Estaduais n\u00ba 6.358\/2024 e n\u00ba 10.255\/2025 e pela Resolu\u00e7\u00e3o SEAP n\u00ba 6.671\/2024.<\/li>\n<\/ul>\n<p>Ressaltamos que todos os pedidos de transporte dever\u00e3o ser formalizados via protocolo SEI, dentro dos prazos estipulados, utilizando o formul\u00e1rio oficial dispon\u00edvel no sistema.<\/p>\n<p>A \u00edntegra da Ordem de Servi\u00e7o, com todos os detalhes e orienta\u00e7\u00f5es, encontra-se abaixo para ci\u00eancia e cumprimento.<\/p>\n<p><a href=\"http:\/\/www2.uepg.br\/proad\/wp-content\/uploads\/sites\/48\/2025\/08\/Ordem-de-Servico-2025.008-CLOG.pdf\">ORDEM DE SERVI\u00c7O PROAD 2025.008 \u2013 Regulamenta solicita\u00e7\u00f5es de transporte institucional<\/a><\/p>\n","protected":false},"excerpt":{"rendered":"<p>ORDEM DE SERVI\u00c7O PROAD 2025.008 &nbsp; A Coordenadoria de Log\u00edstica (CLOG) e a Pr\u00f3-Reitoria de Assuntos Administrativos (PROAD) informam que, visando otimizar o atendimento \u00e0s demandas de transporte institucional da Universidade Estadual de Ponta Grossa, foi publicada a Ordem de Servi\u00e7o PROAD n\u00ba 2025.008. O documento atualiza prazos, procedimentos e crit\u00e9rios para solicita\u00e7\u00f5es de transporte,&nbsp;&hellip;<\/p>\n","protected":false},"author":678,"featured_media":0,"parent":0,"menu_order":0,"comment_status":"closed","ping_status":"closed","template":"","meta":[],"_links":{"self":[{"href":"https:\/\/www2.uepg.br\/proad\/wp-json\/wp\/v2\/pages\/2662"}],"collection":[{"href":"https:\/\/www2.uepg.br\/proad\/wp-json\/wp\/v2\/pages"}],"about":[{"href":"https:\/\/www2.uepg.br\/proad\/wp-json\/wp\/v2\/types\/page"}],"author":[{"embeddable":true,"href":"https:\/\/www2.uepg.br\/proad\/wp-json\/wp\/v2\/users\/678"}],"replies":[{"embeddable":true,"href":"https:\/\/www2.uepg.br\/proad\/wp-json\/wp\/v2\/comments?post=2662"}],"version-history":[{"count":13,"href":"https:\/\/www2.uepg.br\/proad\/wp-json\/wp\/v2\/pages\/2662\/revisions"}],"predecessor-version":[{"id":2710,"href":"https:\/\/www2.uepg.br\/proad\/wp-json\/wp\/v2\/pages\/2662\/revisions\/2710"}],"wp:attachment":[{"href":"https:\/\/www2.uepg.br\/proad\/wp-json\/wp\/v2\/media?parent=2662"}],"curies":[{"name":"wp","href":"https:\/\/api.w.org\/{rel}","templated":true}]}}