{"id":2671,"date":"2025-08-07T16:58:18","date_gmt":"2025-08-07T19:58:18","guid":{"rendered":"https:\/\/www2.uepg.br\/proad\/?page_id=2671"},"modified":"2026-05-13T15:54:38","modified_gmt":"2026-05-13T18:54:38","slug":"solicitacao-de-transporte","status":"publish","type":"page","link":"https:\/\/www2.uepg.br\/proad\/solicitacao-de-transporte\/","title":{"rendered":"Solicita\u00e7\u00e3o de transporte"},"content":{"rendered":"<p style=\"text-align: center\">ORIENTA\u00c7\u00d5ES PARA SOLICITA\u00c7\u00c3O DE TRANSPORTE<\/p>\n<p>As solicita\u00e7\u00f5es de transporte dever\u00e3o ser realizadas por meio de protocolo no sistema <strong>SEI<\/strong>, conforme os procedimentos e prazos estabelecidos nas normativas internas da UEPG e nas Ordens de Servi\u00e7o espec\u00edficas da PROAD.<\/p>\n<p>Quando a solicita\u00e7\u00e3o envolver transporte de passageiros, dever\u00e1 ser utilizada a <strong>Lista de Passageiros<\/strong>, conforme modelo disponibilizado.<br \/>\nAcesse aqui o modelo da lista de passageiros:<\/p>\n<p><a href=\"http:\/\/www2.uepg.br\/proad\/wp-content\/uploads\/sites\/48\/2025\/11\/Modelo-Lista-de-Passageiros.UEPG_.ATUALIZADOfgdfgdfg.doc\">MODELO LISTA DE PASSAGEIROS<\/a><\/p>\n<p><span style=\"color: #ff0000\">Obs.: Para realizar o download dos arquivos, \u00e9 necess\u00e1rio utilizar o navegador Mozilla Firefox.<\/span><\/p>\n<p><strong>ANEXA\u00c7\u00c3O DA LISTA DE PASSAGEIROS<\/strong><\/p>\n<p>A <strong>Lista de Passageiros<\/strong> dever\u00e1 ser anexada ao protocolo <strong>ap\u00f3s a tramita\u00e7\u00e3o, an\u00e1lise e autoriza\u00e7\u00e3o do transporte<\/strong>, devendo estar devidamente preenchida com as informa\u00e7\u00f5es necess\u00e1rias para organiza\u00e7\u00e3o e controle do atendimento.<\/p>\n<p>A lista dever\u00e1 ser preenchida integralmente, com os dados dos passageiros que participar\u00e3o do deslocamento, observando-se a capacidade do ve\u00edculo autorizado e as informa\u00e7\u00f5es necess\u00e1rias para confer\u00eancia e organiza\u00e7\u00e3o da viagem.<\/p>\n<p>No campo destinado ao n\u00famero do <strong>RG<\/strong>, poder\u00e1 ser informado o <strong>CPF<\/strong>, desde que o passageiro possua documento oficial com foto atualizado, no qual conste o referido n\u00famero.<\/p>\n<p>Para <strong>acad\u00eamicos<\/strong>, \u00e9 obrigat\u00f3rio o preenchimento do n\u00famero do RA, a fim de possibilitar a identifica\u00e7\u00e3o e confer\u00eancia do v\u00ednculo com a Universidade.<\/p>\n<p><strong>ATEN\u00c7\u00c3O AOS PRAZOS<\/strong><\/p>\n<p>As solicita\u00e7\u00f5es dever\u00e3o ser encaminhadas com anteced\u00eancia, a fim de possibilitar a an\u00e1lise, organiza\u00e7\u00e3o da escala, verifica\u00e7\u00e3o da disponibilidade de ve\u00edculos e motoristas, bem como demais provid\u00eancias necess\u00e1rias ao atendimento.<br \/>\nO envio da solicita\u00e7\u00e3o n\u00e3o garante automaticamente o atendimento, que depender\u00e1 da disponibilidade da frota, de motorista, da regularidade das informa\u00e7\u00f5es encaminhadas e da observ\u00e2ncia das normas internas aplic\u00e1veis.<\/p>\n<p><strong>RESPONSABILIDADE PELAS INFORMA\u00c7\u00d5ES<\/strong><\/p>\n<p>O(a) solicitante ser\u00e1 respons\u00e1vel pelas informa\u00e7\u00f5es prestadas no protocolo e na lista de passageiros, devendo comunicar \u00e0 CLOG\/PROAD qualquer altera\u00e7\u00e3o, cancelamento ou ajuste necess\u00e1rio antes da realiza\u00e7\u00e3o do deslocamento.<\/p>\n","protected":false},"excerpt":{"rendered":"<p>ORIENTA\u00c7\u00d5ES PARA SOLICITA\u00c7\u00c3O DE TRANSPORTE As solicita\u00e7\u00f5es de transporte dever\u00e3o ser realizadas por meio de protocolo no sistema SEI, conforme os procedimentos e prazos estabelecidos nas normativas internas da UEPG e nas Ordens de Servi\u00e7o espec\u00edficas da PROAD. Quando a solicita\u00e7\u00e3o envolver transporte de passageiros, dever\u00e1 ser utilizada a Lista de Passageiros, conforme modelo disponibilizado.&nbsp;&hellip;<\/p>\n","protected":false},"author":678,"featured_media":0,"parent":0,"menu_order":0,"comment_status":"closed","ping_status":"closed","template":"","meta":[],"_links":{"self":[{"href":"https:\/\/www2.uepg.br\/proad\/wp-json\/wp\/v2\/pages\/2671"}],"collection":[{"href":"https:\/\/www2.uepg.br\/proad\/wp-json\/wp\/v2\/pages"}],"about":[{"href":"https:\/\/www2.uepg.br\/proad\/wp-json\/wp\/v2\/types\/page"}],"author":[{"embeddable":true,"href":"https:\/\/www2.uepg.br\/proad\/wp-json\/wp\/v2\/users\/678"}],"replies":[{"embeddable":true,"href":"https:\/\/www2.uepg.br\/proad\/wp-json\/wp\/v2\/comments?post=2671"}],"version-history":[{"count":12,"href":"https:\/\/www2.uepg.br\/proad\/wp-json\/wp\/v2\/pages\/2671\/revisions"}],"predecessor-version":[{"id":2959,"href":"https:\/\/www2.uepg.br\/proad\/wp-json\/wp\/v2\/pages\/2671\/revisions\/2959"}],"wp:attachment":[{"href":"https:\/\/www2.uepg.br\/proad\/wp-json\/wp\/v2\/media?parent=2671"}],"curies":[{"name":"wp","href":"https:\/\/api.w.org\/{rel}","templated":true}]}}