{"id":277,"date":"2019-12-06T14:30:56","date_gmt":"2019-12-06T17:30:56","guid":{"rendered":"http:\/\/www2.uepg.br\/proad\/?page_id=277"},"modified":"2025-05-12T15:42:03","modified_gmt":"2025-05-12T18:42:03","slug":"balancos-contabeis","status":"publish","type":"page","link":"https:\/\/www2.uepg.br\/proad\/balancos-contabeis\/","title":{"rendered":"BALAN\u00c7OS CONT\u00c1BEIS"},"content":{"rendered":"<div id=\"pl-277\"  class=\"panel-layout\" ><div id=\"pg-277-0\"  class=\"panel-grid panel-no-style\" ><div id=\"pgc-277-0-0\"  class=\"panel-grid-cell\" ><div id=\"panel-277-0-0-0\" class=\"so-panel widget widget_sow-accordion panel-first-child panel-last-child\" data-index=\"0\" ><div\n\t\t\t\n\t\t\tclass=\"so-widget-sow-accordion so-widget-sow-accordion-default-cb315fb9f873-277\"\n\t\t\t\n\t\t><div>\n\t<div class=\"sow-accordion\">\n\t\t\t<div class=\"sow-accordion-panel\"\n\t\t\t data-anchor=\"balan%c3%a7os-financeiros\">\n\t\t\t\t<div class=\"sow-accordion-panel-header-container\" role=\"heading\" aria-level=\"2\">\n\t\t\t\t\t<div class=\"sow-accordion-panel-header\" tabindex=\"0\" role=\"button\" id=\"accordion-label-balan%c3%a7os-financeiros\" aria-controls=\"accordion-content-balan%c3%a7os-financeiros\" aria-expanded=\"false\">\n\t\t\t\t\t\t<div class=\"sow-accordion-title sow-accordion-title-icon-left\">\n\t\t\t\t\t\t\t\t\t\t\t\t\t\tBALAN\u00c7OS FINANCEIROS\t\t\t\t\t\t\t\t\t\t\t\t\t<\/div>\n\t\t\t\t\t\t<div class=\"sow-accordion-open-close-button\">\n\t\t\t\t\t\t\t<div class=\"sow-accordion-open-button\">\n\t\t\t\t\t\t\t\t<span class=\"sow-icon-ionicons\" data-sow-icon=\"&#xf218;\"\n\t\t \n\t\taria-hidden=\"true\"><\/span>\t\t\t\t\t\t\t<\/div>\n\t\t\t\t\t\t\t<div class=\"sow-accordion-close-button\">\n\t\t\t\t\t\t\t\t<span class=\"sow-icon-ionicons\" data-sow-icon=\"&#xf209;\"\n\t\t \n\t\taria-hidden=\"true\"><\/span>\t\t\t\t\t\t\t<\/div>\n\t\t\t\t\t\t<\/div>\n\t\t\t\t\t<\/div>\n\t\t\t\t<\/div>\n\n\t\t\t<div\n\t\t\t\tclass=\"sow-accordion-panel-content\"\n\t\t\t\trole=\"region\"\n\t\t\t\taria-labelledby=\"accordion-label-balan%c3%a7os-financeiros\"\n\t\t\t\tid=\"accordion-content-balan%c3%a7os-financeiros\"\n\t\t\t\tstyle=\"display: none;\"\t\t\t>\n\t\t\t\t<div class=\"sow-accordion-panel-border\" tabindex=\"0\">\n\t\t\t\t\t<p style=\"text-align: center\"><strong>Exerc\u00edcio Anual de 2024<\/strong><\/p>\n<p style=\"text-align: center\"><a href=\"http:\/\/www2.uepg.br\/proad\/wp-content\/uploads\/sites\/48\/2025\/05\/XVI-B-BALANCO-FINANCEIRO.pdf\"> BALAN\u00c7O FINANCEIRO 2024<\/a><\/p>\n<p style=\"text-align: center\"><strong>Exerc\u00edcio Anual de 2023<\/strong><\/p>\n<p style=\"text-align: center\"><a href=\"http:\/\/www2.uepg.br\/proad\/wp-content\/uploads\/sites\/48\/2024\/04\/XVI-B-BALANCO-FINANCEIRO.pdf\">BALAN\u00c7O FINANCEIRO 2023<\/a><\/p>\n<p style=\"text-align: center\"><strong>Exerc\u00edcio Anual de 2022<\/strong><\/p>\n<p style=\"text-align: center\"><a href=\"http:\/\/www2.uepg.br\/proad\/wp-content\/uploads\/sites\/48\/2023\/05\/XVI-B-BALANCO-FINANCEIRO.pdf\">BALAN\u00c7O FINANCEIRO 2022<\/a><\/p>\n<p style=\"text-align: center\"><strong>\u00a0 Exerc\u00edcio Anual de 2021<\/strong><\/p>\n<p style=\"text-align: center\"><a href=\"http:\/\/www2.uepg.br\/proad\/wp-content\/uploads\/sites\/48\/2022\/04\/XVI-B-BALANCO-FINANCEIRO-1.pdf\">BALAN\u00c7O FINANCEIRO 2021<\/a><\/p>\n<p style=\"text-align: center\"><strong>Exerc\u00edcio Anual de 2020<\/strong><\/p>\n<p style=\"text-align: center\"><a href=\"http:\/\/www2.uepg.br\/proad\/wp-content\/uploads\/sites\/48\/2021\/05\/XVI-B-BALANCO-FINANCEIRO-1.pdf\">BALAN\u00c7O FINANCEIRO 2020<\/a><\/p>\n<p style=\"text-align: center\"><strong>\u00a0Exerc\u00edcio Anual de 2019<\/strong><\/p>\n<p style=\"text-align: center\"><a href=\"http:\/\/www2.uepg.br\/proad\/wp-content\/uploads\/sites\/48\/2021\/05\/XVI-B-BALANCO-FINANCEIRO.pdf\"> BALAN\u00c7O FINANCEIRO 2019<\/a><\/p>\n<p style=\"text-align: center\"><strong>Exerc\u00edcio Anual de 2018<\/strong><\/p>\n<p style=\"text-align: center\"><a href=\"http:\/\/www2.uepg.br\/proad\/wp-content\/uploads\/sites\/48\/2019\/12\/sia855.pdf\" target=\"_blank\" rel=\"noopener\">Balan\u00e7os Financeiros de 2018<\/a><\/p>\n<p>&nbsp;<\/p>\n<p style=\"text-align: center\"><strong>Exerc\u00edcio Anual de 2017<\/strong><\/p>\n<p style=\"text-align: center\"><a href=\"http:\/\/www2.uepg.br\/proad\/wp-content\/uploads\/sites\/48\/2019\/12\/sia855-1.pdf\" target=\"_blank\" rel=\"noopener\">Balan\u00e7os Financeiros de 2017<\/a><\/p>\n<p>&nbsp;<\/p>\n<p style=\"text-align: center\"><strong>Exerc\u00edcio Anual de 2016<\/strong><\/p>\n<p style=\"text-align: center\"><a href=\"http:\/\/www2.uepg.br\/proad\/wp-content\/uploads\/sites\/48\/2019\/12\/sia855-2.pdf\" target=\"_blank\" rel=\"noopener\">Balan\u00e7os Financeiros de 2016<\/a><\/p>\n<p>&nbsp;<\/p>\n<p style=\"text-align: center\"><strong>Exerc\u00edcio Anual de 2015<\/strong><\/p>\n<p style=\"text-align: center\"><a href=\"http:\/\/www2.uepg.br\/proad\/wp-content\/uploads\/sites\/48\/2019\/12\/sia855-3.pdf\" target=\"_blank\" rel=\"noopener\">Balan\u00e7os Financeiros de 2015<\/a><\/p>\n<p>&nbsp;<\/p>\n<p style=\"text-align: center\"><strong>Exerc\u00edcio Anual de 2014<\/strong><\/p>\n<p style=\"text-align: center\"><a href=\"http:\/\/www2.uepg.br\/proad\/wp-content\/uploads\/sites\/48\/2019\/12\/sia855-4.pdf\" target=\"_blank\" rel=\"noopener\">Balan\u00e7os Financeiros de 2014<\/a><\/p>\n<p style=\"text-align: center\"><a href=\"http:\/\/www2.uepg.br\/proad\/wp-content\/uploads\/sites\/48\/2019\/12\/sia855-n.pdf\" target=\"_blank\" rel=\"noopener\">Balan\u00e7os Financeiros de 2014<\/a><\/p>\n<p>&nbsp;<\/p>\n<p style=\"text-align: center\"><strong>Exerc\u00edcio Anual de 2013<\/strong><\/p>\n<p style=\"text-align: center\"><a href=\"http:\/\/www2.uepg.br\/proad\/wp-content\/uploads\/sites\/48\/2019\/12\/sia855-5.pdf\" target=\"_blank\" rel=\"noopener\">Balan\u00e7os Financeiros de 2013<\/a><\/p>\n<p>&nbsp;<\/p>\n<p style=\"text-align: center\"><strong>Exerc\u00edcio Anual de 2011<\/strong><\/p>\n<p style=\"text-align: center\">\u00a0<a href=\"http:\/\/www2.uepg.br\/proad\/wp-content\/uploads\/sites\/48\/2019\/12\/sia855-6.pdf\" target=\"_blank\" rel=\"noopener\">Balan\u00e7os Financeiros de 2011<\/a><\/p>\n<p>&nbsp;<\/p>\n<p style=\"text-align: center\"><strong>Exerc\u00edcio Anual de 2010<\/strong><\/p>\n<p style=\"text-align: center\"><a href=\"http:\/\/www2.uepg.br\/proad\/wp-content\/uploads\/sites\/48\/2019\/12\/sia855-7.pdf\" target=\"_blank\" rel=\"noopener\">Balan\u00e7os Financeiros de 2010\u00a0<\/a><\/p>\n<p>&nbsp;<\/p>\n\t\t\t\t<\/div>\n\t\t\t<\/div>\n\t\t<\/div>\n\t\t\t<div class=\"sow-accordion-panel\"\n\t\t\t data-anchor=\"balan%c3%a7os-or%c3%a7ament%c3%a1rios\">\n\t\t\t\t<div class=\"sow-accordion-panel-header-container\" role=\"heading\" aria-level=\"2\">\n\t\t\t\t\t<div class=\"sow-accordion-panel-header\" tabindex=\"0\" role=\"button\" id=\"accordion-label-balan%c3%a7os-or%c3%a7ament%c3%a1rios\" aria-controls=\"accordion-content-balan%c3%a7os-or%c3%a7ament%c3%a1rios\" aria-expanded=\"false\">\n\t\t\t\t\t\t<div class=\"sow-accordion-title sow-accordion-title-icon-left\">\n\t\t\t\t\t\t\t\t\t\t\t\t\t\tBALAN\u00c7OS OR\u00c7AMENT\u00c1RIOS\t\t\t\t\t\t\t\t\t\t\t\t\t<\/div>\n\t\t\t\t\t\t<div class=\"sow-accordion-open-close-button\">\n\t\t\t\t\t\t\t<div class=\"sow-accordion-open-button\">\n\t\t\t\t\t\t\t\t<span class=\"sow-icon-ionicons\" data-sow-icon=\"&#xf218;\"\n\t\t \n\t\taria-hidden=\"true\"><\/span>\t\t\t\t\t\t\t<\/div>\n\t\t\t\t\t\t\t<div class=\"sow-accordion-close-button\">\n\t\t\t\t\t\t\t\t<span class=\"sow-icon-ionicons\" data-sow-icon=\"&#xf209;\"\n\t\t \n\t\taria-hidden=\"true\"><\/span>\t\t\t\t\t\t\t<\/div>\n\t\t\t\t\t\t<\/div>\n\t\t\t\t\t<\/div>\n\t\t\t\t<\/div>\n\n\t\t\t<div\n\t\t\t\tclass=\"sow-accordion-panel-content\"\n\t\t\t\trole=\"region\"\n\t\t\t\taria-labelledby=\"accordion-label-balan%c3%a7os-or%c3%a7ament%c3%a1rios\"\n\t\t\t\tid=\"accordion-content-balan%c3%a7os-or%c3%a7ament%c3%a1rios\"\n\t\t\t\tstyle=\"display: none;\"\t\t\t>\n\t\t\t\t<div class=\"sow-accordion-panel-border\" tabindex=\"0\">\n\t\t\t\t\t<p style=\"text-align: center\"><strong>Exerc\u00edcio Anual de 2024<\/strong><\/p>\n<p style=\"text-align: center\"><strong><a href=\"http:\/\/www2.uepg.br\/proad\/wp-content\/uploads\/sites\/48\/2025\/05\/XVI-A-BALANCO-ORCAMENTARIO.pdf\">BALAN\u00c7O OR\u00c7AMENTARIO 2024<\/a><\/strong><\/p>\n<p style=\"text-align: center\"><strong>Exerc\u00edcio Anual de 2023<\/strong><\/p>\n<p style=\"text-align: center\"><a href=\"http:\/\/www2.uepg.br\/proad\/wp-content\/uploads\/sites\/48\/2024\/04\/XVI-A-BALANCO-ORCAMENTARIO.pdf\">BALAN\u00c7O OR\u00c7AMENTARIO 2023<\/a><\/p>\n<p style=\"text-align: center\"><strong>Exerc\u00edcio Anual de 2022<\/strong><\/p>\n<p style=\"text-align: center\"><a href=\"http:\/\/www2.uepg.br\/proad\/wp-content\/uploads\/sites\/48\/2023\/05\/XVI-A-BALANCO-ORCAMENTARIO.pdf\">BALAN\u00c7O OR\u00c7AMENTARIO 2022<\/a><\/p>\n<p style=\"text-align: center\"><strong>Exerc\u00edcio Anual de 2021<\/strong><\/p>\n<p style=\"text-align: center\"><a href=\"http:\/\/www2.uepg.br\/proad\/wp-content\/uploads\/sites\/48\/2022\/04\/XVI-A-BALANCO-ORCAMENTARIO.pdf\">BALAN\u00c7O OR\u00c7AMENTARIO 2021<\/a><\/p>\n<p style=\"text-align: center\"><strong>Exerc\u00edcio Anual de 2020<\/strong><\/p>\n<p style=\"text-align: center\"><a href=\"http:\/\/www2.uepg.br\/proad\/wp-content\/uploads\/sites\/48\/2021\/05\/XVI-A-BALANCO-ORCAMENTARIO-1.pdf\">BALAN\u00c7O OR\u00c7AMENTARIO 2020<\/a><\/p>\n<p style=\"text-align: center\"><strong>Exerc\u00edcio Anual de 2019<\/strong><\/p>\n<p style=\"text-align: center\"><a href=\"http:\/\/www2.uepg.br\/proad\/wp-content\/uploads\/sites\/48\/2021\/05\/XVI-A-BALANCO-ORCAMENTARIO.pdf\">BALAN\u00c7O OR\u00c7AMENTARIO 2019<\/a><\/p>\n<p style=\"text-align: center\"><strong>Exerc\u00edcio Anual de 2018<\/strong><\/p>\n<p style=\"text-align: center\"><a href=\"http:\/\/www2.uepg.br\/proad\/wp-content\/uploads\/sites\/48\/2019\/12\/sia850.pdf\" target=\"_blank\" rel=\"noopener\">Balan\u00e7os Or\u00e7ament\u00e1rios de 2018<\/a><\/p>\n<p>&nbsp;<\/p>\n<p style=\"text-align: center\"><strong>Exerc\u00edcio Anual de 2017<\/strong><\/p>\n<p style=\"text-align: center\"><a href=\"http:\/\/www2.uepg.br\/proad\/wp-content\/uploads\/sites\/48\/2019\/12\/sia850_receita.pdf\" target=\"_blank\" rel=\"noopener\">Balan\u00e7os Or\u00e7ament\u00e1rios de 2017 - Receita<\/a><\/p>\n<p style=\"text-align: center\"><a href=\"http:\/\/www2.uepg.br\/proad\/wp-content\/uploads\/sites\/48\/2019\/12\/sia850_despesa.pdf\" target=\"_blank\" rel=\"noopener\">Balan\u00e7os Or\u00e7ament\u00e1rios de 2017 - Despesas<\/a><\/p>\n<p>&nbsp;<\/p>\n<p style=\"text-align: center\"><strong>Exerc\u00edcio Anual de 2016<\/strong><\/p>\n<p style=\"text-align: center\"><a href=\"http:\/\/www2.uepg.br\/proad\/wp-content\/uploads\/sites\/48\/2019\/12\/sia850_receita-1.pdf\" target=\"_blank\" rel=\"noopener\">Balan\u00e7os Or\u00e7ament\u00e1rios de 2016 - Receita<\/a><\/p>\n<p style=\"text-align: center\"><a href=\"http:\/\/www2.uepg.br\/proad\/wp-content\/uploads\/sites\/48\/2019\/12\/sia850_despesa-1.pdf\" target=\"_blank\" rel=\"noopener\">Balan\u00e7os Or\u00e7ament\u00e1rios de 2016 - Despesas<\/a><\/p>\n<p style=\"text-align: center\"><a href=\"http:\/\/www2.uepg.br\/proad\/wp-content\/uploads\/sites\/48\/2019\/12\/sia850_restos.pdf\" target=\"_blank\" rel=\"noopener\">Balan\u00e7os Or\u00e7ament\u00e1rios de 2016 - Restos a Pagar Processados e n\u00e3o Processados Liquidados<\/a><\/p>\n<p style=\"text-align: center\"><a href=\"http:\/\/www2.uepg.br\/proad\/wp-content\/uploads\/sites\/48\/2019\/12\/sia850_restosn.pdf\" target=\"_blank\" rel=\"noopener\">Balan\u00e7os Or\u00e7ament\u00e1rios de 2016 - Restos a Pagar n\u00e3o Processados<\/a><\/p>\n<p>&nbsp;<\/p>\n<p style=\"text-align: center\"><strong>Exerc\u00edcio Anual de 2015<\/strong><\/p>\n<p style=\"text-align: center\"><a href=\"http:\/\/www2.uepg.br\/proad\/wp-content\/uploads\/sites\/48\/2019\/12\/sia850_receita-2.pdf\" target=\"_blank\" rel=\"noopener\">Balan\u00e7os Or\u00e7ament\u00e1rios de 2015 - Receita<\/a><\/p>\n<p style=\"text-align: center\"><a href=\"http:\/\/www2.uepg.br\/proad\/wp-content\/uploads\/sites\/48\/2019\/12\/sia850_despesa-2.pdf\" target=\"_blank\" rel=\"noopener\">Balan\u00e7os Or\u00e7ament\u00e1rios de 2015 - Despesas<\/a><\/p>\n<p style=\"text-align: center\"><a href=\"http:\/\/www2.uepg.br\/proad\/wp-content\/uploads\/sites\/48\/2019\/12\/sia850_restos-1.pdf\" target=\"_blank\" rel=\"noopener\">Balan\u00e7os Or\u00e7ament\u00e1rios de 2015 - Restos a Pagar Processados e n\u00e3o Processados Liquidados<\/a><\/p>\n<p style=\"text-align: center\">\u00a0<a href=\"http:\/\/www2.uepg.br\/proad\/wp-content\/uploads\/sites\/48\/2019\/12\/sia850_restosn-1.pdf\" target=\"_blank\" rel=\"noopener\">Balan\u00e7os Or\u00e7ament\u00e1rios de 2015 - Restos a Pagar n\u00e3o Processados<\/a><\/p>\n<p>&nbsp;<\/p>\n<p style=\"text-align: center\"><strong>Exerc\u00edcio Anual de 2014<\/strong><\/p>\n<p style=\"text-align: center\"><a href=\"http:\/\/www2.uepg.br\/proad\/wp-content\/uploads\/sites\/48\/2019\/12\/sia850-1.pdf\" target=\"_blank\" rel=\"noopener\">Balan\u00e7os Or\u00e7ament\u00e1rios de 2014<\/a><\/p>\n<p style=\"text-align: center\"><a href=\"http:\/\/www2.uepg.br\/proad\/wp-content\/uploads\/sites\/48\/2019\/12\/sia850-receita.pdf\" target=\"_blank\" rel=\"noopener\">Balan\u00e7os Or\u00e7ament\u00e1rios de 2014 - Receita<\/a><\/p>\n<p style=\"text-align: center\"><a href=\"http:\/\/www2.uepg.br\/proad\/wp-content\/uploads\/sites\/48\/2019\/12\/sia850-despesa.pdf\" target=\"_blank\" rel=\"noopener\">Balan\u00e7os Or\u00e7ament\u00e1rios de 2014 - Despesas<\/a><\/p>\n<p style=\"text-align: center\"><a href=\"http:\/\/www2.uepg.br\/proad\/wp-content\/uploads\/sites\/48\/2019\/12\/sia850-restos1.pdf\" target=\"_blank\" rel=\"noopener\">Balan\u00e7os Or\u00e7ament\u00e1rios de 2014 - Restos a Pagar Processados e n\u00e3o Processados Liquidados<\/a><\/p>\n<p style=\"text-align: center\">Balan\u00e7os Or\u00e7ament\u00e1rios de 2014 - Restos a Pagar n\u00e3o Processados<\/p>\n<p>&nbsp;<\/p>\n<p style=\"text-align: center\"><strong>Exerc\u00edcio Anual de 2013<\/strong><\/p>\n<p style=\"text-align: center\"><a href=\"http:\/\/www2.uepg.br\/proad\/wp-content\/uploads\/sites\/48\/2019\/12\/sia850-2.pdf\" target=\"_blank\" rel=\"noopener\">Balan\u00e7os Or\u00e7ament\u00e1rios de 2013<\/a><\/p>\n<p>&nbsp;<\/p>\n<p style=\"text-align: center\"><strong>Exerc\u00edcio Anual de 2011<\/strong><\/p>\n<p style=\"text-align: center\">\u00a0<a href=\"http:\/\/www2.uepg.br\/proad\/wp-content\/uploads\/sites\/48\/2019\/12\/sia850-3.pdf\" target=\"_blank\" rel=\"noopener\">Balan\u00e7os Or\u00e7ament\u00e1rios de 2011<\/a><\/p>\n<p>&nbsp;<\/p>\n<p style=\"text-align: center\"><strong>Exerc\u00edcio Anual de 2010<\/strong><\/p>\n<p style=\"text-align: center\">\u00a0 \u00a0 <a href=\"http:\/\/www2.uepg.br\/proad\/wp-content\/uploads\/sites\/48\/2019\/12\/sia850-4.pdf\" target=\"_blank\" rel=\"noopener\">Balan\u00e7os Or\u00e7ament\u00e1rios de 2010<\/a><\/p>\n<p>&nbsp;<\/p>\n\t\t\t\t<\/div>\n\t\t\t<\/div>\n\t\t<\/div>\n\t\t\t<div class=\"sow-accordion-panel\"\n\t\t\t data-anchor=\"balan%c3%a7os-patrimoniais\">\n\t\t\t\t<div class=\"sow-accordion-panel-header-container\" role=\"heading\" aria-level=\"2\">\n\t\t\t\t\t<div class=\"sow-accordion-panel-header\" tabindex=\"0\" role=\"button\" id=\"accordion-label-balan%c3%a7os-patrimoniais\" aria-controls=\"accordion-content-balan%c3%a7os-patrimoniais\" aria-expanded=\"false\">\n\t\t\t\t\t\t<div class=\"sow-accordion-title sow-accordion-title-icon-left\">\n\t\t\t\t\t\t\t\t\t\t\t\t\t\tBALAN\u00c7OS PATRIMONIAIS\t\t\t\t\t\t\t\t\t\t\t\t\t<\/div>\n\t\t\t\t\t\t<div class=\"sow-accordion-open-close-button\">\n\t\t\t\t\t\t\t<div class=\"sow-accordion-open-button\">\n\t\t\t\t\t\t\t\t<span class=\"sow-icon-ionicons\" data-sow-icon=\"&#xf218;\"\n\t\t \n\t\taria-hidden=\"true\"><\/span>\t\t\t\t\t\t\t<\/div>\n\t\t\t\t\t\t\t<div class=\"sow-accordion-close-button\">\n\t\t\t\t\t\t\t\t<span class=\"sow-icon-ionicons\" data-sow-icon=\"&#xf209;\"\n\t\t \n\t\taria-hidden=\"true\"><\/span>\t\t\t\t\t\t\t<\/div>\n\t\t\t\t\t\t<\/div>\n\t\t\t\t\t<\/div>\n\t\t\t\t<\/div>\n\n\t\t\t<div\n\t\t\t\tclass=\"sow-accordion-panel-content\"\n\t\t\t\trole=\"region\"\n\t\t\t\taria-labelledby=\"accordion-label-balan%c3%a7os-patrimoniais\"\n\t\t\t\tid=\"accordion-content-balan%c3%a7os-patrimoniais\"\n\t\t\t\tstyle=\"display: none;\"\t\t\t>\n\t\t\t\t<div class=\"sow-accordion-panel-border\" tabindex=\"0\">\n\t\t\t\t\t<p style=\"text-align: center\"><strong>Exerc\u00edcio Anual de 2024<\/strong><\/p>\n<p style=\"text-align: center\"><a href=\"http:\/\/www2.uepg.br\/proad\/wp-content\/uploads\/sites\/48\/2025\/05\/XVI-C-BALANCO-PATRIMONIAL.pdf\"> BALAN\u00c7O PATRIMONIAL 2024<\/a><\/p>\n<p style=\"text-align: center\"><strong>Exerc\u00edcio Anual de 2023<\/strong><\/p>\n<p style=\"text-align: center\"><a href=\"http:\/\/www2.uepg.br\/proad\/wp-content\/uploads\/sites\/48\/2024\/04\/XVI-C-BALANCO-PATRIMONIAL.pdf\">BALAN\u00c7O PATRIMONIAL 2023<\/a><\/p>\n<p style=\"text-align: center\"><strong>Exerc\u00edcio Anual de 2022<\/strong><\/p>\n<p style=\"text-align: center\"><a href=\"http:\/\/www2.uepg.br\/proad\/wp-content\/uploads\/sites\/48\/2023\/05\/XVI-C-BALANCO-PATRIMONIAL.pdf\">BALAN\u00c7O PATRIMONIAL 2022<\/a><\/p>\n<p style=\"text-align: center\"><strong>Exerc\u00edcio Anual de 2021<\/strong><\/p>\n<p style=\"text-align: center\"><a href=\"http:\/\/www2.uepg.br\/proad\/wp-content\/uploads\/sites\/48\/2022\/04\/XVI-C-BALANCO-PATRIMONIAL.pdf\">BALAN\u00c7O PATRIMONIAL 2021<\/a><\/p>\n<p style=\"text-align: center\"><strong>Exerc\u00edcio Anual de 2020<\/strong><\/p>\n<p style=\"text-align: center\"><a href=\"http:\/\/www2.uepg.br\/proad\/wp-content\/uploads\/sites\/48\/2021\/05\/XVI-C-BALANCO-PATRIMONIAL-1.pdf\">BALAN\u00c7O PATRIMONIAL 2020<\/a><\/p>\n<p style=\"text-align: center\"><strong>Exerc\u00edcio Anual de 2019<\/strong><\/p>\n<p style=\"text-align: center\"><a href=\"http:\/\/www2.uepg.br\/proad\/wp-content\/uploads\/sites\/48\/2021\/05\/XVI-C-BALANCO-PATRIMONIAL.pdf\">BALAN\u00c7O PATRIMONIAL 2019<\/a><\/p>\n<p style=\"text-align: center\"><strong>Exerc\u00edcio Anual de 2018<\/strong><\/p>\n<p style=\"text-align: center\"><a href=\"http:\/\/www2.uepg.br\/proad\/wp-content\/uploads\/sites\/48\/2019\/12\/sia860.pdf\" target=\"_blank\" rel=\"noopener\">Balan\u00e7os Patrimoniais de 2018\u00a0<\/a><\/p>\n<p>&nbsp;<\/p>\n<p style=\"text-align: center\"><strong>Exerc\u00edcio Anual de 2017<\/strong><\/p>\n<p style=\"text-align: center\"><a href=\"http:\/\/www2.uepg.br\/proad\/wp-content\/uploads\/sites\/48\/2019\/12\/sia860c.pdf\" target=\"_blank\" rel=\"noopener\">Balan\u00e7os Patrimoniais de 2017 com Encerramento<\/a><\/p>\n<p style=\"text-align: center\"><a href=\"http:\/\/www2.uepg.br\/proad\/wp-content\/uploads\/sites\/48\/2019\/12\/sia860s.pdf\" target=\"_blank\" rel=\"noopener\">Balan\u00e7os Patrimoniais de 2017 sem Encerramento<\/a><\/p>\n<p>&nbsp;<\/p>\n<p style=\"text-align: center\"><strong>Exerc\u00edcio Anual de 2016<\/strong><\/p>\n<p style=\"text-align: center\"><a href=\"http:\/\/www2.uepg.br\/proad\/wp-content\/uploads\/sites\/48\/2019\/12\/sia860c-1.pdf\" target=\"_blank\" rel=\"noopener\">Balan\u00e7os Patrimoniais de 2016 com Encerramento<\/a><\/p>\n<p style=\"text-align: center\"><a href=\"http:\/\/www2.uepg.br\/proad\/wp-content\/uploads\/sites\/48\/2019\/12\/sia860s-1.pdf\" target=\"_blank\" rel=\"noopener\">Balan\u00e7os Patrimoniais de 2016 sem Encerramento<\/a><\/p>\n<p>&nbsp;<\/p>\n<p style=\"text-align: center\"><strong>Exerc\u00edcio Anual de 2015<\/strong><\/p>\n<p style=\"text-align: center\"><a href=\"http:\/\/www2.uepg.br\/proad\/wp-content\/uploads\/sites\/48\/2019\/12\/sia860c-2.pdf\" target=\"_blank\" rel=\"noopener\">Balan\u00e7os Patrimoniais de 2015 com Encerramento<\/a><\/p>\n<p style=\"text-align: center\"><a href=\"http:\/\/www2.uepg.br\/proad\/wp-content\/uploads\/sites\/48\/2019\/12\/sia860s-2.pdf\" target=\"_blank\" rel=\"noopener\">Balan\u00e7os Patrimoniais de 2015 sem Encerramento<\/a><\/p>\n<p>&nbsp;<\/p>\n<p style=\"text-align: center\"><strong>Exerc\u00edcio Anual de 2014<\/strong><\/p>\n<p style=\"text-align: center\"><a href=\"http:\/\/www2.uepg.br\/proad\/wp-content\/uploads\/sites\/48\/2019\/12\/sia860-1.pdf\" target=\"_blank\" rel=\"noopener\">Balan\u00e7os Patrimoniais de 2014 com Encerramento<\/a><\/p>\n<p style=\"text-align: center\"><a href=\"http:\/\/www2.uepg.br\/proad\/wp-content\/uploads\/sites\/48\/2019\/12\/sia860-n.pdf\" target=\"_blank\" rel=\"noopener\">Balan\u00e7os Patrimoniais de 2014 sem Encerramento<\/a><\/p>\n<p>&nbsp;<\/p>\n<p style=\"text-align: center\"><strong>Exerc\u00edcio Anual de 2013<\/strong><\/p>\n<p style=\"text-align: center\"><a href=\"http:\/\/www2.uepg.br\/proad\/wp-content\/uploads\/sites\/48\/2019\/12\/sia860-2.pdf\" target=\"_blank\" rel=\"noopener\">Balan\u00e7os Patrimoniais de 2013<\/a><\/p>\n<p>&nbsp;<\/p>\n<p style=\"text-align: center\"><strong>Exerc\u00edcio Anual de 2011<\/strong><\/p>\n<p style=\"text-align: center\"><a href=\"http:\/\/www2.uepg.br\/proad\/wp-content\/uploads\/sites\/48\/2019\/12\/sia860-3.pdf\" target=\"_blank\" rel=\"noopener\">Balan\u00e7os Patrimoniais de 2011<\/a><\/p>\n<p>&nbsp;<\/p>\n<p style=\"text-align: center\"><strong>Exerc\u00edcio Anual de 2010<\/strong><\/p>\n<p style=\"text-align: center\">\u00a0<a href=\"http:\/\/www2.uepg.br\/proad\/wp-content\/uploads\/sites\/48\/2019\/12\/sia860-4.pdf\" target=\"_blank\" rel=\"noopener\">Balan\u00e7os Patrimoniais de 2010<\/a><\/p>\n<p>&nbsp;<\/p>\n<p>&nbsp;<\/p>\n\t\t\t\t<\/div>\n\t\t\t<\/div>\n\t\t<\/div>\n\t\t\t<div class=\"sow-accordion-panel\"\n\t\t\t data-anchor=\"notas-explicativas\">\n\t\t\t\t<div class=\"sow-accordion-panel-header-container\" role=\"heading\" aria-level=\"2\">\n\t\t\t\t\t<div class=\"sow-accordion-panel-header\" tabindex=\"0\" role=\"button\" id=\"accordion-label-notas-explicativas\" aria-controls=\"accordion-content-notas-explicativas\" aria-expanded=\"false\">\n\t\t\t\t\t\t<div class=\"sow-accordion-title sow-accordion-title-icon-left\">\n\t\t\t\t\t\t\t\t\t\t\t\t\t\tNOTAS EXPLICATIVAS\t\t\t\t\t\t\t\t\t\t\t\t\t<\/div>\n\t\t\t\t\t\t<div class=\"sow-accordion-open-close-button\">\n\t\t\t\t\t\t\t<div class=\"sow-accordion-open-button\">\n\t\t\t\t\t\t\t\t<span class=\"sow-icon-ionicons\" data-sow-icon=\"&#xf218;\"\n\t\t \n\t\taria-hidden=\"true\"><\/span>\t\t\t\t\t\t\t<\/div>\n\t\t\t\t\t\t\t<div class=\"sow-accordion-close-button\">\n\t\t\t\t\t\t\t\t<span class=\"sow-icon-ionicons\" data-sow-icon=\"&#xf209;\"\n\t\t \n\t\taria-hidden=\"true\"><\/span>\t\t\t\t\t\t\t<\/div>\n\t\t\t\t\t\t<\/div>\n\t\t\t\t\t<\/div>\n\t\t\t\t<\/div>\n\n\t\t\t<div\n\t\t\t\tclass=\"sow-accordion-panel-content\"\n\t\t\t\trole=\"region\"\n\t\t\t\taria-labelledby=\"accordion-label-notas-explicativas\"\n\t\t\t\tid=\"accordion-content-notas-explicativas\"\n\t\t\t\tstyle=\"display: none;\"\t\t\t>\n\t\t\t\t<div class=\"sow-accordion-panel-border\" tabindex=\"0\">\n\t\t\t\t\t<p style=\"text-align: center\"><strong>Exerc\u00edcio Anual de 2024<\/strong><\/p>\n<p style=\"text-align: center\"><a href=\"http:\/\/www2.uepg.br\/proad\/wp-content\/uploads\/sites\/48\/2025\/05\/XVI-F-NOTAS-EXPLICATIVAS-AS-DCASP.pdf\">NOTAS EXPLICATIVAS \u00c0S DCASP 2024<\/a><\/p>\n<p style=\"text-align: center\">EXERC\u00cdCIO ANUAL DE 2023<\/p>\n<p style=\"text-align: center\"><a href=\"http:\/\/www2.uepg.br\/proad\/wp-content\/uploads\/sites\/48\/2024\/04\/XVI-F-Notas-Explicativas-Dcasp.pdf\">\u00a0Notas Explicativas Dcasp<\/a><\/p>\n\t\t\t\t<\/div>\n\t\t\t<\/div>\n\t\t<\/div>\n\t\t<\/div>\n<\/div>\n<\/div><\/div><\/div><\/div><\/div>","protected":false},"excerpt":{"rendered":"<p>BALAN\u00c7OS FINANCEIROS Exerc\u00edcio Anual de 2024 BALAN\u00c7O FINANCEIRO 2024 Exerc\u00edcio Anual de 2023 BALAN\u00c7O FINANCEIRO 2023 Exerc\u00edcio Anual de 2022 BALAN\u00c7O FINANCEIRO 2022 \u00a0 Exerc\u00edcio Anual de 2021 BALAN\u00c7O FINANCEIRO 2021 Exerc\u00edcio Anual de 2020 BALAN\u00c7O FINANCEIRO 2020 \u00a0Exerc\u00edcio Anual de 2019 BALAN\u00c7O FINANCEIRO 2019 Exerc\u00edcio Anual de 2018 Balan\u00e7os Financeiros de 2018 &nbsp; Exerc\u00edcio&nbsp;&hellip;<\/p>\n","protected":false},"author":24,"featured_media":0,"parent":0,"menu_order":0,"comment_status":"closed","ping_status":"closed","template":"","meta":[],"_links":{"self":[{"href":"https:\/\/www2.uepg.br\/proad\/wp-json\/wp\/v2\/pages\/277"}],"collection":[{"href":"https:\/\/www2.uepg.br\/proad\/wp-json\/wp\/v2\/pages"}],"about":[{"href":"https:\/\/www2.uepg.br\/proad\/wp-json\/wp\/v2\/types\/page"}],"author":[{"embeddable":true,"href":"https:\/\/www2.uepg.br\/proad\/wp-json\/wp\/v2\/users\/24"}],"replies":[{"embeddable":true,"href":"https:\/\/www2.uepg.br\/proad\/wp-json\/wp\/v2\/comments?post=277"}],"version-history":[{"count":17,"href":"https:\/\/www2.uepg.br\/proad\/wp-json\/wp\/v2\/pages\/277\/revisions"}],"predecessor-version":[{"id":2475,"href":"https:\/\/www2.uepg.br\/proad\/wp-json\/wp\/v2\/pages\/277\/revisions\/2475"}],"wp:attachment":[{"href":"https:\/\/www2.uepg.br\/proad\/wp-json\/wp\/v2\/media?parent=277"}],"curies":[{"name":"wp","href":"https:\/\/api.w.org\/{rel}","templated":true}]}}