{"id":2770,"date":"2025-11-04T11:51:55","date_gmt":"2025-11-04T14:51:55","guid":{"rendered":"https:\/\/www2.uepg.br\/proad\/?page_id=2770"},"modified":"2025-11-14T15:04:55","modified_gmt":"2025-11-14T18:04:55","slug":"termo-de-responsabilidade","status":"publish","type":"page","link":"https:\/\/www2.uepg.br\/proad\/termo-de-responsabilidade\/","title":{"rendered":"Termo de responsabilidade"},"content":{"rendered":"<h4><strong>TERMO DE RESPONSABILIDADE PARA CONDU\u00c7\u00c3O DE VE\u00cdCULO OFICIAL \u2013 UEPG<\/strong><\/h4>\n<p>A utiliza\u00e7\u00e3o de ve\u00edculos oficiais da Universidade Estadual de Ponta Grossa (UEPG) exige o cumprimento de normas espec\u00edficas de seguran\u00e7a, responsabilidade e uso adequado do patrim\u00f4nio p\u00fablico.<\/p>\n<p>Para conduzir ve\u00edculos oficiais, \u00e9 obrigat\u00f3rio que <strong><b>Servidores (efetivos ou CRES), Terceirizados, P\u00f3s-Graduandos ou Acad\u00eamicos<\/b><\/strong>\u00a0autorizados <strong><b>assinem e registrem na CLOG<\/b><\/strong>\u00a0o <strong><b>Termo de Responsabilidade para Condu\u00e7\u00e3o de <\/b>Ve\u00edculo Oficial<\/strong>.<\/p>\n<p>O documento estabelece as obriga\u00e7\u00f5es do(a) condutor(a), incluindo:<\/p>\n<ul>\n<li>preserva\u00e7\u00e3o do ve\u00edculo e respeito \u00e0s normas do C\u00f3digo de Tr\u00e2nsito Brasileiro;<\/li>\n<li>uso exclusivo para fins de servi\u00e7o;<\/li>\n<li>comunica\u00e7\u00e3o de irregularidades;<\/li>\n<li>responsabilidade por infra\u00e7\u00f5es e ocorr\u00eancias;<\/li>\n<li>preenchimento correto do di\u00e1rio de bordo e demais controles.<\/li>\n<\/ul>\n<p><a href=\"http:\/\/www2.uepg.br\/proad\/wp-content\/uploads\/sites\/48\/2025\/11\/Termo-de-Responsabilidade-Condutor.pdf\">TERMO DE RESPONSABILIDADE PARA CONDU\u00c7\u00c3O DE VE\u00cdCULO OFICIAL<\/a><\/p>\n<p><span style=\"color: #ff0000\">IMPORTANTE:<\/span><\/p>\n<p>Quando o(a) condutor(a) for <strong><b>P\u00f3s-Graduando(a)<\/b><\/strong>\u00a0ou <strong><b>Acad\u00eamico(a)<\/b><\/strong>, o(a) <strong><b>Docente Respons\u00e1vel pela atividade<\/b><\/strong>\u00a0dever\u00e1 tamb\u00e9m assinar o termo.<\/p>\n<p><strong>Formas de Preenchimento e Assinatura do Termo<\/strong><\/p>\n<ol>\n<li><strong> Assinatura Eletr\u00f4nica pelo GOV.BR (preferencial)<\/strong><\/li>\n<\/ol>\n<p>O termo dever\u00e1 ser preenchido e assinado digitalmente por meio do <strong><b>GOV.BR<\/b><\/strong>, garantindo autenticidade, validade jur\u00eddica e seguran\u00e7a no processo.<\/p>\n<p>Ap\u00f3s a assinatura, o documento, acompanhado de <strong><b>c\u00f3pia da CNH v\u00e1lida, <\/b><\/strong>poder\u00e1 ser encaminhado por:<br \/>\n\u2022 <strong><b>Protocolo SEI<\/b><\/strong>, direcionado \u00e0 unidade <strong><b>PROAD \u2013 CLOG<\/b><\/strong>;<\/p>\n<ul>\n<li><strong><b>E-mail: <\/b><\/strong><a href=\"mailto:coord.logistica@uepg.br\"><u>coord.logistica@uepg.br<\/u><\/a><\/li>\n<li><strong><b>WhatsApp institucional: <\/b><\/strong>(42) 3220-3203.<\/li>\n<\/ul>\n<ol start=\"2\">\n<li><strong> Assinatura F\u00edsica (manuscrita)<\/strong><\/li>\n<\/ol>\n<p>Quando o termo for assinado fisicamente, <strong><b>a via original dever\u00e1 permanecer na CLOG<\/b><\/strong>.<\/p>\n<p>Ap\u00f3s o preenchimento e assinatura, o documento, acompanhado de <strong><b>c\u00f3pia da CNH v\u00e1lida, <\/b><\/strong>dever\u00e1 ser <strong><b>entregue pessoalmente<\/b><\/strong>\u00a0na Coordenadoria de Log\u00edstica (CLOG).<\/p>\n<p><strong>Aten\u00e7\u00e3o:<\/strong>\u00a0N\u00e3o ser\u00e3o aceitas fotoc\u00f3pias, digitaliza\u00e7\u00f5es ou fotografias do termo assinado \u00e0 m\u00e3o.<\/p>\n<p>Ap\u00f3s o envio ou entrega do documento, a <strong><b>CLOG realizar\u00e1 o registro<\/b><\/strong>\u00a0e informar\u00e1 quando o(a) condutor(a) estiver <strong><b>APTO(A) a conduzir os ve\u00edculos oficiais<\/b><\/strong>.<\/p>\n","protected":false},"excerpt":{"rendered":"<p>TERMO DE RESPONSABILIDADE PARA CONDU\u00c7\u00c3O DE VE\u00cdCULO OFICIAL \u2013 UEPG A utiliza\u00e7\u00e3o de ve\u00edculos oficiais da Universidade Estadual de Ponta Grossa (UEPG) exige o cumprimento de normas espec\u00edficas de seguran\u00e7a, responsabilidade e uso adequado do patrim\u00f4nio p\u00fablico. Para conduzir ve\u00edculos oficiais, \u00e9 obrigat\u00f3rio que Servidores (efetivos ou CRES), Terceirizados, P\u00f3s-Graduandos ou Acad\u00eamicos\u00a0autorizados assinem e registrem&nbsp;&hellip;<\/p>\n","protected":false},"author":678,"featured_media":0,"parent":0,"menu_order":0,"comment_status":"closed","ping_status":"closed","template":"","meta":[],"_links":{"self":[{"href":"https:\/\/www2.uepg.br\/proad\/wp-json\/wp\/v2\/pages\/2770"}],"collection":[{"href":"https:\/\/www2.uepg.br\/proad\/wp-json\/wp\/v2\/pages"}],"about":[{"href":"https:\/\/www2.uepg.br\/proad\/wp-json\/wp\/v2\/types\/page"}],"author":[{"embeddable":true,"href":"https:\/\/www2.uepg.br\/proad\/wp-json\/wp\/v2\/users\/678"}],"replies":[{"embeddable":true,"href":"https:\/\/www2.uepg.br\/proad\/wp-json\/wp\/v2\/comments?post=2770"}],"version-history":[{"count":12,"href":"https:\/\/www2.uepg.br\/proad\/wp-json\/wp\/v2\/pages\/2770\/revisions"}],"predecessor-version":[{"id":2803,"href":"https:\/\/www2.uepg.br\/proad\/wp-json\/wp\/v2\/pages\/2770\/revisions\/2803"}],"wp:attachment":[{"href":"https:\/\/www2.uepg.br\/proad\/wp-json\/wp\/v2\/media?parent=2770"}],"curies":[{"name":"wp","href":"https:\/\/api.w.org\/{rel}","templated":true}]}}