{"id":2788,"date":"2025-11-14T11:36:52","date_gmt":"2025-11-14T14:36:52","guid":{"rendered":"https:\/\/www2.uepg.br\/proad\/?page_id=2788"},"modified":"2025-11-14T15:22:07","modified_gmt":"2025-11-14T18:22:07","slug":"malote","status":"publish","type":"page","link":"https:\/\/www2.uepg.br\/proad\/malote\/","title":{"rendered":"Malote"},"content":{"rendered":"<p><a href=\"http:\/\/www2.uepg.br\/proad\/wp-content\/uploads\/sites\/48\/2025\/11\/Modelo-Formulario-Expedicao-Correpondencia-Especial.doc\">Modelo Formul\u00e1rio Expedi\u00e7\u00e3o Correpond\u00eancia Especial<\/a><\/p>\n<p><a href=\"http:\/\/www2.uepg.br\/proad\/wp-content\/uploads\/sites\/48\/2025\/11\/Declaracao-de-conteudo.doc\">Declara\u00e7\u00e3o de conte\u00fado<\/a><\/p>\n<p><span style=\"color: #ff0000\">Obs.: Para realizar o download dos arquivos, \u00e9 necess\u00e1rio utilizar o navegador Mozilla Firefox.<\/span><\/p>\n","protected":false},"excerpt":{"rendered":"<p>Modelo Formul\u00e1rio Expedi\u00e7\u00e3o Correpond\u00eancia Especial Declara\u00e7\u00e3o de conte\u00fado Obs.: Para realizar o download dos arquivos, \u00e9 necess\u00e1rio utilizar o navegador Mozilla Firefox.<\/p>\n","protected":false},"author":678,"featured_media":0,"parent":0,"menu_order":0,"comment_status":"closed","ping_status":"closed","template":"","meta":[],"_links":{"self":[{"href":"https:\/\/www2.uepg.br\/proad\/wp-json\/wp\/v2\/pages\/2788"}],"collection":[{"href":"https:\/\/www2.uepg.br\/proad\/wp-json\/wp\/v2\/pages"}],"about":[{"href":"https:\/\/www2.uepg.br\/proad\/wp-json\/wp\/v2\/types\/page"}],"author":[{"embeddable":true,"href":"https:\/\/www2.uepg.br\/proad\/wp-json\/wp\/v2\/users\/678"}],"replies":[{"embeddable":true,"href":"https:\/\/www2.uepg.br\/proad\/wp-json\/wp\/v2\/comments?post=2788"}],"version-history":[{"count":11,"href":"https:\/\/www2.uepg.br\/proad\/wp-json\/wp\/v2\/pages\/2788\/revisions"}],"predecessor-version":[{"id":2811,"href":"https:\/\/www2.uepg.br\/proad\/wp-json\/wp\/v2\/pages\/2788\/revisions\/2811"}],"wp:attachment":[{"href":"https:\/\/www2.uepg.br\/proad\/wp-json\/wp\/v2\/media?parent=2788"}],"curies":[{"name":"wp","href":"https:\/\/api.w.org\/{rel}","templated":true}]}}