{"id":2948,"date":"2026-05-13T15:24:55","date_gmt":"2026-05-13T18:24:55","guid":{"rendered":"https:\/\/www2.uepg.br\/proad\/?page_id=2948"},"modified":"2026-05-13T15:46:40","modified_gmt":"2026-05-13T18:46:40","slug":"solicitacao-de-passagem-aerea","status":"publish","type":"page","link":"https:\/\/www2.uepg.br\/proad\/solicitacao-de-passagem-aerea\/","title":{"rendered":"Solicita\u00e7\u00e3o de Passagem A\u00e9rea"},"content":{"rendered":"<p style=\"text-align: center\"><strong>ORIENTA\u00c7\u00d5ES PARA SOLICITA\u00c7\u00c3O DE PASSAGEM A\u00c9REA<\/strong><\/p>\n<p>As solicita\u00e7\u00f5es para aquisi\u00e7\u00e3o de passagem a\u00e9rea dever\u00e3o ser realizadas por meio de protocolo no sistema <strong>SEI<\/strong>, com o formul\u00e1rio \u201c<strong>Solicita\u00e7\u00e3o de Passagem A\u00e9rea<\/strong>\u201d devidamente preenchido e anexado em formato <strong>PDF<\/strong>.<\/p>\n<p>Acesse aqui o modelo do formul\u00e1rio:<br \/>\n<a href=\"http:\/\/www2.uepg.br\/proad\/wp-content\/uploads\/sites\/48\/2026\/05\/Solicitacao-de-Passagem-Aerea.doc\">Solicita\u00e7\u00e3o de Passagem A\u00e9rea<\/a><br \/>\n<span style=\"color: #ff0000\">Obs.: Para realizar o download dos arquivos, \u00e9 necess\u00e1rio utilizar o navegador Mozilla Firefox.<\/span><\/p>\n<p>O formul\u00e1rio dever\u00e1 ser preenchido integralmente, com todas as informa\u00e7\u00f5es solicitadas, incluindo os dados da viagem, dados completos do(a) passageiro(a), justificativa do deslocamento, \u00f3rg\u00e3o solicitante e fonte de recursos.<\/p>\n<p><strong>REGRAS INTERNAS E AUTORIZA\u00c7\u00c3O DE RECURSOS<\/strong><br \/>\nAntes do encaminhamento da solicita\u00e7\u00e3o, o(a) interessado(a) dever\u00e1 observar as regras espec\u00edficas do seu Setor, Pr\u00f3-Reitoria, Departamento, Coordena\u00e7\u00e3o ou unidade respons\u00e1vel, especialmente quanto \u00e0 autoriza\u00e7\u00e3o da viagem e \u00e0 disponibilidade de recursos para o custeio da passagem a\u00e9rea.<br \/>\nTamb\u00e9m dever\u00e3o ser observadas as <strong>Ordens de Servi\u00e7o espec\u00edficas da PROAD<\/strong> e demais normativas internas aplic\u00e1veis, especialmente aquelas relacionadas \u00e0 libera\u00e7\u00e3o de recursos, autoriza\u00e7\u00e3o de despesas e procedimentos administrativos para aquisi\u00e7\u00e3o de passagens.<br \/>\nA solicita\u00e7\u00e3o somente poder\u00e1 ter andamento ap\u00f3s a devida autoriza\u00e7\u00e3o da unidade competente, bem como da PROAD devido \u00e0 necessidade de confirma\u00e7\u00e3o da disponibilidade or\u00e7ament\u00e1ria.<\/p>\n<p style=\"text-align: left\"><strong>SUGEST\u00d5ES DE V\u00d4OS<\/strong><br \/>\nO formul\u00e1rio dever\u00e1 conter sugest\u00f5es de voos, hor\u00e1rios, companhias a\u00e9reas e aeroportos. No entanto, essas informa\u00e7\u00f5es ser\u00e3o utilizadas apenas como refer\u00eancia para a cota\u00e7\u00e3o.<br \/>\nA aquisi\u00e7\u00e3o da passagem ser\u00e1 realizada observando, preferencialmente, a op\u00e7\u00e3o de <strong>menor valor dispon\u00edvel<\/strong>, desde que atendidas \u00e0s condi\u00e7\u00f5es necess\u00e1rias para o deslocamento institucional.<br \/>\nDessa forma, as sugest\u00f5es indicadas no formul\u00e1rio <strong>n\u00e3o garantem<\/strong> a emiss\u00e3o da passagem exatamente conforme solicitado, pois a compra dever\u00e1 respeitar crit\u00e9rios de economicidade, disponibilidade, hor\u00e1rios compat\u00edveis e demais condi\u00e7\u00f5es aplic\u00e1veis \u00e0 viagem.<\/p>\n<p><strong>ATEN\u00c7\u00c3O AOS PRAZOS<\/strong><br \/>\nOs valores das passagens a\u00e9reas sofrem altera\u00e7\u00f5es frequentes, especialmente quando a solicita\u00e7\u00e3o \u00e9 realizada pr\u00f3xima \u00e0 data da viagem.<br \/>\nPor esse motivo, recomenda-se que o pedido seja encaminhado com a maior anteced\u00eancia poss\u00edvel, a fim de possibilitar a an\u00e1lise, autoriza\u00e7\u00e3o, cota\u00e7\u00e3o e emiss\u00e3o da passagem em tempo h\u00e1bil.<br \/>\nA compra da passagem somente poder\u00e1 ser realizada ap\u00f3s a devida autoriza\u00e7\u00e3o e confirma\u00e7\u00e3o da disponibilidade or\u00e7ament\u00e1ria.<\/p>\n","protected":false},"excerpt":{"rendered":"<p>ORIENTA\u00c7\u00d5ES PARA SOLICITA\u00c7\u00c3O DE PASSAGEM A\u00c9REA As solicita\u00e7\u00f5es para aquisi\u00e7\u00e3o de passagem a\u00e9rea dever\u00e3o ser realizadas por meio de protocolo no sistema SEI, com o formul\u00e1rio \u201cSolicita\u00e7\u00e3o de Passagem A\u00e9rea\u201d devidamente preenchido e anexado em formato PDF. Acesse aqui o modelo do formul\u00e1rio: Solicita\u00e7\u00e3o de Passagem A\u00e9rea Obs.: Para realizar o download dos arquivos, \u00e9&nbsp;&hellip;<\/p>\n","protected":false},"author":678,"featured_media":0,"parent":0,"menu_order":0,"comment_status":"closed","ping_status":"closed","template":"","meta":[],"_links":{"self":[{"href":"https:\/\/www2.uepg.br\/proad\/wp-json\/wp\/v2\/pages\/2948"}],"collection":[{"href":"https:\/\/www2.uepg.br\/proad\/wp-json\/wp\/v2\/pages"}],"about":[{"href":"https:\/\/www2.uepg.br\/proad\/wp-json\/wp\/v2\/types\/page"}],"author":[{"embeddable":true,"href":"https:\/\/www2.uepg.br\/proad\/wp-json\/wp\/v2\/users\/678"}],"replies":[{"embeddable":true,"href":"https:\/\/www2.uepg.br\/proad\/wp-json\/wp\/v2\/comments?post=2948"}],"version-history":[{"count":6,"href":"https:\/\/www2.uepg.br\/proad\/wp-json\/wp\/v2\/pages\/2948\/revisions"}],"predecessor-version":[{"id":2955,"href":"https:\/\/www2.uepg.br\/proad\/wp-json\/wp\/v2\/pages\/2948\/revisions\/2955"}],"wp:attachment":[{"href":"https:\/\/www2.uepg.br\/proad\/wp-json\/wp\/v2\/media?parent=2948"}],"curies":[{"name":"wp","href":"https:\/\/api.w.org\/{rel}","templated":true}]}}