{"id":2972,"date":"2026-05-13T17:24:43","date_gmt":"2026-05-13T20:24:43","guid":{"rendered":"https:\/\/www2.uepg.br\/proad\/?page_id=2972"},"modified":"2026-05-13T17:24:57","modified_gmt":"2026-05-13T20:24:57","slug":"solicitacao-de-alimentacao","status":"publish","type":"page","link":"https:\/\/www2.uepg.br\/proad\/solicitacao-de-alimentacao\/","title":{"rendered":"Solicita\u00e7\u00e3o de Alimenta\u00e7\u00e3o"},"content":{"rendered":"<p><a href=\"http:\/\/www2.uepg.br\/proad\/wp-content\/uploads\/sites\/48\/2026\/05\/Solicitacao-de-Alimentacao.doc\">Solicita\u00e7\u00e3o de Alimenta\u00e7\u00e3o<\/a><\/p>\n","protected":false},"excerpt":{"rendered":"<p>Solicita\u00e7\u00e3o de Alimenta\u00e7\u00e3o<\/p>\n","protected":false},"author":678,"featured_media":0,"parent":0,"menu_order":0,"comment_status":"closed","ping_status":"closed","template":"","meta":[],"_links":{"self":[{"href":"https:\/\/www2.uepg.br\/proad\/wp-json\/wp\/v2\/pages\/2972"}],"collection":[{"href":"https:\/\/www2.uepg.br\/proad\/wp-json\/wp\/v2\/pages"}],"about":[{"href":"https:\/\/www2.uepg.br\/proad\/wp-json\/wp\/v2\/types\/page"}],"author":[{"embeddable":true,"href":"https:\/\/www2.uepg.br\/proad\/wp-json\/wp\/v2\/users\/678"}],"replies":[{"embeddable":true,"href":"https:\/\/www2.uepg.br\/proad\/wp-json\/wp\/v2\/comments?post=2972"}],"version-history":[{"count":2,"href":"https:\/\/www2.uepg.br\/proad\/wp-json\/wp\/v2\/pages\/2972\/revisions"}],"predecessor-version":[{"id":2975,"href":"https:\/\/www2.uepg.br\/proad\/wp-json\/wp\/v2\/pages\/2972\/revisions\/2975"}],"wp:attachment":[{"href":"https:\/\/www2.uepg.br\/proad\/wp-json\/wp\/v2\/media?parent=2972"}],"curies":[{"name":"wp","href":"https:\/\/api.w.org\/{rel}","templated":true}]}}