{"id":75,"date":"2019-11-28T15:46:20","date_gmt":"2019-11-28T18:46:20","guid":{"rendered":"http:\/\/www2.uepg.br\/proad\/?page_id=75"},"modified":"2024-10-29T16:09:16","modified_gmt":"2024-10-29T19:09:16","slug":"difi","status":"publish","type":"page","link":"https:\/\/www2.uepg.br\/proad\/difi\/","title":{"rendered":"DIFI"},"content":{"rendered":"<div id=\"pl-75\"  class=\"panel-layout\" ><div id=\"pg-75-0\"  class=\"panel-grid panel-no-style\" ><div id=\"pgc-75-0-0\"  class=\"panel-grid-cell\" ><div id=\"panel-75-0-0-0\" class=\"so-panel widget widget_sow-editor panel-first-child panel-last-child\" data-index=\"0\" ><div\n\t\t\t\n\t\t\tclass=\"so-widget-sow-editor so-widget-sow-editor-base\"\n\t\t\t\n\t\t>\n<div class=\"siteorigin-widget-tinymce textwidget\">\n\t<h3 class=\"title\" style=\"text-align: left\"><strong>DIRETORIA FINANCEIRA<\/strong><\/h3>\n<div class=\"content clearfix\">\n<p style=\"text-align: left\"><strong>\u00a0<\/strong><strong>Diretora<\/strong><\/p>\n<p style=\"text-align: left\"><em>Jeanne Regina Morais<\/em><\/p>\n<p style=\"text-align: left\">\n<p style=\"text-align: left\">\u00c0 Diretoria Financeira compete:<\/p>\n<ul style=\"text-align: left\">\n<li style=\"text-align: left\">Manter o registro cont\u00e1bil de todos os atos e fatos administrativos que criem, modifiquem ou extingam direitos e obriga\u00e7\u00f5es, ou que venham a produzir altera\u00e7\u00f5es no patrim\u00f4nio da Institui\u00e7\u00e3o.<\/li>\n<li style=\"text-align: left\">Conferir e visar balancetes mensais e balan\u00e7os anuais, providenciando suas remessas aos \u00f3rg\u00e3os competentes.<\/li>\n<li style=\"text-align: left\">Conferir e visar empenhos e ordens de pagamento.<\/li>\n<li style=\"text-align: left\">Manter o controle financeiro de todas as opera\u00e7\u00f5es efetuadas pela Institui\u00e7\u00e3o.<\/li>\n<li style=\"text-align: left\">Verificar a exatid\u00e3o das contas banc\u00e1rias e do caixa, junto \u00e0 Se\u00e7\u00e3o de Receita e Pagamentos.<\/li>\n<li style=\"text-align: left\">Informar sobre a viabilidade financeira.<\/li>\n<li style=\"text-align: left\">Assinar documentos em conjunto com o Reitor e\/ou Vice-Reitor, ou com quem detiver a delega\u00e7\u00e3o.<\/li>\n<li style=\"text-align: left\">Analisar e despachar processos.<\/li>\n<li style=\"text-align: left\">Supervisionar as se\u00e7\u00f5es afetas \u00e0 Divis\u00e3o.<\/li>\n<li style=\"text-align: left\">Executar outras atribui\u00e7\u00f5es correlatas.<\/li>\n<\/ul>\n<p style=\"text-align: left\"><strong>Endere\u00e7o<\/strong><\/p>\n<p style=\"text-align: left\">Av. Carlos Cavalcanti, n\u00ba 4748 - Uvaranas - Bloco Reitoria\/PROAD - CEP 84030-900 Ponta Grossa\/PR<\/p>\n<p style=\"text-align: left\"><strong>Contato<\/strong><\/p>\n<p style=\"text-align: left\">email: difi@uepg.br<\/p>\n<p style=\"text-align: left\">Fone: (42) 3220-3206<\/p>\n<\/div>\n<\/div>\n<\/div><\/div><\/div><\/div><div id=\"pg-75-1\"  class=\"panel-grid panel-no-style\" ><div id=\"pgc-75-1-0\"  class=\"panel-grid-cell\" ><div id=\"panel-75-1-0-0\" class=\"so-panel widget widget_sow-accordion panel-first-child panel-last-child\" data-index=\"1\" ><div id=\"secoes-difi\" class=\"panel-widget-style panel-widget-style-for-75-1-0-0\" ><div\n\t\t\t\n\t\t\tclass=\"so-widget-sow-accordion so-widget-sow-accordion-default-14ba9eb30e40-75\"\n\t\t\t\n\t\t><div>\n\t<div class=\"sow-accordion\">\n\t\t\t<div class=\"sow-accordion-panel\"\n\t\t\t data-anchor=\"diretoria-de-contabilidade\">\n\t\t\t\t<div class=\"sow-accordion-panel-header-container\" role=\"heading\" aria-level=\"2\">\n\t\t\t\t\t<div class=\"sow-accordion-panel-header\" tabindex=\"0\" role=\"button\" id=\"accordion-label-diretoria-de-contabilidade\" aria-controls=\"accordion-content-diretoria-de-contabilidade\" aria-expanded=\"false\">\n\t\t\t\t\t\t<div class=\"sow-accordion-title sow-accordion-title-icon-left\">\n\t\t\t\t\t\t\t\t\t\t\t\t\t\tDIRETORIA DE CONTABILIDADE\t\t\t\t\t\t\t\t\t\t\t\t\t<\/div>\n\t\t\t\t\t\t<div class=\"sow-accordion-open-close-button\">\n\t\t\t\t\t\t\t<div class=\"sow-accordion-open-button\">\n\t\t\t\t\t\t\t\t<span class=\"sow-icon-ionicons\" data-sow-icon=\"&#xf218;\"\n\t\t \n\t\taria-hidden=\"true\"><\/span>\t\t\t\t\t\t\t<\/div>\n\t\t\t\t\t\t\t<div class=\"sow-accordion-close-button\">\n\t\t\t\t\t\t\t\t<span class=\"sow-icon-ionicons\" data-sow-icon=\"&#xf209;\"\n\t\t \n\t\taria-hidden=\"true\"><\/span>\t\t\t\t\t\t\t<\/div>\n\t\t\t\t\t\t<\/div>\n\t\t\t\t\t<\/div>\n\t\t\t\t<\/div>\n\n\t\t\t<div\n\t\t\t\tclass=\"sow-accordion-panel-content\"\n\t\t\t\trole=\"region\"\n\t\t\t\taria-labelledby=\"accordion-label-diretoria-de-contabilidade\"\n\t\t\t\tid=\"accordion-content-diretoria-de-contabilidade\"\n\t\t\t\tstyle=\"display: none;\"\t\t\t>\n\t\t\t\t<div class=\"sow-accordion-panel-border\" tabindex=\"0\">\n\t\t\t\t\t<header><\/header>\n<div class=\"content clearfix\">\n<p style=\"text-align: left\"><strong>\u00a0Respons\u00e1vel<\/strong><\/p>\n<p style=\"text-align: left\">Acir Jos\u00e9 Alves<\/p>\n<p style=\"text-align: left\"><strong>Atividades<\/strong><\/p>\n<ul>\n<li style=\"text-align: left\">Acessar contas banc\u00e1rias da Institui\u00e7\u00e3o e lan\u00e7ar no Sistema Gerencial Interno;<\/li>\n<li style=\"text-align: left\">Controlar as tarifas banc\u00e1rias;<\/li>\n<li style=\"text-align: left\">Efetuar aplica\u00e7\u00f5es financeiras ou resgates quando necess\u00e1rio;<\/li>\n<li style=\"text-align: left\">Acompanhar a movimenta\u00e7\u00e3o extra-or\u00e7ament\u00e1ria;<\/li>\n<li style=\"text-align: left\">Manter atualizada a Tabela de Contas Banc\u00e1rias;<\/li>\n<li style=\"text-align: left\">Pedir a abertura de novas contas nos Bancos;<\/li>\n<li style=\"text-align: left\">Efetuar a abertura das novas contas nos programas de gerenciamento interno;<\/li>\n<li style=\"text-align: left\">Examinar a classifica\u00e7\u00e3o das receitas;<\/li>\n<li style=\"text-align: left\">Planilhar mensalmente a contabiliza\u00e7\u00e3o da Folha de Pagamento;<\/li>\n<li style=\"text-align: left\">Planilhar mensalmente as Transfer\u00eancias da Folha de Pagamento para informar \u00e0 Contadoria do Estado;<\/li>\n<li style=\"text-align: left\">Planilhar mensalmente as Transfer\u00eancias da Folha de Pagamento (Despesas que saem pela conta PROAD);<\/li>\n<li style=\"text-align: left\">Planilhar mensalmente os quadros demonstrativos do Decreto Estadual n\u00b0 6194 de 22\/08\/2002;<\/li>\n<li style=\"text-align: left\">Planilhar mensalmente o quadro comparativo Receita X Despesa por fonte de recursos;<\/li>\n<li style=\"text-align: left\">Planilhar mensalmente o Empenhado a Pagar dos conv\u00eanios por conta de banco;<\/li>\n<li style=\"text-align: left\">Apurar mensalmente o Super\u00e1vit Financeiro;<\/li>\n<li style=\"text-align: left\">Fazer mensalmente a concilia\u00e7\u00e3o banc\u00e1ria;<\/li>\n<li style=\"text-align: left\">Emitir, conferir e arquivar mensalmente os balancetes;<\/li>\n<li style=\"text-align: left\">Auxiliar no fechamento mensal;<\/li>\n<li style=\"text-align: left\">Orientar os servi\u00e7os de escritura\u00e7\u00e3o cont\u00e1bil;<\/li>\n<li style=\"text-align: left\">Assinar os balancetes e balan\u00e7os juntamente com o ordenador de despesa;<\/li>\n<li style=\"text-align: left\">Substituir o Chefe de Divis\u00e3o nos seus impedimentos;<\/li>\n<li style=\"text-align: left\">Executar outras atribui\u00e7\u00f5es correlatas.<\/li>\n<\/ul>\n<p><strong>Contato<\/strong><\/p>\n<p>Fone: (42) 3220-3258<\/p>\n<\/div>\n\t\t\t\t<\/div>\n\t\t\t<\/div>\n\t\t<\/div>\n\t\t\t<div class=\"sow-accordion-panel\"\n\t\t\t data-anchor=\"dicopdoc-divis%c3%a3o-de-controle-e-prepara%c3%a7%c3%a3o-de-documentos\">\n\t\t\t\t<div class=\"sow-accordion-panel-header-container\" role=\"heading\" aria-level=\"2\">\n\t\t\t\t\t<div class=\"sow-accordion-panel-header\" tabindex=\"0\" role=\"button\" id=\"accordion-label-dicopdoc-divis%c3%a3o-de-controle-e-prepara%c3%a7%c3%a3o-de-documentos\" aria-controls=\"accordion-content-dicopdoc-divis%c3%a3o-de-controle-e-prepara%c3%a7%c3%a3o-de-documentos\" aria-expanded=\"false\">\n\t\t\t\t\t\t<div class=\"sow-accordion-title sow-accordion-title-icon-left\">\n\t\t\t\t\t\t\t\t\t\t\t\t\t\tDICOPDOC - DIVIS\u00c3O DE CONTROLE E PREPARA\u00c7\u00c3O DE DOCUMENTOS\t\t\t\t\t\t\t\t\t\t\t\t\t<\/div>\n\t\t\t\t\t\t<div class=\"sow-accordion-open-close-button\">\n\t\t\t\t\t\t\t<div class=\"sow-accordion-open-button\">\n\t\t\t\t\t\t\t\t<span class=\"sow-icon-ionicons\" data-sow-icon=\"&#xf218;\"\n\t\t \n\t\taria-hidden=\"true\"><\/span>\t\t\t\t\t\t\t<\/div>\n\t\t\t\t\t\t\t<div class=\"sow-accordion-close-button\">\n\t\t\t\t\t\t\t\t<span class=\"sow-icon-ionicons\" data-sow-icon=\"&#xf209;\"\n\t\t \n\t\taria-hidden=\"true\"><\/span>\t\t\t\t\t\t\t<\/div>\n\t\t\t\t\t\t<\/div>\n\t\t\t\t\t<\/div>\n\t\t\t\t<\/div>\n\n\t\t\t<div\n\t\t\t\tclass=\"sow-accordion-panel-content\"\n\t\t\t\trole=\"region\"\n\t\t\t\taria-labelledby=\"accordion-label-dicopdoc-divis%c3%a3o-de-controle-e-prepara%c3%a7%c3%a3o-de-documentos\"\n\t\t\t\tid=\"accordion-content-dicopdoc-divis%c3%a3o-de-controle-e-prepara%c3%a7%c3%a3o-de-documentos\"\n\t\t\t\tstyle=\"display: none;\"\t\t\t>\n\t\t\t\t<div class=\"sow-accordion-panel-border\" tabindex=\"0\">\n\t\t\t\t\t<header><\/header>\n<div class=\"content clearfix\">\n<p style=\"text-align: left\"><strong>Chefe de Divis\u00e3o<\/strong><\/p>\n<p style=\"text-align: left\">Liriane Aparecida Ieguer Garcia<\/p>\n<p style=\"text-align: left\">\n<\/p><p style=\"text-align: left\">\u00c0 Divis\u00e3o de Controle e Prepara\u00e7\u00e3o de Documentos compete:<\/p>\n<ul style=\"text-align: left\">\n<li>Receber, analisar e conferir documentos quanto \u00e0s certid\u00f5es negativas e atesto dos documentos fiscais;<\/li>\n<li>Analisar e executar os procedimentos para efetuar os pagamentos atrav\u00e9s do sistema NOVO SIAF, os quais s\u00e3o: emitir notas de pr\u00e9-empenho, empenho, em liquida\u00e7\u00e3o, liquida\u00e7\u00e3o, pr\u00e9-lote e lote;<\/li>\n<li>Efetuar os pagamentos atrav\u00e9s de lotes pelo NOVO SIAF, bem como os pagamentos realizados diretamente pelos bancos, e procedendo a baixa escritural ap\u00f3s quita\u00e7\u00e3o;<\/li>\n<li>Acompanhar os lotes de pagamento e, no caso de estorno, tomar provid\u00eancias cab\u00edveis;<\/li>\n<li>Verificar, organizar e arquivar toda documenta\u00e7\u00e3o referente aos pagamentos das fontes 250, 100 e 101;<\/li>\n<li>Receber, executar e encaminhar processos no SEI - Sistema de Processos da UEPG;<\/li>\n<li>Receber, analisar e executar e encaminhar processos e-protocolo - sistema de protocolos do Estado do Paran\u00e1;<\/li>\n<li>Atender o p\u00fablico, pessoalmente, via telefone e e-mail, esclarecendo d\u00favidas a respeito dos pagamentos;<\/li>\n<li>Solicitar aos interessados certid\u00f5es e outros documentos que faltam para executar os pagamentos;<\/li>\n<li>Conciliar e executar o fechamento dos pagamentos de INSS aut\u00f4nomos, consignados e patronal;<\/li>\n<li>Enviar relat\u00f3rios para emiss\u00e3o da SEFIP \u00e0 PRORH;<\/li>\n<li>Controlar empenhos estimativos;<\/li>\n<li>Verificar e controlar contratos no que se refere a valores e vig\u00eancia;<\/li>\n<li>Executar os pagamentos dos Fundos Financeiro, previdenci\u00e1rio e adicional;<\/li>\n<li>Organizar e manter em arquivo toda documenta\u00e7\u00e3o das fontes 250, 100 e 101;<\/li>\n<li>Verificar, organizar, pagar e encaminhar \u00e0 DIPROC a documenta\u00e7\u00e3o referente as fontes 284 e 281;<\/li>\n<li>Controlar e executar pagamentos as guias de recolhimento como: FGTS, INSS, Imposto de Renda, PASEP e outros tributos e taxas;<\/li>\n<li>Emitir recibos pelo sistema UEPG (aut\u00f4nomos), encaminhar para assinatura e atestos e demais provid\u00eancias de tr\u00e2mites at\u00e9 o pagamento;<\/li>\n<li>Controlar, verificar e emitir relat\u00f3rios do sistema UEPG (aut\u00f4nomos) referente ao INSS e encaminhar \u00e0 PRORH;<\/li>\n<li>Manter em arquivo toda a documenta\u00e7\u00e3o;<\/li>\n<li>Executar outras atribui\u00e7\u00f5es correlatas.<\/li>\n<\/ul>\n<p style=\"text-align: left\"><strong>Contato<\/strong><\/p>\n<p style=\"text-align: left\">Fone: (42) 3220-3211<\/p>\n<\/div>\n\t\t\t\t<\/div>\n\t\t\t<\/div>\n\t\t<\/div>\n\t\t\t<div class=\"sow-accordion-panel\"\n\t\t\t data-anchor=\"dipro-divis%c3%a3o-de-processamento\">\n\t\t\t\t<div class=\"sow-accordion-panel-header-container\" role=\"heading\" aria-level=\"2\">\n\t\t\t\t\t<div class=\"sow-accordion-panel-header\" tabindex=\"0\" role=\"button\" id=\"accordion-label-dipro-divis%c3%a3o-de-processamento\" aria-controls=\"accordion-content-dipro-divis%c3%a3o-de-processamento\" aria-expanded=\"false\">\n\t\t\t\t\t\t<div class=\"sow-accordion-title sow-accordion-title-icon-left\">\n\t\t\t\t\t\t\t\t\t\t\t\t\t\tDIPRO - DIVIS\u00c3O DE PROCESSAMENTO\t\t\t\t\t\t\t\t\t\t\t\t\t<\/div>\n\t\t\t\t\t\t<div class=\"sow-accordion-open-close-button\">\n\t\t\t\t\t\t\t<div class=\"sow-accordion-open-button\">\n\t\t\t\t\t\t\t\t<span class=\"sow-icon-ionicons\" data-sow-icon=\"&#xf218;\"\n\t\t \n\t\taria-hidden=\"true\"><\/span>\t\t\t\t\t\t\t<\/div>\n\t\t\t\t\t\t\t<div class=\"sow-accordion-close-button\">\n\t\t\t\t\t\t\t\t<span class=\"sow-icon-ionicons\" data-sow-icon=\"&#xf209;\"\n\t\t \n\t\taria-hidden=\"true\"><\/span>\t\t\t\t\t\t\t<\/div>\n\t\t\t\t\t\t<\/div>\n\t\t\t\t\t<\/div>\n\t\t\t\t<\/div>\n\n\t\t\t<div\n\t\t\t\tclass=\"sow-accordion-panel-content\"\n\t\t\t\trole=\"region\"\n\t\t\t\taria-labelledby=\"accordion-label-dipro-divis%c3%a3o-de-processamento\"\n\t\t\t\tid=\"accordion-content-dipro-divis%c3%a3o-de-processamento\"\n\t\t\t\tstyle=\"display: none;\"\t\t\t>\n\t\t\t\t<div class=\"sow-accordion-panel-border\" tabindex=\"0\">\n\t\t\t\t\t<header><\/header>\n<div class=\"content clearfix\">\n<p style=\"text-align: left\"><strong>Chefe de Divis\u00e3o<\/strong><\/p>\n<p style=\"text-align: left\">Mauro Augusto Delabernarda<strong><br \/>\n<\/strong><\/p>\n<p style=\"text-align: left\"><strong>\u00a0<\/strong><\/p>\n<p style=\"text-align: left\">\u00c0 Divis\u00e3o de Processamento compete:<\/p>\n<ul style=\"text-align: left\">\n<li style=\"text-align: left\">Efetuar lan\u00e7amentos cont\u00e1beis da Receita e da Despesa (Caixa e Banco);<\/li>\n<li style=\"text-align: left\">Executar transfer\u00eancias, no Sistema Gerencial interno, solicitadas pelos diversos \u00f3rg\u00e3os da UEPG;<\/li>\n<li style=\"text-align: left\">Solicitar resgates para executar transfer\u00eancias banc\u00e1rias dos pagamentos efetuados pela conta supridora, para ressarcimento da conta do Conv\u00eanio que originou a despesa;<\/li>\n<li style=\"text-align: left\">Promover o registro das receitas or\u00e7ament\u00e1rias e extra-or\u00e7amentarias por unidades e fontes;<\/li>\n<li style=\"text-align: left\">Realizar lan\u00e7amentos das despesas empenhadas, estornadas e pagas;<\/li>\n<li style=\"text-align: left\">Conferir diariamente os saldos das contas do SIAF;<\/li>\n<li style=\"text-align: left\">Auxiliar no fechamento mensal;<\/li>\n<li style=\"text-align: left\">Conciliar mensalmente as contas de receita e despesa do SIAF com a Sistema Gerencial Interno;<\/li>\n<li style=\"text-align: left\">Emitir relat\u00f3rios cont\u00e1beis quando solicitados;<\/li>\n<li style=\"text-align: left\">Manter em arquivo toda a documenta\u00e7\u00e3o;<\/li>\n<li style=\"text-align: left\">Executar outras atribui\u00e7\u00f5es correlatas.<\/li>\n<\/ul>\n<p style=\"text-align: left\"><strong>Contato<\/strong><\/p>\n<p style=\"text-align: left\">Fone: (42) 3220-3209<\/p>\n<\/div>\n\t\t\t\t<\/div>\n\t\t\t<\/div>\n\t\t<\/div>\n\t\t\t<div class=\"sow-accordion-panel\"\n\t\t\t data-anchor=\"dirpag-divis%c3%a3o-de-receita-e-pagamentos\">\n\t\t\t\t<div class=\"sow-accordion-panel-header-container\" role=\"heading\" aria-level=\"2\">\n\t\t\t\t\t<div class=\"sow-accordion-panel-header\" tabindex=\"0\" role=\"button\" id=\"accordion-label-dirpag-divis%c3%a3o-de-receita-e-pagamentos\" aria-controls=\"accordion-content-dirpag-divis%c3%a3o-de-receita-e-pagamentos\" aria-expanded=\"false\">\n\t\t\t\t\t\t<div class=\"sow-accordion-title sow-accordion-title-icon-left\">\n\t\t\t\t\t\t\t\t\t\t\t\t\t\tDIRPAG - DIVIS\u00c3O DE RECEITA E PAGAMENTOS\t\t\t\t\t\t\t\t\t\t\t\t\t<\/div>\n\t\t\t\t\t\t<div class=\"sow-accordion-open-close-button\">\n\t\t\t\t\t\t\t<div class=\"sow-accordion-open-button\">\n\t\t\t\t\t\t\t\t<span class=\"sow-icon-ionicons\" data-sow-icon=\"&#xf218;\"\n\t\t \n\t\taria-hidden=\"true\"><\/span>\t\t\t\t\t\t\t<\/div>\n\t\t\t\t\t\t\t<div class=\"sow-accordion-close-button\">\n\t\t\t\t\t\t\t\t<span class=\"sow-icon-ionicons\" data-sow-icon=\"&#xf209;\"\n\t\t \n\t\taria-hidden=\"true\"><\/span>\t\t\t\t\t\t\t<\/div>\n\t\t\t\t\t\t<\/div>\n\t\t\t\t\t<\/div>\n\t\t\t\t<\/div>\n\n\t\t\t<div\n\t\t\t\tclass=\"sow-accordion-panel-content\"\n\t\t\t\trole=\"region\"\n\t\t\t\taria-labelledby=\"accordion-label-dirpag-divis%c3%a3o-de-receita-e-pagamentos\"\n\t\t\t\tid=\"accordion-content-dirpag-divis%c3%a3o-de-receita-e-pagamentos\"\n\t\t\t\tstyle=\"display: none;\"\t\t\t>\n\t\t\t\t<div class=\"sow-accordion-panel-border\" tabindex=\"0\">\n\t\t\t\t\t<header><\/header>\n<div class=\"content clearfix\">\n<p style=\"text-align: left\"><strong>Chefe de Divis\u00e3o<\/strong><\/p>\n<\/div>\n<p style=\"text-align: left\">\u00a0\u00c0 Divis\u00e3o de Receita e Pagamentos compete:<\/p>\n<div class=\"content clearfix\">\n<ul style=\"text-align: left\">\n<li>Efetuar o recebimento das taxas e emolumentos, emitindo o respectivo documento de arrecada\u00e7\u00e3o;<\/li>\n<li>Emitir e atualizar valores de boletos banc\u00e1rios alusivos \u00e0 alugu\u00e9is de espa\u00e7o f\u00edsico e servi\u00e7os prestados, bem como controle de pagamento de boletos banc\u00e1rios mediante importa\u00e7\u00e3o de arquivos via Caixa Econ\u00f4mica Federal;<\/li>\n<li>Identificar e acompanhar as movimenta\u00e7\u00f5es banc\u00e1rias;<\/li>\n<li>Identificar receitas or\u00e7ament\u00e1rias e extra-or\u00e7ament\u00e1rias arrecadadas via bancos, classificando-as nas respectivas contas cont\u00e1beis;<\/li>\n<li>Efetivar pagamentos de despesas or\u00e7ament\u00e1rias em suas respectivas contas banc\u00e1rias, conforme cada fonte de recurso;<\/li>\n<li>Providenciar o pagamento de di\u00e1rias via despesa de adiantamento;<\/li>\n<li>Efetivar pagamento de aut\u00f4nomos e servidores atuantes em vestibulares e demais concursos, via sistema da UEPG e Caixa Econ\u00f4mica Federal;<\/li>\n<li>Emitir e controlar Faturas e Recibos (Editora, Livraria, di\u00e1rias das Prefeituras de Campi, Laudos T\u00e9cnicos e dos demais \u00f3rg\u00e3os que prestam servi\u00e7os externos);<\/li>\n<li>Atualizar valores de d\u00edvidas diversas junto \u00e0 UEPG;<\/li>\n<li>Registrar e controlar os d\u00e9bitos dos funcion\u00e1rios junto \u00e0 Farm\u00e1cia Escola, Laborat\u00f3rio Escola, CAAR, Restaurante Universit\u00e1rio, Livraria UEPG e CAIC;<\/li>\n<li>Executar outras atribui\u00e7\u00f5es correlatas.<\/li>\n<\/ul>\n<p style=\"text-align: left\"><strong>Contato<\/strong><\/p>\n<p style=\"text-align: left\">Fone: (42) 3220-3208<\/p>\n<\/div>\n\t\t\t\t<\/div>\n\t\t\t<\/div>\n\t\t<\/div>\n\t\t<\/div>\n<\/div>\n<\/div><\/div><\/div><\/div><\/div><\/div>","protected":false},"excerpt":{"rendered":"<p>DIRETORIA FINANCEIRA \u00a0Diretora Jeanne Regina Morais \u00c0 Diretoria Financeira compete: Manter o registro cont\u00e1bil de todos os atos e fatos administrativos que criem, modifiquem ou extingam direitos e obriga\u00e7\u00f5es, ou que venham a produzir altera\u00e7\u00f5es no patrim\u00f4nio da Institui\u00e7\u00e3o. Conferir e visar balancetes mensais e balan\u00e7os anuais, providenciando suas remessas aos \u00f3rg\u00e3os competentes. Conferir e&nbsp;&hellip;<\/p>\n","protected":false},"author":24,"featured_media":0,"parent":0,"menu_order":0,"comment_status":"closed","ping_status":"closed","template":"","meta":[],"_links":{"self":[{"href":"https:\/\/www2.uepg.br\/proad\/wp-json\/wp\/v2\/pages\/75"}],"collection":[{"href":"https:\/\/www2.uepg.br\/proad\/wp-json\/wp\/v2\/pages"}],"about":[{"href":"https:\/\/www2.uepg.br\/proad\/wp-json\/wp\/v2\/types\/page"}],"author":[{"embeddable":true,"href":"https:\/\/www2.uepg.br\/proad\/wp-json\/wp\/v2\/users\/24"}],"replies":[{"embeddable":true,"href":"https:\/\/www2.uepg.br\/proad\/wp-json\/wp\/v2\/comments?post=75"}],"version-history":[{"count":27,"href":"https:\/\/www2.uepg.br\/proad\/wp-json\/wp\/v2\/pages\/75\/revisions"}],"predecessor-version":[{"id":2322,"href":"https:\/\/www2.uepg.br\/proad\/wp-json\/wp\/v2\/pages\/75\/revisions\/2322"}],"wp:attachment":[{"href":"https:\/\/www2.uepg.br\/proad\/wp-json\/wp\/v2\/media?parent=75"}],"curies":[{"name":"wp","href":"https:\/\/api.w.org\/{rel}","templated":true}]}}