{"id":99,"date":"2019-11-28T16:16:53","date_gmt":"2019-11-28T19:16:53","guid":{"rendered":"http:\/\/www2.uepg.br\/proad\/?page_id=99"},"modified":"2024-03-21T08:46:13","modified_gmt":"2024-03-21T11:46:13","slug":"diproc","status":"publish","type":"page","link":"https:\/\/www2.uepg.br\/proad\/diproc\/","title":{"rendered":"DIPROC"},"content":{"rendered":"<div id=\"pl-99\"  class=\"panel-layout\" ><div id=\"pg-99-0\"  class=\"panel-grid panel-no-style\" ><div id=\"pgc-99-0-0\"  class=\"panel-grid-cell\" ><div id=\"panel-99-0-0-0\" class=\"so-panel widget widget_sow-editor panel-first-child panel-last-child\" data-index=\"0\" ><div\n\t\t\t\n\t\t\tclass=\"so-widget-sow-editor so-widget-sow-editor-base\"\n\t\t\t\n\t\t>\n<div class=\"siteorigin-widget-tinymce textwidget\">\n\t<h3 style=\"text-align: left\"><span style=\"color: #28459c\"><strong>DIRETORIA DE PROJETOS E CONV\u00caNIOS<\/strong><\/span><br \/>\n<strong>Respons\u00e1vel<\/strong><\/h3>\n<p style=\"text-align: left\">Giselle Ferreira de Mello<\/p>\n<p style=\"text-align: left\"><strong>Miss\u00e3o<\/strong><\/p>\n<p style=\"text-align: left\">Proporcionar condi\u00e7\u00f5es favor\u00e1veis para o desenvolvimento sustent\u00e1vel da UEPG, atuando como facilitadora no aux\u00edlio \u00e0 elabora\u00e7\u00e3o de projetos, execu\u00e7\u00e3o de conv\u00eanios, controle e acompanhamento financeiro e presta\u00e7\u00e3o de contas junto aos \u00f3rg\u00e3os repassadores de recursos e tribunais de contas.<\/p>\n<p style=\"text-align: left\"><strong>Vis\u00e3o<\/strong><\/p>\n<p style=\"text-align: left\">Prestar servi\u00e7os com excel\u00eancia, atuando proativamente como \u00f3rg\u00e3o gestor dos diversos recursos captados, contribuindo para o crescimento qualitativo da UEPG.<\/p>\n<p style=\"text-align: left\"><strong>Objetivos<\/strong><\/p>\n<p style=\"text-align: left\">Criar mecanismos facilitadores aos coordenadores de conv\u00eanios, diagnosticar e oferecer melhorias em rela\u00e7\u00e3o aos projetos de pesquisa, p\u00f3s-gradua\u00e7\u00e3o e extens\u00e3o, acompanhamento e controle financeiro de transfer\u00eancias volunt\u00e1rias do Estado e da Uni\u00e3o, mediante conv\u00eanios e contratos de repasse.<\/p>\n<p style=\"text-align: left\"><strong>Valores<\/strong><\/p>\n<ul>\n<li style=\"text-align: left\">Qualidade no atendimento<\/li>\n<li style=\"text-align: left\">Satisfa\u00e7\u00e3o de nossa equipe<\/li>\n<li style=\"text-align: left\">\u00c9tica<\/li>\n<li style=\"text-align: left\">Agilidade<\/li>\n<li style=\"text-align: left\">Comprometimento de todos<\/li>\n<li style=\"text-align: left\">Responsabilidade e compet\u00eancia<\/li>\n<\/ul>\n<p style=\"text-align: left\"><strong>Endere\u00e7o<\/strong><\/p>\n<p style=\"text-align: left\">Av. Carlos Cavalcanti, 4748 \u2013 Bloco Reitoria\/PROAD \u2013 84030-900 Ponta Grossa \u2013 Pr<\/p>\n<p style=\"text-align: left\"><strong>Contato<\/strong><\/p>\n<p style=\"text-align: left\">E-mail: diproc@uepg.br<\/p>\n<p style=\"text-align: left\">Fone (42) 3220-3192<\/p>\n<\/div>\n<\/div><\/div><\/div><\/div><div id=\"pg-99-1\"  class=\"panel-grid panel-no-style\" ><div id=\"pgc-99-1-0\"  class=\"panel-grid-cell\" ><div id=\"panel-99-1-0-0\" class=\"so-panel widget widget_sow-accordion panel-first-child panel-last-child\" data-index=\"1\" ><div id=\"secoes-diproc\" class=\"panel-widget-style panel-widget-style-for-99-1-0-0\" ><div\n\t\t\t\n\t\t\tclass=\"so-widget-sow-accordion so-widget-sow-accordion-default-14ba9eb30e40-99\"\n\t\t\t\n\t\t><div>\n\t<div class=\"sow-accordion\">\n\t\t\t<div class=\"sow-accordion-panel\"\n\t\t\t data-anchor=\"divis%c3%a3o-de-apoio-controle-e-presta%c3%a7%c3%a3o-de-contas\">\n\t\t\t\t<div class=\"sow-accordion-panel-header-container\" role=\"heading\" aria-level=\"2\">\n\t\t\t\t\t<div class=\"sow-accordion-panel-header\" tabindex=\"0\" role=\"button\" id=\"accordion-label-divis%c3%a3o-de-apoio-controle-e-presta%c3%a7%c3%a3o-de-contas\" aria-controls=\"accordion-content-divis%c3%a3o-de-apoio-controle-e-presta%c3%a7%c3%a3o-de-contas\" aria-expanded=\"false\">\n\t\t\t\t\t\t<div class=\"sow-accordion-title sow-accordion-title-icon-left\">\n\t\t\t\t\t\t\t\t\t\t\t\t\t\tDIVIS\u00c3O DE APOIO, CONTROLE E PRESTA\u00c7\u00c3O DE CONTAS\t\t\t\t\t\t\t\t\t\t\t\t\t<\/div>\n\t\t\t\t\t\t<div class=\"sow-accordion-open-close-button\">\n\t\t\t\t\t\t\t<div class=\"sow-accordion-open-button\">\n\t\t\t\t\t\t\t\t<span class=\"sow-icon-ionicons\" data-sow-icon=\"&#xf218;\"\n\t\t \n\t\taria-hidden=\"true\"><\/span>\t\t\t\t\t\t\t<\/div>\n\t\t\t\t\t\t\t<div class=\"sow-accordion-close-button\">\n\t\t\t\t\t\t\t\t<span class=\"sow-icon-ionicons\" data-sow-icon=\"&#xf209;\"\n\t\t \n\t\taria-hidden=\"true\"><\/span>\t\t\t\t\t\t\t<\/div>\n\t\t\t\t\t\t<\/div>\n\t\t\t\t\t<\/div>\n\t\t\t\t<\/div>\n\n\t\t\t<div\n\t\t\t\tclass=\"sow-accordion-panel-content\"\n\t\t\t\trole=\"region\"\n\t\t\t\taria-labelledby=\"accordion-label-divis%c3%a3o-de-apoio-controle-e-presta%c3%a7%c3%a3o-de-contas\"\n\t\t\t\tid=\"accordion-content-divis%c3%a3o-de-apoio-controle-e-presta%c3%a7%c3%a3o-de-contas\"\n\t\t\t\tstyle=\"display: none;\"\t\t\t>\n\t\t\t\t<div class=\"sow-accordion-panel-border\" tabindex=\"0\">\n\t\t\t\t\t<p>Giselle Ferreira de Mello<\/p>\n<p>&nbsp;<\/p>\n<p><strong>Contato<\/strong><\/p>\n<p>42 - 3220-3773<\/p>\n<p>&nbsp;<\/p>\n\t\t\t\t<\/div>\n\t\t\t<\/div>\n\t\t<\/div>\n\t\t\t<div class=\"sow-accordion-panel\"\n\t\t\t data-anchor=\"divis%c3%a3o-de-apoio-a-projetos-e-conv%c3%aanios\">\n\t\t\t\t<div class=\"sow-accordion-panel-header-container\" role=\"heading\" aria-level=\"2\">\n\t\t\t\t\t<div class=\"sow-accordion-panel-header\" tabindex=\"0\" role=\"button\" id=\"accordion-label-divis%c3%a3o-de-apoio-a-projetos-e-conv%c3%aanios\" aria-controls=\"accordion-content-divis%c3%a3o-de-apoio-a-projetos-e-conv%c3%aanios\" aria-expanded=\"false\">\n\t\t\t\t\t\t<div class=\"sow-accordion-title sow-accordion-title-icon-left\">\n\t\t\t\t\t\t\t\t\t\t\t\t\t\tDIVIS\u00c3O DE APOIO A PROJETOS E CONV\u00caNIOS\t\t\t\t\t\t\t\t\t\t\t\t\t<\/div>\n\t\t\t\t\t\t<div class=\"sow-accordion-open-close-button\">\n\t\t\t\t\t\t\t<div class=\"sow-accordion-open-button\">\n\t\t\t\t\t\t\t\t<span class=\"sow-icon-ionicons\" data-sow-icon=\"&#xf218;\"\n\t\t \n\t\taria-hidden=\"true\"><\/span>\t\t\t\t\t\t\t<\/div>\n\t\t\t\t\t\t\t<div class=\"sow-accordion-close-button\">\n\t\t\t\t\t\t\t\t<span class=\"sow-icon-ionicons\" data-sow-icon=\"&#xf209;\"\n\t\t \n\t\taria-hidden=\"true\"><\/span>\t\t\t\t\t\t\t<\/div>\n\t\t\t\t\t\t<\/div>\n\t\t\t\t\t<\/div>\n\t\t\t\t<\/div>\n\n\t\t\t<div\n\t\t\t\tclass=\"sow-accordion-panel-content\"\n\t\t\t\trole=\"region\"\n\t\t\t\taria-labelledby=\"accordion-label-divis%c3%a3o-de-apoio-a-projetos-e-conv%c3%aanios\"\n\t\t\t\tid=\"accordion-content-divis%c3%a3o-de-apoio-a-projetos-e-conv%c3%aanios\"\n\t\t\t\tstyle=\"display: none;\"\t\t\t>\n\t\t\t\t<div class=\"sow-accordion-panel-border\" tabindex=\"0\">\n\t\t\t\t\t<p><strong>Chefe de Divis\u00e3o<\/strong><\/p>\n<p style=\"text-align: left\"><span class=\"\" dir=\"ltr\" role=\"presentation\">Fl\u00e1vio Alves Pinto<\/span><\/p>\n\t\t\t\t<\/div>\n\t\t\t<\/div>\n\t\t<\/div>\n\t\t\t<div class=\"sow-accordion-panel\"\n\t\t\t data-anchor=\"divis%c3%a3o-de-apoio-controle-e-presta%c3%a7%c3%a3o-de-contas-estaduais\">\n\t\t\t\t<div class=\"sow-accordion-panel-header-container\" role=\"heading\" aria-level=\"2\">\n\t\t\t\t\t<div class=\"sow-accordion-panel-header\" tabindex=\"0\" role=\"button\" id=\"accordion-label-divis%c3%a3o-de-apoio-controle-e-presta%c3%a7%c3%a3o-de-contas-estaduais\" aria-controls=\"accordion-content-divis%c3%a3o-de-apoio-controle-e-presta%c3%a7%c3%a3o-de-contas-estaduais\" aria-expanded=\"false\">\n\t\t\t\t\t\t<div class=\"sow-accordion-title sow-accordion-title-icon-left\">\n\t\t\t\t\t\t\t\t\t\t\t\t\t\tDIVIS\u00c3O DE APOIO, CONTROLE E PRESTA\u00c7\u00c3O DE CONTAS ESTADUAIS\t\t\t\t\t\t\t\t\t\t\t\t\t<\/div>\n\t\t\t\t\t\t<div class=\"sow-accordion-open-close-button\">\n\t\t\t\t\t\t\t<div class=\"sow-accordion-open-button\">\n\t\t\t\t\t\t\t\t<span class=\"sow-icon-ionicons\" data-sow-icon=\"&#xf218;\"\n\t\t \n\t\taria-hidden=\"true\"><\/span>\t\t\t\t\t\t\t<\/div>\n\t\t\t\t\t\t\t<div class=\"sow-accordion-close-button\">\n\t\t\t\t\t\t\t\t<span class=\"sow-icon-ionicons\" data-sow-icon=\"&#xf209;\"\n\t\t \n\t\taria-hidden=\"true\"><\/span>\t\t\t\t\t\t\t<\/div>\n\t\t\t\t\t\t<\/div>\n\t\t\t\t\t<\/div>\n\t\t\t\t<\/div>\n\n\t\t\t<div\n\t\t\t\tclass=\"sow-accordion-panel-content\"\n\t\t\t\trole=\"region\"\n\t\t\t\taria-labelledby=\"accordion-label-divis%c3%a3o-de-apoio-controle-e-presta%c3%a7%c3%a3o-de-contas-estaduais\"\n\t\t\t\tid=\"accordion-content-divis%c3%a3o-de-apoio-controle-e-presta%c3%a7%c3%a3o-de-contas-estaduais\"\n\t\t\t\tstyle=\"display: none;\"\t\t\t>\n\t\t\t\t<div class=\"sow-accordion-panel-border\" tabindex=\"0\">\n\t\t\t\t\t<p><strong>Chefe de Divis\u00e3o<\/strong><\/p>\n<p style=\"text-align: left\"><span dir=\"ltr\" role=\"presentation\">Antonio Carlos C\u00f3rdova<\/span><\/p>\n\t\t\t\t<\/div>\n\t\t\t<\/div>\n\t\t<\/div>\n\t\t<\/div>\n<\/div>\n<\/div><\/div><\/div><\/div><\/div><\/div>","protected":false},"excerpt":{"rendered":"<p>DIRETORIA DE PROJETOS E CONV\u00caNIOS Respons\u00e1vel Giselle Ferreira de Mello Miss\u00e3o Proporcionar condi\u00e7\u00f5es favor\u00e1veis para o desenvolvimento sustent\u00e1vel da UEPG, atuando como facilitadora no aux\u00edlio \u00e0 elabora\u00e7\u00e3o de projetos, execu\u00e7\u00e3o de conv\u00eanios, controle e acompanhamento financeiro e presta\u00e7\u00e3o de contas junto aos \u00f3rg\u00e3os repassadores de recursos e tribunais de contas. Vis\u00e3o Prestar servi\u00e7os com excel\u00eancia,&nbsp;&hellip;<\/p>\n","protected":false},"author":24,"featured_media":0,"parent":0,"menu_order":0,"comment_status":"closed","ping_status":"closed","template":"","meta":[],"_links":{"self":[{"href":"https:\/\/www2.uepg.br\/proad\/wp-json\/wp\/v2\/pages\/99"}],"collection":[{"href":"https:\/\/www2.uepg.br\/proad\/wp-json\/wp\/v2\/pages"}],"about":[{"href":"https:\/\/www2.uepg.br\/proad\/wp-json\/wp\/v2\/types\/page"}],"author":[{"embeddable":true,"href":"https:\/\/www2.uepg.br\/proad\/wp-json\/wp\/v2\/users\/24"}],"replies":[{"embeddable":true,"href":"https:\/\/www2.uepg.br\/proad\/wp-json\/wp\/v2\/comments?post=99"}],"version-history":[{"count":21,"href":"https:\/\/www2.uepg.br\/proad\/wp-json\/wp\/v2\/pages\/99\/revisions"}],"predecessor-version":[{"id":2067,"href":"https:\/\/www2.uepg.br\/proad\/wp-json\/wp\/v2\/pages\/99\/revisions\/2067"}],"wp:attachment":[{"href":"https:\/\/www2.uepg.br\/proad\/wp-json\/wp\/v2\/media?parent=99"}],"curies":[{"name":"wp","href":"https:\/\/api.w.org\/{rel}","templated":true}]}}