{"id":119,"date":"2021-03-11T09:36:16","date_gmt":"2021-03-11T12:36:16","guid":{"rendered":"https:\/\/www2.uepg.br\/proenzem\/?page_id=119"},"modified":"2021-08-20T19:37:04","modified_gmt":"2021-08-20T22:37:04","slug":"historico-e-objetivos","status":"publish","type":"page","link":"https:\/\/www2.uepg.br\/proenzem\/historico-e-objetivos\/","title":{"rendered":"Hist\u00f3rico e Objetivos"},"content":{"rendered":"<p><strong>HIST\u00d3RIO E OBJETIVOS DO PROJETO<\/strong><\/p>\n<p><strong>\u00a0<\/strong><\/p>\n<p>No Brasil, h\u00e1 uma diminui\u00e7\u00e3o constante no n\u00famero de egressos no ensino superior, o que impacta na aus\u00eancia de profissionais em determinadas \u00e1reas, principalmente, nas \u00e1reas de engenharias e agr\u00e1rias. Com isso, \u00e9 papel das universidades buscarem conhecer e explorar o seu potencial social ao promoverem experi\u00eancias de articula\u00e7\u00e3o entre o Ensino M\u00e9dio e os cursos das \u00e1reas de Tecnologia e Agr\u00e1rias, como forma de contribuir com o Ensino M\u00e9dio, al\u00e9m de consolidar essas \u00e1reas como \u00e1reas de conhecimento e de forma\u00e7\u00e3o profissional, as quais desempenham papel fundamental no desenvolvimento socioecon\u00f4mico da sociedade.<\/p>\n<p>Este Projeto de Extens\u00e3o tem como objetivo principal despertar o interesse dos alunos do ensino m\u00e9dio pelos cursos ofertados pelo Setor de Engenharias, Ci\u00eancias Agr\u00e1rias e de Tecnologia (SECATE), que s\u00e3o: Engenharia de Materiais, Engenharia de Alimentos, Engenharia Civil, Engenharia de Computa\u00e7\u00e3o, Engenharia de Software, Agronomia e Zootecnia. \u00a0O estreitamento do relacionamento entre a Universidade e os Col\u00e9gios de Ensino M\u00e9dio mostra as possibilidades de intera\u00e7\u00e3o que podem e devem existir.<\/p>\n<p>As atividades propostas nesse Programa visam estimular o aluno a conhecer e vivenciar o curso a ser realizado no Ensino Superior, antes do seu ingresso na Universidade, permitindo assim, despertar seu senso cr\u00edtico, para que ele possa tomar decis\u00f5es, qualificando-se para a escolha de uma profiss\u00e3o. As atividades realizadas s\u00e3o palestras, oficinas de experimenta\u00e7\u00e3o tecnol\u00f3gica, feiras de ci\u00eancias. O desenvolvimento desse Programa \u00e9 realizado nas escolas de ensino m\u00e9dio dos Campos Gerais e na Universidade, utilizando como espa\u00e7os o Hall Tecnol\u00f3gico e os laborat\u00f3rios dos cursos do SECATE.<\/p>\n<p><strong>\u00a0<\/strong><\/p>\n<p><strong>Objetivo Geral <\/strong><\/p>\n<p>Realizar atividades que visem estimular o aluno do Ensino M\u00e9dio a conhecer e vivenciar os cursos oferecidos pelo Setor de Engenharias, Ci\u00eancias Agr\u00e1rias e de Tecnologia (SECATE) da UEPG, permitindo assim, despertar seu senso cr\u00edtico, para que ele possa tomar decis\u00f5es, qualificando-se para a escolha de uma profiss\u00e3o.<\/p>\n<p>&nbsp;<\/p>\n<p><strong>Objetivos espec\u00edficos:<\/strong><\/p>\n<ol>\n<li>Oportunizar aos alunos do ensino m\u00e9dio o conhecimento das atividades de ensino, pesquisa e extens\u00e3o, desenvolvidas pelos cursos do Setor de Engenharias, Ci\u00eancias Agr\u00e1rias e de Tecnologia;<\/li>\n<li>Divulgar as a\u00e7\u00f5es e produ\u00e7\u00f5es das diferentes \u00e1reas de Engenharia e Zootecnia, possibilitando uma maior integra\u00e7\u00e3o Universidade-Ensino M\u00e9dio;<\/li>\n<li>Promover a divulga\u00e7\u00e3o dos cursos do Setor de Engenharias, Ci\u00eancias Agr\u00e1rias e de Tecnologia, aumentando a procura dos mesmos.<\/li>\n<\/ol>\n<p>&nbsp;<\/p>\n<p style=\"text-align: right\">Atualizado em 20\/08\/2021<\/p>\n","protected":false},"excerpt":{"rendered":"<p>HIST\u00d3RIO E OBJETIVOS DO PROJETO \u00a0 No Brasil, h\u00e1 uma diminui\u00e7\u00e3o constante no n\u00famero de egressos no ensino superior, o que impacta na aus\u00eancia de profissionais em determinadas \u00e1reas, principalmente, nas \u00e1reas de engenharias e agr\u00e1rias. Com isso, \u00e9 papel das universidades buscarem conhecer e explorar o seu potencial social ao promoverem experi\u00eancias de articula\u00e7\u00e3o&nbsp;&hellip;<\/p>\n","protected":false},"author":204,"featured_media":0,"parent":0,"menu_order":0,"comment_status":"closed","ping_status":"closed","template":"","meta":[],"_links":{"self":[{"href":"https:\/\/www2.uepg.br\/proenzem\/wp-json\/wp\/v2\/pages\/119"}],"collection":[{"href":"https:\/\/www2.uepg.br\/proenzem\/wp-json\/wp\/v2\/pages"}],"about":[{"href":"https:\/\/www2.uepg.br\/proenzem\/wp-json\/wp\/v2\/types\/page"}],"author":[{"embeddable":true,"href":"https:\/\/www2.uepg.br\/proenzem\/wp-json\/wp\/v2\/users\/204"}],"replies":[{"embeddable":true,"href":"https:\/\/www2.uepg.br\/proenzem\/wp-json\/wp\/v2\/comments?post=119"}],"version-history":[{"count":8,"href":"https:\/\/www2.uepg.br\/proenzem\/wp-json\/wp\/v2\/pages\/119\/revisions"}],"predecessor-version":[{"id":287,"href":"https:\/\/www2.uepg.br\/proenzem\/wp-json\/wp\/v2\/pages\/119\/revisions\/287"}],"wp:attachment":[{"href":"https:\/\/www2.uepg.br\/proenzem\/wp-json\/wp\/v2\/media?parent=119"}],"curies":[{"name":"wp","href":"https:\/\/api.w.org\/{rel}","templated":true}]}}