{"id":125,"date":"2021-03-11T09:39:58","date_gmt":"2021-03-11T12:39:58","guid":{"rendered":"https:\/\/www2.uepg.br\/proenzem\/?page_id=125"},"modified":"2021-03-11T11:11:57","modified_gmt":"2021-03-11T14:11:57","slug":"academicosas","status":"publish","type":"page","link":"https:\/\/www2.uepg.br\/proenzem\/academicosas\/","title":{"rendered":"Acad\u00eamicos(as)"},"content":{"rendered":"<table>\n<tbody>\n<tr>\n<td width=\"311\">\n<h5 style=\"text-align: center;\"><strong>Aluno<\/strong><\/h5>\n<\/td>\n<td width=\"311\">\n<h5 style=\"text-align: center;\"><strong>Curso<\/strong><\/h5>\n<\/td>\n<td width=\"311\">\n<h5 style=\"text-align: center;\"><strong>Lattes<\/strong><\/h5>\n<\/td>\n<\/tr>\n<\/tbody>\n<\/table>\n<table>\n<tbody>\n<tr>\n<td width=\"311\">\n<p style=\"text-align: center;\">Jos\u00e9 Carlos<\/p>\n<\/td>\n<td width=\"311\">\n<p style=\"text-align: center;\">Curso<\/p>\n<\/td>\n<td width=\"311\">\n<p style=\"text-align: center;\"><a href=\"http:\/\/lattes.cnpq.br\/branco.htm\">lattes<\/a><\/p>\n<\/td>\n<\/tr>\n<\/tbody>\n<\/table>\n<table>\n<tbody>\n<tr>\n<td width=\"311\">\n<p style=\"text-align: center;\">Maria Jo\u00e3o<\/p>\n<\/td>\n<td width=\"311\">\n<p style=\"text-align: center;\">Curso<\/p>\n<\/td>\n<td width=\"311\">\n<p style=\"text-align: center;\"><a href=\"http:\/\/lattes.cnpq.br\/branco.htm\">lattes<\/a><\/p>\n<\/td>\n<\/tr>\n<\/tbody>\n<\/table>\n<table>\n<tbody>\n<tr>\n<td width=\"311\">\n<p style=\"text-align: center;\">Carlos Jos\u00e9<\/p>\n<\/td>\n<td width=\"311\">\n<p style=\"text-align: center;\">Curso<\/p>\n<\/td>\n<td width=\"311\">\n<p style=\"text-align: center;\"><a href=\"http:\/\/lattes.cnpq.br\/branco.htm\">lattes<\/a><\/p>\n<\/td>\n<\/tr>\n<\/tbody>\n<\/table>\n","protected":false},"excerpt":{"rendered":"<p>Aluno Curso Lattes Jos\u00e9 Carlos Curso lattes Maria Jo\u00e3o Curso lattes Carlos Jos\u00e9 Curso lattes<\/p>\n","protected":false},"author":204,"featured_media":0,"parent":0,"menu_order":0,"comment_status":"closed","ping_status":"closed","template":"","meta":[],"_links":{"self":[{"href":"https:\/\/www2.uepg.br\/proenzem\/wp-json\/wp\/v2\/pages\/125"}],"collection":[{"href":"https:\/\/www2.uepg.br\/proenzem\/wp-json\/wp\/v2\/pages"}],"about":[{"href":"https:\/\/www2.uepg.br\/proenzem\/wp-json\/wp\/v2\/types\/page"}],"author":[{"embeddable":true,"href":"https:\/\/www2.uepg.br\/proenzem\/wp-json\/wp\/v2\/users\/204"}],"replies":[{"embeddable":true,"href":"https:\/\/www2.uepg.br\/proenzem\/wp-json\/wp\/v2\/comments?post=125"}],"version-history":[{"count":7,"href":"https:\/\/www2.uepg.br\/proenzem\/wp-json\/wp\/v2\/pages\/125\/revisions"}],"predecessor-version":[{"id":208,"href":"https:\/\/www2.uepg.br\/proenzem\/wp-json\/wp\/v2\/pages\/125\/revisions\/208"}],"wp:attachment":[{"href":"https:\/\/www2.uepg.br\/proenzem\/wp-json\/wp\/v2\/media?parent=125"}],"curies":[{"name":"wp","href":"https:\/\/api.w.org\/{rel}","templated":true}]}}