{"id":129,"date":"2021-03-11T09:42:45","date_gmt":"2021-03-11T12:42:45","guid":{"rendered":"https:\/\/www2.uepg.br\/proenzem\/?page_id=129"},"modified":"2024-08-18T19:15:07","modified_gmt":"2024-08-18T22:15:07","slug":"engenharia-de-materiais","status":"publish","type":"page","link":"https:\/\/www2.uepg.br\/proenzem\/engenharia-de-materiais\/","title":{"rendered":"Engenharia de Materiais"},"content":{"rendered":"<div id=\"pl-129\"  class=\"panel-layout\" ><div id=\"pg-129-0\"  class=\"panel-grid panel-no-style\" ><div id=\"pgc-129-0-0\"  class=\"panel-grid-cell\" ><div id=\"panel-129-0-0-0\" class=\"so-panel widget widget_sow-editor panel-first-child panel-last-child\" data-index=\"0\" ><div\n\t\t\t\n\t\t\tclass=\"so-widget-sow-editor so-widget-sow-editor-base\"\n\t\t\t\n\t\t>\n<div class=\"siteorigin-widget-tinymce textwidget\">\n\t<h3>J\u00c1 SE IMAGINOU DESENVOLVENDO UM FOGUETE ESPACIAL?<\/h3>\n<p>A Engenharia de Materiais tem foco no estudo, desenvolvimento e aplica\u00e7\u00e3o dos materiais que comp\u00f5em todos os objetos ao nosso redor.<\/p>\n<p>Nela voc\u00ea vai aprender, por exemplo, a desenvolver e aprimorar os materiais necess\u00e1rios para enfrentar at\u00e9 mesmo desafios extremos do espa\u00e7o. Al\u00e9m disso, esse conhecimento sobre as propriedades dos materiais pode ser aplicado em diversas outras \u00e1reas, como a cria\u00e7\u00e3o de novas tecnologias para smartphones at\u00e9 ao desenvolvimento de pr\u00f3teses m\u00e9dicas que melhoram a vida das pessoas.<\/p>\n<p>A Engenharia de Materiais \u00e9 sobre transformar ideias inovadoras em realidade, utilizando a ci\u00eancia para moldar o futuro!<\/p>\n<h4>INFORMA\u00c7\u00d5ES DO CURSO<\/h4>\n<ul>\n<li>Bacharelado<\/li>\n<li>Dura\u00e7\u00e3o: 5 anos<\/li>\n<li>Per\u00edodo: Integral (manh\u00e3 e tarde)<\/li>\n<li>Local: Campus de Uvaranas (Bloco L)<\/li>\n<li><a href=\"https:\/\/www2.uepg.br\/prograd\/wp-content\/uploads\/sites\/19\/2021\/07\/Eng-de-Materiais_MATRIZ_Site_organized.pdf\" target=\"_blank\" rel=\"noopener\">Grade Curricular<\/a><\/li>\n<\/ul>\n<h4>MERCADO DE TRABALHO<\/h4>\n<p>O mercado de trabalho para Engenheiros de Materiais est\u00e1 em expans\u00e3o, especialmente em \u00e1reas como nanotecnologia, sustentabilidade e biomedicina. Essas s\u00e3o \u00e1reas do futuro, que ir\u00e3o precisar de mentes curiosas e criativas para continuar avan\u00e7ando.<\/p>\n<h4>DETALHANDO, O QUE \u00c9 A ENGENHARIA DE MATERIAIS?<\/h4>\n<p>O Engenheiro de Materiais utiliza conhecimentos de qu\u00edmica, f\u00edsica e matem\u00e1tica para entender a forma com que os \u00e1tomos e mol\u00e9culas se organizam nos diferentes materiais, como os processos de fabrica\u00e7\u00e3o influenciam essa organiza\u00e7\u00e3o e como criar produtos otimizados para uma ampla variedade de aplica\u00e7\u00f5es tecnol\u00f3gicas.<\/p>\n<p>Aplica\u00e7\u00f5es: Aeroespacial, eletr\u00f4nica, biomedicina, energia, tecnologia, automotiva, sustentabilidade, constru\u00e7\u00e3o civil, manufatura avan\u00e7ada e desenvolvimento de novos materiais para aplica\u00e7\u00f5es industriais e cient\u00edficas.<\/p>\n<h4>A ENGENHARIA DE MATERIAIS NA UEPG<\/h4>\n<ul>\n<li>Teve in\u00edcio em 1990, sendo o 3\u00ba curso Engenharia de Materiais do pa\u00eds.<\/li>\n<li>Possui \u00eanfase em 3 \u00e1reas principais: Metais, Pol\u00edmeros e Cer\u00e2micas.<\/li>\n<li>Corpo de docentes composto por Mestres e Doutores.<\/li>\n<li>Conta com mais de 650 engenheiros formados.<\/li>\n<\/ul>\n<p>A UEPG tamb\u00e9m oferece cursos de Mestrado e Doutorado em Engenharia e Ci\u00eancia de Materiais, credenciados pela CAPES.<\/p>\n<h3>CONTATOS<\/h3>\n<p>Dra. Adriana Scoton Antonio Chinelatto (Coordenadora supervisora de Engenharia de Materiais no PROENZEM)<\/p>\n<ul>\n<li>email: <strong>adriana@uepg.br<\/strong><\/li>\n<\/ul>\n<hr \/>\n<p>Dr. Adilson Luiz Chinelatto (Diretor do SECATE)<\/p>\n<ul>\n<li>email: <strong>adilson@uepg.br<\/strong><\/li>\n<\/ul>\n<hr \/>\n<p>Departamento de Engenharia de Materiais<\/p>\n<ul>\n<li>email: <strong>dema@uepg.br<\/strong><\/li>\n<\/ul>\n<\/div>\n<\/div><\/div><\/div><\/div><\/div>","protected":false},"excerpt":{"rendered":"<p>J\u00c1 SE IMAGINOU DESENVOLVENDO UM FOGUETE ESPACIAL? A Engenharia de Materiais tem foco no estudo, desenvolvimento e aplica\u00e7\u00e3o dos materiais que comp\u00f5em todos os objetos ao nosso redor. Nela voc\u00ea vai aprender, por exemplo, a desenvolver e aprimorar os materiais necess\u00e1rios para enfrentar at\u00e9 mesmo desafios extremos do espa\u00e7o. Al\u00e9m disso, esse conhecimento sobre as&nbsp;&hellip;<\/p>\n","protected":false},"author":204,"featured_media":0,"parent":0,"menu_order":0,"comment_status":"closed","ping_status":"closed","template":"","meta":[],"_links":{"self":[{"href":"https:\/\/www2.uepg.br\/proenzem\/wp-json\/wp\/v2\/pages\/129"}],"collection":[{"href":"https:\/\/www2.uepg.br\/proenzem\/wp-json\/wp\/v2\/pages"}],"about":[{"href":"https:\/\/www2.uepg.br\/proenzem\/wp-json\/wp\/v2\/types\/page"}],"author":[{"embeddable":true,"href":"https:\/\/www2.uepg.br\/proenzem\/wp-json\/wp\/v2\/users\/204"}],"replies":[{"embeddable":true,"href":"https:\/\/www2.uepg.br\/proenzem\/wp-json\/wp\/v2\/comments?post=129"}],"version-history":[{"count":7,"href":"https:\/\/www2.uepg.br\/proenzem\/wp-json\/wp\/v2\/pages\/129\/revisions"}],"predecessor-version":[{"id":451,"href":"https:\/\/www2.uepg.br\/proenzem\/wp-json\/wp\/v2\/pages\/129\/revisions\/451"}],"wp:attachment":[{"href":"https:\/\/www2.uepg.br\/proenzem\/wp-json\/wp\/v2\/media?parent=129"}],"curies":[{"name":"wp","href":"https:\/\/api.w.org\/{rel}","templated":true}]}}