{"id":131,"date":"2021-03-11T09:43:08","date_gmt":"2021-03-11T12:43:08","guid":{"rendered":"https:\/\/www2.uepg.br\/proenzem\/?page_id=131"},"modified":"2024-08-24T19:03:23","modified_gmt":"2024-08-24T22:03:23","slug":"engenharia-civil","status":"publish","type":"page","link":"https:\/\/www2.uepg.br\/proenzem\/engenharia-civil\/","title":{"rendered":"Engenharia Civil"},"content":{"rendered":"<div id=\"pl-131\"  class=\"panel-layout\" ><div id=\"pg-131-0\"  class=\"panel-grid panel-no-style\" ><div id=\"pgc-131-0-0\"  class=\"panel-grid-cell\" ><div id=\"panel-131-0-0-0\" class=\"so-panel widget widget_sow-editor panel-first-child panel-last-child\" data-index=\"0\" ><div\n\t\t\t\n\t\t\tclass=\"so-widget-sow-editor so-widget-sow-editor-base\"\n\t\t\t\n\t\t>\n<div class=\"siteorigin-widget-tinymce textwidget\">\n\t<h3><strong>A Engenharia Civil<\/strong><\/h3>\n<p>O curso de Engenharia Civil da Universidade Estadual de Ponta Grossa (UEPG) \u00e9 uma excelente escolha para quem deseja seguir uma carreira em uma \u00e1rea que combina criatividade, inova\u00e7\u00e3o e sociedade. Esse curso oferece uma forma\u00e7\u00e3o s\u00f3lida em diversas \u00e1reas da engenharia, preparando os alunos para projetar, construir e gerenciar obras que v\u00e3o desde pequenas edifica\u00e7\u00f5es at\u00e9 grandes infraestruturas como pontes, estradas e sistemas de saneamento.<\/p>\n<p>Indo al\u00e9m apenas das constru\u00e7\u00f5es, os materiais que s\u00e3o utilizados, o curso tamb\u00e9m oferece mec\u00e2nica dos solos, hidrologia, estruturas de concreto e a\u00e7o, al\u00e9m de t\u00e9cnicas de gest\u00e3o de projetos e obras. A UEPG possui laborat\u00f3rios bem equipados e professores altamente qualificados, que proporcionam um ambiente prop\u00edcio para a aprendizagem pr\u00e1tica e te\u00f3rica.<\/p>\n<h4><strong>Sobre o curso<\/strong><\/h4>\n<ul>\n<li>Iniciou suas atividades em 1974.<\/li>\n<li>Bacharelado.<\/li>\n<li>Dura\u00e7\u00e3o: 5 anos.<\/li>\n<li>Per\u00edodo integral.<\/li>\n<li>Campus Uvaranas (bloco E).<\/li>\n<li>Presencial.<\/li>\n<li><u><a href=\"https:\/\/www2.uepg.br\/prograd\/wp-content\/uploads\/sites\/19\/2022\/06\/Matriz-Curricular_Curr_08_Atualizada_2022.pdf\">Grade Curricular.<\/a><\/u><\/li>\n<\/ul>\n<h4><strong>Ao entrevistar um aluno do primeiro ano de Engenharia Civil:<\/strong><\/h4>\n<ul>\n<li>Qual era sua ideia do curso antes de entrar e agora?<\/li>\n<\/ul>\n<p>\u2192\u00a0\u00a0\u00a0 \"Quando eu era do ensino m\u00e9dio eu j\u00e1 imaginava que Engenharia Civil demandava muito de c\u00e1lculo, mas depois eu vi que n\u00e3o era apenas c\u00e1lculo, n\u00f3s aprendemos muitas coisas al\u00e9m disso.\"<\/p>\n<ul>\n<li>O que voc\u00ea mais gosta em seu curso?<\/li>\n<\/ul>\n<p>\u2192\u00a0\u00a0\u00a0 \"Ent\u00e3o, o curso em si \u00e9 uma das engenharias mais abrangentes no mercado hoje em dia, ent\u00e3o mesmo que voc\u00ea pense que quer trabalhar construindo casas, condom\u00ednios e pr\u00e9dios, tamb\u00e9m existem outras \u00e1reas que voc\u00ea pode ter contato. Por exemplo, eu imaginei que meu trabalho e meu curso iriam se resumir apenas em construir coisas, mas eu me descobri apaixonado por geotecnia que \u00e9 o estudo dos solos que modificaram totalmente a vis\u00e3o que eu tinha do meu curso. E atualmente eu j\u00e1 imagino que ser\u00e1 a \u00e1rea que eu quero me desenvolver, fazer uma p\u00f3s gradua\u00e7\u00e3o etc.\"<\/p>\n<ul>\n<li>Empresa J\u00fanior (ENGENIUM)<\/li>\n<\/ul>\n<p>\u2192\u00a0\u00a0\u00a0 \"Uma das grandes vantagens de cursar Engenharia Civil na UEPG \u00e9 a possibilidade de participar de projetos de extens\u00e3o e pesquisa, onde os alunos podem aplicar o que aprendem em sala de aula em situa\u00e7\u00f5es reais, colaborando para o desenvolvimento da comunidade e ganhando experi\u00eancia profissional.\"<\/p>\n<p>\u2192\u00a0\u00a0\u00a0\u00a0 \"N\u00f3s temos empresas j\u00fanior, formado por alunos e professores que ficam respons\u00e1veis para nos ensinar, onde h\u00e1 um processo seletivo para entrar, l\u00e1 n\u00f3s aprendemos modelagens, fazemos projetos para a comunidade, tudo na pr\u00e1tica com o pre\u00e7o abaixo do mercado. Os alunos entram em contato com os clientes e fazem todo o processo.\"<\/p>\n<p><strong>\u00a0<\/strong><\/p>\n<h4><strong>Mercado de Trabalho<\/strong><\/h4>\n<p>O mercado de trabalho para engenheiros civis \u00e9 bastante din\u00e2mico e oferece diversas oportunidades, tanto no setor p\u00fablico quanto no privado. Engenheiros civis s\u00e3o essenciais em praticamente todos os tipos de constru\u00e7\u00e3o e infraestrutura, o que garante uma demanda constante por esses profissionais.<\/p>\n<p>As perspectivas de emprego s\u00e3o promissoras, especialmente em um pa\u00eds como o Brasil, que necessita de investimentos em infraestrutura. Embora o mercado seja competitivo, profissionais bem formados e com experi\u00eancia pr\u00e1tica, como aqueles graduados pela UEPG, geralmente encontram boas oportunidades de trabalho. A profiss\u00e3o tamb\u00e9m oferece sal\u00e1rios atraentes, com possibilidade de crescimento \u00e0 medida que o engenheiro adquire mais experi\u00eancia e assume maiores responsabilidades.<\/p>\n<p>Ao final do curso, os formandos estar\u00e3o aptos a atuar em diversas \u00e1reas, como constru\u00e7\u00e3o civil, infraestrutura urbana, obras de saneamento, transportes, e at\u00e9 mesmo em \u00e1reas mais inovadoras, como sustentabilidade e energias renov\u00e1veis. A demanda por engenheiros civis \u00e9 constante, o que faz desta profiss\u00e3o uma das mais promissoras e valorizadas no mercado de trabalho<\/p>\n<p>Se voc\u00ea tem interesse por constru\u00e7\u00e3o, gosta de resolver problemas pr\u00e1ticos e quer fazer parte do desenvolvimento da sociedade, o curso de Engenharia Civil da UEPG pode ser o caminho ideal para o seu futuro.<\/p>\n<h4><strong>Contatos<\/strong><\/h4>\n<p>Profa. Dra. Patr\u00edcia Kr\u00fcger (Coordenadora do Curso de Engenharia Civil) \u2013 pkruger@uepg.br<\/p>\n<p>Prof. Dr. Lucio Marcos de Geus (Vice coordenador do Curso de Engenharia Civil) \u2013 lmgeus@uepg.br<\/p>\n<ul>\n<li>Fone: (42) 3220 3075 (UEPG)<\/li>\n<li>e-mail: colengc@uepg.br<\/li>\n<\/ul>\n<p>Departamento de Engenharia Civil:<\/p>\n<p>Prof. Dr. Carlos Emmanuel Ribeiro Lautenschl\u00e4ger (Chefe do Departamento de Engenharia Civil) \u2013 cerlautenschlager@uepg.br<\/p>\n<ul>\n<li>Fone: (42) 3220 3074 (UEPG)<\/li>\n<li>e-mail: denge@uepg.br<\/li>\n<\/ul>\n<\/div>\n<\/div><\/div><\/div><\/div><\/div>","protected":false},"excerpt":{"rendered":"<p>A Engenharia Civil O curso de Engenharia Civil da Universidade Estadual de Ponta Grossa (UEPG) \u00e9 uma excelente escolha para quem deseja seguir uma carreira em uma \u00e1rea que combina criatividade, inova\u00e7\u00e3o e sociedade. Esse curso oferece uma forma\u00e7\u00e3o s\u00f3lida em diversas \u00e1reas da engenharia, preparando os alunos para projetar, construir e gerenciar obras que&nbsp;&hellip;<\/p>\n","protected":false},"author":204,"featured_media":0,"parent":0,"menu_order":0,"comment_status":"closed","ping_status":"closed","template":"","meta":[],"_links":{"self":[{"href":"https:\/\/www2.uepg.br\/proenzem\/wp-json\/wp\/v2\/pages\/131"}],"collection":[{"href":"https:\/\/www2.uepg.br\/proenzem\/wp-json\/wp\/v2\/pages"}],"about":[{"href":"https:\/\/www2.uepg.br\/proenzem\/wp-json\/wp\/v2\/types\/page"}],"author":[{"embeddable":true,"href":"https:\/\/www2.uepg.br\/proenzem\/wp-json\/wp\/v2\/users\/204"}],"replies":[{"embeddable":true,"href":"https:\/\/www2.uepg.br\/proenzem\/wp-json\/wp\/v2\/comments?post=131"}],"version-history":[{"count":10,"href":"https:\/\/www2.uepg.br\/proenzem\/wp-json\/wp\/v2\/pages\/131\/revisions"}],"predecessor-version":[{"id":459,"href":"https:\/\/www2.uepg.br\/proenzem\/wp-json\/wp\/v2\/pages\/131\/revisions\/459"}],"wp:attachment":[{"href":"https:\/\/www2.uepg.br\/proenzem\/wp-json\/wp\/v2\/media?parent=131"}],"curies":[{"name":"wp","href":"https:\/\/api.w.org\/{rel}","templated":true}]}}