{"id":137,"date":"2021-03-11T09:44:18","date_gmt":"2021-03-11T12:44:18","guid":{"rendered":"https:\/\/www2.uepg.br\/proenzem\/?page_id=137"},"modified":"2024-08-18T23:12:39","modified_gmt":"2024-08-19T02:12:39","slug":"engenharia-de-computacao","status":"publish","type":"page","link":"https:\/\/www2.uepg.br\/proenzem\/engenharia-de-computacao\/","title":{"rendered":"Engenharia de Computa\u00e7\u00e3o"},"content":{"rendered":"<div id=\"pl-137\"  class=\"panel-layout\" ><div id=\"pg-137-0\"  class=\"panel-grid panel-no-style\" ><div id=\"pgc-137-0-0\"  class=\"panel-grid-cell\" ><div id=\"panel-137-0-0-0\" class=\"so-panel widget widget_sow-editor panel-first-child panel-last-child\" data-index=\"0\" ><div\n\t\t\t\n\t\t\tclass=\"so-widget-sow-editor so-widget-sow-editor-base\"\n\t\t\t\n\t\t>\n<div class=\"siteorigin-widget-tinymce textwidget\">\n\t<h3><b>Como \u00e9 o curso de Engenharia de Computa\u00e7\u00e3o?<\/b><\/h3>\n<p>O curso de Bacharelado em Engenharia de Computa\u00e7\u00e3o da UEPG tem dura\u00e7\u00e3o de 5 anos, com per\u00edodo integral. \u00c9 projetado para oferecer aos alunos um conhecimento tanto em hardware, que envolve a parte f\u00edsica das m\u00e1quinas, quanto em software, que engloba os sistemas, preparando-os para enfrentar o mercado tecnol\u00f3gico. O curso visa formar profissionais capacitados em desenvolvimento de sistemas, rob\u00f3tica, programa\u00e7\u00e3o avan\u00e7ada e redes de computadores, com uma combina\u00e7\u00e3o equilibrada entre teoria e pr\u00e1tica.<\/p>\n<h4><b>Como funciona?<\/b><\/h4>\n<ul>\n<li>Aulas e Laborat\u00f3rios: As disciplinas s\u00e3o ministradas no campus Uvaranas, onde os alunos t\u00eam acesso a laborat\u00f3rios para experi\u00eancias pr\u00e1ticas que complementam o aprendizado te\u00f3rico.<\/li>\n<li>Projetos e Est\u00e1gios: O curso enfatiza o desenvolvimento de habilidades pr\u00e1ticas atrav\u00e9s de projetos e est\u00e1gios, permitindo aos alunos criar solu\u00e7\u00f5es tecnol\u00f3gicas reais e enfrentar desafios do campo da engenharia.<\/li>\n<\/ul>\n<h4><b>\u00c1reas de atua\u00e7\u00e3o<\/b><\/h4>\n<p>Algumas poss\u00edveis \u00e1reas de atua\u00e7\u00e3o s\u00e3o: Automa\u00e7\u00e3o Industrial, Redes de Computadores, Desenvolvimento de Software, An\u00e1lise de Dados, Realidade Aumentada, Rob\u00f3tica, Computa\u00e7\u00e3o Gr\u00e1fica, Sistemas Embarcados, Intelig\u00eancia Artificial e Seguran\u00e7a da Informa\u00e7\u00e3o.<\/p>\n<h4><b>Grade Curricular<\/b><\/h4>\n<p>A grade curricular do curso de Engenharia de Computa\u00e7\u00e3o da UEPG \u00e9 estruturada para fornecer uma forma\u00e7\u00e3o abrangente, com um equil\u00edbrio entre teoria e pr\u00e1tica: <a href=\"https:\/\/www2.uepg.br\/prograd\/wp-content\/uploads\/sites\/19\/2023\/06\/MATRIZ-CURRICULAR-Eng-de-Computacao-2023_Pagina-UEPG.pdf\">Grade Curricular<\/a>.<\/p>\n<h3><b>Contato<\/b><\/h3>\n<p>Coordenador de Curso: Prof. Doutorando Jonathan de Matos<\/p>\n<ul>\n<li>E-mail: colecomp@uepg.br<\/li>\n<\/ul>\n<\/div>\n<\/div><\/div><\/div><\/div><\/div>","protected":false},"excerpt":{"rendered":"<p>Como \u00e9 o curso de Engenharia de Computa\u00e7\u00e3o? O curso de Bacharelado em Engenharia de Computa\u00e7\u00e3o da UEPG tem dura\u00e7\u00e3o de 5 anos, com per\u00edodo integral. \u00c9 projetado para oferecer aos alunos um conhecimento tanto em hardware, que envolve a parte f\u00edsica das m\u00e1quinas, quanto em software, que engloba os sistemas, preparando-os para enfrentar o&nbsp;&hellip;<\/p>\n","protected":false},"author":204,"featured_media":0,"parent":0,"menu_order":0,"comment_status":"closed","ping_status":"closed","template":"","meta":[],"_links":{"self":[{"href":"https:\/\/www2.uepg.br\/proenzem\/wp-json\/wp\/v2\/pages\/137"}],"collection":[{"href":"https:\/\/www2.uepg.br\/proenzem\/wp-json\/wp\/v2\/pages"}],"about":[{"href":"https:\/\/www2.uepg.br\/proenzem\/wp-json\/wp\/v2\/types\/page"}],"author":[{"embeddable":true,"href":"https:\/\/www2.uepg.br\/proenzem\/wp-json\/wp\/v2\/users\/204"}],"replies":[{"embeddable":true,"href":"https:\/\/www2.uepg.br\/proenzem\/wp-json\/wp\/v2\/comments?post=137"}],"version-history":[{"count":3,"href":"https:\/\/www2.uepg.br\/proenzem\/wp-json\/wp\/v2\/pages\/137\/revisions"}],"predecessor-version":[{"id":457,"href":"https:\/\/www2.uepg.br\/proenzem\/wp-json\/wp\/v2\/pages\/137\/revisions\/457"}],"wp:attachment":[{"href":"https:\/\/www2.uepg.br\/proenzem\/wp-json\/wp\/v2\/media?parent=137"}],"curies":[{"name":"wp","href":"https:\/\/api.w.org\/{rel}","templated":true}]}}