{"id":139,"date":"2021-03-11T09:44:36","date_gmt":"2021-03-11T12:44:36","guid":{"rendered":"https:\/\/www2.uepg.br\/proenzem\/?page_id=139"},"modified":"2024-08-24T19:06:20","modified_gmt":"2024-08-24T22:06:20","slug":"zootecnia","status":"publish","type":"page","link":"https:\/\/www2.uepg.br\/proenzem\/zootecnia\/","title":{"rendered":"Zootecnia"},"content":{"rendered":"<div id=\"pl-139\"  class=\"panel-layout\" ><div id=\"pg-139-0\"  class=\"panel-grid panel-no-style\" ><div id=\"pgc-139-0-0\"  class=\"panel-grid-cell\" ><div id=\"panel-139-0-0-0\" class=\"so-panel widget widget_sow-editor panel-first-child panel-last-child\" data-index=\"0\" ><div\n\t\t\t\n\t\t\tclass=\"so-widget-sow-editor so-widget-sow-editor-base\"\n\t\t\t\n\t\t>\n<div class=\"siteorigin-widget-tinymce textwidget\">\n\t<h3><strong>O QUE \u00c9 A ZOOTECNIA?<\/strong><\/h3>\n<p>Do grego \u201c<em>zoon <\/em>\u2013 animal\u201d e \u201c<em>techn\u00ea <\/em>\u2013 arte\u201d, A defini\u00e7\u00e3o de Zootecnia seria <strong>a arte de criar animais<\/strong>. No entanto, a Zootecnia pode ser definida como a \u00e1rea do conhecimento que visa desenvolver o estudo da cria\u00e7\u00e3o, conserva\u00e7\u00e3o e produ\u00e7\u00e3o animal dos animais dom\u00e9sticos, silvestres e em domestica\u00e7\u00e3o de forma a conduzir suas atividades dentro de princ\u00edpios que pautem o bem estar animal, equil\u00edbrio ambiental e sustent\u00e1vel da biodiversidade.<\/p>\n<h4><strong>O QUE FAZ UM ZOOTECNISTA? COMO \u00c9 O MERCADO DE TRABALHO?<\/strong><\/h4>\n<p>O zootecnista faz acontecer na produ\u00e7\u00e3o animal, no melhoramento gen\u00e9tico, na educa\u00e7\u00e3o, na nutri\u00e7\u00e3o animal, no agroneg\u00f3cio e em muitas outras \u00e1reas, com seu trabalho refletindo diretamente no Produto Interno Bruto (PIB) e no desenvolvimento econ\u00f4mico do Brasil.<\/p>\n<p>As principais \u00e1reas de aplica\u00e7\u00f5es na zootecnia s\u00e3o: fazendas e propriedades rurais, com o gerenciamento de produ\u00e7\u00e3o animal, ind\u00fastrias agropecu\u00e1rias, laborat\u00f3rios de pesquisa, \u00f3rg\u00e3os de assist\u00eancia t\u00e9cnica e extens\u00e3o rural, empresas de nutri\u00e7\u00e3o animal, centros de reprodu\u00e7\u00e3o animal, controle sanit\u00e1rio.<\/p>\n<h4><strong>INFORMA\u00c7\u00d5ES DO CURSO<\/strong><\/h4>\n<ul>\n<li>Bacharelado<\/li>\n<li>Dura\u00e7\u00e3o: 5 anos<\/li>\n<li>Per\u00edodo: Integral (Manh\u00e3 e tarde)<\/li>\n<li>Local: UEPG \u2013 Campus de Uvaranas \u2013 Ponta Grossa\/PR<\/li>\n<li>Grade curricular: <a href=\"https:\/\/www2.uepg.br\/zootecnia\/grade-curricular\/\">https:\/\/www2.uepg.br\/zootecnia\/grade-curricular\/<\/a><\/li>\n<\/ul>\n<h4><strong>A ZOOTECNIA NA UEPG<\/strong><\/h4>\n<p>O Curso de Zootecnia foi criado pela Resolu\u00e7\u00e3o n\u00ba 270 de 02\/10\/2001 e reconhecido pelo decreto n\u00ba 170 de 13\/02\/2007 e se tornou uma realidade para a regi\u00e3o dos Campos Gerais, que ansiava por um curso de Gradua\u00e7\u00e3o na \u00e1rea por suas fortes liga\u00e7\u00f5es com a bovinocultura leiteira, suinocultura e avicultura de corte.<\/p>\n<p>Em 2002, atrav\u00e9s de conv\u00eanio estabelecido entre a Secretaria de Estado da Educa\u00e7\u00e3o e a Universidade Estadual de Ponta Grossa, implantou-se no munic\u00edpio de Castro o curso Superior de Zootecnia, visando atender a uma demanda reprimida da regi\u00e3o e aproveitar as potencialidades existentes no munic\u00edpio, associando-os ao corpo docente e t\u00e9cnico da UEPG.<\/p>\n<p>Em 2016, a fim de melhorar a qualifica\u00e7\u00e3o profissional e a adequa\u00e7\u00e3o \u00e0 realidade, o curso de Zootecnia foi transferido para o Campus de Uvaranas da UEPG, em Ponta Grossa, passando a contar com estrutura j\u00e1 implantada e em funcionamento, para melhor qualidade de ensino, pesquisa e extens\u00e3o, al\u00e9m de laborat\u00f3rios, fazenda escola, bibliotecas e recursos humanos e a maior intera\u00e7\u00e3o com os demais cursos da universidade.<\/p>\n<h4><strong>CONTATOS<\/strong><\/h4>\n<ul>\n<li>Coordena\u00e7\u00e3o do Curso de Zootecnia: <a href=\"mailto:colegiadozootecnia@uepg.br\">colegiadozootecnia@uepg.br<\/a><\/li>\n<li>Departamento de Zootecnia (DeZoo): dezoo@uepg.br<\/li>\n<li>Profa. Dra. Val\u00e9ria Rossetto Barriviera \u2013 Coordenadora do curso de Zootecnia: <a href=\"mailto:vrbarriviera@uepg.br\">vrbarriviera@uepg.br<\/a><\/li>\n<li>Prof. Dr. Wilson Massamitu Furuya \u2013 Vice Coordenador do curso de Zootecnia: <a href=\"mailto:wmfuruya@uepg.br\">wmfuruya@uepg.br<\/a><\/li>\n<\/ul>\n<p style=\"text-align: left\">\n<\/div>\n<\/div><\/div><\/div><\/div><\/div>","protected":false},"excerpt":{"rendered":"<p>O QUE \u00c9 A ZOOTECNIA? Do grego \u201czoon \u2013 animal\u201d e \u201ctechn\u00ea \u2013 arte\u201d, A defini\u00e7\u00e3o de Zootecnia seria a arte de criar animais. No entanto, a Zootecnia pode ser definida como a \u00e1rea do conhecimento que visa desenvolver o estudo da cria\u00e7\u00e3o, conserva\u00e7\u00e3o e produ\u00e7\u00e3o animal dos animais dom\u00e9sticos, silvestres e em domestica\u00e7\u00e3o de&nbsp;&hellip;<\/p>\n","protected":false},"author":204,"featured_media":0,"parent":0,"menu_order":0,"comment_status":"closed","ping_status":"closed","template":"","meta":[],"_links":{"self":[{"href":"https:\/\/www2.uepg.br\/proenzem\/wp-json\/wp\/v2\/pages\/139"}],"collection":[{"href":"https:\/\/www2.uepg.br\/proenzem\/wp-json\/wp\/v2\/pages"}],"about":[{"href":"https:\/\/www2.uepg.br\/proenzem\/wp-json\/wp\/v2\/types\/page"}],"author":[{"embeddable":true,"href":"https:\/\/www2.uepg.br\/proenzem\/wp-json\/wp\/v2\/users\/204"}],"replies":[{"embeddable":true,"href":"https:\/\/www2.uepg.br\/proenzem\/wp-json\/wp\/v2\/comments?post=139"}],"version-history":[{"count":5,"href":"https:\/\/www2.uepg.br\/proenzem\/wp-json\/wp\/v2\/pages\/139\/revisions"}],"predecessor-version":[{"id":461,"href":"https:\/\/www2.uepg.br\/proenzem\/wp-json\/wp\/v2\/pages\/139\/revisions\/461"}],"wp:attachment":[{"href":"https:\/\/www2.uepg.br\/proenzem\/wp-json\/wp\/v2\/media?parent=139"}],"curies":[{"name":"wp","href":"https:\/\/api.w.org\/{rel}","templated":true}]}}