{"id":141,"date":"2021-03-11T09:44:54","date_gmt":"2021-03-11T12:44:54","guid":{"rendered":"https:\/\/www2.uepg.br\/proenzem\/?page_id=141"},"modified":"2021-08-27T09:56:15","modified_gmt":"2021-08-27T12:56:15","slug":"eventos","status":"publish","type":"page","link":"https:\/\/www2.uepg.br\/proenzem\/eventos\/","title":{"rendered":"Eventos"},"content":{"rendered":"<p><img loading=\"lazy\" class=\"size-medium wp-image-337 alignleft\" src=\"http:\/\/www2.uepg.br\/proenzem\/wp-content\/uploads\/sites\/177\/2021\/08\/borell-evento-300x169.jpeg\" alt=\"\" width=\"300\" height=\"169\" srcset=\"https:\/\/www2.uepg.br\/proenzem\/wp-content\/uploads\/sites\/177\/2021\/08\/borell-evento-300x169.jpeg 300w, https:\/\/www2.uepg.br\/proenzem\/wp-content\/uploads\/sites\/177\/2021\/08\/borell-evento-1024x576.jpeg 1024w, https:\/\/www2.uepg.br\/proenzem\/wp-content\/uploads\/sites\/177\/2021\/08\/borell-evento-768x432.jpeg 768w, https:\/\/www2.uepg.br\/proenzem\/wp-content\/uploads\/sites\/177\/2021\/08\/borell-evento-1232x693.jpeg 1232w, https:\/\/www2.uepg.br\/proenzem\/wp-content\/uploads\/sites\/177\/2021\/08\/borell-evento.jpeg 1280w\" sizes=\"(max-width: 300px) 100vw, 300px\" \/><\/p>\n<h4>Col\u00e9gio Borell &#8211; XII SEMATEQA: Socializando o conhecimento &#8211;\u00a025\/08\/2021<\/h4>\n<h5 class=\"title style-scope ytd-video-primary-info-renderer\">PALESTRA: Intera\u00e7\u00e3o das Engenharias e Zootecnia com o Ensino M\u00e9dio &#8211; UEPG<\/h5>\n<p>[embedyt] https:\/\/www.youtube.com\/watch?v=rIAkQUb4Clo[\/embedyt]<\/p>\n","protected":false},"excerpt":{"rendered":"<p>Col\u00e9gio Borell &#8211; XII SEMATEQA: Socializando o conhecimento &#8211;\u00a025\/08\/2021 PALESTRA: Intera\u00e7\u00e3o das Engenharias e Zootecnia com o Ensino M\u00e9dio &#8211; UEPG [embedyt] https:\/\/www.youtube.com\/watch?v=rIAkQUb4Clo[\/embedyt]<\/p>\n","protected":false},"author":204,"featured_media":0,"parent":0,"menu_order":0,"comment_status":"closed","ping_status":"closed","template":"","meta":[],"_links":{"self":[{"href":"https:\/\/www2.uepg.br\/proenzem\/wp-json\/wp\/v2\/pages\/141"}],"collection":[{"href":"https:\/\/www2.uepg.br\/proenzem\/wp-json\/wp\/v2\/pages"}],"about":[{"href":"https:\/\/www2.uepg.br\/proenzem\/wp-json\/wp\/v2\/types\/page"}],"author":[{"embeddable":true,"href":"https:\/\/www2.uepg.br\/proenzem\/wp-json\/wp\/v2\/users\/204"}],"replies":[{"embeddable":true,"href":"https:\/\/www2.uepg.br\/proenzem\/wp-json\/wp\/v2\/comments?post=141"}],"version-history":[{"count":11,"href":"https:\/\/www2.uepg.br\/proenzem\/wp-json\/wp\/v2\/pages\/141\/revisions"}],"predecessor-version":[{"id":326,"href":"https:\/\/www2.uepg.br\/proenzem\/wp-json\/wp\/v2\/pages\/141\/revisions\/326"}],"wp:attachment":[{"href":"https:\/\/www2.uepg.br\/proenzem\/wp-json\/wp\/v2\/media?parent=141"}],"curies":[{"name":"wp","href":"https:\/\/api.w.org\/{rel}","templated":true}]}}