{"id":247,"date":"2021-03-30T17:26:11","date_gmt":"2021-03-30T20:26:11","guid":{"rendered":"https:\/\/www2.uepg.br\/proenzem\/?page_id=247"},"modified":"2024-08-18T19:10:58","modified_gmt":"2024-08-18T22:10:58","slug":"agronomia","status":"publish","type":"page","link":"https:\/\/www2.uepg.br\/proenzem\/agronomia\/","title":{"rendered":"Agronomia"},"content":{"rendered":"<div id=\"pl-247\"  class=\"panel-layout\" ><div id=\"pg-247-0\"  class=\"panel-grid panel-no-style\" ><div id=\"pgc-247-0-0\"  class=\"panel-grid-cell\" ><div id=\"panel-247-0-0-0\" class=\"so-panel widget widget_sow-editor panel-first-child panel-last-child\" data-index=\"0\" ><div\n\t\t\t\n\t\t\tclass=\"so-widget-sow-editor so-widget-sow-editor-base\"\n\t\t\t\n\t\t>\n<div class=\"siteorigin-widget-tinymce textwidget\">\n\t<h3 style=\"text-align: left\">Agronomia na UEPG<\/h3>\n<p>O curso de Agronomia na UEPG oferece uma forma\u00e7\u00e3o ampla e diversificada, com dura\u00e7\u00e3o de cinco anos. No in\u00edcio, os estudantes revisitam conte\u00fados b\u00e1sicos como qu\u00edmica, f\u00edsica e c\u00e1lculo, enquanto se familiarizam com fundamentos espec\u00edficos da agronomia. \u00c0 medida que avan\u00e7am, o curso se torna mais focado em disciplinas essenciais como agrometeorologia, fisiologia vegetal e mecaniza\u00e7\u00e3o agr\u00edcola.<\/p>\n<p>A UEPG oferece uma infraestrutura robusta, incluindo laborat\u00f3rios, casas de vegeta\u00e7\u00e3o e a Fazenda Escola Cap\u00e3o da On\u00e7a, proporcionando aos estudantes uma imers\u00e3o pr\u00e1tica no campo. Al\u00e9m disso, o curso promove intera\u00e7\u00e3o com profissionais e estudantes de outras regi\u00f5es e pa\u00edses, ampliando as oportunidades de aprendizado e pesquisa.<\/p>\n<h4 style=\"text-align: left\">Qual o papel do profissional de Agronomia?<\/h4>\n<p>O Engenheiro Agr\u00f4nomo trabalha no planejamento, organiza\u00e7\u00e3o e execu\u00e7\u00e3o de atividades relacionadas \u00e0 aduba\u00e7\u00e3o, plantio, controle de pragas e doen\u00e7as, colheita e beneficiamento de vegetais, reflorestamento, mecaniza\u00e7\u00e3o agr\u00edcola, industrializa\u00e7\u00e3o de produtos de origem vegetal e animal, al\u00e9m de projetos de irriga\u00e7\u00e3o e drenagem. Seu trabalho \u00e9 sempre realizado\u00a0 com foco na responsabilidade ecol\u00f3gica, social e econ\u00f4mica.<\/p>\n<h4 style=\"text-align: left\">Informa\u00e7\u00f5es do Curso<\/h4>\n<ul>\n<li>Bacharelado<\/li>\n<li>Modalidade: Presencial<\/li>\n<li>Dura\u00e7\u00e3o: 5 anos<\/li>\n<li>Local: Campus Uvaranas (Bloco F)<\/li>\n<li>Per\u00edodo: Integral<\/li>\n<li><u><a href=\"https:\/\/www2.uepg.br\/prograd\/wp-content\/uploads\/sites\/19\/2023\/05\/MATRIZ-CURRICULAR-Agronomia_2023_Pagina-UEPG.pdf\">Grade Curricular<\/a><\/u><\/li>\n<\/ul>\n<h4 style=\"text-align: left\">Mercado de Trabalho<\/h4>\n<p>Depois de formado, o agr\u00f4nomo pode trabalhar em empresas de consultoria, ind\u00fastrias de fertilizante, defensivos agr\u00edcolas e herbicidas, ind\u00fastria de alimentos, bancos de financiamento e investimento, na fiscaliza\u00e7\u00e3o da distribui\u00e7\u00e3o do cr\u00e9dito agr\u00edcola e em institui\u00e7\u00f5es de ensino e pesquisa.<\/p>\n<h3 style=\"text-align: left\">Contatos<\/h3>\n<ul>\n<li>E-mail do Departamento de Fitotecnia e Fitossanidade: <u><a href=\"mailto:defito@uepg.br\">defito@uepg.br<\/a><\/u><\/li>\n<\/ul>\n<hr \/>\n<ul>\n<li>E-mail do Departamento de Ci\u00eancia do Solo e Engenharia Agr\u00edcola: <u><a href=\"mailto:dsolos@uepg.br\">dsolos@uepg.br<\/a><\/u><\/li>\n<\/ul>\n<hr \/>\n<ul>\n<li>E-mail do Colegiado de Agronomia: <u><a href=\"mailto:colagro@uepg.br\">colagro@uepg.br<\/a><\/u><\/li>\n<\/ul>\n<hr \/>\n<ul>\n<li>Telefone do Colegiado de Agronomia: (42) 3220-3044<\/li>\n<\/ul>\n<\/div>\n<\/div><\/div><\/div><\/div><\/div>","protected":false},"excerpt":{"rendered":"<p>Agronomia na UEPG O curso de Agronomia na UEPG oferece uma forma\u00e7\u00e3o ampla e diversificada, com dura\u00e7\u00e3o de cinco anos. No in\u00edcio, os estudantes revisitam conte\u00fados b\u00e1sicos como qu\u00edmica, f\u00edsica e c\u00e1lculo, enquanto se familiarizam com fundamentos espec\u00edficos da agronomia. \u00c0 medida que avan\u00e7am, o curso se torna mais focado em disciplinas essenciais como agrometeorologia,&nbsp;&hellip;<\/p>\n","protected":false},"author":204,"featured_media":0,"parent":0,"menu_order":0,"comment_status":"closed","ping_status":"closed","template":"","meta":[],"_links":{"self":[{"href":"https:\/\/www2.uepg.br\/proenzem\/wp-json\/wp\/v2\/pages\/247"}],"collection":[{"href":"https:\/\/www2.uepg.br\/proenzem\/wp-json\/wp\/v2\/pages"}],"about":[{"href":"https:\/\/www2.uepg.br\/proenzem\/wp-json\/wp\/v2\/types\/page"}],"author":[{"embeddable":true,"href":"https:\/\/www2.uepg.br\/proenzem\/wp-json\/wp\/v2\/users\/204"}],"replies":[{"embeddable":true,"href":"https:\/\/www2.uepg.br\/proenzem\/wp-json\/wp\/v2\/comments?post=247"}],"version-history":[{"count":6,"href":"https:\/\/www2.uepg.br\/proenzem\/wp-json\/wp\/v2\/pages\/247\/revisions"}],"predecessor-version":[{"id":450,"href":"https:\/\/www2.uepg.br\/proenzem\/wp-json\/wp\/v2\/pages\/247\/revisions\/450"}],"wp:attachment":[{"href":"https:\/\/www2.uepg.br\/proenzem\/wp-json\/wp\/v2\/media?parent=247"}],"curies":[{"name":"wp","href":"https:\/\/api.w.org\/{rel}","templated":true}]}}