{"id":101,"date":"2018-10-25T16:48:19","date_gmt":"2018-10-25T18:48:19","guid":{"rendered":"http:\/\/www2.uepg.br\/proex\/?page_id=101"},"modified":"2020-07-01T10:57:15","modified_gmt":"2020-07-01T13:57:15","slug":"assuntos-culturais","status":"publish","type":"page","link":"https:\/\/www2.uepg.br\/proex\/assuntos-culturais\/","title":{"rendered":"Assuntos Culturais"},"content":{"rendered":"<div id=\"pl-101\"  class=\"panel-layout\" ><div id=\"pg-101-0\"  class=\"panel-grid panel-no-style\" ><div id=\"pgc-101-0-0\"  class=\"panel-grid-cell\" ><div id=\"panel-101-0-0-0\" class=\"so-panel widget widget_sow-editor panel-first-child panel-last-child\" data-index=\"0\" ><div\n\t\t\t\n\t\t\tclass=\"so-widget-sow-editor so-widget-sow-editor-base\"\n\t\t\t\n\t\t><h3 class=\"widget-title\">Diretoria de Assuntos Culturais - DAC<\/h3>\n<div class=\"siteorigin-widget-tinymce textwidget\">\n\t<p><strong>EXPOSI\u00c7\u00c3O<\/strong>: Ponta Grossa 195 anos, Natureza e Luz<\/p>\n<p><strong>LOCAL: <\/strong>Galeria de Artes- PROEX<\/p>\n<p><strong>ABERTURA: <\/strong>19 de setembro de 2018.<\/p>\n<p><strong>DATA: <\/strong>19 de setembro a 17 de outubro de 2018.<\/p>\n<p><strong>P\u00daBLICO: <\/strong>83 pessoas<\/p>\n<p><strong>ARTISTA:<\/strong> Saulo Pfeiffer<\/p>\n<p><strong>CURR\u00cdCULO: <\/strong>O artista visual Saulo Pfeiffer, possui contato com a arte desde pequeno onde o mesmo j\u00e1 demonstrava interesse por desenho e pintura. Aos 12 anos teve seu primeiro contato com a t\u00e9cnica profissional de pintura \u00e0 \u00f3leo, desde ent\u00e3o n\u00e3o deixou de trabalhar a t\u00e9cnica e aprimorar seu tra\u00e7o. Em 2016 pode trabalhar em S\u00e3o Paulo e desenvolver a t\u00e9cnica em pintura digital se afastando substancialmente da pintura a \u00f3leo, se dedicando a explora\u00e7\u00e3o da nova t\u00e9cnica e os estudos de teoria da luz, contraste e cores, tais estudos s\u00e3o refletidos em seus trabalhos atuais. Ao retornar para Ponta Grossa em 2017, o artista vem se dedicar a pintura a \u00f3leo novamente decidindo abordar de modo quase exclusivo a tem\u00e1tica urbana, o que lhe trouxe bastante reconhecimento local. Neste mesmo ano realizou a Exposi\u00e7\u00e3o Urbano na Esta\u00e7\u00e3o Arte. Em 2018 seguindo ainda a tem\u00e1tica urbana, realizou a exposi\u00e7\u00e3o Caminhos de ponta Grossa, no Premium Hotel Vila Velha, tendo seu trabalho amplamente divulgado nas m\u00eddias locais. O artista tamb\u00e9m foi agraciado com o Pr\u00eamio Jo\u00e3o Pilarski de Artes Visuais. Neste mesmo ano recebeu uma mo\u00e7\u00e3o de Aplausos da C\u00e2mara Municipal de Ponta Grossa, outorgada pelo Vereador Felipe Passos e em conjunto a isso pode fazer uma exposi\u00e7\u00e3o na C\u00e2mara de vereadores e divulgar mais uma vez seu trabalho. A exposi\u00e7\u00e3o Ponta Grossa 195 anos, Natureza e Luz, do artista Saulo Pfeiffer, tentam fazer um misto de vida urbana e natureza campestre, ambas tem\u00e1ticas encontradas com abund\u00e2ncia na nossa querida cidade de Ponta Grossa. A exposi\u00e7\u00e3o \u00e9 vista pelo artista como uma forma de homenagear a cidade pelos seus 195\u00ba anos. A natureza exuberante e a riqueza crom\u00e1tica da vida urbana s\u00e3o expressivamente retratadas, seja atrav\u00e9s de fortes contrastes e cores vibrantes ou pela delicadeza dos tra\u00e7os e exatid\u00e3o nas cores. Desta maneira Saulo Pfeiffer busca atrav\u00e9s da pintura transportar ao espectador a esse mundo cheio de magia e cores, proporcionado pela arte.<\/p>\n<p><strong>TEXTO CR\u00cdTICO: <\/strong>Em sua s\u00e9rie \"Caminhos de Ponta Grossa\", o jovem pintor Saulo Pfeiffer convida-nos para a experi\u00eancia da beleza em cenas do cotidiano. S\u00e3o lugares, caminhos, \u00e1rvores, igrejas e esquinas, s\u00e3o cen\u00e1rios comuns a todos que fixaram suas ra\u00edzes ou que porventura estiveram algum dia de passagem por Ponta Grossa. Em sua obra, Saulo evoca mem\u00f3rias, sonhos e a beleza em cenas cotidianas que muitas vezes passam como que despercebidas. Como dizia o poeta alem\u00e3o Rilke, nenhum cotidiano \u00e9 pobre, pelo contr\u00e1rio: traz em si todo potencial para se transformar em arte, desde que a beleza tenha sido vista primeiramente na pr\u00f3pria alma. \u00c9 o que Saulo nos prova em \"Caminhos de Ponta Grossa\". (Newton Schner Junior)<\/p>\n<p><strong>CURADORIA:<\/strong> Adriana R. Suarez, Sandra Borsoi, Ketlyn Sousa, Rosana Divina Furtado e Jessica Lopacinski.<\/p>\n<\/div>\n<\/div><\/div><\/div><\/div><\/div>","protected":false},"excerpt":{"rendered":"<p>EXPOSI\u00c7\u00c3O: Ponta Grossa 195 anos, Natureza e Luz LOCAL: Galeria de Artes- PROEX ABERTURA: 19 de setembro de 2018. DATA: 19 de setembro a 17 de outubro de 2018. P\u00daBLICO: 83 pessoas ARTISTA: Saulo Pfeiffer CURR\u00cdCULO: O artista visual Saulo Pfeiffer, possui contato com a arte desde pequeno onde o mesmo j\u00e1 demonstrava interesse por&nbsp;&hellip;<\/p>\n","protected":false},"author":85,"featured_media":2133,"parent":0,"menu_order":0,"comment_status":"closed","ping_status":"closed","template":"","meta":[],"_links":{"self":[{"href":"https:\/\/www2.uepg.br\/proex\/wp-json\/wp\/v2\/pages\/101"}],"collection":[{"href":"https:\/\/www2.uepg.br\/proex\/wp-json\/wp\/v2\/pages"}],"about":[{"href":"https:\/\/www2.uepg.br\/proex\/wp-json\/wp\/v2\/types\/page"}],"author":[{"embeddable":true,"href":"https:\/\/www2.uepg.br\/proex\/wp-json\/wp\/v2\/users\/85"}],"replies":[{"embeddable":true,"href":"https:\/\/www2.uepg.br\/proex\/wp-json\/wp\/v2\/comments?post=101"}],"version-history":[{"count":3,"href":"https:\/\/www2.uepg.br\/proex\/wp-json\/wp\/v2\/pages\/101\/revisions"}],"predecessor-version":[{"id":2134,"href":"https:\/\/www2.uepg.br\/proex\/wp-json\/wp\/v2\/pages\/101\/revisions\/2134"}],"wp:featuredmedia":[{"embeddable":true,"href":"https:\/\/www2.uepg.br\/proex\/wp-json\/wp\/v2\/media\/2133"}],"wp:attachment":[{"href":"https:\/\/www2.uepg.br\/proex\/wp-json\/wp\/v2\/media?parent=101"}],"curies":[{"name":"wp","href":"https:\/\/api.w.org\/{rel}","templated":true}]}}