{"id":1117,"date":"2019-09-25T14:02:36","date_gmt":"2019-09-25T17:02:36","guid":{"rendered":"http:\/\/www2.uepg.br\/proex\/?page_id=1117"},"modified":"2024-06-12T16:11:23","modified_gmt":"2024-06-12T19:11:23","slug":"curricularizacao-da-extensao","status":"publish","type":"page","link":"https:\/\/www2.uepg.br\/proex\/curricularizacao-da-extensao\/","title":{"rendered":"Curriculariza\u00e7\u00e3o da Extens\u00e3o"},"content":{"rendered":"<p style=\"text-align: center\"><strong>REGULAMENTO DA CURRICULARIZA\u00c7\u00c3O DA EXTENS\u00c3O NA UNIVERSIDADE ESTADUAL DE PONTA GROSSA<\/strong><\/p>\n<p>&nbsp;<\/p>\n<p style=\"text-align: center\"><strong>CURRICULARIZA\u00c7\u00c3O DA EXTENS\u00c3O DOS CURSOS DE GRADUA\u00c7\u00c3O DA UEPG<\/strong><\/p>\n<p style=\"text-align: center\"><a href=\"https:\/\/www2.uepg.br\/proex\/wp-content\/uploads\/sites\/8\/2021\/07\/CURRICULARIZACao-DA-EXTENSAO-1.pdf\">Curriculariza\u00e7\u00e3o da Extens\u00e3o dos Cursos de Gradua\u00e7\u00e3o da UEPG &#8211; Apontamentos e Orienta\u00e7\u00f5es<\/a><\/p>\n<p>&nbsp;<\/p>\n<p style=\"text-align: center\"><strong>Ciclo de Debates Sobre a Curriculariza\u00e7\u00e3o da Extens\u00e3o<\/strong><\/p>\n<p style=\"text-align: center\">O Primeiro Ciclo de Debates Sobre a Curriculariza\u00e7\u00e3o da Extens\u00e3o foi uma parceria entre PROEX e a PROGRAD para promover o debate sobre a implanta\u00e7\u00e3o da extens\u00e3o na grade curricular acad\u00eamica, os tr\u00eas encontros est\u00e3o dispon\u00edveis no YouTube atrav\u00e9s dos links:<\/p>\n<p style=\"text-align: center\"><a href=\"https:\/\/www.youtube.com\/watch?v=Y2l9tT0xeF0&amp;t=291s\" target=\"_blank\" rel=\"noopener\">Clique aqui<\/a> para assistir ao Debate com a Professora Sandra de F\u00e1tima Batista de Deus<\/p>\n<p style=\"text-align: center\"><a href=\"https:\/\/www.youtube.com\/watch?v=PHFHpF5ZeaA&amp;t=1911s\" target=\"_blank\" rel=\"noopener\">Clique aqui<\/a> para assistir ao Debate com o Professor Etevaldo Almeida Silva<\/p>\n<p style=\"text-align: center\"><a href=\"https:\/\/www.youtube.com\/watch?v=TymGCoBeb9w\" target=\"_blank\" rel=\"noopener\">Clique aqui<\/a> para assistir ao Debate com a Equipe da PROEX e da PROGRAD<\/p>\n<p>&nbsp;<\/p>\n<p style=\"text-align: center\"><strong>RESOLU\u00c7\u00c3O UEPG<\/strong><\/p>\n<p style=\"text-align: center\"><a href=\"https:\/\/www2.uepg.br\/proex\/wp-content\/uploads\/sites\/8\/2024\/05\/ResCEPE2024.16anexo.pdf\"><strong>RESOLU\u00c7\u00c3O UEPG &#8211; <\/strong><\/a><strong><a href=\"https:\/\/www2.uepg.br\/proex\/wp-content\/uploads\/sites\/8\/2024\/05\/Resolucao-CEPE-2024.16.pdf\">CURRICULARIZA\u00c7\u00c3O DA EXTENS\u00c3O UNIVERSIT\u00c1RIA &#8211; ANEXO DA RESOLU\u00c7\u00c3O\u00a0 CEPE 2024.16<\/a><\/strong><\/p>\n<p>&nbsp;<\/p>\n<p style=\"text-align: center\"><strong>RESOLU\u00c7\u00c3O NACIONAL<\/strong><\/p>\n<p style=\"text-align: center\"><strong><a href=\"https:\/\/www2.uepg.br\/proex\/wp-content\/uploads\/sites\/8\/2019\/11\/rces007_18.pdf\" target=\"_blank\" rel=\"noopener noreferrer\">RESOLU\u00c7\u00c3O N\u00ba 7, DE 18 DE DEZEMBRO DE 2018<\/a><\/strong><\/p>\n<p>&nbsp;<\/p>\n<p style=\"text-align: center\"><strong>COLE\u00c7\u00c3O EXTENS\u00c3O UNIVERSIT\u00c1RIA<\/strong><\/p>\n<p style=\"text-align: center\"><strong><a href=\"https:\/\/www2.uepg.br\/proex\/wp-content\/uploads\/sites\/8\/2019\/11\/Plano-Nacional-de-Educa\u00e7\u00e3o.pdf\" target=\"_blank\" rel=\"noopener noreferrer\">Plano Nacional de Educa\u00e7\u00e3o<\/a><\/strong><\/p>\n<p style=\"text-align: center\"><strong><a href=\"https:\/\/www2.uepg.br\/proex\/wp-content\/uploads\/sites\/8\/2019\/11\/Doc.17-Livro-Avaliacao-Nacional-da-Extensao-Universitaria.pdf\" target=\"_blank\" rel=\"noopener noreferrer\">Avalia\u00e7\u00e3o Nacional de Extens\u00e3o Universit\u00e1ria<\/a><\/strong><\/p>\n<p style=\"text-align: center\"><strong><a href=\"https:\/\/www2.uepg.br\/proex\/wp-content\/uploads\/sites\/8\/2019\/11\/Doc.18-Livro-Extensao-Universitaria-e-Flexibilizacao-Curricular.pdf\" target=\"_blank\" rel=\"noopener noreferrer\">Extens\u00e3o Universit\u00e1ria e a Flexibiliza\u00e7\u00e3o Curricular<\/a><\/strong><\/p>\n<p style=\"text-align: center\"><strong><a href=\"https:\/\/www2.uepg.br\/proex\/wp-content\/uploads\/sites\/8\/2019\/11\/Pol\u00edtica-Nacional-de-Extens\u00e3o-Universit\u00e1ria-e-book.pdf\" target=\"_blank\" rel=\"noopener noreferrer\">Pol\u00edtica Nacional de Extens\u00e3o Universit\u00e1ria<\/a><\/strong><\/p>\n<p style=\"text-align: center\"><strong><a href=\"https:\/\/www2.uepg.br\/proex\/wp-content\/uploads\/sites\/8\/2019\/11\/Organizacao-e-Sistematizacao-1.pdf\" target=\"_blank\" rel=\"noopener noreferrer\">Extens\u00e3o Universit\u00e1ria: Organiza\u00e7\u00e3o e Sistematiza\u00e7\u00e3o<\/a><\/strong><\/p>\n<p style=\"text-align: center\"><a href=\"https:\/\/www2.uepg.br\/proex\/wp-content\/uploads\/sites\/8\/2023\/07\/FORPROEX___CARTA_DE_BELEM__20232-1.pdf\"><strong>FORPROEX: CARTA DE BELEM &#8211; 2023<\/strong><\/a><\/p>\n<p style=\"text-align: center\"><strong>PORTARIAS<\/strong><\/p>\n<p style=\"text-align: center\"><strong><a href=\"https:\/\/www2.uepg.br\/proex\/wp-content\/uploads\/sites\/8\/2019\/11\/Portaria-R.-226-2019-Comiss\u00e3o-Institucional-de-Curriculariza\u00e7\u00e3o-da-Extens\u00e3o.pdf\" target=\"_blank\" rel=\"noopener noreferrer\">Portaria R. 226-2019 &#8211; Comiss\u00e3o Institucional de Curriculariza\u00e7\u00e3o da Extens\u00e3o<\/a><\/strong><\/p>\n<p style=\"text-align: center\"><a href=\"https:\/\/www2.uepg.br\/proex\/wp-content\/uploads\/sites\/8\/2019\/11\/Port-MEC-1350-2018-12-14.pdf\" target=\"_blank\" rel=\"noopener noreferrer\"><strong>Portaria No 1.350, DE 14 DE DEZEMBRO DE 2018<\/strong><\/a><\/p>\n<p style=\"text-align: center\">\n","protected":false},"excerpt":{"rendered":"<p>REGULAMENTO DA CURRICULARIZA\u00c7\u00c3O DA EXTENS\u00c3O NA UNIVERSIDADE ESTADUAL DE PONTA GROSSA &nbsp; CURRICULARIZA\u00c7\u00c3O DA EXTENS\u00c3O DOS CURSOS DE GRADUA\u00c7\u00c3O DA UEPG Curriculariza\u00e7\u00e3o da Extens\u00e3o dos Cursos de Gradua\u00e7\u00e3o da UEPG &#8211; Apontamentos e Orienta\u00e7\u00f5es &nbsp; Ciclo de Debates Sobre a Curriculariza\u00e7\u00e3o da Extens\u00e3o O Primeiro Ciclo de Debates Sobre a Curriculariza\u00e7\u00e3o da Extens\u00e3o foi uma&nbsp;&hellip;<\/p>\n","protected":false},"author":24,"featured_media":0,"parent":0,"menu_order":0,"comment_status":"closed","ping_status":"closed","template":"","meta":[],"_links":{"self":[{"href":"https:\/\/www2.uepg.br\/proex\/wp-json\/wp\/v2\/pages\/1117"}],"collection":[{"href":"https:\/\/www2.uepg.br\/proex\/wp-json\/wp\/v2\/pages"}],"about":[{"href":"https:\/\/www2.uepg.br\/proex\/wp-json\/wp\/v2\/types\/page"}],"author":[{"embeddable":true,"href":"https:\/\/www2.uepg.br\/proex\/wp-json\/wp\/v2\/users\/24"}],"replies":[{"embeddable":true,"href":"https:\/\/www2.uepg.br\/proex\/wp-json\/wp\/v2\/comments?post=1117"}],"version-history":[{"count":32,"href":"https:\/\/www2.uepg.br\/proex\/wp-json\/wp\/v2\/pages\/1117\/revisions"}],"predecessor-version":[{"id":8988,"href":"https:\/\/www2.uepg.br\/proex\/wp-json\/wp\/v2\/pages\/1117\/revisions\/8988"}],"wp:attachment":[{"href":"https:\/\/www2.uepg.br\/proex\/wp-json\/wp\/v2\/media?parent=1117"}],"curies":[{"name":"wp","href":"https:\/\/api.w.org\/{rel}","templated":true}]}}