{"id":1150,"date":"2019-09-25T16:08:39","date_gmt":"2019-09-25T19:08:39","guid":{"rendered":"http:\/\/www2.uepg.br\/proex\/?page_id=1150"},"modified":"2019-09-26T08:32:00","modified_gmt":"2019-09-26T11:32:00","slug":"fenata","status":"publish","type":"page","link":"https:\/\/www2.uepg.br\/proex\/fenata\/","title":{"rendered":"FENATA"},"content":{"rendered":"<h4 style=\"text-align: center\" align=\"justify\"><b>Festival Nacional de Teatro \u2013 FENATA<\/b><\/h4>\n<p align=\"justify\">Realizado desde 1973, o Festival Nacional de Teatro &#8211; FENATA faz parte do calend\u00e1rio oficial da Institui\u00e7\u00e3o e acontece sempre no m\u00eas de novembro, apresentando as categorias: teatro para adultos, teatro para crian\u00e7as, teatro de rua, teatro de bonecos\/anima\u00e7\u00e3o, mostra paralela e mostra especial, levando o fazer teatral a diversos espa\u00e7os de Ponta Grossa e regi\u00e3o. Participam grupos de teatro da cidade, bem como dos diversos estados da federa\u00e7\u00e3o. Palco de grandes pe\u00e7as, que j\u00e1 contou com presen\u00e7as de nomes consagrados, o festival concebe-se como um espa\u00e7o de cultura e de debate na \u00e1rea de artes c\u00eanicas, integrando a produ\u00e7\u00e3o local \u00e0 nacional e promovendo o fortalecimento de linguagens e o olhar cr\u00edtico sobre a produ\u00e7\u00e3o contempor\u00e2nea.<\/p>\n<p style=\"text-align: center\" align=\"justify\"><strong><em>Para mais informa\u00e7\u00f5es acesse o <a href=\"https:\/\/www2.uepg.br\/fenata\/\" target=\"_blank\" rel=\"noopener noreferrer\">site do Fenata<\/a>.<\/em><\/strong><\/p>\n","protected":false},"excerpt":{"rendered":"<p>Festival Nacional de Teatro \u2013 FENATA Realizado desde 1973, o Festival Nacional de Teatro &#8211; FENATA faz parte do calend\u00e1rio oficial da Institui\u00e7\u00e3o e acontece sempre no m\u00eas de novembro, apresentando as categorias: teatro para adultos, teatro para crian\u00e7as, teatro de rua, teatro de bonecos\/anima\u00e7\u00e3o, mostra paralela e mostra especial, levando o fazer teatral a&nbsp;&hellip;<\/p>\n","protected":false},"author":24,"featured_media":0,"parent":0,"menu_order":0,"comment_status":"closed","ping_status":"closed","template":"","meta":[],"_links":{"self":[{"href":"https:\/\/www2.uepg.br\/proex\/wp-json\/wp\/v2\/pages\/1150"}],"collection":[{"href":"https:\/\/www2.uepg.br\/proex\/wp-json\/wp\/v2\/pages"}],"about":[{"href":"https:\/\/www2.uepg.br\/proex\/wp-json\/wp\/v2\/types\/page"}],"author":[{"embeddable":true,"href":"https:\/\/www2.uepg.br\/proex\/wp-json\/wp\/v2\/users\/24"}],"replies":[{"embeddable":true,"href":"https:\/\/www2.uepg.br\/proex\/wp-json\/wp\/v2\/comments?post=1150"}],"version-history":[{"count":3,"href":"https:\/\/www2.uepg.br\/proex\/wp-json\/wp\/v2\/pages\/1150\/revisions"}],"predecessor-version":[{"id":1159,"href":"https:\/\/www2.uepg.br\/proex\/wp-json\/wp\/v2\/pages\/1150\/revisions\/1159"}],"wp:attachment":[{"href":"https:\/\/www2.uepg.br\/proex\/wp-json\/wp\/v2\/media?parent=1150"}],"curies":[{"name":"wp","href":"https:\/\/api.w.org\/{rel}","templated":true}]}}