{"id":1152,"date":"2019-09-25T16:10:27","date_gmt":"2019-09-25T19:10:27","guid":{"rendered":"http:\/\/www2.uepg.br\/proex\/?page_id=1152"},"modified":"2019-09-26T08:31:39","modified_gmt":"2019-09-26T11:31:39","slug":"fuc","status":"publish","type":"page","link":"https:\/\/www2.uepg.br\/proex\/fuc\/","title":{"rendered":"FUC"},"content":{"rendered":"<h4 style=\"text-align: center\" align=\"justify\"><b>Festival Universit\u00e1rio da Can\u00e7\u00e3o &#8211; FUC<\/b><\/h4>\n<p align=\"justify\">O Festival Universit\u00e1rio da Can\u00e7\u00e3o &#8211; FUC foi criado em 1980 pelo Diret\u00f3rio Central dos Estudantes &#8211; DCE, que o realizou at\u00e9 1986. A Universidade passou a organizar o FUC a partir de 1995. O Festival acontece anualmente, no primeiro semestre, durante quatro dias, contando com a fase regional e a fase nacional. Este evento recebe a participa\u00e7\u00e3o de m\u00fasicos, compositores e int\u00e9rpretes locais, da regi\u00e3o dos Campos Gerais e do pa\u00eds como um todo. O objetivo do festival \u00e9 incentivar a criatividade musical, assumindo-se como uma inst\u00e2ncia de divulga\u00e7\u00e3o dos talentos musicais e oportunizando espa\u00e7os de atra\u00e7\u00e3o art\u00edstica na cidade.<\/p>\n<p style=\"text-align: center\" align=\"justify\"><strong><em>Para mais informa\u00e7\u00f5es acesse o\u00a0<a href=\"https:\/\/www2.uepg.br\/fuc\/\" target=\"_blank\" rel=\"noopener noreferrer\">site do FUC<\/a>.<\/em><\/strong><\/p>\n","protected":false},"excerpt":{"rendered":"<p>Festival Universit\u00e1rio da Can\u00e7\u00e3o &#8211; FUC O Festival Universit\u00e1rio da Can\u00e7\u00e3o &#8211; FUC foi criado em 1980 pelo Diret\u00f3rio Central dos Estudantes &#8211; DCE, que o realizou at\u00e9 1986. A Universidade passou a organizar o FUC a partir de 1995. O Festival acontece anualmente, no primeiro semestre, durante quatro dias, contando com a fase regional&nbsp;&hellip;<\/p>\n","protected":false},"author":24,"featured_media":0,"parent":0,"menu_order":0,"comment_status":"closed","ping_status":"closed","template":"","meta":[],"_links":{"self":[{"href":"https:\/\/www2.uepg.br\/proex\/wp-json\/wp\/v2\/pages\/1152"}],"collection":[{"href":"https:\/\/www2.uepg.br\/proex\/wp-json\/wp\/v2\/pages"}],"about":[{"href":"https:\/\/www2.uepg.br\/proex\/wp-json\/wp\/v2\/types\/page"}],"author":[{"embeddable":true,"href":"https:\/\/www2.uepg.br\/proex\/wp-json\/wp\/v2\/users\/24"}],"replies":[{"embeddable":true,"href":"https:\/\/www2.uepg.br\/proex\/wp-json\/wp\/v2\/comments?post=1152"}],"version-history":[{"count":3,"href":"https:\/\/www2.uepg.br\/proex\/wp-json\/wp\/v2\/pages\/1152\/revisions"}],"predecessor-version":[{"id":1158,"href":"https:\/\/www2.uepg.br\/proex\/wp-json\/wp\/v2\/pages\/1152\/revisions\/1158"}],"wp:attachment":[{"href":"https:\/\/www2.uepg.br\/proex\/wp-json\/wp\/v2\/media?parent=1152"}],"curies":[{"name":"wp","href":"https:\/\/api.w.org\/{rel}","templated":true}]}}