{"id":119,"date":"2018-10-26T09:49:21","date_gmt":"2018-10-26T11:49:21","guid":{"rendered":"http:\/\/www2.uepg.br\/proex\/?page_id=119"},"modified":"2025-04-25T15:58:19","modified_gmt":"2025-04-25T18:58:19","slug":"contato","status":"publish","type":"page","link":"https:\/\/www2.uepg.br\/proex\/contato\/","title":{"rendered":"Contato"},"content":{"rendered":"<div id=\"pl-119\"  class=\"panel-layout\" ><div id=\"pg-119-0\"  class=\"panel-grid panel-no-style\" ><div id=\"pgc-119-0-0\"  class=\"panel-grid-cell\" ><div id=\"panel-119-0-0-0\" class=\"so-panel widget widget_sow-editor panel-first-child panel-last-child\" data-index=\"0\" ><div\n\t\t\t\n\t\t\tclass=\"so-widget-sow-editor so-widget-sow-editor-base\"\n\t\t\t\n\t\t>\n<div class=\"siteorigin-widget-tinymce textwidget\">\n\t<h2 style=\"text-align: center\">TELEFONES<\/h2>\n<h5 style=\"text-align: center\"><a href=\"http:\/\/eventos.uepg.br\/geral\/telefones\/index.php\" target=\"_blank\" rel=\"noopener noreferrer\">Pesquise todos os telefones da Proex<\/a><\/h5>\n<p>&nbsp;<\/p>\n<p style=\"text-align: center\">Secretaria - (42) 3220-3481<\/p>\n<p style=\"text-align: center\">Assessoria - (42) 3220-3482<\/p>\n<p style=\"text-align: center\"><strong>Diretoria de Extens\u00e3o Universit\u00e1ria - DEU<\/strong><\/p>\n<p style=\"text-align: center\">Secretaria - 3220-3483<\/p>\n<p style=\"text-align: center\">Bolsas de Extens\u00e3o - 3220-3488 - WhatsApp<\/p>\n<p style=\"text-align: center\">Cursos e Eventos - 3220-3487<\/p>\n<p style=\"text-align: center\">Diretora - 3220-3489<\/p>\n<p style=\"text-align: center\">Programas e Projetos - 3220-3486<\/p>\n<p style=\"text-align: center\"><strong>Diretoria de Assuntos Culturais - DAC<\/strong><\/p>\n<p style=\"text-align: center\">Secretaria - 3220-3494\/3359<\/p>\n<p style=\"text-align: center\"><strong>Museu Campos Gerais - MCG<\/strong><\/p>\n<p style=\"text-align: center\">Secretaria - 3220-8958<\/p>\n<p>&nbsp;<\/p>\n<h5 style=\"text-align: center\">E-mail<\/h5>\n<p style=\"text-align: center\"><a href=\"mailto:proex@uepg.br\">proex@uepg.br<\/a><\/p>\n<h5 style=\"text-align: center\">Instagram<\/h5>\n<p style=\"text-align: center\"><a href=\"https:\/\/www.instagram.com\/proexuepg\/\" target=\"_blank\" rel=\"noopener\">@proexuepg<\/a><\/p>\n<h5><\/h5>\n<h5 class=\"style7\" style=\"text-align: center\">Endere\u00e7o<\/h5>\n<p class=\"style4\" style=\"text-align: center\">Pra\u00e7a Marechal Floriano Peixoto, n\u00ba 129 Centro Ponta Grossa - PR.<br \/>\nCEP 84010-680<\/p>\n<p style=\"text-align: center\"><a href=\"https:\/\/goo.gl\/maps\/m8x9MoML5XCshYo48\" target=\"_blank\" rel=\"noopener noreferrer\">Clique aqui e obtenha uma rota at\u00e9 a PROEX<\/a><\/p>\n<\/div>\n<\/div><\/div><\/div><\/div><\/div>","protected":false},"excerpt":{"rendered":"<p>TELEFONES Pesquise todos os telefones da Proex &nbsp; Secretaria &#8211; (42) 3220-3481 Assessoria &#8211; (42) 3220-3482 Diretoria de Extens\u00e3o Universit\u00e1ria &#8211; DEU Secretaria &#8211; 3220-3483 Bolsas de Extens\u00e3o &#8211; 3220-3488 &#8211; WhatsApp Cursos e Eventos &#8211; 3220-3487 Diretora &#8211; 3220-3489 Programas e Projetos &#8211; 3220-3486 Diretoria de Assuntos Culturais &#8211; DAC Secretaria &#8211; 3220-3494\/3359 Museu&nbsp;&hellip;<\/p>\n","protected":false},"author":85,"featured_media":0,"parent":0,"menu_order":0,"comment_status":"closed","ping_status":"closed","template":"","meta":[],"_links":{"self":[{"href":"https:\/\/www2.uepg.br\/proex\/wp-json\/wp\/v2\/pages\/119"}],"collection":[{"href":"https:\/\/www2.uepg.br\/proex\/wp-json\/wp\/v2\/pages"}],"about":[{"href":"https:\/\/www2.uepg.br\/proex\/wp-json\/wp\/v2\/types\/page"}],"author":[{"embeddable":true,"href":"https:\/\/www2.uepg.br\/proex\/wp-json\/wp\/v2\/users\/85"}],"replies":[{"embeddable":true,"href":"https:\/\/www2.uepg.br\/proex\/wp-json\/wp\/v2\/comments?post=119"}],"version-history":[{"count":32,"href":"https:\/\/www2.uepg.br\/proex\/wp-json\/wp\/v2\/pages\/119\/revisions"}],"predecessor-version":[{"id":10093,"href":"https:\/\/www2.uepg.br\/proex\/wp-json\/wp\/v2\/pages\/119\/revisions\/10093"}],"wp:attachment":[{"href":"https:\/\/www2.uepg.br\/proex\/wp-json\/wp\/v2\/media?parent=119"}],"curies":[{"name":"wp","href":"https:\/\/api.w.org\/{rel}","templated":true}]}}