{"id":175,"date":"2018-10-26T11:35:43","date_gmt":"2018-10-26T13:35:43","guid":{"rendered":"http:\/\/www2.uepg.br\/proex\/?page_id=175"},"modified":"2025-06-18T13:57:38","modified_gmt":"2025-06-18T16:57:38","slug":"cine-teatro-pax","status":"publish","type":"page","link":"https:\/\/www2.uepg.br\/proex\/cine-teatro-pax\/","title":{"rendered":"CINE TEATRO PAX"},"content":{"rendered":"<div id=\"pl-175\" class=\"panel-layout\">\n<div id=\"pg-175-0\" class=\"panel-grid panel-no-style\">\n<div id=\"pgc-175-0-0\" class=\"panel-grid-cell\">\n<div id=\"panel-175-0-0-0\" class=\"so-panel widget widget_sow-editor panel-first-child\">\n<div class=\"so-widget-sow-editor so-widget-sow-editor-base\">\n<h4 class=\"widget-title\" style=\"text-align: center\"><strong>RESOLU\u00c7\u00d5ES<\/strong><\/h4>\n<p style=\"text-align: center\"><a href=\"https:\/\/www2.uepg.br\/proex\/wp-content\/uploads\/sites\/8\/2019\/12\/Resolu\u00e7\u00e3o-PAX-2019.pdf\">RESOLU\u00c7\u00c3O CA N\u00ba 3\/2019- PAX<\/a><\/p>\n<div class=\"siteorigin-widget-tinymce textwidget\" style=\"text-align: center\">\n<p>\u00a0<a href=\"https:\/\/www2.uepg.br\/proex\/wp-content\/uploads\/sites\/8\/2018\/10\/PAX_RESOLUCAO-CA_2016-149.pdf\" target=\"_blank\" rel=\"noopener noreferrer\">RESOLU\u00c7\u00c3O CA N\u00ba 149 &#8211; 2018<\/a><\/p>\n<p><a href=\"https:\/\/www2.uepg.br\/proex\/wp-content\/uploads\/sites\/8\/2018\/10\/PAX_RESOLUCAO-CA_2017-109.pdf\" target=\"_blank\" rel=\"noopener noreferrer\">RESOLU\u00c7\u00c3O CA N\u00ba 109 &#8211; 2017<\/a><\/p>\n<p><a href=\"https:\/\/www2.uepg.br\/proex\/wp-content\/uploads\/sites\/8\/2018\/10\/PAX_RESOLUCAO-CA_2016-025.pdf\" target=\"_blank\" rel=\"noopener noreferrer\">RESOLU\u00c7\u00c3O CA N\u00ba 025 &#8211; 2016<\/a><\/p>\n<p><a href=\"https:\/\/www2.uepg.br\/proex\/wp-content\/uploads\/sites\/8\/2018\/10\/PAX_RESOLUCAO-CA_2015-461.pdf\" target=\"_blank\" rel=\"noopener noreferrer\">RESOLU\u00c7\u00c3O CA N\u00ba 461 &#8211; 2015<\/a><\/p>\n<p><a href=\"https:\/\/www2.uepg.br\/proex\/wp-content\/uploads\/sites\/8\/2018\/10\/PAX_RESOLUCAO-CA_2013-666.pdf\" target=\"_blank\" rel=\"noopener noreferrer\">RESOLU\u00c7\u00c3O CA N\u00ba 666 &#8211; 2013<\/a><\/p>\n<p><a href=\"https:\/\/www2.uepg.br\/proex\/wp-content\/uploads\/sites\/8\/2018\/10\/PAX_RESOLUCAO-CA_2008-354.pdf\" target=\"_blank\" rel=\"noopener noreferrer\">RESOLU\u00c7\u00c3O CA N\u00ba 354 &#8211; 2008<\/a><\/p>\n<\/div>\n<\/div>\n<\/div>\n<p>&nbsp;<\/p>\n<div id=\"panel-175-0-0-1\" class=\"so-panel widget widget_sow-editor\" style=\"text-align: center\">\n<div class=\"so-widget-sow-editor so-widget-sow-editor-base\">\n<h4><\/h4>\n<h4 class=\"widget-title\"><strong>FORMUL\u00c1RIOS<\/strong><\/h4>\n<div class=\"siteorigin-widget-tinymce textwidget\">\n<p class=\"style2\"><a href=\"https:\/\/www2.uepg.br\/proex\/wp-content\/uploads\/sites\/8\/2018\/10\/PAX_SOLICITACAO_USO_AUDITORIO.doc\" target=\"_blank\" rel=\"noopener noreferrer\">Solicita\u00e7\u00e3o de utiliza\u00e7\u00e3o do audit\u00f3rio do Cine-Teatro Pax \u2013 UEPG<\/a><\/p>\n<p class=\"style2\">\u00a0Termo de Compromisso de uso do Cine-Teatro PAX \u2013 UEPG<\/p>\n<\/div>\n<\/div>\n<\/div>\n<div id=\"panel-175-0-0-2\" class=\"so-panel widget widget_sow-editor panel-last-child\" style=\"text-align: center\">\n<div class=\"so-widget-sow-editor so-widget-sow-editor-base\">\n<div class=\"siteorigin-widget-tinymce textwidget\">\n<p>&nbsp;<\/p>\n<p class=\"style2\"><span class=\"style6\"><strong>Telefone<\/strong>:<\/span> (42) 3220-3461<\/p>\n<p class=\"style2\"><span class=\"style6\"><strong>E-mail<\/strong>:<\/span> proex@uepg.br<\/p>\n<p class=\"style2\"><span class=\"style6\"><strong>Endere\u00e7o<\/strong>:<\/span>\u00a0Rua Dr. Ant\u00f4nio Russo, 28 &#8211; Oficinas &#8211; 84045-020 &#8211; Ponta Grossa &#8211; PR<\/p>\n<\/div>\n<\/div>\n<\/div>\n<\/div>\n<\/div>\n<\/div>\n<p style=\"text-align: center\">\n","protected":false},"excerpt":{"rendered":"<p>RESOLU\u00c7\u00d5ES RESOLU\u00c7\u00c3O CA N\u00ba 3\/2019- PAX \u00a0RESOLU\u00c7\u00c3O CA N\u00ba 149 &#8211; 2018 RESOLU\u00c7\u00c3O CA N\u00ba 109 &#8211; 2017 RESOLU\u00c7\u00c3O CA N\u00ba 025 &#8211; 2016 RESOLU\u00c7\u00c3O CA N\u00ba 461 &#8211; 2015 RESOLU\u00c7\u00c3O CA N\u00ba 666 &#8211; 2013 RESOLU\u00c7\u00c3O CA N\u00ba 354 &#8211; 2008 &nbsp; FORMUL\u00c1RIOS Solicita\u00e7\u00e3o de utiliza\u00e7\u00e3o do audit\u00f3rio do Cine-Teatro Pax \u2013 UEPG \u00a0Termo&nbsp;&hellip;<\/p>\n","protected":false},"author":85,"featured_media":0,"parent":0,"menu_order":0,"comment_status":"closed","ping_status":"closed","template":"","meta":[],"_links":{"self":[{"href":"https:\/\/www2.uepg.br\/proex\/wp-json\/wp\/v2\/pages\/175"}],"collection":[{"href":"https:\/\/www2.uepg.br\/proex\/wp-json\/wp\/v2\/pages"}],"about":[{"href":"https:\/\/www2.uepg.br\/proex\/wp-json\/wp\/v2\/types\/page"}],"author":[{"embeddable":true,"href":"https:\/\/www2.uepg.br\/proex\/wp-json\/wp\/v2\/users\/85"}],"replies":[{"embeddable":true,"href":"https:\/\/www2.uepg.br\/proex\/wp-json\/wp\/v2\/comments?post=175"}],"version-history":[{"count":11,"href":"https:\/\/www2.uepg.br\/proex\/wp-json\/wp\/v2\/pages\/175\/revisions"}],"predecessor-version":[{"id":3913,"href":"https:\/\/www2.uepg.br\/proex\/wp-json\/wp\/v2\/pages\/175\/revisions\/3913"}],"wp:attachment":[{"href":"https:\/\/www2.uepg.br\/proex\/wp-json\/wp\/v2\/media?parent=175"}],"curies":[{"name":"wp","href":"https:\/\/api.w.org\/{rel}","templated":true}]}}