{"id":3425,"date":"2020-11-10T16:00:03","date_gmt":"2020-11-10T19:00:03","guid":{"rendered":"http:\/\/www2.uepg.br\/proex\/?page_id=3425"},"modified":"2025-12-10T08:48:56","modified_gmt":"2025-12-10T11:48:56","slug":"catec","status":"publish","type":"page","link":"https:\/\/www2.uepg.br\/proex\/catec\/","title":{"rendered":"CATEC"},"content":{"rendered":"<h2 style=\"text-align: center\">Comiss\u00e3o de Assessoramento T\u00e9cnico-Cient\u00edfico (CATEC) da PROEX<\/h2>\n<h2 style=\"text-align: center\"><a href=\"https:\/\/www2.uepg.br\/proex\/wp-content\/uploads\/sites\/8\/2025\/04\/PORTARIA-PROEX-No-2024.7-fev-2025-dez-2026.pdf\">PORTARIA PROEX &#8211; N\u00ba 2024.7 -fev 2025 &#8211; dez 2026PORTARIA PROEX &#8211; N\u00ba 2025.1<\/a><\/h2>\n<p>&nbsp;<\/p>\n<h3 style=\"text-align: center\">Portaria PROEX &#8211; N\u00ba 2025.1<\/h3>\n<p style=\"text-align: center\">https:\/\/legislacao.apps.uepg.br\/documentosPublico\/212025-08-2617.pdf<\/p>\n<p style=\"text-align: center\"><a href=\"https:\/\/www2.uepg.br\/proex\/wp-content\/uploads\/sites\/8\/2025\/12\/CATEC-Portaria1.25-prof.-Paulo-Volney.pdf\">CATEC-Portaria1.25 prof. Paulo &#8211; Volney<\/a><\/p>\n<p>&nbsp;<\/p>\n<p>&nbsp;<\/p>\n","protected":false},"excerpt":{"rendered":"<p>Comiss\u00e3o de Assessoramento T\u00e9cnico-Cient\u00edfico (CATEC) da PROEX PORTARIA PROEX &#8211; N\u00ba 2024.7 -fev 2025 &#8211; dez 2026PORTARIA PROEX &#8211; N\u00ba 2025.1 &nbsp; Portaria PROEX &#8211; N\u00ba 2025.1 https:\/\/legislacao.apps.uepg.br\/documentosPublico\/212025-08-2617.pdf CATEC-Portaria1.25 prof. Paulo &#8211; Volney &nbsp; &nbsp;<\/p>\n","protected":false},"author":91,"featured_media":0,"parent":0,"menu_order":0,"comment_status":"closed","ping_status":"closed","template":"page-templates\/homepage.php","meta":[],"_links":{"self":[{"href":"https:\/\/www2.uepg.br\/proex\/wp-json\/wp\/v2\/pages\/3425"}],"collection":[{"href":"https:\/\/www2.uepg.br\/proex\/wp-json\/wp\/v2\/pages"}],"about":[{"href":"https:\/\/www2.uepg.br\/proex\/wp-json\/wp\/v2\/types\/page"}],"author":[{"embeddable":true,"href":"https:\/\/www2.uepg.br\/proex\/wp-json\/wp\/v2\/users\/91"}],"replies":[{"embeddable":true,"href":"https:\/\/www2.uepg.br\/proex\/wp-json\/wp\/v2\/comments?post=3425"}],"version-history":[{"count":16,"href":"https:\/\/www2.uepg.br\/proex\/wp-json\/wp\/v2\/pages\/3425\/revisions"}],"predecessor-version":[{"id":11126,"href":"https:\/\/www2.uepg.br\/proex\/wp-json\/wp\/v2\/pages\/3425\/revisions\/11126"}],"wp:attachment":[{"href":"https:\/\/www2.uepg.br\/proex\/wp-json\/wp\/v2\/media?parent=3425"}],"curies":[{"name":"wp","href":"https:\/\/api.w.org\/{rel}","templated":true}]}}