{"id":3916,"date":"2021-06-10T16:25:51","date_gmt":"2021-06-10T19:25:51","guid":{"rendered":"https:\/\/www2.uepg.br\/proex\/?page_id=3916"},"modified":"2023-03-20T13:29:39","modified_gmt":"2023-03-20T16:29:39","slug":"programas-fundo-parana","status":"publish","type":"page","link":"https:\/\/www2.uepg.br\/proex\/programas-fundo-parana\/","title":{"rendered":"Programas Fundo Paran\u00e1"},"content":{"rendered":"<div id=\"pl-3916\"  class=\"panel-layout\" ><div id=\"pg-3916-0\"  class=\"panel-grid panel-no-style\" ><div id=\"pgc-3916-0-0\"  class=\"panel-grid-cell\" ><div id=\"panel-3916-0-0-0\" class=\"so-panel widget widget_sow-accordion panel-first-child panel-last-child\" data-index=\"0\" ><div\n\t\t\t\n\t\t\tclass=\"so-widget-sow-accordion so-widget-sow-accordion-default-b3bed1f0211f-3916\"\n\t\t\t\n\t\t><div>\n\t<div class=\"sow-accordion\">\n\t\t\t<div class=\"sow-accordion-panel\"\n\t\t\t data-anchor=\"n%c3%bacleo-maria-da-penha-numape\">\n\t\t\t\t<div class=\"sow-accordion-panel-header-container\" role=\"heading\" aria-level=\"2\">\n\t\t\t\t\t<div class=\"sow-accordion-panel-header\" tabindex=\"0\" role=\"button\" id=\"accordion-label-n%c3%bacleo-maria-da-penha-numape\" aria-controls=\"accordion-content-n%c3%bacleo-maria-da-penha-numape\" aria-expanded=\"false\">\n\t\t\t\t\t\t<div class=\"sow-accordion-title sow-accordion-title-icon-left\">\n\t\t\t\t\t\t\t\t\t\t\t\t\t\tN\u00facleo Maria da Penha - NUMAPE\t\t\t\t\t\t\t\t\t\t\t\t\t<\/div>\n\t\t\t\t\t\t<div class=\"sow-accordion-open-close-button\">\n\t\t\t\t\t\t\t<div class=\"sow-accordion-open-button\">\n\t\t\t\t\t\t\t\t<span class=\"sow-icon-ionicons\" data-sow-icon=\"&#xf218;\"\n\t\t \n\t\taria-hidden=\"true\"><\/span>\t\t\t\t\t\t\t<\/div>\n\t\t\t\t\t\t\t<div class=\"sow-accordion-close-button\">\n\t\t\t\t\t\t\t\t<span class=\"sow-icon-ionicons\" data-sow-icon=\"&#xf209;\"\n\t\t \n\t\taria-hidden=\"true\"><\/span>\t\t\t\t\t\t\t<\/div>\n\t\t\t\t\t\t<\/div>\n\t\t\t\t\t<\/div>\n\t\t\t\t<\/div>\n\n\t\t\t<div\n\t\t\t\tclass=\"sow-accordion-panel-content\"\n\t\t\t\trole=\"region\"\n\t\t\t\taria-labelledby=\"accordion-label-n%c3%bacleo-maria-da-penha-numape\"\n\t\t\t\tid=\"accordion-content-n%c3%bacleo-maria-da-penha-numape\"\n\t\t\t\tstyle=\"display: none;\"\t\t\t>\n\t\t\t\t<div class=\"sow-accordion-panel-border\" tabindex=\"0\">\n\t\t\t\t\t<p style=\"text-align: center\"><a href=\"https:\/\/www2.uepg.br\/proex\/wp-content\/uploads\/sites\/8\/2023\/03\/Relatorio-SETI-2021-NUMAPE.docx.pdf\">Relatorio SETI 2021\u00a0<\/a><\/p>\n\t\t\t\t<\/div>\n\t\t\t<\/div>\n\t\t<\/div>\n\t\t\t<div class=\"sow-accordion-panel\"\n\t\t\t data-anchor=\"n%c3%bacleo-de-estudos-do-direito-da-inf%c3%a2ncia-e-juventude-neddij\">\n\t\t\t\t<div class=\"sow-accordion-panel-header-container\" role=\"heading\" aria-level=\"2\">\n\t\t\t\t\t<div class=\"sow-accordion-panel-header\" tabindex=\"0\" role=\"button\" id=\"accordion-label-n%c3%bacleo-de-estudos-do-direito-da-inf%c3%a2ncia-e-juventude-neddij\" aria-controls=\"accordion-content-n%c3%bacleo-de-estudos-do-direito-da-inf%c3%a2ncia-e-juventude-neddij\" aria-expanded=\"false\">\n\t\t\t\t\t\t<div class=\"sow-accordion-title sow-accordion-title-icon-left\">\n\t\t\t\t\t\t\t\t\t\t\t\t\t\tN\u00facleo de Estudos do Direito da Inf\u00e2ncia e Juventude - NEDDIJ\t\t\t\t\t\t\t\t\t\t\t\t\t<\/div>\n\t\t\t\t\t\t<div class=\"sow-accordion-open-close-button\">\n\t\t\t\t\t\t\t<div class=\"sow-accordion-open-button\">\n\t\t\t\t\t\t\t\t<span class=\"sow-icon-ionicons\" data-sow-icon=\"&#xf218;\"\n\t\t \n\t\taria-hidden=\"true\"><\/span>\t\t\t\t\t\t\t<\/div>\n\t\t\t\t\t\t\t<div class=\"sow-accordion-close-button\">\n\t\t\t\t\t\t\t\t<span class=\"sow-icon-ionicons\" data-sow-icon=\"&#xf209;\"\n\t\t \n\t\taria-hidden=\"true\"><\/span>\t\t\t\t\t\t\t<\/div>\n\t\t\t\t\t\t<\/div>\n\t\t\t\t\t<\/div>\n\t\t\t\t<\/div>\n\n\t\t\t<div\n\t\t\t\tclass=\"sow-accordion-panel-content\"\n\t\t\t\trole=\"region\"\n\t\t\t\taria-labelledby=\"accordion-label-n%c3%bacleo-de-estudos-do-direito-da-inf%c3%a2ncia-e-juventude-neddij\"\n\t\t\t\tid=\"accordion-content-n%c3%bacleo-de-estudos-do-direito-da-inf%c3%a2ncia-e-juventude-neddij\"\n\t\t\t\tstyle=\"display: none;\"\t\t\t>\n\t\t\t\t<div class=\"sow-accordion-panel-border\" tabindex=\"0\">\n\t\t\t\t\t<p style=\"text-align: center\"><a href=\"https:\/\/www2.uepg.br\/proex\/wp-content\/uploads\/sites\/8\/2023\/03\/Relatorio-Tecnico-Financeiro-Modelo-NEDDIJ.docx.pdf\">Relat\u00f3rio T\u00e9cnico Financeiro 2019-2021<\/a><\/p>\n<p style=\"text-align: center\"><a href=\"https:\/\/www2.uepg.br\/proex\/wp-content\/uploads\/sites\/8\/2023\/03\/Relatorio-Encerramento-1.pdf\">Relat\u00f3rio Encerramento 2021<\/a><\/p>\n\t\t\t\t<\/div>\n\t\t\t<\/div>\n\t\t<\/div>\n\t\t\t<div class=\"sow-accordion-panel\"\n\t\t\t data-anchor=\"paran%c3%a1-fala-idiomas\">\n\t\t\t\t<div class=\"sow-accordion-panel-header-container\" role=\"heading\" aria-level=\"2\">\n\t\t\t\t\t<div class=\"sow-accordion-panel-header\" tabindex=\"0\" role=\"button\" id=\"accordion-label-paran%c3%a1-fala-idiomas\" aria-controls=\"accordion-content-paran%c3%a1-fala-idiomas\" aria-expanded=\"false\">\n\t\t\t\t\t\t<div class=\"sow-accordion-title sow-accordion-title-icon-left\">\n\t\t\t\t\t\t\t\t\t\t\t\t\t\tParan\u00e1 Fala Idiomas\t\t\t\t\t\t\t\t\t\t\t\t\t<\/div>\n\t\t\t\t\t\t<div class=\"sow-accordion-open-close-button\">\n\t\t\t\t\t\t\t<div class=\"sow-accordion-open-button\">\n\t\t\t\t\t\t\t\t<span class=\"sow-icon-ionicons\" data-sow-icon=\"&#xf218;\"\n\t\t \n\t\taria-hidden=\"true\"><\/span>\t\t\t\t\t\t\t<\/div>\n\t\t\t\t\t\t\t<div class=\"sow-accordion-close-button\">\n\t\t\t\t\t\t\t\t<span class=\"sow-icon-ionicons\" data-sow-icon=\"&#xf209;\"\n\t\t \n\t\taria-hidden=\"true\"><\/span>\t\t\t\t\t\t\t<\/div>\n\t\t\t\t\t\t<\/div>\n\t\t\t\t\t<\/div>\n\t\t\t\t<\/div>\n\n\t\t\t<div\n\t\t\t\tclass=\"sow-accordion-panel-content\"\n\t\t\t\trole=\"region\"\n\t\t\t\taria-labelledby=\"accordion-label-paran%c3%a1-fala-idiomas\"\n\t\t\t\tid=\"accordion-content-paran%c3%a1-fala-idiomas\"\n\t\t\t\tstyle=\"display: none;\"\t\t\t>\n\t\t\t\t<div class=\"sow-accordion-panel-border\" tabindex=\"0\">\n\t\t\t\t\t<p style=\"text-align: center\">\n<\/p><p style=\"text-align: center\"><a href=\"https:\/\/www2.uepg.br\/proex\/wp-content\/uploads\/sites\/8\/2023\/03\/PFI_UEPG_TC-6519_Relatorio-Tecnico-Financeiro-2019.2-Parana-Fala-Idiomas.docx.pdf\">Relat\u00f3rio T\u00e9cnico Financeiro 2019<\/a><\/p>\n<p style=\"text-align: center\"><a href=\"https:\/\/www2.uepg.br\/proex\/wp-content\/uploads\/sites\/8\/2023\/03\/TC-11517Relatorio-final-e-encerramento-APROVADO_assinado_2019.1-Parana-Fala-Idiomas.docx.pdf\">Relat\u00f3rio Final e Encerramento 2019<\/a><\/p>\n<p style=\"text-align: center\"><a href=\"https:\/\/www2.uepg.br\/proex\/wp-content\/uploads\/sites\/8\/2023\/03\/PFIUEPG_TC-6519_Relatorio-Tecnico-Financeiro-2020-Parana-Fala-Idiomas.docx.pdf\">Relat\u00f3rio T\u00e9cnico Financeiro 2020\u00a0<\/a><\/p>\n<p>&nbsp;<\/p>\n\t\t\t\t<\/div>\n\t\t\t<\/div>\n\t\t<\/div>\n\t\t\t<div class=\"sow-accordion-panel\"\n\t\t\t data-anchor=\"indicadores\">\n\t\t\t\t<div class=\"sow-accordion-panel-header-container\" role=\"heading\" aria-level=\"2\">\n\t\t\t\t\t<div class=\"sow-accordion-panel-header\" tabindex=\"0\" role=\"button\" id=\"accordion-label-indicadores\" aria-controls=\"accordion-content-indicadores\" aria-expanded=\"false\">\n\t\t\t\t\t\t<div class=\"sow-accordion-title sow-accordion-title-icon-left\">\n\t\t\t\t\t\t\t\t\t\t\t\t\t\tIndicadores \t\t\t\t\t\t\t\t\t\t\t\t\t<\/div>\n\t\t\t\t\t\t<div class=\"sow-accordion-open-close-button\">\n\t\t\t\t\t\t\t<div class=\"sow-accordion-open-button\">\n\t\t\t\t\t\t\t\t<span class=\"sow-icon-ionicons\" data-sow-icon=\"&#xf218;\"\n\t\t \n\t\taria-hidden=\"true\"><\/span>\t\t\t\t\t\t\t<\/div>\n\t\t\t\t\t\t\t<div class=\"sow-accordion-close-button\">\n\t\t\t\t\t\t\t\t<span class=\"sow-icon-ionicons\" data-sow-icon=\"&#xf209;\"\n\t\t \n\t\taria-hidden=\"true\"><\/span>\t\t\t\t\t\t\t<\/div>\n\t\t\t\t\t\t<\/div>\n\t\t\t\t\t<\/div>\n\t\t\t\t<\/div>\n\n\t\t\t<div\n\t\t\t\tclass=\"sow-accordion-panel-content\"\n\t\t\t\trole=\"region\"\n\t\t\t\taria-labelledby=\"accordion-label-indicadores\"\n\t\t\t\tid=\"accordion-content-indicadores\"\n\t\t\t\tstyle=\"display: none;\"\t\t\t>\n\t\t\t\t<div class=\"sow-accordion-panel-border\" tabindex=\"0\">\n\t\t\t\t\t<p>&nbsp;<\/p>\n<p style=\"text-align: center\"><a href=\"https:\/\/www2.uepg.br\/proex\/wp-content\/uploads\/sites\/8\/2021\/11\/Nucleo-Maria-da-Penha.pdf\" target=\"_blank\" rel=\"noopener\">N\u00facleo Maria da Penha<\/a><\/p>\n<p style=\"text-align: center\"><a href=\"https:\/\/www2.uepg.br\/proex\/wp-content\/uploads\/sites\/8\/2021\/11\/Parana-Fala-Ingles.pdf\" target=\"_blank\" rel=\"noopener\">Paran\u00e1 Fala Ingles<\/a><\/p>\n<p style=\"text-align: center\"><a href=\"https:\/\/www2.uepg.br\/proex\/wp-content\/uploads\/sites\/8\/2021\/11\/Produzir-agua-e-consevar-os-solos..pdf\">Produzir \u00e1gua e conservar os solos como pr\u00e1ticas b\u00e1sicas para o desenvolvimento local de Comunidades Rurais dos Campos Gerais, PR<\/a><\/p>\n<p style=\"text-align: center\"><a href=\"https:\/\/www2.uepg.br\/proex\/wp-content\/uploads\/sites\/8\/2021\/11\/Instalacao-do-Museu-de-Ciencias-Naturais-UEPG.pdf\">Instala\u00e7\u00e3o do Museu de Ci\u00eancias Naturais UEPG<\/a><\/p>\n<p style=\"text-align: center\"><a href=\"https:\/\/www2.uepg.br\/proex\/wp-content\/uploads\/sites\/8\/2021\/11\/Nucleo-de-Estudos-e-Defesa-dos-Direitos-da-Infancia-e-da-Juvnetude-NEDDIJ.pdf\">N\u00facleo de Estudos e Defesa dos Direitos da Inf\u00e2ncia e da Juventude NEDDIJ<\/a><\/p>\n\t\t\t\t<\/div>\n\t\t\t<\/div>\n\t\t<\/div>\n\t\t\t<div class=\"sow-accordion-panel\"\n\t\t\t data-anchor=\"paran%c3%a1-mais-org%c3%a2nico\">\n\t\t\t\t<div class=\"sow-accordion-panel-header-container\" role=\"heading\" aria-level=\"2\">\n\t\t\t\t\t<div class=\"sow-accordion-panel-header\" tabindex=\"0\" role=\"button\" id=\"accordion-label-paran%c3%a1-mais-org%c3%a2nico\" aria-controls=\"accordion-content-paran%c3%a1-mais-org%c3%a2nico\" aria-expanded=\"false\">\n\t\t\t\t\t\t<div class=\"sow-accordion-title sow-accordion-title-icon-left\">\n\t\t\t\t\t\t\t\t\t\t\t\t\t\tParan\u00e1 Mais Org\u00e2nico\t\t\t\t\t\t\t\t\t\t\t\t\t<\/div>\n\t\t\t\t\t\t<div class=\"sow-accordion-open-close-button\">\n\t\t\t\t\t\t\t<div class=\"sow-accordion-open-button\">\n\t\t\t\t\t\t\t\t<span class=\"sow-icon-ionicons\" data-sow-icon=\"&#xf218;\"\n\t\t \n\t\taria-hidden=\"true\"><\/span>\t\t\t\t\t\t\t<\/div>\n\t\t\t\t\t\t\t<div class=\"sow-accordion-close-button\">\n\t\t\t\t\t\t\t\t<span class=\"sow-icon-ionicons\" data-sow-icon=\"&#xf209;\"\n\t\t \n\t\taria-hidden=\"true\"><\/span>\t\t\t\t\t\t\t<\/div>\n\t\t\t\t\t\t<\/div>\n\t\t\t\t\t<\/div>\n\t\t\t\t<\/div>\n\n\t\t\t<div\n\t\t\t\tclass=\"sow-accordion-panel-content\"\n\t\t\t\trole=\"region\"\n\t\t\t\taria-labelledby=\"accordion-label-paran%c3%a1-mais-org%c3%a2nico\"\n\t\t\t\tid=\"accordion-content-paran%c3%a1-mais-org%c3%a2nico\"\n\t\t\t\tstyle=\"display: none;\"\t\t\t>\n\t\t\t\t<div class=\"sow-accordion-panel-border\" tabindex=\"0\">\n\t\t\t\t\t<p style=\"text-align: center\"><a href=\"https:\/\/www2.uepg.br\/proex\/wp-content\/uploads\/sites\/8\/2023\/03\/Relatorio-Parana-mais-organico-Encerramento-2021.pdf\">Relat\u00f3rio Encerramento 2021<\/a><\/p>\n\t\t\t\t<\/div>\n\t\t\t<\/div>\n\t\t<\/div>\n\t\t<\/div>\n<\/div>\n<\/div><\/div><\/div><\/div><\/div>","protected":false},"excerpt":{"rendered":"<p>N\u00facleo Maria da Penha &#8211; NUMAPE Relatorio SETI 2021\u00a0 N\u00facleo de Estudos do Direito da Inf\u00e2ncia e Juventude &#8211; NEDDIJ Relat\u00f3rio T\u00e9cnico Financeiro 2019-2021 Relat\u00f3rio Encerramento 2021 Paran\u00e1 Fala Idiomas Relat\u00f3rio T\u00e9cnico Financeiro 2019 Relat\u00f3rio Final e Encerramento 2019 Relat\u00f3rio T\u00e9cnico Financeiro 2020\u00a0 &nbsp; Indicadores &nbsp; N\u00facleo Maria da Penha Paran\u00e1 Fala Ingles Produzir \u00e1gua&nbsp;&hellip;<\/p>\n","protected":false},"author":305,"featured_media":0,"parent":0,"menu_order":0,"comment_status":"closed","ping_status":"closed","template":"","meta":[],"_links":{"self":[{"href":"https:\/\/www2.uepg.br\/proex\/wp-json\/wp\/v2\/pages\/3916"}],"collection":[{"href":"https:\/\/www2.uepg.br\/proex\/wp-json\/wp\/v2\/pages"}],"about":[{"href":"https:\/\/www2.uepg.br\/proex\/wp-json\/wp\/v2\/types\/page"}],"author":[{"embeddable":true,"href":"https:\/\/www2.uepg.br\/proex\/wp-json\/wp\/v2\/users\/305"}],"replies":[{"embeddable":true,"href":"https:\/\/www2.uepg.br\/proex\/wp-json\/wp\/v2\/comments?post=3916"}],"version-history":[{"count":33,"href":"https:\/\/www2.uepg.br\/proex\/wp-json\/wp\/v2\/pages\/3916\/revisions"}],"predecessor-version":[{"id":7464,"href":"https:\/\/www2.uepg.br\/proex\/wp-json\/wp\/v2\/pages\/3916\/revisions\/7464"}],"wp:attachment":[{"href":"https:\/\/www2.uepg.br\/proex\/wp-json\/wp\/v2\/media?parent=3916"}],"curies":[{"name":"wp","href":"https:\/\/api.w.org\/{rel}","templated":true}]}}