{"id":5110,"date":"2021-12-17T08:58:34","date_gmt":"2021-12-17T11:58:34","guid":{"rendered":"https:\/\/www2.uepg.br\/proex\/?page_id=5110"},"modified":"2022-02-04T11:16:30","modified_gmt":"2022-02-04T14:16:30","slug":"saudacoes-extensionistas","status":"publish","type":"page","link":"https:\/\/www2.uepg.br\/proex\/saudacoes-extensionistas\/","title":{"rendered":"Sauda\u00e7\u00f5es extensionistas"},"content":{"rendered":"<p><img loading=\"lazy\" class=\" wp-image-5127 aligncenter\" src=\"https:\/\/www2.uepg.br\/proex\/wp-content\/uploads\/sites\/8\/2021\/12\/saudacoes_extensionistas-300x295.png\" alt=\"\" width=\"471\" height=\"463\" srcset=\"https:\/\/www2.uepg.br\/proex\/wp-content\/uploads\/sites\/8\/2021\/12\/saudacoes_extensionistas-300x295.png 300w, https:\/\/www2.uepg.br\/proex\/wp-content\/uploads\/sites\/8\/2021\/12\/saudacoes_extensionistas.png 739w\" sizes=\"(max-width: 471px) 100vw, 471px\" \/><\/p>\n<p>&nbsp;<\/p>\n<p>Para acessar, clique aqui:<\/p>\n<p><a href=\"https:\/\/www2.uepg.br\/proex\/wp-content\/uploads\/sites\/8\/2021\/12\/Cronicas-de-extensao.pdf\">Cr\u00f4nicas de extens\u00e3o<\/a><\/p>\n<p>&nbsp;<\/p>\n<p><a href=\"https:\/\/docs.google.com\/forms\/d\/e\/1FAIpQLSduMWnuioilyeb1kEb-KmMm2JtPZkB1NUpLoiKDfLeIMaVyHQ\/viewform?usp=sf_link\">Vote para o nome do nosso peri\u00f3dico aqui!<\/a><\/p>\n","protected":false},"excerpt":{"rendered":"<p>&nbsp; Para acessar, clique aqui: Cr\u00f4nicas de extens\u00e3o &nbsp; Vote para o nome do nosso peri\u00f3dico aqui!<\/p>\n","protected":false},"author":384,"featured_media":0,"parent":0,"menu_order":0,"comment_status":"closed","ping_status":"closed","template":"","meta":[],"_links":{"self":[{"href":"https:\/\/www2.uepg.br\/proex\/wp-json\/wp\/v2\/pages\/5110"}],"collection":[{"href":"https:\/\/www2.uepg.br\/proex\/wp-json\/wp\/v2\/pages"}],"about":[{"href":"https:\/\/www2.uepg.br\/proex\/wp-json\/wp\/v2\/types\/page"}],"author":[{"embeddable":true,"href":"https:\/\/www2.uepg.br\/proex\/wp-json\/wp\/v2\/users\/384"}],"replies":[{"embeddable":true,"href":"https:\/\/www2.uepg.br\/proex\/wp-json\/wp\/v2\/comments?post=5110"}],"version-history":[{"count":5,"href":"https:\/\/www2.uepg.br\/proex\/wp-json\/wp\/v2\/pages\/5110\/revisions"}],"predecessor-version":[{"id":5163,"href":"https:\/\/www2.uepg.br\/proex\/wp-json\/wp\/v2\/pages\/5110\/revisions\/5163"}],"wp:attachment":[{"href":"https:\/\/www2.uepg.br\/proex\/wp-json\/wp\/v2\/media?parent=5110"}],"curies":[{"name":"wp","href":"https:\/\/api.w.org\/{rel}","templated":true}]}}