{"id":5205,"date":"2022-02-23T11:28:18","date_gmt":"2022-02-23T14:28:18","guid":{"rendered":"https:\/\/www2.uepg.br\/proex\/?page_id=5205"},"modified":"2025-06-10T09:35:31","modified_gmt":"2025-06-10T12:35:31","slug":"deu-diretoria-de-extensao-universitaria","status":"publish","type":"page","link":"https:\/\/www2.uepg.br\/proex\/deu-diretoria-de-extensao-universitaria\/","title":{"rendered":"DEU &#8211; Diretoria de Extens\u00e3o Universit\u00e1ria"},"content":{"rendered":"<p style=\"text-align: center\">A Diretoria de Extens\u00e3o Universit\u00e1ria, tem por finalidade estabelecer um canal permanente de discuss\u00e3o e divulga\u00e7\u00e3o das a\u00e7\u00f5es extensionistas desenvolvidas pela comunidade acad\u00eamica da UEPG, como tamb\u00e9m possibilitar o intercambio de conhecimentos e informa\u00e7\u00f5es com outras inst\u00e2ncias universit\u00e1rias e da sociedade como um todo. E por objetivos principais: possibilitar a divulga\u00e7\u00e3o das atividades de extens\u00e3o; ampliar, consolidar e diversificar as a\u00e7\u00f5es extensionistas; Incentivar e contribuir para a produ\u00e7\u00e3o e publica\u00e7\u00e3o de textos cr\u00edticos, anal\u00edticos e contempor\u00e2neos na \u00e1rea de extens\u00e3o universit\u00e1ria.<\/p>\n<p>&nbsp;<\/p>\n<p style=\"text-align: center\"><strong>ENDERE\u00c7O:<\/strong> Pra\u00e7a Marechal Floriano Peixoto, n\u00ba 129 Centro, Ponta Grossa \u2013 PR CEP: 84010-680<\/p>\n<p style=\"text-align: center\"><strong>TELEFONE:<\/strong> (42) 3220- 3483<\/p>\n<p style=\"text-align: center\">E-MAIL: <a href=\"mailto:proex.deu@uepg.br\">proex.deu@uepg.br<\/a><\/p>\n<p style=\"text-align: center\"><a href=\"https:\/\/www2.uepg.br\/proex\/mapa-da-extensao\/\">Mapa da Extens\u00e3o<\/a><\/p>\n<p style=\"text-align: center\"><a href=\"https:\/\/proex-deu.apps.uepg.br\/report\/public\/\">Portal de Dados Extensionistas<\/a><\/p>\n","protected":false},"excerpt":{"rendered":"<p>A Diretoria de Extens\u00e3o Universit\u00e1ria, tem por finalidade estabelecer um canal permanente de discuss\u00e3o e divulga\u00e7\u00e3o das a\u00e7\u00f5es extensionistas desenvolvidas pela comunidade acad\u00eamica da UEPG, como tamb\u00e9m possibilitar o intercambio de conhecimentos e informa\u00e7\u00f5es com outras inst\u00e2ncias universit\u00e1rias e da sociedade como um todo. E por objetivos principais: possibilitar a divulga\u00e7\u00e3o das atividades de extens\u00e3o;&nbsp;&hellip;<\/p>\n","protected":false},"author":420,"featured_media":0,"parent":0,"menu_order":0,"comment_status":"closed","ping_status":"closed","template":"","meta":[],"_links":{"self":[{"href":"https:\/\/www2.uepg.br\/proex\/wp-json\/wp\/v2\/pages\/5205"}],"collection":[{"href":"https:\/\/www2.uepg.br\/proex\/wp-json\/wp\/v2\/pages"}],"about":[{"href":"https:\/\/www2.uepg.br\/proex\/wp-json\/wp\/v2\/types\/page"}],"author":[{"embeddable":true,"href":"https:\/\/www2.uepg.br\/proex\/wp-json\/wp\/v2\/users\/420"}],"replies":[{"embeddable":true,"href":"https:\/\/www2.uepg.br\/proex\/wp-json\/wp\/v2\/comments?post=5205"}],"version-history":[{"count":8,"href":"https:\/\/www2.uepg.br\/proex\/wp-json\/wp\/v2\/pages\/5205\/revisions"}],"predecessor-version":[{"id":10500,"href":"https:\/\/www2.uepg.br\/proex\/wp-json\/wp\/v2\/pages\/5205\/revisions\/10500"}],"wp:attachment":[{"href":"https:\/\/www2.uepg.br\/proex\/wp-json\/wp\/v2\/media?parent=5205"}],"curies":[{"name":"wp","href":"https:\/\/api.w.org\/{rel}","templated":true}]}}