{"id":53,"date":"2018-10-25T15:57:12","date_gmt":"2018-10-25T17:57:12","guid":{"rendered":"http:\/\/www2.uepg.br\/proex\/?page_id=53"},"modified":"2026-04-06T15:56:38","modified_gmt":"2026-04-06T18:56:38","slug":"equipe","status":"publish","type":"page","link":"https:\/\/www2.uepg.br\/proex\/equipe\/","title":{"rendered":"Equipe"},"content":{"rendered":"<h4 style=\"text-align: center\"><strong>PR\u00d3-REITORIA DE EXTENS\u00c3O E ASSUNTOS CULTURAIS<\/strong><\/h4>\n<h4 style=\"text-align: center\">(proex@uepg.br)<\/h4>\n<p style=\"text-align: center\"><strong>Pr\u00f3-r<\/strong><strong>eitora<\/strong><\/p>\n<p style=\"text-align: center\">Beatriz Gomes Nadal<\/p>\n<p style=\"text-align: center\"><strong>Assessora<\/strong><br \/>\nLaise Ferreira Bourguignon Costa<\/p>\n<p style=\"text-align: center\"><strong>Secret\u00e1ria<\/strong><br \/>\nAngela Matos Kowal<\/p>\n<p style=\"text-align: center\"><strong>Revista Conex\u00e3o<\/strong><br \/>\nNeomil Macedo<\/p>\n<p style=\"text-align: center\">\u00a0Maria In\u00eas Chaves<\/p>\n<p style=\"text-align: center\"><strong>Equipe<\/strong><\/p>\n<p style=\"text-align: center\">Ana Maria Amorim de Castro<\/p>\n<p style=\"text-align: center\">Cezar Vav\u00e1 de Castro<\/p>\n<h4 style=\"text-align: center\"><strong>DIRETORIA DE EXTENS\u00c3O UNIVERSIT\u00c1RIA<\/strong><\/h4>\n<h4 style=\"text-align: center\">(proex.deu@uepg.br)<\/h4>\n<p style=\"text-align: center\"><strong>Diretora<\/strong><br \/>\nMarina Tolentino Marinho<\/p>\n<p style=\"text-align: center\"><strong>Divis\u00e3o de Programas, Projetos e Fomentos Extensionistas<br \/>\n<\/strong>Carmen de F\u00e1tima Guimar\u00e3es<\/p>\n<p style=\"text-align: center\"><strong>Divis\u00e3o de Cursos e Eventos Extensionistas<br \/>\n<\/strong>Janice Aparecida Mielke Pestun<strong><br \/>\n<\/strong><\/p>\n<p style=\"text-align: center\"><strong>Bolsas de Extens\u00e3o<\/strong><br \/>\nEmerson Jos\u00e9 Barbosa<\/p>\n<p style=\"text-align: center\"><strong>Estagi\u00e1ria<br \/>\n<\/strong>Maria Eduarda Noumann<\/p>\n<h4 style=\"text-align: center\"><strong>DIRETORIA DE ASSUNTOS CULTURAIS<\/strong><\/h4>\n<h4 style=\"text-align: center\">(dac@uepg.br)<\/h4>\n<p style=\"text-align: center\"><strong>Diretor<br \/>\n<\/strong>Nelson Silva J\u00fanior<\/p>\n<p style=\"text-align: center\"><strong>Divis\u00e3o de Cultura e Arte<br \/>\n<\/strong><\/p>\n<p style=\"text-align: center\">Patricia Camera Varella<\/p>\n<p style=\"text-align: center\"><strong>Divis\u00e3o de Projetos e Gest\u00e3o Cultural<br \/>\n<\/strong>Luciane Tessaroli Dezonet<\/p>\n<p style=\"text-align: center\"><strong>Equipe<br \/>\n<\/strong>Ariadene Caillot<\/p>\n<p style=\"text-align: center\">Francisco Acildo Souza<\/p>\n<p style=\"text-align: center\">\u00a0<strong>Estagi\u00e1ria<\/strong><\/p>\n<p style=\"text-align: center\">\n<p style=\"text-align: center\"><strong>Ministrante em Cursos de Extens\u00e3o<br \/>\n<\/strong>Gilmar Martins<\/p>\n<h4 style=\"text-align: center\"><strong>MUSEU CAMPOS GERAIS<\/strong><\/h4>\n<h4 style=\"text-align: center\">(museucamposgerais@uepg.br)<\/h4>\n<p style=\"text-align: center\"><strong>Diretor Geral<br \/>\n<\/strong>\u00a0Niltonci Batista Chaves<\/p>\n<p style=\"text-align: center\"><strong>Diretoria de A\u00e7\u00e3o Educativa e Extens\u00e3o<br \/>\n<\/strong>Ilton C\u00e9sar Martins<\/p>\n<p style=\"text-align: center\"><strong>Diretoria de Acervos e Pesquisa<\/strong><\/p>\n<p style=\"text-align: center\">Robson Laverdi<\/p>\n<p style=\"text-align: center\"><strong>Secretaria Geral<\/strong><\/p>\n<p style=\"text-align: center\"><strong>Reserva T\u00e9cnica<\/strong><\/p>\n<p style=\"text-align: center\">Renoaldo Kaczmarech<\/p>\n<p style=\"text-align: center\"><strong>Arquivos Hist\u00f3ricos Hugo Reis<\/strong><\/p>\n<p style=\"text-align: center\">Rute Maria Batista<\/p>\n<p style=\"text-align: center\"><strong>Coord. de Lab. Mult. de Humanidades digitais e Inova\u00e7\u00e3o<\/strong><\/p>\n<p style=\"text-align: center\">Edson Armando Silva e Cloter Migliorini Filho<\/p>\n<p style=\"text-align: center\"><strong>Historiadores<\/strong><\/p>\n<p style=\"text-align: center\">Gabriel Lacerda e Karine de Fatima Almeida<\/p>\n<p style=\"text-align: center\"><strong>Residente T\u00e9cnico<\/strong><\/p>\n<p style=\"text-align: center\">Vitor Bomfim Lopes<\/p>\n<p style=\"text-align: center\"><strong>Portaria<br \/>\n<\/strong>Sebasti\u00e3o Revelino Euzebio<\/p>\n<p style=\"text-align: center\"><strong>Limpeza<br \/>\n<\/strong><\/p>\n<p style=\"text-align: center\">Elisangela e Sandra<\/p>\n<p style=\"text-align: center\"><strong>Estagi\u00e1rios<\/strong><\/p>\n<p style=\"text-align: center\">Bernardo, Mateus e Tamirys<\/p>\n<p style=\"text-align: center\"><strong>Jovem Aprendiz (Guarda Mirim)<\/strong><\/p>\n<h4 align=\"center\"><strong>EDITORA UEPG <\/strong><\/h4>\n<h4 align=\"center\">(editorauepg@uepg.br)<\/h4>\n<p align=\"center\"><strong>Diretor e Coordenador Editorial<\/strong><strong><br \/>\n<\/strong>Jeverson Machado do Nascimento<\/p>\n<p align=\"center\"><strong>Conselho Editorial<\/strong><strong><br \/>\n<\/strong>Jeverson Machado do Nascimento<br \/>\nLuiz Gustavo Lacerda<br \/>\nCarolina Paioli Tavares<br \/>\nJane Kelly de Oliveira<br \/>\nJocimar Donizeti do Prado<br \/>\nGiovanna Paola Primor Ribas<br \/>\nAntonio Liccardo<br \/>\nLislei Terezinha Preuss<br \/>\nBeatriz Gomes Nadal<\/p>\n<p align=\"center\"><strong>Se\u00e7\u00e3o de Editora\u00e7\u00e3o<\/strong><strong><br \/>\n<\/strong>Marco Aur\u00e9lio Martins Wrobel<br \/>\nAndressa Soraya Paganella Marcondes<\/p>\n<p align=\"center\"><strong>Se\u00e7\u00e3o de Administra\u00e7\u00e3o &#8211; Editora e Livraria (Financeiro, distribui\u00e7\u00e3o, vendas e consigna\u00e7\u00f5es)<\/strong><br \/>\nWilson Jos\u00e9 Nascimento (livraria@uepg.br)<\/p>\n<p align=\"center\"><strong>Se\u00e7\u00e3o de Peri\u00f3dicos<br \/>\n<\/strong>Rodrigo Pall\u00fa Martins<\/p>\n<p align=\"center\"><strong>Estagi\u00e1rio<br \/>\n<\/strong><\/p>\n<p align=\"center\">\n","protected":false},"excerpt":{"rendered":"<p>PR\u00d3-REITORIA DE EXTENS\u00c3O E ASSUNTOS CULTURAIS (proex@uepg.br) Pr\u00f3-reitora Beatriz Gomes Nadal Assessora Laise Ferreira Bourguignon Costa Secret\u00e1ria Angela Matos Kowal Revista Conex\u00e3o Neomil Macedo \u00a0Maria In\u00eas Chaves Equipe Ana Maria Amorim de Castro Cezar Vav\u00e1 de Castro DIRETORIA DE EXTENS\u00c3O UNIVERSIT\u00c1RIA (proex.deu@uepg.br) Diretora Marina Tolentino Marinho Divis\u00e3o de Programas, Projetos e Fomentos Extensionistas Carmen de&nbsp;&hellip;<\/p>\n","protected":false},"author":85,"featured_media":0,"parent":0,"menu_order":0,"comment_status":"closed","ping_status":"closed","template":"","meta":[],"_links":{"self":[{"href":"https:\/\/www2.uepg.br\/proex\/wp-json\/wp\/v2\/pages\/53"}],"collection":[{"href":"https:\/\/www2.uepg.br\/proex\/wp-json\/wp\/v2\/pages"}],"about":[{"href":"https:\/\/www2.uepg.br\/proex\/wp-json\/wp\/v2\/types\/page"}],"author":[{"embeddable":true,"href":"https:\/\/www2.uepg.br\/proex\/wp-json\/wp\/v2\/users\/85"}],"replies":[{"embeddable":true,"href":"https:\/\/www2.uepg.br\/proex\/wp-json\/wp\/v2\/comments?post=53"}],"version-history":[{"count":100,"href":"https:\/\/www2.uepg.br\/proex\/wp-json\/wp\/v2\/pages\/53\/revisions"}],"predecessor-version":[{"id":11435,"href":"https:\/\/www2.uepg.br\/proex\/wp-json\/wp\/v2\/pages\/53\/revisions\/11435"}],"wp:attachment":[{"href":"https:\/\/www2.uepg.br\/proex\/wp-json\/wp\/v2\/media?parent=53"}],"curies":[{"name":"wp","href":"https:\/\/api.w.org\/{rel}","templated":true}]}}