{"id":5425,"date":"2022-04-12T14:44:54","date_gmt":"2022-04-12T17:44:54","guid":{"rendered":"https:\/\/www2.uepg.br\/proex\/?page_id=5425"},"modified":"2023-03-28T14:33:54","modified_gmt":"2023-03-28T17:33:54","slug":"proex-pro-reitoria-de-extensao","status":"publish","type":"page","link":"https:\/\/www2.uepg.br\/proex\/proex-pro-reitoria-de-extensao\/","title":{"rendered":"Relat\u00f3rio de Gest\u00e3o &#8211; DEU"},"content":{"rendered":"<div id=\"pl-5425\"  class=\"panel-layout\" ><div id=\"pg-5425-0\"  class=\"panel-grid panel-no-style\" ><div id=\"pgc-5425-0-0\"  class=\"panel-grid-cell\" ><div id=\"panel-5425-0-0-0\" class=\"so-panel widget widget_sow-editor panel-first-child panel-last-child\" data-index=\"0\" ><div\n\t\t\t\n\t\t\tclass=\"so-widget-sow-editor so-widget-sow-editor-base\"\n\t\t\t\n\t\t>\n<div class=\"siteorigin-widget-tinymce textwidget\">\n\t<h2 style=\"text-align: center\">Dados da Extens\u00e3o<\/h2>\n<h2 style=\"text-align: left\">2022<\/h2>\n<p><a href=\"https:\/\/drive.google.com\/file\/d\/1LgoILKYpTd3mLqn_gGUulWVYkP1Am9TU\/view?usp=sharing\">RELAT\u00d3RIO DE GEST\u00c3O PROEX-DEU 2022<\/a><\/p>\n<p>&nbsp;<\/p>\n<h2 style=\"text-align: left\">2021<\/h2>\n<p><a href=\"https:\/\/www2.uepg.br\/proex\/wp-content\/uploads\/sites\/8\/2022\/06\/RELATORIO-FINAL-DE-GESTAO-2021.pdf\">RELAT\u00d3RIO FINAL DE GEST\u00c3O 2021<\/a><\/p>\n<p>&nbsp;<\/p>\n<h2 style=\"text-align: left\">2020<\/h2>\n<p><a href=\"https:\/\/www2.uepg.br\/proex\/wp-content\/uploads\/sites\/8\/2022\/05\/Relatorio-de-gestao-PROEX-DEU-2020.pdf\">Relat\u00f3rio de Gest\u00e3o PROEX-DEU 2020<\/a><\/p>\n<\/div>\n<\/div><\/div><\/div><\/div><\/div>","protected":false},"excerpt":{"rendered":"<p>Dados da Extens\u00e3o 2022 RELAT\u00d3RIO DE GEST\u00c3O PROEX-DEU 2022 &nbsp; 2021 RELAT\u00d3RIO FINAL DE GEST\u00c3O 2021 &nbsp; 2020 Relat\u00f3rio de Gest\u00e3o PROEX-DEU 2020<\/p>\n","protected":false},"author":378,"featured_media":0,"parent":0,"menu_order":0,"comment_status":"closed","ping_status":"closed","template":"","meta":[],"_links":{"self":[{"href":"https:\/\/www2.uepg.br\/proex\/wp-json\/wp\/v2\/pages\/5425"}],"collection":[{"href":"https:\/\/www2.uepg.br\/proex\/wp-json\/wp\/v2\/pages"}],"about":[{"href":"https:\/\/www2.uepg.br\/proex\/wp-json\/wp\/v2\/types\/page"}],"author":[{"embeddable":true,"href":"https:\/\/www2.uepg.br\/proex\/wp-json\/wp\/v2\/users\/378"}],"replies":[{"embeddable":true,"href":"https:\/\/www2.uepg.br\/proex\/wp-json\/wp\/v2\/comments?post=5425"}],"version-history":[{"count":13,"href":"https:\/\/www2.uepg.br\/proex\/wp-json\/wp\/v2\/pages\/5425\/revisions"}],"predecessor-version":[{"id":7539,"href":"https:\/\/www2.uepg.br\/proex\/wp-json\/wp\/v2\/pages\/5425\/revisions\/7539"}],"wp:attachment":[{"href":"https:\/\/www2.uepg.br\/proex\/wp-json\/wp\/v2\/media?parent=5425"}],"curies":[{"name":"wp","href":"https:\/\/api.w.org\/{rel}","templated":true}]}}